{"id":416,"date":"2024-11-21T03:29:43","date_gmt":"2024-11-21T03:29:43","guid":{"rendered":"https:\/\/volovape.com\/?post_type=product&#038;p=416"},"modified":"2026-04-08T01:50:51","modified_gmt":"2026-04-08T01:50:51","slug":"bang-vape-20000-bocanadas","status":"publish","type":"product","link":"https:\/\/volovape.com\/es\/product\/bang-vape-20000-puffs\/","title":{"rendered":"Bang Vape 20000 caladas vape desechable - pantalla LED, recargable, bobina de malla"},"content":{"rendered":"<p><strong>Bang Vape 20000 Puffs Vape desechable<\/strong> - Experimenta el vapeo prolongado con tecnolog\u00eda avanzada.<\/p>\n<p>El <strong>Bang Vape 20000 caladas<\/strong> establece un nuevo est\u00e1ndar para los vaporizadores desechables de alta capacidad, ya que ofrece hasta <strong>20.000 bocanadas<\/strong> con una generosa <strong>Dep\u00f3sito de e-l\u00edquido de 25 ml<\/strong>. Con un <strong>Bobina de malla de 0,8\u03a9<\/strong> para un vapor suave y sabroso y un <strong>Pantalla digital LED<\/strong> para monitorizaci\u00f3n en tiempo real, este dispositivo combina comodidad con tecnolog\u00eda punta. Elija entre <strong>Concentraciones de nicotina 0%, 2%, 3% o 5%<\/strong>y disfrute de una amplia gama de <strong>15 sabores \u00fanicos<\/strong>. En <strong>Bater\u00eda recargable de 650 mAh<\/strong> con <strong>Carga tipo C<\/strong> garantiza un rendimiento duradero, por lo que es perfecto tanto para uso personal como para <strong>vape desechable al por mayor<\/strong> o <strong>pedidos al por mayor<\/strong> necesidades.<\/p>\n<h3><strong>Bang Vape 20000 Puffs Caracter\u00edsticas:<\/strong><\/h3>\n<ul>\n<li>Puffs: Hasta 20.000<\/li>\n<li>Capacidad de E-l\u00edquido: 25mL<\/li>\n<li>Bater\u00eda: 650mAh (recargable)<\/li>\n<li>Carga: Tipo-C<\/li>\n<li>Bobina: 0.8\u03a9 Mesh Coil<\/li>\n<li>Pantalla: Pantalla digital LED<\/li>\n<li>Potencias de nicotina: 0%, 2%, 3%, 5%<\/li>\n<li>15 sabores \u00fanicos<\/li>\n<\/ul>\n<h4>Preguntas frecuentes<\/h4>\n<h5>\u00bfQu\u00e9 m\u00e9todos de env\u00edo se utilizan?<\/h5>\n<p>Trabajamos con los principales transportistas, como UPS, DHL, FedEx y DPD, para garantizar una entrega r\u00e1pida y fiable. El m\u00e9todo de env\u00edo m\u00e1s adecuado se selecciona en funci\u00f3n de su ubicaci\u00f3n, garantizando que reciba su <strong>vape desechable<\/strong> pedido lo antes posible.<\/p>\n<h5>\u00bfCu\u00e1nto suele tardar la entrega?<\/h5>\n<p>La entrega est\u00e1ndar suele tardar entre 7 y 15 d\u00edas laborables. Sin embargo, en vacaciones o condiciones meteorol\u00f3gicas adversas, puede tardar hasta 20 d\u00edas laborables.<\/p>\n<h5>\u00bfTendr\u00e9 problemas con las aduanas?<\/h5>\n<p>Nos encargamos de todos los tr\u00e1mites aduaneros, garantizando una experiencia sin complicaciones. No tendr\u00e1 que pagar impuestos ni tasas adicionales. Garantizamos el despacho de aduanas 100% para todos nuestros productos.<\/p>\n<h5>\u00bfQu\u00e9 precisi\u00f3n tienen el recuento de caladas y la duraci\u00f3n de la bater\u00eda que aparecen en la pantalla LED?<\/h5>\n<p>La pantalla digital LED proporciona datos precisos en tiempo real sobre el n\u00famero de caladas y la duraci\u00f3n de la bater\u00eda. Esto le permite controlar su uso y el estado de la bater\u00eda con precisi\u00f3n, garantizando que nunca le pille desprevenido. Puedes confiar en la precisi\u00f3n de la pantalla para una experiencia de vapeo consistente.<\/p>\n<h5>\u00bfPuedo fiarme de esta compra?<\/h5>\n<p>Admitimos pagos con PayPal y ofrecemos protecci\u00f3n al comprador para transacciones seguras. Tambi\u00e9n puede verificar nuestra credibilidad comprobando los comentarios de nuestros clientes en <a href=\"https:\/\/www.trustpilot.com\/review\/volovape.com?utm_medium=trustbox&amp;utm_source=TrustBoxReviewCollector\">TrustPilot<\/a>.<\/p>","protected":false},"excerpt":{"rendered":"<p>Disfruta de un vapeo prolongado y sabroso con Bang Vape 20000 Puffs. Pantalla LED, bobina de malla 0.8\u03a9, 25ml, recargable. Perfecto para uso personal o al por mayor, con varios niveles de nicotina.<\/p>","protected":false},"featured_media":579,"comment_status":"open","ping_status":"closed","template":"","meta":[],"product_brand":[],"product_cat":[61,42,21,18,39,20,23,24,22,25,26,27,28,29,30,31,32,33,34,35,44,36,40],"product_tag":[],"class_list":{"0":"post-416","1":"product","2":"type-product","3":"status-publish","4":"has-post-thumbnail","6":"product_cat-bang","7":"product_cat-20000-puffs-disposable-vape","8":"product_cat-big-puffs-vapes","9":"product_cat-different-puffs-of-disposable-vapes","10":"product_cat-digital-box-vapes","11":"product_cat-disposable-vape-types","12":"product_cat-disposable-vapes-in-austria","13":"product_cat-disposable-vapes-in-belgium","14":"product_cat-disposable-vapes-in-europe","15":"product_cat-disposable-vapes-in-france","16":"product_cat-disposable-vapes-in-germany","17":"product_cat-disposable-vapes-in-hungary","18":"product_cat-disposable-vapes-in-ltaly","19":"product_cat-disposable-vapes-in-netherlands","20":"product_cat-disposable-vapes-in-norway","21":"product_cat-disposable-vapes-in-poland","22":"product_cat-disposable-vapes-in-portugal","23":"product_cat-disposable-vapes-in-spain","24":"product_cat-disposable-vapes-in-sweden","25":"product_cat-disposable-vapes-in-switzerland","26":"product_cat-dual-mesh-vapes","27":"product_cat-rechargeable-vapes","28":"product_cat-smart-screen-vapes","30":"first","31":"instock","32":"shipping-taxable","33":"purchasable","34":"product-type-variable","35":"has-default-attributes"},"jetpack_sharing_enabled":true,"tiered_pricing_type":"fixed","tiered_pricing_fixed_rules":{"30":6.36000000000000031974423109204508364200592041015625,"50":6.04999999999999982236431605997495353221893310546875,"100":5.30999999999999960920149533194489777088165283203125,"200":5.05999999999999960920149533194489777088165283203125,"400":4.5099999999999997868371792719699442386627197265625},"tiered_pricing_product_settings":{"layout":"default","base_unit_name":{"singular":null,"plural":null},"default_variation":null},"tiered_pricing_minimum_quantity":10,"tiered_pricing_roles_data":[],"tiered_pricing_percentage_rules":[],"tiered_pricing_maximum_quantity":null,"tiered_pricing_quantity_step":"10","_links":{"self":[{"href":"https:\/\/volovape.com\/es\/wp-json\/wp\/v2\/product\/416","targetHints":{"allow":["GET"]}}],"collection":[{"href":"https:\/\/volovape.com\/es\/wp-json\/wp\/v2\/product"}],"about":[{"href":"https:\/\/volovape.com\/es\/wp-json\/wp\/v2\/types\/product"}],"replies":[{"embeddable":true,"href":"https:\/\/volovape.com\/es\/wp-json\/wp\/v2\/comments?post=416"}],"wp:featuredmedia":[{"embeddable":true,"href":"https:\/\/volovape.com\/es\/wp-json\/wp\/v2\/media\/579"}],"wp:attachment":[{"href":"https:\/\/volovape.com\/es\/wp-json\/wp\/v2\/media?parent=416"}],"wp:term":[{"taxonomy":"product_brand","embeddable":true,"href":"https:\/\/volovape.com\/es\/wp-json\/wp\/v2\/product_brand?post=416"},{"taxonomy":"product_cat","embeddable":true,"href":"https:\/\/volovape.com\/es\/wp-json\/wp\/v2\/product_cat?post=416"},{"taxonomy":"product_tag","embeddable":true,"href":"https:\/\/volovape.com\/es\/wp-json\/wp\/v2\/product_tag?post=416"}],"curies":[{"name":"Gracias","href":"https:\/\/api.w.org\/{rel}","templated":true}]}}