{"id":414,"date":"2024-11-21T03:29:42","date_gmt":"2024-11-21T03:29:42","guid":{"rendered":"https:\/\/volovape.com\/?post_type=product&#038;p=414"},"modified":"2025-07-07T03:41:56","modified_gmt":"2025-07-07T03:41:56","slug":"barra-de-cristal-elf-box-600-bocanadas","status":"publish","type":"product","link":"https:\/\/volovape.com\/es\/product\/elf-box-crystal-bar-600-puffs\/","title":{"rendered":"ELF BOX CRYSTAL BAR 600 Puffs Vape Desechable - Compacto y Recargable"},"content":{"rendered":"<p><iframe title=\"Reproductor de v\u00eddeo de VideoPress\" aria-label='Reproductor de v\u00eddeo de VideoPress' width='421' height='750' src='https:\/\/videopress.com\/embed\/J12z3YdL?hd=0&amp;cover=1' frameborder='0' allowfullscreen allow='clipboard-write'><\/iframe><script src='https:\/\/v0.wordpress.com\/js\/next\/videopress-iframe.js?m=1739540970'><\/script><\/p>\n<h2>ELF BOX CRYSTAL BAR 600 Puffs: Vape elegante, recargable y compacto.<\/h2>\n<p>Descubra el <strong>ELF BOX CRISTAL BAR 600<\/strong>un elegante y port\u00e1til <strong>vape desechable recargable<\/strong> dise\u00f1ado para ofrecer estilo y comodidad. Ofrece hasta <strong>600 bocanadas<\/strong> con un <strong>Capacidad de 2 ml de e-l\u00edquido<\/strong> y un <strong>Bater\u00eda recargable de 500 mAh<\/strong>Este dispositivo garantiza una experiencia de vapeo satisfactoria. El elegante <strong>dise\u00f1o de cristal<\/strong> y <strong>Resistencia de 1,6\u03a9<\/strong> proporcionan un vapor suave y sabroso en un formato compacto. Elija entre <strong>Concentraciones de nicotina 0%, 2% o 5%<\/strong> y disfruta <strong>13 deliciosos sabores<\/strong>. Ideal para vaping sobre la marcha y perfecto para aquellos que buscan un estilo, sin complicaciones <strong>vape desechable<\/strong>disponible para <strong>pedidos al por mayor<\/strong> y <strong>venta al por mayor<\/strong>.<\/p>\n<h3><strong>CAJA ELF BARRA CRISTAL 600 Caracter\u00edsticas:<\/strong><\/h3>\n<ul>\n<li>Puffs: Hasta 600<\/li>\n<li>Capacidad del e-l\u00edquido: 2ml<\/li>\n<li>Bater\u00eda: 500mAh (recargable)<\/li>\n<li>Carga: Tipo-C<\/li>\n<li>Resistencia: 1,6\u03a9<\/li>\n<li>Potencias de nicotina: 0%, 2%, 5%<\/li>\n<li>13 opciones de sabores<\/li>\n<li>Dise\u00f1o de cristal<\/li>\n<li>Dispositivo desechable<\/li>\n<\/ul>\n<h4>Preguntas frecuentes<\/h4>\n<h5>\u00bfEn qu\u00e9 beneficia a los usuarios la funci\u00f3n recargable?<\/h5>\n<p>La bater\u00eda recargable de 500 mAh permite a los usuarios maximizar el uso del e-l\u00edquido precargado, garantizando que pueda disfrutar de cada calada sin preocuparse de que la bater\u00eda se agote prematuramente. Esta caracter\u00edstica prolonga la vida \u00fatil del dispositivo y proporciona una potencia constante para una experiencia de vapeo fiable.<\/p>\n<h5>\u00bfQu\u00e9 m\u00e9todos de env\u00edo se utilizan?<\/h5>\n<p>Cooperamos con UPS\/DHL\/FEDEX\/DPD, etc. Elegiremos la opci\u00f3n de env\u00edo adecuada en funci\u00f3n del pa\u00eds de entrega para que reciba sus productos lo antes posible.<\/p>\n<h5>\u00bfCu\u00e1nto tarda en llegar?<\/h5>\n<p>Suele tardar entre 7 y 15 d\u00edas laborables, aunque puede llegar a 20 d\u00edas laborables en d\u00edas festivos o en condiciones meteorol\u00f3gicas adversas.<\/p>\n<h5>\u00bfPuede pasar por la aduana y me causar\u00e1 alg\u00fan problema?<\/h5>\n<p>Le garantizamos que no tendr\u00e1 ning\u00fan problema, ya que nos encargaremos del despacho de aduanas y no habr\u00e1 impuestos ni tasas. Garantizamos que 100% de nuestros productos pasar\u00e1n la aduana.<\/p>\n<h5>\u00bfPuedo fiarme?<\/h5>\n<p>Apoyamos el pago de PayPal y el servicio de protecci\u00f3n del comprador. Tambi\u00e9n puede consultar nuestros comentarios en <a href=\"https:\/\/www.trustpilot.com\/review\/volovape.com?utm_medium=trustbox&amp;utm_source=TrustBoxReviewCollector\">TrustPilot<\/a>.<\/p>","protected":false},"excerpt":{"rendered":"<p>Experimenta un vapeo elegante y port\u00e1til con ELF BOX CRYSTAL BAR 600 Puffs. Recargable, dise\u00f1o de cristal, 2ml, resistencia de 1,6\u03a9. Perfecto para uso personal o al por mayor, con nicotina variada.<\/p>","protected":false},"featured_media":556,"comment_status":"open","ping_status":"closed","template":"","meta":[],"product_brand":[],"product_cat":[54,59,43,18,20,23,24,22,25,26,27,28,29,30,31,32,33,34,35,60],"product_tag":[],"class_list":{"0":"post-414","1":"product","2":"type-product","3":"status-publish","4":"has-post-thumbnail","6":"product_cat-elf-box","7":"product_cat-800-puffs-disposable-vape","8":"product_cat-crystal-vapes","9":"product_cat-different-puffs-of-disposable-vapes","10":"product_cat-disposable-vape-types","11":"product_cat-disposable-vapes-in-austria","12":"product_cat-disposable-vapes-in-belgium","13":"product_cat-disposable-vapes-in-europe","14":"product_cat-disposable-vapes-in-france","15":"product_cat-disposable-vapes-in-germany","16":"product_cat-disposable-vapes-in-hungary","17":"product_cat-disposable-vapes-in-ltaly","18":"product_cat-disposable-vapes-in-netherlands","19":"product_cat-disposable-vapes-in-norway","20":"product_cat-disposable-vapes-in-poland","21":"product_cat-disposable-vapes-in-portugal","22":"product_cat-disposable-vapes-in-spain","23":"product_cat-disposable-vapes-in-sweden","24":"product_cat-disposable-vapes-in-switzerland","25":"product_cat-mini-puffs-vapes","27":"first","28":"instock","29":"featured","30":"shipping-taxable","31":"purchasable","32":"product-type-variable","33":"has-default-attributes"},"jetpack_sharing_enabled":true,"tiered_pricing_type":"fixed","tiered_pricing_fixed_rules":{"2000":3.100000000000000088817841970012523233890533447265625},"tiered_pricing_product_settings":{"layout":"default","base_unit_name":{"singular":null,"plural":null},"default_variation":null},"tiered_pricing_minimum_quantity":1000,"tiered_pricing_roles_data":[],"tiered_pricing_percentage_rules":[],"tiered_pricing_maximum_quantity":null,"tiered_pricing_quantity_step":"10","_links":{"self":[{"href":"https:\/\/volovape.com\/es\/wp-json\/wp\/v2\/product\/414","targetHints":{"allow":["GET"]}}],"collection":[{"href":"https:\/\/volovape.com\/es\/wp-json\/wp\/v2\/product"}],"about":[{"href":"https:\/\/volovape.com\/es\/wp-json\/wp\/v2\/types\/product"}],"replies":[{"embeddable":true,"href":"https:\/\/volovape.com\/es\/wp-json\/wp\/v2\/comments?post=414"}],"wp:featuredmedia":[{"embeddable":true,"href":"https:\/\/volovape.com\/es\/wp-json\/wp\/v2\/media\/556"}],"wp:attachment":[{"href":"https:\/\/volovape.com\/es\/wp-json\/wp\/v2\/media?parent=414"}],"wp:term":[{"taxonomy":"product_brand","embeddable":true,"href":"https:\/\/volovape.com\/es\/wp-json\/wp\/v2\/product_brand?post=414"},{"taxonomy":"product_cat","embeddable":true,"href":"https:\/\/volovape.com\/es\/wp-json\/wp\/v2\/product_cat?post=414"},{"taxonomy":"product_tag","embeddable":true,"href":"https:\/\/volovape.com\/es\/wp-json\/wp\/v2\/product_tag?post=414"}],"curies":[{"name":"Gracias","href":"https:\/\/api.w.org\/{rel}","templated":true}]}}