{"id":409,"date":"2024-11-21T03:29:42","date_gmt":"2024-11-21T03:29:42","guid":{"rendered":"https:\/\/volovape.com\/?post_type=product&#038;p=409"},"modified":"2025-07-07T03:40:57","modified_gmt":"2025-07-07T03:40:57","slug":"mrvi-tornado-9000-inhalaciones","status":"publish","type":"product","link":"https:\/\/volovape.com\/es\/product\/mrvi-tornado-9000-puffs\/","title":{"rendered":"MRVI Tornado 9000 Puffs Vape Desechable - Mesh Coil, Recargable"},"content":{"rendered":"<p><strong>MRVI Tornado 9000 inhalaciones Vape desechable<\/strong> - Vaping fiable y sabroso con tecnolog\u00eda avanzada de bobina de malla.<\/p>\n<p>El <strong>MRVI Tornado 9000<\/strong> El vaporizador desechable proporciona una experiencia de vaporizaci\u00f3n prolongada y de alta calidad con hasta <strong>9.000 bocanadas<\/strong> y un <strong>Dep\u00f3sito de e-l\u00edquido de 18 ml<\/strong>. Impulsado por un <strong>Bater\u00eda recargable de 600 mAh<\/strong> y con <strong>Carga tipo C<\/strong>Este dispositivo garantiza un rendimiento constante. El <strong>tecnolog\u00eda avanzada de bobinas de malla<\/strong> proporciona un vapor suave, rico y sabroso. Elija entre <strong>Concentraciones de nicotina 0%, 2%, 3% o 5%<\/strong> seg\u00fan sus preferencias. Con <strong>10 deliciosas opciones de sabores<\/strong>El MRVI Tornado 9000 es perfecto para <strong>vape desechable al por mayor<\/strong>, <strong>pedidos al por mayor<\/strong>o <strong>uso personal<\/strong>.<\/p>\n<h3><strong>MRVI Tornado 9000 Caracter\u00edsticas:<\/strong><\/h3>\n<ul>\n<li>Puffs: Hasta 9.000 Puffs<\/li>\n<li>Capacidad del e-l\u00edquido: 18mL<\/li>\n<li>Bater\u00eda: 600mAh (recargable)<\/li>\n<li>Carga: Tipo-C<\/li>\n<li>Bobina Bobina de malla<\/li>\n<li>Potencias de nicotina: 0%, 2%, 3%, 5%<\/li>\n<li>Sabores: 10 opciones \u00fanicas<\/li>\n<li>Dispositivo desechable<\/li>\n<\/ul>\n<h4>Preguntas frecuentes<\/h4>\n<h5>\u00bfC\u00f3mo mejora la experiencia de vapeo la avanzada tecnolog\u00eda de bobina de malla?<\/h5>\n<p>El dise\u00f1o avanzado de la bobina de malla aumenta la superficie de calentamiento, asegurando una distribuci\u00f3n uniforme del calor y maximizando la vaporizaci\u00f3n del e-l\u00edquido. Esto se traduce en sabores m\u00e1s ricos e intensos y nubes de vapor m\u00e1s densas, proporcionando una experiencia de vapeo superior en comparaci\u00f3n con las bobinas tradicionales.<\/p>\n<h5>\u00bfQu\u00e9 m\u00e9todos de env\u00edo se utilizan?<\/h5>\n<p>Colaboramos con transportistas de confianza como UPS, DHL, FedEx y DPD para garantizar que su pedido se entregue de forma r\u00e1pida y segura. Seleccionamos el m\u00e9todo de env\u00edo m\u00e1s eficiente en funci\u00f3n de su ubicaci\u00f3n para optimizar la velocidad y la fiabilidad de la entrega.<\/p>\n<h5>\u00bfCu\u00e1nto tarda en llegar mi pedido?<\/h5>\n<p>El plazo de entrega suele ser de 7 a 15 d\u00edas laborables. Sin embargo, durante las vacaciones o condiciones meteorol\u00f3gicas adversas, puede que se produzcan ligeros retrasos en el env\u00edo.<\/p>\n<h5>\u00bfTendr\u00e9 problemas de aduanas o gastos adicionales?<\/h5>\n<p>Nos encargamos de todos los tr\u00e1mites aduaneros, garantizando una experiencia fluida y sin complicaciones. No tendr\u00e1 que pagar impuestos ni tasas adicionales. Nos aseguramos de que 100% de nuestros productos pasen la aduana con \u00e9xito.<\/p>\n<h5>\u00bfEs seguro y fiable comprar en su sitio web?<\/h5>\n<p>S\u00ed, ofrecemos transacciones seguras de PayPal con protecci\u00f3n del comprador. Tambi\u00e9n puede comprobar nuestra fiabilidad consultando las opiniones de nuestros clientes en <a href=\"https:\/\/www.trustpilot.com\/review\/volovape.com?utm_medium=trustbox&amp;utm_source=TrustBoxReviewCollector\">TrustPilot<\/a>donde encontrar\u00e1 testimonios de clientes satisfechos.<\/p>","protected":false},"excerpt":{"rendered":"<p>Gira hacia un sabor duradero con los MRVI Tornado 9000 Puffs. Malla avanzada, 18ml, recargable. Perfecto para disfrute personal o al por mayor, ofrece vapor suave y diversas opciones de nicotina.<\/p>","protected":false},"featured_media":502,"comment_status":"open","ping_status":"closed","template":"","meta":[],"product_brand":[],"product_cat":[55,48,21,18,20,23,24,22,25,26,27,28,29,30,31,32,33,34,35,36],"product_tag":[],"class_list":{"0":"post-409","1":"product","2":"type-product","3":"status-publish","4":"has-post-thumbnail","6":"product_cat-mrvi","7":"product_cat-9000-puffs-disposable-vape","8":"product_cat-big-puffs-vapes","9":"product_cat-different-puffs-of-disposable-vapes","10":"product_cat-disposable-vape-types","11":"product_cat-disposable-vapes-in-austria","12":"product_cat-disposable-vapes-in-belgium","13":"product_cat-disposable-vapes-in-europe","14":"product_cat-disposable-vapes-in-france","15":"product_cat-disposable-vapes-in-germany","16":"product_cat-disposable-vapes-in-hungary","17":"product_cat-disposable-vapes-in-ltaly","18":"product_cat-disposable-vapes-in-netherlands","19":"product_cat-disposable-vapes-in-norway","20":"product_cat-disposable-vapes-in-poland","21":"product_cat-disposable-vapes-in-portugal","22":"product_cat-disposable-vapes-in-spain","23":"product_cat-disposable-vapes-in-sweden","24":"product_cat-disposable-vapes-in-switzerland","25":"product_cat-rechargeable-vapes","27":"first","28":"instock","29":"shipping-taxable","30":"purchasable","31":"product-type-variable","32":"has-default-attributes"},"jetpack_sharing_enabled":true,"tiered_pricing_type":"fixed","tiered_pricing_fixed_rules":{"2000":5.589999999999999857891452847979962825775146484375},"tiered_pricing_product_settings":{"layout":"default","base_unit_name":{"singular":null,"plural":null},"default_variation":null},"tiered_pricing_minimum_quantity":1000,"tiered_pricing_roles_data":[],"tiered_pricing_percentage_rules":[],"tiered_pricing_maximum_quantity":null,"tiered_pricing_quantity_step":"10","_links":{"self":[{"href":"https:\/\/volovape.com\/es\/wp-json\/wp\/v2\/product\/409","targetHints":{"allow":["GET"]}}],"collection":[{"href":"https:\/\/volovape.com\/es\/wp-json\/wp\/v2\/product"}],"about":[{"href":"https:\/\/volovape.com\/es\/wp-json\/wp\/v2\/types\/product"}],"replies":[{"embeddable":true,"href":"https:\/\/volovape.com\/es\/wp-json\/wp\/v2\/comments?post=409"}],"wp:featuredmedia":[{"embeddable":true,"href":"https:\/\/volovape.com\/es\/wp-json\/wp\/v2\/media\/502"}],"wp:attachment":[{"href":"https:\/\/volovape.com\/es\/wp-json\/wp\/v2\/media?parent=409"}],"wp:term":[{"taxonomy":"product_brand","embeddable":true,"href":"https:\/\/volovape.com\/es\/wp-json\/wp\/v2\/product_brand?post=409"},{"taxonomy":"product_cat","embeddable":true,"href":"https:\/\/volovape.com\/es\/wp-json\/wp\/v2\/product_cat?post=409"},{"taxonomy":"product_tag","embeddable":true,"href":"https:\/\/volovape.com\/es\/wp-json\/wp\/v2\/product_tag?post=409"}],"curies":[{"name":"Gracias","href":"https:\/\/api.w.org\/{rel}","templated":true}]}}