{"id":407,"date":"2024-11-21T03:29:42","date_gmt":"2024-11-21T03:29:42","guid":{"rendered":"https:\/\/volovape.com\/?post_type=product&#038;p=407"},"modified":"2025-08-06T08:05:36","modified_gmt":"2025-08-06T08:05:36","slug":"mrvi-explorer-12000-inhalaciones","status":"publish","type":"product","link":"https:\/\/volovape.com\/es\/product\/mrvi-explorer-12000-puffs\/","title":{"rendered":"MRVI Explorer 12000 Puffs Vape Desechable - 0.8\u03a9 Mesh Coil, Power Display"},"content":{"rendered":"<p><strong>MRVI Explorer - Vape desechable de 12000 bocanadas<\/strong> - Vaping de alto rendimiento con pantalla de potencia y bobina de malla de precisi\u00f3n.<\/p>\n<p>El <strong>Explorador MRVI 12000<\/strong> El vaporizador desechable ofrece una experiencia de vaporizaci\u00f3n c\u00f3moda y duradera con hasta <strong>12.000 bocanadas<\/strong> y una generosa <strong>Dep\u00f3sito de e-l\u00edquido de 22 ml<\/strong>. Impulsado por un <strong>Bater\u00eda recargable de 650 mAh<\/strong> y con <strong>Carga tipo C<\/strong>Este dispositivo garantiza un uso prolongado. El <strong>Bobina de malla de 0,8\u03a9<\/strong> proporciona un vapor suave, rico y sabroso. El sistema integrado <strong>pantalla de encendido<\/strong> ofrece monitorizaci\u00f3n en tiempo real de la duraci\u00f3n de la bater\u00eda y los niveles de e-l\u00edquido, d\u00e1ndote el control sobre tu experiencia de vapeo. Elija entre <strong>Concentraciones de nicotina 0%, 2%, 3% o 5%<\/strong> seg\u00fan sus preferencias. Con <strong>9 deliciosas opciones de sabores<\/strong>El MRVI Explorer 12000 es perfecto para <strong>vape desechable al por mayor<\/strong>, <strong>pedidos al por mayor<\/strong>o <strong>uso personal<\/strong>.<\/p>\n<h3><strong>MRVI Explorer 12000 Caracter\u00edsticas:<\/strong><\/h3>\n<ul>\n<li>Puffs: Hasta 12.000 Puffs<\/li>\n<li>Capacidad del e-l\u00edquido: 22mL<\/li>\n<li>Bater\u00eda: 650mAh (recargable)<\/li>\n<li>Carga: Tipo-C<\/li>\n<li>Bobina: 0.8\u03a9 Mesh Coil<\/li>\n<li>Visualizaci\u00f3n: Pantalla de encendido (niveles de bater\u00eda y e-l\u00edquido)<\/li>\n<li>Potencias de nicotina: 0%, 2%, 3%, 5%<\/li>\n<li>Sabores: 9 opciones \u00fanicas<\/li>\n<li>Dispositivo desechable<\/li>\n<\/ul>\n<h4>Preguntas frecuentes<\/h4>\n<h5>\u00bfC\u00f3mo mejora la experiencia de vapeo la pantalla de encendido?<\/h5>\n<p>La pantalla de encendido proporciona informaci\u00f3n en tiempo real sobre la duraci\u00f3n de la bater\u00eda y los niveles de e-l\u00edquido, lo que permite a los usuarios controlar su dispositivo y evitar interrupciones inesperadas. Esta funci\u00f3n garantiza una experiencia de vapeo m\u00e1s controlada y c\u00f3moda.<\/p>\n<h5>\u00bfQu\u00e9 m\u00e9todos de env\u00edo se utilizan?<\/h5>\n<p>Colaboramos con transportistas de confianza como UPS, DHL, FedEx y DPD para garantizar que su pedido se entregue de forma r\u00e1pida y segura. Seleccionamos el m\u00e9todo de env\u00edo m\u00e1s eficiente en funci\u00f3n de su ubicaci\u00f3n para optimizar la velocidad y la fiabilidad de la entrega.<\/p>\n<h5>\u00bfCu\u00e1nto tarda en llegar mi pedido?<\/h5>\n<p>El plazo de entrega suele ser de 7 a 15 d\u00edas laborables. Sin embargo, durante las vacaciones o condiciones meteorol\u00f3gicas adversas, puede que se produzcan ligeros retrasos en el env\u00edo.<\/p>\n<h5>\u00bfTendr\u00e9 problemas de aduanas o gastos adicionales?<\/h5>\n<p>Nos encargamos de todos los tr\u00e1mites aduaneros, garantizando una experiencia fluida y sin complicaciones. No tendr\u00e1 que pagar impuestos ni tasas adicionales. Nos aseguramos de que 100% de nuestros productos pasen la aduana con \u00e9xito.<\/p>\n<h5>\u00bfEs seguro y fiable comprar en su sitio web?<\/h5>\n<p>S\u00ed, ofrecemos transacciones seguras de PayPal con protecci\u00f3n del comprador. Tambi\u00e9n puede comprobar nuestra fiabilidad consultando las opiniones de nuestros clientes en <a href=\"https:\/\/www.trustpilot.com\/review\/volovape.com?utm_medium=trustbox&amp;utm_source=TrustBoxReviewCollector\">TrustPilot<\/a>donde encontrar\u00e1 testimonios de clientes satisfechos.<\/p>","protected":false},"excerpt":{"rendered":"<p>Explora el sabor duradero con el MRVI Explorer 12000 Puffs. Pantalla de visualizaci\u00f3n de potencia, malla de 0,8\u03a9, 22ml, recargable. Perfecto para las necesidades vaping personales o al por mayor.<\/p>","protected":false},"featured_media":466,"comment_status":"open","ping_status":"closed","template":"","meta":[],"product_brand":[],"product_cat":[55,38,21,18,39,20,23,24,22,25,26,27,28,29,30,31,32,33,34,35,36,40],"product_tag":[],"class_list":{"0":"post-407","1":"product","2":"type-product","3":"status-publish","4":"has-post-thumbnail","6":"product_cat-mrvi","7":"product_cat-12000-puffs-disposable-vape","8":"product_cat-big-puffs-vapes","9":"product_cat-different-puffs-of-disposable-vapes","10":"product_cat-digital-box-vapes","11":"product_cat-disposable-vape-types","12":"product_cat-disposable-vapes-in-austria","13":"product_cat-disposable-vapes-in-belgium","14":"product_cat-disposable-vapes-in-europe","15":"product_cat-disposable-vapes-in-france","16":"product_cat-disposable-vapes-in-germany","17":"product_cat-disposable-vapes-in-hungary","18":"product_cat-disposable-vapes-in-ltaly","19":"product_cat-disposable-vapes-in-netherlands","20":"product_cat-disposable-vapes-in-norway","21":"product_cat-disposable-vapes-in-poland","22":"product_cat-disposable-vapes-in-portugal","23":"product_cat-disposable-vapes-in-spain","24":"product_cat-disposable-vapes-in-sweden","25":"product_cat-disposable-vapes-in-switzerland","26":"product_cat-rechargeable-vapes","27":"product_cat-smart-screen-vapes","29":"first","30":"instock","31":"shipping-taxable","32":"purchasable","33":"product-type-variable","34":"has-default-attributes"},"jetpack_sharing_enabled":true,"tiered_pricing_type":"fixed","tiered_pricing_fixed_rules":{"2000":5.9900000000000002131628207280300557613372802734375},"tiered_pricing_product_settings":{"layout":"default","base_unit_name":{"singular":null,"plural":null},"default_variation":null},"tiered_pricing_minimum_quantity":1000,"tiered_pricing_roles_data":[],"tiered_pricing_percentage_rules":[],"tiered_pricing_maximum_quantity":null,"tiered_pricing_quantity_step":"10","_links":{"self":[{"href":"https:\/\/volovape.com\/es\/wp-json\/wp\/v2\/product\/407","targetHints":{"allow":["GET"]}}],"collection":[{"href":"https:\/\/volovape.com\/es\/wp-json\/wp\/v2\/product"}],"about":[{"href":"https:\/\/volovape.com\/es\/wp-json\/wp\/v2\/types\/product"}],"replies":[{"embeddable":true,"href":"https:\/\/volovape.com\/es\/wp-json\/wp\/v2\/comments?post=407"}],"wp:featuredmedia":[{"embeddable":true,"href":"https:\/\/volovape.com\/es\/wp-json\/wp\/v2\/media\/466"}],"wp:attachment":[{"href":"https:\/\/volovape.com\/es\/wp-json\/wp\/v2\/media?parent=407"}],"wp:term":[{"taxonomy":"product_brand","embeddable":true,"href":"https:\/\/volovape.com\/es\/wp-json\/wp\/v2\/product_brand?post=407"},{"taxonomy":"product_cat","embeddable":true,"href":"https:\/\/volovape.com\/es\/wp-json\/wp\/v2\/product_cat?post=407"},{"taxonomy":"product_tag","embeddable":true,"href":"https:\/\/volovape.com\/es\/wp-json\/wp\/v2\/product_tag?post=407"}],"curies":[{"name":"Gracias","href":"https:\/\/api.w.org\/{rel}","templated":true}]}}