{"id":38906,"date":"2026-03-12T04:06:03","date_gmt":"2026-03-12T04:06:03","guid":{"rendered":"https:\/\/volovape.com\/?post_type=product&#038;p=38906"},"modified":"2026-04-14T02:44:42","modified_gmt":"2026-04-14T02:44:42","slug":"bang-leader-85k-3-en-1-triple-sabor-85000-caladas-70ml-granel-vape-desechable","status":"publish","type":"product","link":"https:\/\/volovape.com\/es\/product\/bang-leader-85k-3-in-1-triple-flavor-85000-puffs-70ml-bulk-disposable-vape\/","title":{"rendered":"Bang Leader 85K | 3 en 1 triple sabor, 85000 caladas, 70ml, vape desechable a granel"},"content":{"rendered":"<p>Presentando el <strong>Bang L\u00edder 85000 Puffs<\/strong>, Un vape desechable que cambia las reglas del juego, dise\u00f1ado para los que exigen m\u00e1s. Esto no es s\u00f3lo un vape est\u00e1ndar; es una central el\u00e9ctrica de alta capacidad construida para la longevidad y la satisfacci\u00f3n. Con una asombrosa <strong>Dep\u00f3sito de e-l\u00edquido de 70 ml<\/strong> y un s\u00f3lido <strong>Bater\u00eda recargable de 850 mAh<\/strong>, Con este dispositivo pasar\u00e1s m\u00e1s tiempo vapeando y menos preocup\u00e1ndote por si se te acaba. \ud83d\udd0b\u2728<\/p>\n<p>La caracter\u00edstica m\u00e1s destacada es el innovador <strong>Sistema de sabor 3 en 1<\/strong>. \u00bfAburrido del mismo sabor? S\u00f3lo tiene que cambiar la configuraci\u00f3n para disfrutar de tres sabores diferentes en un \u00fanico dispositivo. Dise\u00f1ado con un <strong>Bobina de malla de 1,0 \u03a9<\/strong>, Proporciona un vapor consistente, suave y rico desde la primera calada hasta la \u00faltima. Perfecto para <strong>propietarios de vape shops<\/strong> buscando un art\u00edculo de venta caliente o vapers pesados que buscan valor. \ud83c\udfc6\ud83d\udce6<\/p>\n<h3>\ud83c\udf1f \u00bfPor qu\u00e9 elegir Bang Leader 85000?<\/h3>\n<ul>\n<li><strong>\ud83d\udd04 Tecnolog\u00eda de sabor 3 en 1:<\/strong> Disfruta de tres sabores distintos en un dispositivo compacto. \u00a1Cambie al instante para adaptarse a su estado de \u00e1nimo!<\/li>\n<li><strong>\ud83d\udca7 Capacidad masiva de 70 ml:<\/strong> Una de las mayores capacidades del mercado, que admite la incre\u00edble cantidad de 85.000 caladas.<\/li>\n<li><strong>\u26a1 Recargable tipo C:<\/strong> La carga r\u00e1pida a trav\u00e9s del puerto Type-C garantiza que tu bater\u00eda de 850 mAh est\u00e9 siempre lista para funcionar.<\/li>\n<li><strong>\u2601\ufe0f Bobina de malla avanzada:<\/strong> La bobina de malla de resistencia de 1,0\u03a9 garantiza una mayor pureza del sabor y una producci\u00f3n de nubes espesas.<\/li>\n<li><strong>\ud83c\udf9a\ufe0f Opciones flexibles de nicotina:<\/strong> Disponible en 0%, 2%, 3% y 5% para satisfacer las preferencias de cada cliente.<\/li>\n<\/ul>\n<h3>\ud83d\udcca Bang Leader 85K Especificaciones<\/h3>\n<table>\n<thead>\n<tr>\n<th align=\"left\">Caracter\u00edstica<\/th>\n<th align=\"left\">Detalles<\/th>\n<\/tr>\n<\/thead>\n<tbody>\n<tr>\n<td><strong>Conteo de bocanadas<\/strong><\/td>\n<td>Hasta 85.000 bocanadas<\/td>\n<\/tr>\n<tr>\n<td><strong>Capacidad de e-l\u00edquido<\/strong><\/td>\n<td>70 ml<\/td>\n<\/tr>\n<tr>\n<td><strong>Sistema de sabor<\/strong><\/td>\n<td>Interruptor de triple sabor 3 en 1<\/td>\n<\/tr>\n<tr>\n<td><strong>Bater\u00eda<\/strong><\/td>\n<td>850mAh (Recargable)<\/td>\n<\/tr>\n<tr>\n<td><strong>Cargando<\/strong><\/td>\n<td>Puerto Tipo-C<\/td>\n<\/tr>\n<tr>\n<td><strong>Bobina<\/strong><\/td>\n<td>Bobina de malla de 1,0 \u03a9<\/td>\n<\/tr>\n<tr>\n<td><strong>Concentraci\u00f3n de nicotina<\/strong><\/td>\n<td>0% (0 mg), 2% (20 mg), 3% (30 mg), 5% (50 mg)<\/td>\n<\/tr>\n<\/tbody>\n<\/table>\n<h3>\ud83c\udf6d Bang L\u00edder 85K Combinaciones de Sabores (3 Sabores por Dispositivo)<\/h3>\n<p>Cada dispositivo Bang Leader est\u00e1 repleto de un tr\u00edo de deliciosos sabores. Elige tu mezcla favorita:<\/p>\n<ul>\n<li>\ud83c\udf4c <strong>Mezcla 1:<\/strong> Pl\u00e1tano helado \/ Sand\u00eda con fresa \/ Gomita de oso<\/li>\n<li>\ud83d\udc09 <strong>Mezcla 2:<\/strong> Black Dragon Ice \/ Malvavisco \/ Sue\u00f1o de verano<\/li>\n<li>\ud83e\uded0 <strong>Mezcla 3:<\/strong> Blueberry Ice \/ Blue Raz \/ Pera fragante<\/li>\n<li>\ud83c\udf4d <strong>Mezcla 4:<\/strong> Cereza Ar\u00e1ndano \/ Melocot\u00f3n Mango \/ Pi\u00f1a<\/li>\n<li>\ud83e\udd64 <strong>Mezcla 5:<\/strong> Coca-Cola Ice \/ Melocot\u00f3n de manzana \/ Limonada rosa<\/li>\n<li>\ud83e\udd5d <strong>Mezcla 6:<\/strong> Uva Ice \/ Fresa Kiwi \/ Fruta de la Pasi\u00f3n Guayaba<\/li>\n<li>\ud83d\udc9c <strong>Mezcla 7:<\/strong> Love 666 \/ Ar\u00e1ndano Frambuesa \/ Vimto<\/li>\n<li>\ud83c\udf79 <strong>Mezcla 8:<\/strong> Fruta mixta \/ Mojito Melocot\u00f3n \/ Ar\u00e1ndano Frambuesa<\/li>\n<li>\ud83c\udf53 <strong>Mezcla 9:<\/strong> Pineapple Ice \/ Strawberry Red Bull \/ Mixed Berries<\/li>\n<li>\ud83c\udf4e <strong>Mezcla 10:<\/strong> Manzana Roja Helada \/ Sand\u00eda Frambuesa \/ Uva Aloe<\/li>\n<li>\ud83c\udf66 <strong>Mezcla 11:<\/strong> Red Bull \/ Sand\u00eda con ar\u00e1ndanos \/ Helado de fresa<\/li>\n<li>\ud83c\udf4a <strong>Mezcla 12:<\/strong> Fresa Helada \/ Lim\u00f3n Naranja \/ Sand\u00eda Chicle<\/li>\n<li>\ud83c\udf4c <strong>Mezcla 13:<\/strong> Fresa Frambuesa \/ Grosella Negra \/ Fresa Pl\u00e1tano<\/li>\n<li>\ud83c\udf52 <strong>Mezcla 14:<\/strong> Sand\u00eda con fresa \/ Coca-Cola con cereza \/ Crema con fresa<\/li>\n<li>\ud83e\udd6d <strong>Mezcla 15:<\/strong> Sand\u00eda Helada \/ Melocot\u00f3n Mango \/ Refresco de Naranja<\/li>\n<\/ul>\n<p><strong>Bang L\u00edder 85000 Puffs<\/strong> establece un nuevo est\u00e1ndar para los vaporizadores desechables. Es perfectamente adecuado para <strong>grandes consumidores<\/strong> que buscan comodidad sin compromisos, y <strong>cazadores de sabores<\/strong> que aman la variedad. Para <strong>minoristas y mayoristas<\/strong>, Este dispositivo de alto rendimiento y m\u00faltiples sabores es un art\u00edculo imprescindible que atrae a los clientes que buscan la mejor relaci\u00f3n calidad-precio y la \u00faltima tecnolog\u00eda. \u00a1Actualice su inventario hoy mismo! \ud83d\ude80\ud83d\uded2<\/p>\n<h3>\u2753 Preguntas frecuentes (FAQ)<\/h3>\n<p><strong>P: \u00bfC\u00f3mo se cambian los sabores en el Bang Leader 85K?<\/strong><br \/>\nR: El dispositivo cuenta con un mecanismo de interruptor simple que le permite alternar entre los tres tanques de l\u00edquido separados en el interior. \ud83d\udd00<\/p>\n<p><strong>P: \u00bfEs recargable la bater\u00eda?<\/strong><br \/>\nR: \u00a1S\u00ed! Viene con una bater\u00eda de 850mAh que se puede recargar f\u00e1cilmente usando un cable de carga est\u00e1ndar Tipo-C. \ud83d\udd0c<\/p>\n<p><strong>P: \u00bfEs bueno este producto para la distribuci\u00f3n al por mayor?<\/strong><br \/>\nR: Por supuesto. El exclusivo punto de venta 3 en 1 y el elevado n\u00famero de caladas lo convierten en un producto muy atractivo para los compradores B2B y las tiendas de vapeo. \ud83c\udfed<\/p>\n<p><strong>P: \u00bfCu\u00e1nto duran 85.000 caladas?<\/strong><br \/>\nR: Con 70mL de l\u00edquido, este dispositivo puede durar varias semanas dependiendo de tus h\u00e1bitos de uso, haci\u00e9ndolo extremadamente rentable. \ud83d\uddd3\ufe0f<\/p>","protected":false},"excerpt":{"rendered":"<p>85.000 caladas, cambio de sabor 3 en 1 y 70 ml de capacidad. El Bang Leader 85K es lo \u00faltimo en vapeadores recargables de larga duraci\u00f3n para mayoristas y cazadores de sabores. \ud83c\udf2c\ufe0f\ud83d\udca8<\/p>","protected":false},"featured_media":39057,"comment_status":"open","ping_status":"closed","template":"","meta":[],"product_brand":[227],"product_cat":[249,231,61],"product_tag":[357,358,359,360,356],"class_list":{"0":"post-38906","1":"product","2":"type-product","3":"status-publish","4":"has-post-thumbnail","6":"product_brand-bang","7":"product_cat-100k-puffs-disposable-vape","8":"product_cat-60000-puffs-disposable-vape","9":"product_cat-bang","10":"product_tag-3-in-1-flavor-vape","11":"product_tag-85000-puffs-disposable","12":"product_tag-bang-leader-85000-puffs","13":"product_tag-bang-vape-wholesale","14":"product_tag-rechargeable-vape","16":"first","17":"instock","18":"shipping-taxable","19":"purchasable","20":"product-type-variable","21":"has-default-attributes"},"jetpack_sharing_enabled":true,"tiered_pricing_type":"fixed","tiered_pricing_fixed_rules":{"30":9.07000000000000028421709430404007434844970703125,"50":7.519999999999999573674358543939888477325439453125,"100":7,"200":6.61000000000000031974423109204508364200592041015625,"400":5.8300000000000000710542735760100185871124267578125},"tiered_pricing_product_settings":{"layout":"default","base_unit_name":{"singular":null,"plural":null},"default_variation":null},"tiered_pricing_minimum_quantity":10,"tiered_pricing_roles_data":[],"tiered_pricing_percentage_rules":[],"tiered_pricing_maximum_quantity":null,"tiered_pricing_quantity_step":"10","_links":{"self":[{"href":"https:\/\/volovape.com\/es\/wp-json\/wp\/v2\/product\/38906","targetHints":{"allow":["GET"]}}],"collection":[{"href":"https:\/\/volovape.com\/es\/wp-json\/wp\/v2\/product"}],"about":[{"href":"https:\/\/volovape.com\/es\/wp-json\/wp\/v2\/types\/product"}],"replies":[{"embeddable":true,"href":"https:\/\/volovape.com\/es\/wp-json\/wp\/v2\/comments?post=38906"}],"wp:featuredmedia":[{"embeddable":true,"href":"https:\/\/volovape.com\/es\/wp-json\/wp\/v2\/media\/39057"}],"wp:attachment":[{"href":"https:\/\/volovape.com\/es\/wp-json\/wp\/v2\/media?parent=38906"}],"wp:term":[{"taxonomy":"product_brand","embeddable":true,"href":"https:\/\/volovape.com\/es\/wp-json\/wp\/v2\/product_brand?post=38906"},{"taxonomy":"product_cat","embeddable":true,"href":"https:\/\/volovape.com\/es\/wp-json\/wp\/v2\/product_cat?post=38906"},{"taxonomy":"product_tag","embeddable":true,"href":"https:\/\/volovape.com\/es\/wp-json\/wp\/v2\/product_tag?post=38906"}],"curies":[{"name":"Gracias","href":"https:\/\/api.w.org\/{rel}","templated":true}]}}