{"id":38176,"date":"2025-11-03T06:42:06","date_gmt":"2025-11-03T06:42:06","guid":{"rendered":"https:\/\/volovape.com\/?post_type=product&#038;p=38176"},"modified":"2026-04-14T03:07:57","modified_gmt":"2026-04-14T03:07:57","slug":"bang-legend-150k-6-en-1-150000-bocanadas","status":"publish","type":"product","link":"https:\/\/volovape.com\/es\/product\/bang-legend-150k-6-in-1-150000-puffs\/","title":{"rendered":"Bang Legend 150K 6-en-1 150000 Puffs | vape desechable inteligente multi-sabor con pantalla led"},"content":{"rendered":"<h1>Bang Legend 150K 6-Mode 150000 Puffs | vape desechable inteligente multi-sabor con pantalla led<\/h1>\n<h2>\u00bfPor qu\u00e9 elegir Bang Legend 150K Puffs?<\/h2>\n<ul>\n<li>\ud83d\ude80 <strong>Capacidad para 150.000 bocanadas<\/strong> - Uno de los vaporizadores desechables m\u00e1s duraderos del mercado.<\/li>\n<li>\ud83d\udd25 <strong>6 modos de sabor (A, B, C, A+B, A+C, B+C)<\/strong> - Disfrute de infinitas combinaciones y experiencias gustativas personalizadas.<\/li>\n<li>\ud83d\udca1 <strong>Pantalla LED inteligente<\/strong> - Muestra el recuento de caladas, la duraci\u00f3n de la bater\u00eda y el modo de sabor en tiempo real.<\/li>\n<li>\ud83d\udd0b <strong>Bater\u00eda recargable de 850 mAh<\/strong> - Eficiente y fiable, con carga r\u00e1pida Type-C para recargas r\u00e1pidas.<\/li>\n<li>\ud83c\udf2c\ufe0f <strong>Tecnolog\u00eda de bobinas de malla<\/strong> - Produce un vapor denso y un sabor intenso en cada calada.<\/li>\n<li>\ud83d\udca7 <strong>Dise\u00f1o de dep\u00f3sito de aceite triple<\/strong> - Mantiene los sabores frescos y separados hasta que los mezclas a tu manera.<\/li>\n<li>\ud83c\udfa8 <strong>12 Sets de Sabores Disponibles<\/strong> - Un universo de sabores para cada estado de \u00e1nimo y preferencia.<\/li>\n<li>\ud83d\udce6 <strong>Envases para mayoristas<\/strong> - 10 unidades por paquete, dise\u00f1ado para tiendas de vapeo y distribuci\u00f3n a granel.<\/li>\n<\/ul>\n<h2>Especificaciones<\/h2>\n<table border=\"1\" cellpadding=\"6\">\n<tbody>\n<tr>\n<td><strong>Conteo de bocanadas<\/strong><\/td>\n<td>Hasta 150.000 bocanadas<\/td>\n<\/tr>\n<tr>\n<td><strong>Concentraci\u00f3n de nicotina<\/strong><\/td>\n<td>2% \/ 3% \/ 5%<\/td>\n<\/tr>\n<tr>\n<td><strong>Modos de sabor<\/strong><\/td>\n<td>A, B, C, A+B, A+C, B+C<\/td>\n<\/tr>\n<tr>\n<td><strong>Dep\u00f3sito de aceite<\/strong><\/td>\n<td>3 tanques independientes<\/td>\n<\/tr>\n<tr>\n<td><strong>Capacidad de la bater\u00eda<\/strong><\/td>\n<td>Recargable 850mAh<\/td>\n<\/tr>\n<tr>\n<td><strong>Bobina<\/strong><\/td>\n<td>Sistema de bobina de malla<\/td>\n<\/tr>\n<tr>\n<td><strong>Mostrar<\/strong><\/td>\n<td>Pantalla LED inteligente<\/td>\n<\/tr>\n<tr>\n<td><strong>Puerto de carga<\/strong><\/td>\n<td>Carga r\u00e1pida Tipo-C<\/td>\n<\/tr>\n<tr>\n<td><strong>Embalaje<\/strong><\/td>\n<td>10 unidades por paquete<\/td>\n<\/tr>\n<tr>\n<td><strong>Opciones de sabor<\/strong><\/td>\n<td>12 combinaciones de sabores<\/td>\n<\/tr>\n<\/tbody>\n<\/table>\n<h2>Experiencia de sabores \ud83c\udf53\ud83c\udf4d\ud83c\udf47<\/h2>\n<p>El <strong>Bang Leyenda 150K<\/strong> te permite combinar hasta <strong>6 modos de sabor<\/strong> por grupo, \u00a1creando infinitas combinaciones de sabores afrutados, helados e inspirados en caramelos! Cada grupo ofrece un delicioso tr\u00edo de sabores base y mezclas h\u00edbridas.<\/p>\n<ul>\n<li><strong>Set 1:<\/strong> Melocot\u00f3n helado, melocot\u00f3n con mango, melocot\u00f3n con ar\u00e1ndanos: dulzura tropical con un toque helado \ud83c\udf51\u2744\ufe0f<\/li>\n<li><strong>Set 2:<\/strong> Pineapple Ice, Pineapple Coconut, Kiwi Pineapple Ice - exotic island vibes \ud83c\udf4d\ud83e\udd65<\/li>\n<li><strong>Set 3:<\/strong> Grape Ice, Grape Bubble Gum, Raspberry Grapes - jugosa y \u00e1cida mezcla de caramelos \ud83c\udf47\ud83c\udf6c.<\/li>\n<li><strong>Set 4:<\/strong> Sand\u00eda Helada, Sand\u00eda Bayas, Sand\u00eda Fresa - refrescante y afrutado \ud83c\udf49\ud83c\udf53<\/li>\n<li><strong>Set 5:<\/strong> Blueberry Ice, Blueberry Raspberry, Blueberry Cranberry Cherry: explosi\u00f3n de bayas ricas y \u00e1cidas \ud83e\uded0\ud83c\udf52<\/li>\n<li><strong>Set 6:<\/strong> Hielo de pl\u00e1tano, pl\u00e1tano fresa, naranja c\u00edtrica: fusi\u00f3n cremosa y c\u00edtrica \ud83c\udf4c\ud83c\udf4a.<\/li>\n<li><strong>Set 7:<\/strong> Manzana helada, manzana uva, ar\u00e1ndano uva: sabores de huerto crujientes y dulces \ud83c\udf4f\ud83c\udf47<\/li>\n<li><strong>Set 8:<\/strong> Mango Ice, Melocot\u00f3n Mango Sand\u00eda, Oso de Gominola - magia de caramelo tropical \ud83e\udd6d\ud83c\udf49<\/li>\n<li><strong>Set 9:<\/strong> Hielo de cereza, bayas mixtas, cola roja - nost\u00e1lgico y atrevido \ud83c\udf52\ud83e\udd64<\/li>\n<li><strong>Set 10:<\/strong> Red Bull, Watermelon Bubble Gum, Love 66 - fusi\u00f3n energizante y arom\u00e1tica \ud83d\udca5\ud83d\udc9e<\/li>\n<li><strong>Set 11:<\/strong> Fresa Helada, Fresa Kiwi, Fresa Lichi - dulce, jugosa y arom\u00e1tica \ud83c\udf53\ud83e\udd5d<\/li>\n<li><strong>Set 12:<\/strong> Fruta de la pasi\u00f3n, lima guayaba, lim\u00f3n de la pasi\u00f3n: perfecci\u00f3n tropical \u00e1cida \ud83e\udd6d\ud83c\udf4b<\/li>\n<\/ul>\n<h2>Perfecto para \ud83d\udc51<\/h2>\n<p>Vapers intensos que buscan un rendimiento duradero<br \/>\n\u2705 Los propietarios de vape shops buscan productos premium y con m\u00e1rgenes elevados<br \/>\n\u2705 Distribuidores que buscan variedad y atractivo visual<br \/>\n\u2705 Amantes de los sabores que disfrutan mezclando y explorando nuevas combinaciones.<\/p>\n<h2>PREGUNTAS FRECUENTES \u2753<\/h2>\n<p><strong>P: \u00bfCu\u00e1nto dura el Bang Legend 150K?<\/strong><br \/>\nR: Con hasta 150.000 caladas, puede durar semanas, incluso para usuarios frecuentes.<\/p>\n<p><strong>P: \u00bfEs recargable?<\/strong><br \/>\nR: \u00a1S\u00ed! Equipado con un <strong>Puerto Tipo-C<\/strong> para una recarga r\u00e1pida y c\u00f3moda.<\/p>\n<p><strong>P: \u00bfC\u00f3mo funcionan los modos de sabor?<\/strong><br \/>\nA: Basta con cambiar entre los modos simple o mixto (A, B, C, A+B, A+C, B+C) para disfrutar de una experiencia de sabor personalizada.<\/p>\n<p><strong>P: \u00bfQu\u00e9 muestra la pantalla LED?<\/strong><br \/>\nR: Muestra el n\u00famero de caladas, el nivel de bater\u00eda y el modo de sabor activo, para que tengas todo el control.<\/p>\n<p><strong>P: \u00bfPuedo utilizarlo para pedidos al por mayor?<\/strong><br \/>\nR: \u00a1Por supuesto! Est\u00e1 dise\u00f1ado para <strong>Ventas B2B<\/strong> y se presenta en paquetes de 10 unidades por caja expositora, ideal para tiendas y distribuidores.<\/p>\n<h2>Conclusi\u00f3n \ud83d\ude80<\/h2>\n<p>El <strong>Bang Legend 150K Puffs<\/strong> es m\u00e1s que un producto desechable: es una experiencia de vapeo inteligente y personalizable creada para los usuarios modernos. Con <strong>6 modos de sabor, 3 tanques, un sistema de bobina de malla y una v\u00edvida pantalla LED<\/strong>, El motor m\u00e1s potente del mundo, ofrece rendimiento y emoci\u00f3n. Ideal para <strong>vape shops, heavy users y mayoristas<\/strong> que valoran la longevidad, el sabor y la innovaci\u00f3n. \ud83d\udca8\ud83d\udd25<\/p>","protected":false},"excerpt":{"rendered":"<p>\ud83d\udca8 El <strong>Bang Legend 150K Puffs<\/strong> es un verdadero centro neur\u00e1lgico que ofrece 150.000 caladas, 6 modos de sabor y una pantalla LED inteligente que redefine el vapeo de larga duraci\u00f3n. Perfecto para los entusiastas del vapeo, distribuidores y compradores al por mayor que exigen lo mejor en rendimiento y estilo. \u26a1<\/p>","protected":false},"featured_media":38206,"comment_status":"open","ping_status":"closed","template":"","meta":[],"product_brand":[227],"product_cat":[61,249,262,230],"product_tag":[311,312,313,307,314,315],"class_list":{"0":"post-38176","1":"product","2":"type-product","3":"status-publish","4":"has-post-thumbnail","6":"product_brand-bang","7":"product_cat-bang","8":"product_cat-100k-puffs-disposable-vape","9":"product_cat-cheap-rechargeable-disposable-vapes","10":"product_cat-new","11":"product_tag-150000-puffs-vape","12":"product_tag-6-flavor-in-1-vape","13":"product_tag-bang-legend-150k-disposable-vape","14":"product_tag-best-disposable-vapes","15":"product_tag-long-lasting-smart-vape","16":"product_tag-wholesale-rechargeable-vape","18":"first","19":"instock","20":"shipping-taxable","21":"purchasable","22":"product-type-variable","23":"has-default-attributes"},"jetpack_sharing_enabled":true,"tiered_pricing_type":"fixed","tiered_pricing_fixed_rules":{"30":8.8900000000000005684341886080801486968994140625,"50":7.160000000000000142108547152020037174224853515625,"100":6.54000000000000003552713678800500929355621337890625,"200":5.9900000000000002131628207280300557613372802734375,"400":5.42999999999999971578290569595992565155029296875},"tiered_pricing_product_settings":{"layout":"default","base_unit_name":{"singular":null,"plural":null},"default_variation":null},"tiered_pricing_minimum_quantity":10,"tiered_pricing_roles_data":[],"tiered_pricing_percentage_rules":[],"tiered_pricing_maximum_quantity":null,"tiered_pricing_quantity_step":"10","_links":{"self":[{"href":"https:\/\/volovape.com\/es\/wp-json\/wp\/v2\/product\/38176","targetHints":{"allow":["GET"]}}],"collection":[{"href":"https:\/\/volovape.com\/es\/wp-json\/wp\/v2\/product"}],"about":[{"href":"https:\/\/volovape.com\/es\/wp-json\/wp\/v2\/types\/product"}],"replies":[{"embeddable":true,"href":"https:\/\/volovape.com\/es\/wp-json\/wp\/v2\/comments?post=38176"}],"wp:featuredmedia":[{"embeddable":true,"href":"https:\/\/volovape.com\/es\/wp-json\/wp\/v2\/media\/38206"}],"wp:attachment":[{"href":"https:\/\/volovape.com\/es\/wp-json\/wp\/v2\/media?parent=38176"}],"wp:term":[{"taxonomy":"product_brand","embeddable":true,"href":"https:\/\/volovape.com\/es\/wp-json\/wp\/v2\/product_brand?post=38176"},{"taxonomy":"product_cat","embeddable":true,"href":"https:\/\/volovape.com\/es\/wp-json\/wp\/v2\/product_cat?post=38176"},{"taxonomy":"product_tag","embeddable":true,"href":"https:\/\/volovape.com\/es\/wp-json\/wp\/v2\/product_tag?post=38176"}],"curies":[{"name":"Gracias","href":"https:\/\/api.w.org\/{rel}","templated":true}]}}