{"id":37430,"date":"2025-09-11T09:48:26","date_gmt":"2025-09-11T09:48:26","guid":{"rendered":"https:\/\/volovape.com\/?post_type=product&#038;p=37430"},"modified":"2026-04-14T05:51:31","modified_gmt":"2026-04-14T05:51:31","slug":"bang-legend-120k-5-en-1-120000-caladas-multi-sabor-ajustable-a-granel-vape-desechable","status":"publish","type":"product","link":"https:\/\/volovape.com\/es\/product\/bang-legend-120k-5-in-1-120000-puffs-multi-flavor-adjustable-bulk-disposable-vape\/","title":{"rendered":"Bang Legend 120K 5 en 1 | 120.000 caladas mega vape desechable con 5 modos de sabor"},"content":{"rendered":"<h2>\u00bfPor qu\u00e9 elegir Bang Legend 120K 5 en 1?<\/h2>\n<ul>\n<li>\ud83d\udd25 Masivo <strong>120.000 caladas<\/strong> por dispositivo: dise\u00f1ado para grandes usuarios y distribuidores.<\/li>\n<li>\ud83c\udf08 <strong>Modos de sabor 5 en 1<\/strong> con sabor intercambiable para una variedad infinita.<\/li>\n<li>\ud83d\udd0b <strong>Bater\u00eda recargable de 850 mAh<\/strong> con carga r\u00e1pida Type-C.<\/li>\n<li>\ud83d\udcca <strong>Pantalla LED<\/strong> muestra el recuento de caladas, la duraci\u00f3n de la bater\u00eda y el modo de sabor.<\/li>\n<li>\ud83d\udc8e Vapor suave y rico con <strong>5 bobinas de malla<\/strong> para su m\u00e1xima satisfacci\u00f3n.<\/li>\n<li>\ud83d\udce6 Embalaje respetuoso con el medio ambiente: <strong>10 unidades por paquete<\/strong>perfecto para tiendas y mayoristas.<\/li>\n<\/ul>\n<h2>Especificaciones<\/h2>\n<table border=\"1\" cellpadding=\"5\">\n<tbody>\n<tr>\n<td><strong>Concentraci\u00f3n de nicotina<\/strong><\/td>\n<td>2% \/ 3% \/ 5%<\/td>\n<\/tr>\n<tr>\n<td><strong>Conteo de bocanadas<\/strong><\/td>\n<td>Hasta 120.000<\/td>\n<\/tr>\n<tr>\n<td><strong>Modos de sabor<\/strong><\/td>\n<td>5 sabores ajustables<\/td>\n<\/tr>\n<tr>\n<td><strong>Dep\u00f3sito de aceite<\/strong><\/td>\n<td>5 dep\u00f3sitos<\/td>\n<\/tr>\n<tr>\n<td><strong>Bater\u00eda<\/strong><\/td>\n<td>850mAh recargable<\/td>\n<\/tr>\n<tr>\n<td><strong>Bobina<\/strong><\/td>\n<td>5 bobinas de malla<\/td>\n<\/tr>\n<tr>\n<td><strong>Pantalla LED<\/strong><\/td>\n<td>S\u00ed (bater\u00eda, n\u00famero de caladas, modo de sabor)<\/td>\n<\/tr>\n<tr>\n<td><strong>Puerto de carga<\/strong><\/td>\n<td>Tipo-C<\/td>\n<\/tr>\n<tr>\n<td><strong>Embalaje<\/strong><\/td>\n<td>10 unidades\/paquete<\/td>\n<\/tr>\n<\/tbody>\n<\/table>\n<h2>Sabores<\/h2>\n<p>\ud83c\udf89 Con <strong>12 sets multi-sabor<\/strong>Bang Legend 120K 5 en 1 ofrece algo para todos:<\/p>\n<ol>\n<li>\u26a1 Bebida Energ\u00e9tica - Ar\u00e1ndano Cereza - Manzana Uva - Sand\u00eda Fruta del Drag\u00f3n - Mamba<\/li>\n<li>\ud83c\udf51 Bebida Energ\u00e9tica - Melocot\u00f3n Ice - Mango Ice - Ar\u00e1ndano Uva - Grosella Negra<\/li>\n<li>\ud83e\udd64 Ar\u00e1ndano Frambuesa - Melocot\u00f3n Mango Sand\u00eda - Cereza Coca-Cola - Uva Zarzamora Hielo - Mango Melocot\u00f3n Albaricoque<\/li>\n<li>\ud83c\udf6c Ar\u00e1ndano Frambuesa - Drag\u00f3n Negro Hielo - Arco Iris Caramelo - Fuji Hielo - Sand\u00eda Melocot\u00f3n \u00c1cido<\/li>\n<li>\ud83e\udd6d Blueberry Ice - Kiwi Fruta de la Pasi\u00f3n Guayaba - Triple Mel\u00f3n - Melocot\u00f3n Pi\u00f1a - Beso Apasionado<\/li>\n<li>\ud83c\udf4f Hielo de ar\u00e1ndano - Chicle de sand\u00eda - Manzana \u00e1cida Frambuesa - Fruta de loto Mango Mel\u00f3n - Fruta de la pasi\u00f3n Kiwi Lima<\/li>\n<li>\ud83c\udf47 Sand\u00eda Helada - Mezcla de Bayas - Manzana Pera - Ar\u00e1ndano Menta - Summer Time<\/li>\n<li>\ud83c\udf53 Helado de Sand\u00eda - Mango Fresa - Cereza California - Melocot\u00f3n Ar\u00e1ndano - Berry Cool<\/li>\n<li>\ud83c\udf52 Sand\u00eda fresa - Hielo uva - Mojito rojo - Hielo pl\u00e1tano - Lima lim\u00f3n<\/li>\n<li>\ud83e\udd5d Fresa Sand\u00eda - Mel\u00f3n Manzana - Cola Ice - Mango Melocot\u00f3n - Love 66<\/li>\n<li>\ud83c\udf4c Fresa Kiwi - Fresa Pl\u00e1tano - Lichi Hielo - Sand\u00eda Baya - Maracuy\u00e1 Mango<\/li>\n<li>\ud83c\udf6d Fresa Kiwi - Sand\u00eda Ar\u00e1ndano - Caramelo Oso - Chicle Ar\u00e1ndano - Mango Pi\u00f1a Agrio<\/li>\n<\/ol>\n<p>\ud83d\udc49 Un total de 60 sabores repartidos en 12 sets, dise\u00f1ados tanto para los vapers m\u00e1s golosos como para los cazadores de sabores m\u00e1s atrevidos.<\/p>\n<h2>Preguntas frecuentes<\/h2>\n<p><strong>P: \u00bfCu\u00e1nto dura el Bang Legend 120K?<\/strong><br \/>\nR: Con hasta 120.000 caladas, un dispositivo puede durar m\u00e1s que docenas de desechables normales.<\/p>\n<p><strong>P: \u00bfEs recargable?<\/strong><br \/>\nR: \u2705 S\u00ed, viene con un <strong>Bater\u00eda recargable de 850 mAh<\/strong> y puerto de carga Type-C.<\/p>\n<p><strong>P: \u00bfPuedo cambiar de sabor?<\/strong><br \/>\nR: \u00a1Por supuesto! En <strong>Sistema 5 en 1<\/strong> le permite cambiar entre cinco dep\u00f3sitos precargados en cualquier momento.<\/p>\n<p><strong>P: \u00bfPara qui\u00e9n es mejor este producto?<\/strong><br \/>\nR: Perfecto para <em>heavy vapers<\/em>, <em>entusiastas del sabor<\/em>, <em>vapeadores<\/em>y <em>distribuidores mayoristas<\/em>.<\/p>\n<p>\ud83d\ude80 <strong>Bang Legend 120K 5 en 1<\/strong> es el vapeador desechable definitivo: duradero, vers\u00e1til y repleto de variedad de sabores. Ya sea que est\u00e9s abasteciendo una tienda de vapeo, comprando al por mayor, o buscando un dispositivo de alta capacidad para uso personal, esta potencia est\u00e1 hecha para ti. \ud83d\udca8<\/p>","protected":false},"excerpt":{"rendered":"<p>\u26a1 Vapeador desechable repleto de potencia con hasta 120.000 caladas, 5 sabores ajustables y pantalla LED, perfecto para compradores al por mayor y amantes del vapeo. \ud83d\udca8<\/p>","protected":false},"featured_media":37468,"comment_status":"open","ping_status":"closed","template":"","meta":[],"product_brand":[227],"product_cat":[249,61,230],"product_tag":[],"class_list":{"0":"post-37430","1":"product","2":"type-product","3":"status-publish","4":"has-post-thumbnail","6":"product_brand-bang","7":"product_cat-100k-puffs-disposable-vape","8":"product_cat-bang","9":"product_cat-new","11":"first","12":"instock","13":"shipping-taxable","14":"purchasable","15":"product-type-variable","16":"has-default-attributes"},"jetpack_sharing_enabled":true,"tiered_pricing_type":"fixed","tiered_pricing_fixed_rules":{"30":11.300000000000000710542735760100185871124267578125,"50":8.269999999999999573674358543939888477325439453125,"100":8.019999999999999573674358543939888477325439453125,"200":7.410000000000000142108547152020037174224853515625,"400":7.04000000000000003552713678800500929355621337890625},"tiered_pricing_product_settings":{"layout":"default","base_unit_name":{"singular":null,"plural":null},"default_variation":null},"tiered_pricing_minimum_quantity":10,"tiered_pricing_roles_data":[],"tiered_pricing_percentage_rules":[],"tiered_pricing_maximum_quantity":null,"tiered_pricing_quantity_step":"10","_links":{"self":[{"href":"https:\/\/volovape.com\/es\/wp-json\/wp\/v2\/product\/37430","targetHints":{"allow":["GET"]}}],"collection":[{"href":"https:\/\/volovape.com\/es\/wp-json\/wp\/v2\/product"}],"about":[{"href":"https:\/\/volovape.com\/es\/wp-json\/wp\/v2\/types\/product"}],"replies":[{"embeddable":true,"href":"https:\/\/volovape.com\/es\/wp-json\/wp\/v2\/comments?post=37430"}],"wp:featuredmedia":[{"embeddable":true,"href":"https:\/\/volovape.com\/es\/wp-json\/wp\/v2\/media\/37468"}],"wp:attachment":[{"href":"https:\/\/volovape.com\/es\/wp-json\/wp\/v2\/media?parent=37430"}],"wp:term":[{"taxonomy":"product_brand","embeddable":true,"href":"https:\/\/volovape.com\/es\/wp-json\/wp\/v2\/product_brand?post=37430"},{"taxonomy":"product_cat","embeddable":true,"href":"https:\/\/volovape.com\/es\/wp-json\/wp\/v2\/product_cat?post=37430"},{"taxonomy":"product_tag","embeddable":true,"href":"https:\/\/volovape.com\/es\/wp-json\/wp\/v2\/product_tag?post=37430"}],"curies":[{"name":"Gracias","href":"https:\/\/api.w.org\/{rel}","templated":true}]}}