{"id":358,"date":"2024-11-21T03:29:21","date_gmt":"2024-11-21T03:29:21","guid":{"rendered":"https:\/\/volovape.com\/?post_type=product&#038;p=358"},"modified":"2025-07-06T04:24:36","modified_gmt":"2025-07-06T04:24:36","slug":"caja-elfo-ls15000-15000-bocanadas","status":"publish","type":"product","link":"https:\/\/volovape.com\/es\/product\/elf-box-ls15000-15000-puffs\/","title":{"rendered":"ELF BOX LS15000 caladas 0.6\u03a9 bobina de malla vape desechable - recargable con carga tipo-c (0-5% nicotina)"},"content":{"rendered":"<p><iframe title=\"Reproductor de v\u00eddeo de VideoPress\" aria-label='Reproductor de v\u00eddeo de VideoPress' width='500' height='667' src='https:\/\/videopress.com\/embed\/JmE4p5tH?hd=0&amp;cover=1' frameborder='0' allowfullscreen allow='clipboard-write'><\/iframe><script src='https:\/\/v0.wordpress.com\/js\/next\/videopress-iframe.js?m=1739540970'><\/script><\/p>\n<p>ELF BOX LS15000 Puffs Vape Desechable - 0.6\u03a9 Mesh Coil, Recargable<br \/>\n<strong>ELF BOX LS15000 Puffs Vapeador Desechable<\/strong> - Vaping de alta capacidad con rendimiento mejorado de la bobina de malla de 0,6\u03a9.<\/p>\n<p>El <strong>CAJA ELF LS15000<\/strong> El vaporizador desechable ofrece una experiencia de vaporizaci\u00f3n excepcional con su impresionante <strong>Capacidad para 15.000 bocanadas<\/strong> y un enorme <strong>Dep\u00f3sito de e-l\u00edquido de 26 ml<\/strong>. Impulsado por un <strong>Bater\u00eda recargable de 600 mAh<\/strong> y con <strong>Carga tipo C<\/strong>Este dispositivo garantiza un uso prolongado y c\u00f3modo. El <strong>Bobina de malla de 0,6\u03a9<\/strong> est\u00e1 espec\u00edficamente dise\u00f1ado para un rico sabor y una densa producci\u00f3n de vapor, proporcionando un vapeo satisfactorio desde la primera hasta la \u00faltima calada. Elija entre <strong>Concentraciones de nicotina 0%, 2% o 5%<\/strong> seg\u00fan sus preferencias. Con <strong>12 deliciosas opciones de sabores<\/strong>la ELF BOX LS15000 es perfecta para <strong>vape desechable al por mayor<\/strong>, <strong>pedidos al por mayor<\/strong>o <strong>uso personal<\/strong>que combina un alto rendimiento con la m\u00e1xima portabilidad.<\/p>\n<h3><strong>ELF BOX LS15000 Caracter\u00edsticas:<\/strong><\/h3>\n<ul>\n<li>Puffs: Hasta 15.000 Puffs<\/li>\n<li>Capacidad del E-l\u00edquido: 26mL<\/li>\n<li>Bater\u00eda: 600mAh (recargable)<\/li>\n<li>Carga: Tipo-C<\/li>\n<li>Bobina: 0.6\u03a9 Mesh Coil<\/li>\n<li>Potencias de nicotina: 0%, 2%, 5%<\/li>\n<li>Sabores: 12 opciones \u00fanicas<\/li>\n<li>Dimensiones: 91,5 x 56,5 x 28,5 mm<\/li>\n<li>Peso: 91 g<\/li>\n<li>Dispositivo desechable<\/li>\n<\/ul>\n<h4>Preguntas frecuentes<\/h4>\n<h5>C\u00f3mo mejora la experiencia de vapeo la bobina de malla de 0,6\u03a9?<\/h5>\n<p>La bobina de malla 0.6\u03a9 est\u00e1 dise\u00f1ada para optimizar la producci\u00f3n de vapor y la entrega de sabor. Proporciona una mayor superficie de calentamiento, lo que resulta en nubes m\u00e1s densas y sabores m\u00e1s ricos, asegurando una experiencia de vapeo consistentemente satisfactoria con cada calada.<\/p>\n<h5>\u00bfQu\u00e9 m\u00e9todos de env\u00edo se utilizan?<\/h5>\n<p>Colaboramos con transportistas de confianza como UPS, DHL, FedEx y DPD para garantizar que su pedido se entregue de forma r\u00e1pida y segura. Seleccionamos el m\u00e9todo de env\u00edo m\u00e1s eficiente en funci\u00f3n de su ubicaci\u00f3n para optimizar la velocidad y la fiabilidad de la entrega.<\/p>\n<h5>\u00bfCu\u00e1nto tarda en llegar mi pedido?<\/h5>\n<p>El plazo de entrega suele ser de 7 a 15 d\u00edas laborables. Sin embargo, durante las vacaciones o condiciones meteorol\u00f3gicas adversas, puede que se produzcan ligeros retrasos en el env\u00edo.<\/p>\n<h5>\u00bfTendr\u00e9 problemas de aduanas o gastos adicionales?<\/h5>\n<p>Nos encargamos de todos los tr\u00e1mites aduaneros, garantizando una experiencia fluida y sin complicaciones. No tendr\u00e1 que pagar impuestos ni tasas adicionales. Nos aseguramos de que 100% de nuestros productos pasen la aduana con \u00e9xito.<\/p>\n<h5>\u00bfEs seguro y fiable comprar en su sitio web?<\/h5>\n<p>S\u00ed, ofrecemos transacciones seguras de PayPal con protecci\u00f3n del comprador. Tambi\u00e9n puede comprobar nuestra fiabilidad consultando las opiniones de nuestros clientes en <a href=\"https:\/\/www.trustpilot.com\/review\/volovape.com?utm_medium=trustbox&amp;utm_source=TrustBoxReviewCollector\">TrustPilot<\/a>donde encontrar\u00e1 testimonios de clientes satisfechos.<\/p>","protected":false},"excerpt":{"rendered":"<p>Disfruta de un vapor mejorado con los Puffs ELF BOX LS15000. Malla de 0,6\u03a9, 26ml, recargable. Perfecto para uso personal o al por mayor, ofrece un sabor duradero y variadas opciones de nicotina.<\/p>","protected":false},"featured_media":445,"comment_status":"open","ping_status":"closed","template":"","meta":[],"product_brand":[],"product_cat":[54,41,21,18,20,23,24,22,25,26,27,28,29,30,31,32,33,34,35,36,47],"product_tag":[],"class_list":{"0":"post-358","1":"product","2":"type-product","3":"status-publish","4":"has-post-thumbnail","6":"product_cat-elf-box","7":"product_cat-15000-puffs-disposable-vape","8":"product_cat-big-puffs-vapes","9":"product_cat-different-puffs-of-disposable-vapes","10":"product_cat-disposable-vape-types","11":"product_cat-disposable-vapes-in-austria","12":"product_cat-disposable-vapes-in-belgium","13":"product_cat-disposable-vapes-in-europe","14":"product_cat-disposable-vapes-in-france","15":"product_cat-disposable-vapes-in-germany","16":"product_cat-disposable-vapes-in-hungary","17":"product_cat-disposable-vapes-in-ltaly","18":"product_cat-disposable-vapes-in-netherlands","19":"product_cat-disposable-vapes-in-norway","20":"product_cat-disposable-vapes-in-poland","21":"product_cat-disposable-vapes-in-portugal","22":"product_cat-disposable-vapes-in-spain","23":"product_cat-disposable-vapes-in-sweden","24":"product_cat-disposable-vapes-in-switzerland","25":"product_cat-rechargeable-vapes","26":"product_cat-shisha-hookah-vapes","28":"first","29":"instock","30":"shipping-taxable","31":"purchasable","32":"product-type-variable","33":"has-default-attributes"},"jetpack_sharing_enabled":true,"tiered_pricing_type":"fixed","tiered_pricing_fixed_rules":{"2000":5.38999999999999968025576890795491635799407958984375},"tiered_pricing_product_settings":{"layout":"default","base_unit_name":{"singular":null,"plural":null},"default_variation":null},"tiered_pricing_minimum_quantity":1000,"tiered_pricing_roles_data":[],"tiered_pricing_percentage_rules":[],"tiered_pricing_maximum_quantity":null,"tiered_pricing_quantity_step":"10","_links":{"self":[{"href":"https:\/\/volovape.com\/es\/wp-json\/wp\/v2\/product\/358","targetHints":{"allow":["GET"]}}],"collection":[{"href":"https:\/\/volovape.com\/es\/wp-json\/wp\/v2\/product"}],"about":[{"href":"https:\/\/volovape.com\/es\/wp-json\/wp\/v2\/types\/product"}],"replies":[{"embeddable":true,"href":"https:\/\/volovape.com\/es\/wp-json\/wp\/v2\/comments?post=358"}],"wp:featuredmedia":[{"embeddable":true,"href":"https:\/\/volovape.com\/es\/wp-json\/wp\/v2\/media\/445"}],"wp:attachment":[{"href":"https:\/\/volovape.com\/es\/wp-json\/wp\/v2\/media?parent=358"}],"wp:term":[{"taxonomy":"product_brand","embeddable":true,"href":"https:\/\/volovape.com\/es\/wp-json\/wp\/v2\/product_brand?post=358"},{"taxonomy":"product_cat","embeddable":true,"href":"https:\/\/volovape.com\/es\/wp-json\/wp\/v2\/product_cat?post=358"},{"taxonomy":"product_tag","embeddable":true,"href":"https:\/\/volovape.com\/es\/wp-json\/wp\/v2\/product_tag?post=358"}],"curies":[{"name":"Gracias","href":"https:\/\/api.w.org\/{rel}","templated":true}]}}