{"id":35613,"date":"2025-08-16T11:41:34","date_gmt":"2025-08-16T11:41:34","guid":{"rendered":"https:\/\/volovape.com\/?post_type=product&#038;p=35613"},"modified":"2026-04-14T05:57:10","modified_gmt":"2026-04-14T05:57:10","slug":"bang-king-twins-50000","status":"publish","type":"product","link":"https:\/\/volovape.com\/es\/product\/bang-king-twins-50000\/","title":{"rendered":"Bang King Twins 50000 Puffs | dual flavor LED display vape desechable al por mayor"},"content":{"rendered":"<h2>Bang King Twins 50000 Puffs - Descripci\u00f3n general y caracter\u00edsticas<\/h2>\n<p>Prep\u00e1rate para una experiencia de vapeo extraordinaria con el <strong>Bang King Twins 50000 Puffs<\/strong> \u00a1vape desechable! Con hasta 50.000 caladas y sabores duales, este dispositivo ofrece lo mejor de ambos mundos. Con un dise\u00f1o elegante, bobinas de malla, y una bater\u00eda recargable de tipo C, esta es la mejor opci\u00f3n para aquellos que anhelan sabores intensos y satisfacci\u00f3n de larga duraci\u00f3n. El <strong>Bang Rey Gemelos<\/strong> combina 56mL de e-l\u00edquido (28mL + 28mL), y ofrece m\u00faltiples opciones de nicotina para satisfacer todos los gustos y preferencias. Equipado con una pantalla LED digital, es f\u00e1cil hacer un seguimiento de su experiencia de vapeo y mantener la diversi\u00f3n durante m\u00e1s tiempo. Tanto si eres un vapeador empedernido como un distribuidor que busca almacenar productos de primera calidad, el <strong>Bang Rey Gemelos<\/strong> te tiene cubierto.<\/p>\n<h4>Especificaciones<\/h4>\n<table>\n<tbody>\n<tr>\n<td><strong>Capacidad de calada:<\/strong><\/td>\n<td>Hasta 50000 caladas<\/td>\n<\/tr>\n<tr>\n<td><strong>Capacidad de e-l\u00edquido:<\/strong><\/td>\n<td>56mL (28mL + 28mL)<\/td>\n<\/tr>\n<tr>\n<td><strong>Bater\u00eda:<\/strong><\/td>\n<td>650 mAh, recargable tipo C<\/td>\n<\/tr>\n<tr>\n<td><strong>Tipo de bobina:<\/strong><\/td>\n<td>Bobina de malla 1,0\u03a9<\/td>\n<\/tr>\n<tr>\n<td><strong>Opciones de nicotina:<\/strong><\/td>\n<td>2%, 3%, 5%<\/td>\n<\/tr>\n<tr>\n<td><strong>Pantalla:<\/strong><\/td>\n<td>Pantalla digital LED<\/td>\n<\/tr>\n<tr>\n<td><strong>Dise\u00f1o:<\/strong><\/td>\n<td>Elegante, estilizado y ergon\u00f3mico<\/td>\n<\/tr>\n<\/tbody>\n<\/table>\n<h4>Sabores disponibles<\/h4>\n<ul>\n<li>Love 66 &amp; Fruta de la Pasi\u00f3n al Lim\u00f3n<\/li>\n<li>Melocot\u00f3n Guayaba Fresa y Sakura Uva<\/li>\n<li>Fresa, pl\u00e1tano y Heisenberg<\/li>\n<li>Blue Razz Ice &amp; Blue Razz Cherry<\/li>\n<li>Sand\u00eda con fresas y helado de fresa<\/li>\n<li>Sand\u00eda Ice &amp; Sand\u00eda Hubba Bubba<\/li>\n<li>Aloe Vera Doble Lima y Hielo<\/li>\n<li>Mix Berry y Fresa Kiwi<\/li>\n<li>Super Cool Lychee &amp; Pink Man<\/li>\n<li>Zumo Melocot\u00f3n Helado &amp; Fresa Mango<\/li>\n<li>Skittles de Cola, Lim\u00f3n y Fresa<\/li>\n<li>Melocot\u00f3n Mango Sand\u00eda &amp; Cereza Blue Razz<\/li>\n<\/ul>\n<h4>\u00bfPor qu\u00e9 elegir Bang King Twins 50000 Puffs?<\/h4>\n<ul>\n<li><strong>Rendimiento duradero:<\/strong> 50.000 caladas de disfrute continuo<\/li>\n<li><strong>Experiencia de doble sabor:<\/strong> Disfruta de dos sabores \u00fanicos con cada calada<\/li>\n<li><strong>Comodidad recargable:<\/strong> La carga de tipo C garantiza que siempre est\u00e9s listo para salir<\/li>\n<li><strong>Bobinas de malla premium:<\/strong> Para unos golpes m\u00e1s suaves y un sabor m\u00e1s intenso<\/li>\n<li><strong>Amplias opciones de nicotina:<\/strong> Elige entre 2%, 3% o 5% de potencia de nicotina<\/li>\n<li><strong>Pantalla digital LED:<\/strong> Haz un seguimiento de tus progresos<\/li>\n<li><strong>Perfecto para la distribuci\u00f3n:<\/strong> Ideal para mayoristas y tiendas de vapeo<\/li>\n<\/ul>\n<p>El <strong>Bang King Twins 50000 Puffs<\/strong> es la mejor opci\u00f3n para tiendas de vapeo y distribuidores mayoristas que buscan ofrecer un producto de alta calidad y larga duraci\u00f3n. Con su doble sabor, bater\u00eda recargable, y la tecnolog\u00eda de bobina de malla, est\u00e1 dise\u00f1ado para vapers pesados y cazadores de sabor por igual. Abast\u00e9cete ahora y ofrece a tus clientes una experiencia de vapeo premium que les encantar\u00e1.<\/p>\n<p><img decoding=\"async\" class=\"alignnone wp-image-35622 size-full\" src=\"https:\/\/volovape.com\/wp-content\/uploads\/2025\/08\/Bang-King-Twins-50000-flavor-chart.avif\" alt=\"\" title=\"\"><\/p>\n<p><img data-recalc-dims=\"1\" loading=\"lazy\" decoding=\"async\" class=\"alignnone wp-image-35632 size-full\" src=\"https:\/\/i0.wp.com\/volovape.com\/wp-content\/uploads\/2025\/08\/imgi_2_Bang_King_Twins_50K_11.webp?resize=800%2C800&#038;ssl=1\" alt=\"\" width=\"800\" height=\"800\" title=\"\" srcset=\"https:\/\/i0.wp.com\/volovape.com\/wp-content\/uploads\/2025\/08\/imgi_2_Bang_King_Twins_50K_11.webp?w=800&amp;ssl=1 800w, https:\/\/i0.wp.com\/volovape.com\/wp-content\/uploads\/2025\/08\/imgi_2_Bang_King_Twins_50K_11.webp?resize=300%2C300&amp;ssl=1 300w, https:\/\/i0.wp.com\/volovape.com\/wp-content\/uploads\/2025\/08\/imgi_2_Bang_King_Twins_50K_11.webp?resize=150%2C150&amp;ssl=1 150w, https:\/\/i0.wp.com\/volovape.com\/wp-content\/uploads\/2025\/08\/imgi_2_Bang_King_Twins_50K_11.webp?resize=768%2C768&amp;ssl=1 768w, https:\/\/i0.wp.com\/volovape.com\/wp-content\/uploads\/2025\/08\/imgi_2_Bang_King_Twins_50K_11.webp?resize=12%2C12&amp;ssl=1 12w, https:\/\/i0.wp.com\/volovape.com\/wp-content\/uploads\/2025\/08\/imgi_2_Bang_King_Twins_50K_11.webp?resize=510%2C510&amp;ssl=1 510w, https:\/\/i0.wp.com\/volovape.com\/wp-content\/uploads\/2025\/08\/imgi_2_Bang_King_Twins_50K_11.webp?resize=100%2C100&amp;ssl=1 100w, https:\/\/i0.wp.com\/volovape.com\/wp-content\/uploads\/2025\/08\/imgi_2_Bang_King_Twins_50K_11.webp?resize=50%2C50&amp;ssl=1 50w\" sizes=\"auto, (max-width: 800px) 100vw, 800px\" \/><\/p>","protected":false},"excerpt":{"rendered":"<p>Descubre el Bang King Twins 50000 Puffs vape desechable con sabores duales, bobinas de malla, 56mL e-l\u00edquido, y una bater\u00eda recargable de tipo C. \u00a1Perfecto para los entusiastas de los sabores y los compradores al por mayor!<\/p>","protected":false},"featured_media":35672,"comment_status":"open","ping_status":"closed","template":"","meta":[],"product_brand":[227],"product_cat":[61,230],"product_tag":[],"class_list":{"0":"post-35613","1":"product","2":"type-product","3":"status-publish","4":"has-post-thumbnail","6":"product_brand-bang","7":"product_cat-bang","8":"product_cat-new","10":"first","11":"instock","12":"shipping-taxable","13":"purchasable","14":"product-type-variable","15":"has-default-attributes"},"jetpack_sharing_enabled":true,"tiered_pricing_type":"fixed","tiered_pricing_fixed_rules":{"30":7.29999999999999982236431605997495353221893310546875,"50":6.0999999999999996447286321199499070644378662109375,"100":5.4000000000000003552713678800500929355621337890625,"200":4.9900000000000002131628207280300557613372802734375,"400":4.37999999999999989341858963598497211933135986328125},"tiered_pricing_product_settings":{"layout":"default","base_unit_name":{"singular":null,"plural":null},"default_variation":null},"tiered_pricing_minimum_quantity":10,"tiered_pricing_roles_data":[],"tiered_pricing_percentage_rules":[],"tiered_pricing_maximum_quantity":null,"tiered_pricing_quantity_step":"10","_links":{"self":[{"href":"https:\/\/volovape.com\/es\/wp-json\/wp\/v2\/product\/35613","targetHints":{"allow":["GET"]}}],"collection":[{"href":"https:\/\/volovape.com\/es\/wp-json\/wp\/v2\/product"}],"about":[{"href":"https:\/\/volovape.com\/es\/wp-json\/wp\/v2\/types\/product"}],"replies":[{"embeddable":true,"href":"https:\/\/volovape.com\/es\/wp-json\/wp\/v2\/comments?post=35613"}],"wp:featuredmedia":[{"embeddable":true,"href":"https:\/\/volovape.com\/es\/wp-json\/wp\/v2\/media\/35672"}],"wp:attachment":[{"href":"https:\/\/volovape.com\/es\/wp-json\/wp\/v2\/media?parent=35613"}],"wp:term":[{"taxonomy":"product_brand","embeddable":true,"href":"https:\/\/volovape.com\/es\/wp-json\/wp\/v2\/product_brand?post=35613"},{"taxonomy":"product_cat","embeddable":true,"href":"https:\/\/volovape.com\/es\/wp-json\/wp\/v2\/product_cat?post=35613"},{"taxonomy":"product_tag","embeddable":true,"href":"https:\/\/volovape.com\/es\/wp-json\/wp\/v2\/product_tag?post=35613"}],"curies":[{"name":"Gracias","href":"https:\/\/api.w.org\/{rel}","templated":true}]}}