{"id":34425,"date":"2025-07-27T04:55:40","date_gmt":"2025-07-27T04:55:40","guid":{"rendered":"https:\/\/volovape.com\/?post_type=product&#038;p=34425"},"modified":"2025-10-16T07:29:52","modified_gmt":"2025-10-16T07:29:52","slug":"bang-de-60k","status":"publish","type":"product","link":"https:\/\/volovape.com\/es\/product\/bang-de-60k\/","title":{"rendered":"Bang DE 60K | interruptor de sabor 3 en 1 60000 bocanadas vape desechable al por mayor"},"content":{"rendered":"<h3>\u00bfPor qu\u00e9 elegir Bang DE 60K?<\/h3>\n<ul>\n<li>\ud83c\udf00 <strong>Modo de sabor 3 en 1<\/strong> - Cambia entre la C\u00e1mara A, B o un modo combinado con un solo dispositivo.<\/li>\n<li>\ud83d\udd25 <strong>60.000 Puff Capacidad<\/strong> - Construido para una satisfacci\u00f3n duradera.<\/li>\n<li>\ud83d\udd0b <strong>Bater\u00eda recargable de 850 mAh<\/strong> - Compatible con carga r\u00e1pida Type-C.<\/li>\n<li>\ud83e\udde0 <strong>Indicador inteligente de potencia y aceite<\/strong> - No vuelva a adivinar su nivel de carga o de e-l\u00edquido.<\/li>\n<li>\ud83e\ude84 <strong>Tecnolog\u00eda de doble bobina<\/strong> - Suave y rico sabor en cada calada.<\/li>\n<li>\ud83d\udce6 <strong>Perfecto para grandes vol\u00famenes<\/strong> - Dise\u00f1ado pensando en revendedores y mayoristas.<\/li>\n<li>\ud83c\udfaf <strong>M\u00faltiples concentraciones de nicotina<\/strong> - Desde sin nicotina hasta 5%, todos los usuarios est\u00e1n cubiertos.<\/li>\n<\/ul>\n<p>Tanto si eres un usuario intensivo que busca un vape diario fiable como si eres una tienda de vapeo que busca productos premium de alto margen, el <strong>Bang DE 60K<\/strong> cumple en todos los frentes. Con caracter\u00edsticas de vanguardia, opciones de sabor premium y una pantalla elegante, es una obviedad tanto para clientes minoristas como mayoristas. \ud83d\udcbc\ud83d\udca8<\/p>\n<h2>\ud83d\ude80 Triple Sabor. Doble Bobina. Un dispositivo \u00e9pico - \u00a1Conoce el Bang DE 60K!<\/h2>\n<p>Lleva tu juego de vapeo al siguiente nivel con el <strong>Bang DE 60K<\/strong> - un potente desechable dise\u00f1ado para los amantes de las caladas y los minoristas expertos. Con hasta <strong>60.000 caladas<\/strong>, <strong>Cambio de sabor 3 en 1<\/strong>y los indicadores inteligentes para el aceite y la bater\u00eda, este dispositivo es una bestia en rendimiento y una belleza en dise\u00f1o. Tanto si eres un cazador de sabores como si est\u00e1s abasteciendo tus estanter\u00edas, este es el dispositivo que sigue dando. \ud83d\udd04\ud83d\udd25<\/p>\n<h3>Especificaciones<\/h3>\n<table>\n<tbody>\n<tr>\n<td><strong>Capacidad de calada<\/strong><\/td>\n<td>Hasta 60.000 bocanadas<\/td>\n<\/tr>\n<tr>\n<td><strong>Capacidad de e-l\u00edquido<\/strong><\/td>\n<td>No especificado<\/td>\n<\/tr>\n<tr>\n<td><strong>Bater\u00eda<\/strong><\/td>\n<td>850mAh Recargable (Tipo-C)<\/td>\n<\/tr>\n<tr>\n<td><strong>Tipo de bobina<\/strong><\/td>\n<td>Bobina doble<\/td>\n<\/tr>\n<tr>\n<td><strong>Opciones de nicotina<\/strong><\/td>\n<td>0%, 2%, 3%, 5%<\/td>\n<\/tr>\n<tr>\n<td><strong>Mostrar<\/strong><\/td>\n<td>Indicador inteligente de potencia y aceite<\/td>\n<\/tr>\n<tr>\n<td><strong>Dise\u00f1o<\/strong><\/td>\n<td>Elegante carcasa con pantalla LED<\/td>\n<\/tr>\n<\/tbody>\n<\/table>\n<h3>Combinaciones de sabores<\/h3>\n<table>\n<tbody>\n<tr>\n<th>C\u00e1mara A<\/th>\n<th>C\u00e1mara B<\/th>\n<\/tr>\n<tr>\n<td>Helado de sand\u00eda<\/td>\n<td>Ar\u00e1ndano y menta<\/td>\n<\/tr>\n<tr>\n<td>Helado de sand\u00eda<\/td>\n<td>Ar\u00e1ndano Cereza<\/td>\n<\/tr>\n<tr>\n<td>Helado de ar\u00e1ndanos<\/td>\n<td>Melocot\u00f3n Mango Sand\u00eda<\/td>\n<\/tr>\n<tr>\n<td>Helado de ar\u00e1ndanos<\/td>\n<td>Helado de melocot\u00f3n<\/td>\n<\/tr>\n<tr>\n<td>Ar\u00e1ndano Frambuesa<\/td>\n<td>Bayas mixtas<\/td>\n<\/tr>\n<tr>\n<td>Ar\u00e1ndano Frambuesa<\/td>\n<td>Hielo de uva<\/td>\n<\/tr>\n<tr>\n<td>Toro rojo<\/td>\n<td>Fresa y pl\u00e1tano<\/td>\n<\/tr>\n<tr>\n<td>Toro rojo<\/td>\n<td>Sand\u00eda y ar\u00e1ndanos<\/td>\n<\/tr>\n<tr>\n<td>Mango y fresa<\/td>\n<td>Chicle de sand\u00eda<\/td>\n<\/tr>\n<tr>\n<td>Mango y fresa<\/td>\n<td>Kiwi fresa<\/td>\n<\/tr>\n<tr>\n<td>Fresa Sand\u00eda<\/td>\n<td>Drag\u00f3n Negro Hielo<\/td>\n<\/tr>\n<tr>\n<td>Fresa Sand\u00eda<\/td>\n<td>Kiwi Maracuy\u00e1 Guayaba<\/td>\n<\/tr>\n<\/tbody>\n<\/table>\n<h2>Preguntas frecuentes sobre Bang DE 60K 3-en-1 Vape desechable<\/h2>\n<p><strong>P1: \u00bfC\u00f3mo se utiliza? \u00bfHay alg\u00fan bot\u00f3n?<\/strong><br \/>\nR: \u00a1No necesita botones! Es <strong>Activado por sorteo<\/strong>As\u00ed que inhala y vapea.<\/p>\n<p><strong>P2: \u00bfQu\u00e9 significa \"3 en 1\"?<\/strong><br \/>\nR: Significa que el dispositivo tiene <strong>tres opciones de sabor<\/strong>: Sabor A, Sabor B y una combinaci\u00f3n de ambos. Puedes cambiar f\u00e1cilmente entre ellos en cualquier momento.<\/p>\n<p><strong>P3: \u00bfC\u00f3mo cambio de un sabor a otro?<\/strong><br \/>\nR: S\u00f3lo tiene que utilizar el <strong>cambio de sabor<\/strong> para elegir Sabor A, Sabor B, o ambos mezclados.<\/p>\n<p><strong>P4: \u00bfPuedo recargarlo?<\/strong><br \/>\nR: \u00a1S\u00ed! Tiene un <strong>Bater\u00eda de 850 mAh<\/strong> y un <strong>Puerto de carga tipo C<\/strong> para una carga r\u00e1pida y sencilla.<\/p>\n<p><strong>P5: \u00bfC\u00f3mo puedo comprobar la bater\u00eda o el n\u00famero de caladas?<\/strong><br \/>\nR: El inteligente <strong>Pantalla LED<\/strong> muestra el nivel de bater\u00eda y cu\u00e1ntas caladas has dado.<\/p>\n<p><strong>P6: \u00bfCu\u00e1ntas caladas da el Bang DE 60K?<\/strong><br \/>\nR: Puede disfrutar de hasta <strong>60.000 caladas<\/strong> total. Puede elegir sabores de la C\u00e1mara A, de la C\u00e1mara B o mezclar ambos para obtener un sabor combinado.<\/p>\n<p><strong>P7: \u00bfCu\u00e1nto e-l\u00edquido hay dentro?<\/strong><br \/>\nR: Sostiene <strong>60 ml<\/strong> de e-l\u00edquido en total, repartido entre dos c\u00e1maras de sabor.<\/p>\n<p><strong>P8: \u00bfContiene nicotina?<\/strong><br \/>\nR: S\u00ed. Puede elegir entre <strong>0%, 2%, 3% o 5% nicotina<\/strong>dependiendo de lo que prefiera.<\/p>\n<p><strong>P9: \u00bfQu\u00e9 tipo de bobina hay en el interior?<\/strong><br \/>\nR: Utiliza un <strong>bobina de malla de alta calidad<\/strong> para unos golpes m\u00e1s suaves y un sabor pleno en cada calada.<\/p>\n<p><strong>Q10: \u00bfPuedo rellenarlo con m\u00e1s e-l\u00edquido?<\/strong><br \/>\nR: No, se trata de un <strong>vape desechable<\/strong>. Una vez que el e-l\u00edquido se agota, s\u00f3lo tiene que sustituir todo el dispositivo.<\/p>","protected":false},"excerpt":{"rendered":"<p>Compra el vaporizador desechable Bang DE 60K con tecnolog\u00eda de sabor 3 en 1, 60.000 caladas e indicadores inteligentes, perfecto para la venta al por mayor.<\/p>","protected":false},"featured_media":34455,"comment_status":"open","ping_status":"closed","template":"","meta":[],"product_brand":[227],"product_cat":[61],"product_tag":[],"class_list":{"0":"post-34425","1":"product","2":"type-product","3":"status-publish","4":"has-post-thumbnail","6":"product_brand-bang","7":"product_cat-bang","9":"first","10":"instock","11":"shipping-taxable","12":"purchasable","13":"product-type-variable","14":"has-default-attributes"},"jetpack_sharing_enabled":true,"tiered_pricing_type":"fixed","tiered_pricing_fixed_rules":{"2000":4.5},"tiered_pricing_product_settings":{"layout":"default","base_unit_name":{"singular":null,"plural":null},"default_variation":null},"tiered_pricing_minimum_quantity":1000,"tiered_pricing_roles_data":[],"tiered_pricing_percentage_rules":[],"tiered_pricing_maximum_quantity":null,"tiered_pricing_quantity_step":"10","_links":{"self":[{"href":"https:\/\/volovape.com\/es\/wp-json\/wp\/v2\/product\/34425","targetHints":{"allow":["GET"]}}],"collection":[{"href":"https:\/\/volovape.com\/es\/wp-json\/wp\/v2\/product"}],"about":[{"href":"https:\/\/volovape.com\/es\/wp-json\/wp\/v2\/types\/product"}],"replies":[{"embeddable":true,"href":"https:\/\/volovape.com\/es\/wp-json\/wp\/v2\/comments?post=34425"}],"wp:featuredmedia":[{"embeddable":true,"href":"https:\/\/volovape.com\/es\/wp-json\/wp\/v2\/media\/34455"}],"wp:attachment":[{"href":"https:\/\/volovape.com\/es\/wp-json\/wp\/v2\/media?parent=34425"}],"wp:term":[{"taxonomy":"product_brand","embeddable":true,"href":"https:\/\/volovape.com\/es\/wp-json\/wp\/v2\/product_brand?post=34425"},{"taxonomy":"product_cat","embeddable":true,"href":"https:\/\/volovape.com\/es\/wp-json\/wp\/v2\/product_cat?post=34425"},{"taxonomy":"product_tag","embeddable":true,"href":"https:\/\/volovape.com\/es\/wp-json\/wp\/v2\/product_tag?post=34425"}],"curies":[{"name":"Gracias","href":"https:\/\/api.w.org\/{rel}","templated":true}]}}