{"id":34356,"date":"2025-07-27T04:21:56","date_gmt":"2025-07-27T04:21:56","guid":{"rendered":"https:\/\/volovape.com\/?post_type=product&#038;p=34356"},"modified":"2025-10-16T07:27:33","modified_gmt":"2025-10-16T07:27:33","slug":"bang-de-80000","status":"publish","type":"product","link":"https:\/\/volovape.com\/es\/product\/bang-de-80000\/","title":{"rendered":"Bang DE 80K Triple Sabor 80000 Puffs | sabor ajustable vape desechable con LCD y bobinas de triple malla"},"content":{"rendered":"<h3>\u2705 \u00bfPor qu\u00e9 elegir Bang DE 80000?<\/h3>\n<ul>\n<li>\ud83c\udf00 <strong>Sistema de triple sabor<\/strong> te permite cambiar de sabor en cualquier momento para disfrutar sin parar<\/li>\n<li>\ud83d\udca8 <strong>Capacidad masiva de 80000 bocanadas<\/strong> - perfecto para un uso prolongado<\/li>\n<li>\ud83d\udd0b <strong>Bater\u00eda recargable de 650 mAh<\/strong> con carga r\u00e1pida Type-C<\/li>\n<li>\ud83d\udc40 <strong>Pantalla LCD inteligente<\/strong> muestra los niveles de e-l\u00edquido y bater\u00eda en tiempo real<\/li>\n<li>\ud83d\udd25 <strong>Triple 1.0\u03a9 bobinas de malla<\/strong> para un sabor y una producci\u00f3n de vapor ultrasuaves<\/li>\n<li>\ud83d\udcbc <strong>Envases listos para la venta al por mayor<\/strong> - 10 unidades por paquete<\/li>\n<li>\ud83c\udf08 <strong>12 combinaciones de sabores<\/strong> para una variedad inigualable<\/li>\n<\/ul>\n<p>Tanto si es un fan\u00e1tico de los sabores, un gran aficionado o el propietario de una tienda que busca el inventario m\u00e1s vendido, el <strong>Bang DE 80000<\/strong> est\u00e1 hecho para la satisfacci\u00f3n seria. Con su configuraci\u00f3n de triple sabor, su dise\u00f1o audaz y su ingenier\u00eda de alto rendimiento, es el vapeador desechable definitivo tanto para profesionales como para amantes de las caladas. \ud83d\udca5<\/p>\n<h2>\ud83d\udd25 Conoce el Bang DE 80000 - \u00a1La bestia del sabor de los vapes desechables! \ud83d\udd25<\/h2>\n<p>\ud83d\ude80 Saluda a <strong>Bang DE 80000<\/strong> - el \u00faltimo vape desechable 3 en 1 dise\u00f1ado para aquellos que lo quieren todo. Repleto de <strong>3 sabores ajustables<\/strong>la friolera de <strong>Capacidad para 80000 soplidos<\/strong>y un cristalino <strong>Pantalla LCD<\/strong> para mantenerte al d\u00eda, este dispositivo cambia las reglas del juego para los vapeadores serios. Ya sea que est\u00e9s persiguiendo nubes o persiguiendo sabor, el Bang DE te tiene cubierto. \ud83c\udf2c\ufe0f\ud83c\udf53\ud83c\udf49<\/p>\n<h3>Especificaciones<\/h3>\n<table>\n<tbody>\n<tr>\n<td><strong>Capacidad de calada<\/strong><\/td>\n<td>Hasta 80000 bocanadas<\/td>\n<\/tr>\n<tr>\n<td><strong>Capacidad de e-l\u00edquido<\/strong><\/td>\n<td>20mL \u00d7 3 (Total 60mL)<\/td>\n<\/tr>\n<tr>\n<td><strong>Bater\u00eda<\/strong><\/td>\n<td>650mAh Recargable (Tipo-C)<\/td>\n<\/tr>\n<tr>\n<td><strong>Tipo de bobina<\/strong><\/td>\n<td>Malla triple 1,0\u03a9 \u00d7 3<\/td>\n<\/tr>\n<tr>\n<td><strong>Opciones de nicotina<\/strong><\/td>\n<td>2%, 3%, 5%<\/td>\n<\/tr>\n<tr>\n<td><strong>Mostrar<\/strong><\/td>\n<td>Pantalla LCD<\/td>\n<\/tr>\n<tr>\n<td><strong>Embalaje<\/strong><\/td>\n<td>10 unidades\/paquete<\/td>\n<\/tr>\n<\/tbody>\n<\/table>\n<h3>\ud83c\udfaf Combinaciones de sabores<\/h3>\n<table>\n<tbody>\n<tr>\n<th>C\u00e1mara A<\/th>\n<th>C\u00e1mara B<\/th>\n<th>C\u00e1mara C<\/th>\n<\/tr>\n<tr>\n<td>Helado de sand\u00eda<\/td>\n<td>Toro rojo<\/td>\n<td>Kiwi fresa<\/td>\n<\/tr>\n<tr>\n<td>Helado de ar\u00e1ndanos<\/td>\n<td>Fresa Sand\u00eda<\/td>\n<td>Lima lim\u00f3n<\/td>\n<\/tr>\n<tr>\n<td>Sand\u00eda y ar\u00e1ndanos<\/td>\n<td>Kiwi Maracuy\u00e1 Guayaba<\/td>\n<td>Chicle de sand\u00eda<\/td>\n<\/tr>\n<tr>\n<td>Drag\u00f3n Negro Hielo<\/td>\n<td>Pi\u00f1a y mango agrio<\/td>\n<td>Toro rojo<\/td>\n<\/tr>\n<tr>\n<td>Fresa Sand\u00eda<\/td>\n<td>Bayas mixtas<\/td>\n<td>Lim\u00f3n melocot\u00f3n<\/td>\n<\/tr>\n<tr>\n<td>Blueberry Razz<\/td>\n<td>Fresa y pl\u00e1tano<\/td>\n<td>Pi\u00f1a Coco<\/td>\n<\/tr>\n<tr>\n<td>Helado de ar\u00e1ndanos<\/td>\n<td>Mel\u00f3n triple<\/td>\n<td>Manzana Uva<\/td>\n<\/tr>\n<tr>\n<td>Sand\u00eda Fruta del drag\u00f3n<\/td>\n<td>Mango Melocot\u00f3n<\/td>\n<td>Kiwi fresa<\/td>\n<\/tr>\n<tr>\n<td>Ar\u00e1ndano Frambuesa<\/td>\n<td>Coca-Cola de fresa y vainilla<\/td>\n<td>Bayas mixtas<\/td>\n<\/tr>\n<tr>\n<td>Helado de sand\u00eda<\/td>\n<td>Helado de fresa<\/td>\n<td>Kiwi Maracuy\u00e1 Guayaba<\/td>\n<\/tr>\n<tr>\n<td>Blueberry Razz<\/td>\n<td>Drag\u00f3n Negro Hielo<\/td>\n<td>Hielo de cereza efervescente<\/td>\n<\/tr>\n<tr>\n<td>Helado de cola y cereza<\/td>\n<td>Sand\u00eda y ar\u00e1ndanos<\/td>\n<td>Mango y fresa<\/td>\n<\/tr>\n<\/tbody>\n<\/table>","protected":false},"excerpt":{"rendered":"<p>Bang DE 80000 Puffs Vape desechable cuenta con 3 sabores ajustables, 60mL e-l\u00edquido, pantalla LCD, y bobinas de malla triple para la m\u00e1xima satisfacci\u00f3n.<\/p>","protected":false},"featured_media":34366,"comment_status":"open","ping_status":"closed","template":"","meta":[],"product_brand":[227],"product_cat":[230,61],"product_tag":[],"class_list":{"0":"post-34356","1":"product","2":"type-product","3":"status-publish","4":"has-post-thumbnail","6":"product_brand-bang","7":"product_cat-new","8":"product_cat-bang","10":"first","11":"instock","12":"shipping-taxable","13":"purchasable","14":"product-type-variable","15":"has-default-attributes"},"jetpack_sharing_enabled":true,"tiered_pricing_type":"fixed","tiered_pricing_fixed_rules":{"2000":4.9000000000000003552713678800500929355621337890625},"tiered_pricing_product_settings":{"layout":"default","base_unit_name":{"singular":null,"plural":null},"default_variation":null},"tiered_pricing_minimum_quantity":1000,"tiered_pricing_roles_data":[],"tiered_pricing_percentage_rules":[],"tiered_pricing_maximum_quantity":null,"tiered_pricing_quantity_step":"10","_links":{"self":[{"href":"https:\/\/volovape.com\/es\/wp-json\/wp\/v2\/product\/34356","targetHints":{"allow":["GET"]}}],"collection":[{"href":"https:\/\/volovape.com\/es\/wp-json\/wp\/v2\/product"}],"about":[{"href":"https:\/\/volovape.com\/es\/wp-json\/wp\/v2\/types\/product"}],"replies":[{"embeddable":true,"href":"https:\/\/volovape.com\/es\/wp-json\/wp\/v2\/comments?post=34356"}],"wp:featuredmedia":[{"embeddable":true,"href":"https:\/\/volovape.com\/es\/wp-json\/wp\/v2\/media\/34366"}],"wp:attachment":[{"href":"https:\/\/volovape.com\/es\/wp-json\/wp\/v2\/media?parent=34356"}],"wp:term":[{"taxonomy":"product_brand","embeddable":true,"href":"https:\/\/volovape.com\/es\/wp-json\/wp\/v2\/product_brand?post=34356"},{"taxonomy":"product_cat","embeddable":true,"href":"https:\/\/volovape.com\/es\/wp-json\/wp\/v2\/product_cat?post=34356"},{"taxonomy":"product_tag","embeddable":true,"href":"https:\/\/volovape.com\/es\/wp-json\/wp\/v2\/product_tag?post=34356"}],"curies":[{"name":"Gracias","href":"https:\/\/api.w.org\/{rel}","templated":true}]}}