{"id":31959,"date":"2025-07-02T03:28:59","date_gmt":"2025-07-02T03:28:59","guid":{"rendered":"https:\/\/volovape.com\/?post_type=product&#038;p=31959"},"modified":"2025-08-30T09:26:48","modified_gmt":"2025-08-30T09:26:48","slug":"vozol-rave-40000-puffs","status":"publish","type":"product","link":"https:\/\/volovape.com\/es\/product\/vozol-rave-40000-puffs\/","title":{"rendered":"Vozol Rave 40000 Puffs | doble sabor modo dual vape desechable al por mayor"},"content":{"rendered":"<p>\ud83d\udd25 <strong>Vozol Rave 40000 Vape desechable<\/strong> \ud83d\udd25 Experimenta lo \u00faltimo en vapeo con el Vozol Rave 40000. Disfruta de un asombroso <strong>40.000 bocanadas<\/strong>, <strong>c\u00e1maras de doble sabor<\/strong>y <strong>bobina de malla doble<\/strong> para un sabor intenso y puro. Con <strong>Carga r\u00e1pida tipo C<\/strong> (80% en 20 minutos) y deslumbrante <strong>luces LED reactivas a la m\u00fasica<\/strong>tu experiencia de vapeo acaba de mejorar. Personaliza tu vapeo con <strong>flujo de aire ajustable<\/strong> y <strong>modos de potencia dual<\/strong>. Perfecto para venta al por mayor o uso personal. \ud83d\ude80<\/p>\n<h3>Especificaciones:<\/h3>\n<ul>\n<li><strong>Conteo de bocanadas:<\/strong> Hasta 40.000 bocanadas<\/li>\n<li><strong>Bobina:<\/strong> Bobina de malla doble<\/li>\n<li><strong>Cargando:<\/strong> Carga r\u00e1pida Tipo-C (80% en 20 minutos)<\/li>\n<li><strong>Caracter\u00edsticas:<\/strong> C\u00e1maras de sabor duales, luces LED reactivas a la m\u00fasica, flujo de aire ajustable, modos de alimentaci\u00f3n duales<\/li>\n<\/ul>\n<h3>\ud83c\udf53 Lista de sabores:<\/h3>\n<p>\u00a1Explore 20 deliciosas combinaciones de sabores! (<em>Nota: La lista de sabores espec\u00edficos ir\u00eda aqu\u00ed, por ejemplo, Fresa Kiwi, Limonada Blue Razz, etc.<\/em>) \ud83c\udf47\ud83c\udf4d\ud83e\udd6d<\/p>","protected":false},"excerpt":{"rendered":"<p>Ilumina tu experiencia de vapeo con el <strong>Vozol Rave 40000<\/strong> - una m\u00e1quina compacta dise\u00f1ada tanto para los amantes del sabor como para los profesionales.<\/p>","protected":false},"featured_media":32269,"comment_status":"open","ping_status":"closed","template":"","meta":[],"product_brand":[241],"product_cat":[230,228],"product_tag":[],"class_list":{"0":"post-31959","1":"product","2":"type-product","3":"status-publish","4":"has-post-thumbnail","6":"product_brand-vozol","7":"product_cat-new","8":"product_cat-vozol","10":"first","11":"instock","12":"shipping-taxable","13":"purchasable","14":"product-type-variable","15":"has-default-attributes"},"jetpack_sharing_enabled":true,"tiered_pricing_type":"fixed","tiered_pricing_fixed_rules":{"2000":7.0999999999999996447286321199499070644378662109375},"tiered_pricing_product_settings":{"layout":"default","base_unit_name":{"singular":null,"plural":null},"default_variation":null},"tiered_pricing_minimum_quantity":1000,"tiered_pricing_roles_data":[],"tiered_pricing_percentage_rules":[],"tiered_pricing_maximum_quantity":null,"tiered_pricing_quantity_step":"10","_links":{"self":[{"href":"https:\/\/volovape.com\/es\/wp-json\/wp\/v2\/product\/31959","targetHints":{"allow":["GET"]}}],"collection":[{"href":"https:\/\/volovape.com\/es\/wp-json\/wp\/v2\/product"}],"about":[{"href":"https:\/\/volovape.com\/es\/wp-json\/wp\/v2\/types\/product"}],"replies":[{"embeddable":true,"href":"https:\/\/volovape.com\/es\/wp-json\/wp\/v2\/comments?post=31959"}],"wp:featuredmedia":[{"embeddable":true,"href":"https:\/\/volovape.com\/es\/wp-json\/wp\/v2\/media\/32269"}],"wp:attachment":[{"href":"https:\/\/volovape.com\/es\/wp-json\/wp\/v2\/media?parent=31959"}],"wp:term":[{"taxonomy":"product_brand","embeddable":true,"href":"https:\/\/volovape.com\/es\/wp-json\/wp\/v2\/product_brand?post=31959"},{"taxonomy":"product_cat","embeddable":true,"href":"https:\/\/volovape.com\/es\/wp-json\/wp\/v2\/product_cat?post=31959"},{"taxonomy":"product_tag","embeddable":true,"href":"https:\/\/volovape.com\/es\/wp-json\/wp\/v2\/product_tag?post=31959"}],"curies":[{"name":"Gracias","href":"https:\/\/api.w.org\/{rel}","templated":true}]}}