{"id":31957,"date":"2025-07-02T03:28:59","date_gmt":"2025-07-02T03:28:59","guid":{"rendered":"https:\/\/volovape.com\/?post_type=product&#038;p=31957"},"modified":"2025-11-19T01:46:56","modified_gmt":"2025-11-19T01:46:56","slug":"mrvi-creciendo-60k","status":"publish","type":"product","link":"https:\/\/volovape.com\/es\/product\/mrvi-growing-60k\/","title":{"rendered":"MRVI GROWING 60K 3T SPIN 60000 Puffs | vape desechable triple sabor al por mayor"},"content":{"rendered":"<h2>MRVI Growing 60K Spin | Triple Sabor Vape Desechable<\/h2>\n<h3>Por qu\u00e9 elegir el MRVI Crecimiento de 60K de giro? \u2728<\/h3>\n<p>Experimenta lo \u00faltimo en comodidad y sabor con el <strong>MRVI Crecimiento 60K Spin<\/strong> \u00a1vape desechable! Disfruta de hasta <strong>60.000 bocanadas suaves<\/strong> gracias a su innovador interruptor de triple sabor, que garantiza que tus papilas gustativas est\u00e9n siempre entretenidas. Perfecto para usuarios intensivos, entusiastas del sabor y propietarios de tiendas de vapeo que buscan un producto al por mayor de gran venta.<\/p>\n<ul>\n<li>\ud83d\udd25 <strong>Triple rotaci\u00f3n de sabores:<\/strong> \u00a1Cambia entre 3 excitantes sabores a la carta!<\/li>\n<li>\ud83d\udca8 <strong>Capacidad masiva de e-l\u00edquido de 48mL:<\/strong> M\u00e1s caladas, menos recargas, puro disfrute.<\/li>\n<li>\u26a1 <strong>Carga r\u00e1pida:<\/strong> Equipado con una bater\u00eda recargable de 650mAh y puerto Type-C.<\/li>\n<li>\ud83d\udda5\ufe0f <strong>Pantalla inteligente:<\/strong> Controla f\u00e1cilmente los niveles de bater\u00eda y e-l\u00edquido.<\/li>\n<li>\ud83d\udc8e <strong>Dise\u00f1o premium:<\/strong> Est\u00e9tica cristalina dise\u00f1ada para impresionar.<\/li>\n<\/ul>\n<h3>Especificaciones del producto \ud83d\udccb<\/h3>\n<ul>\n<li><strong>Conteo de bocanadas:<\/strong> Hasta 60.000 caladas<\/li>\n<li><strong>Capacidad de e-l\u00edquido:<\/strong> 48 ml<\/li>\n<li><strong>Bater\u00eda:<\/strong> 650mAh (Recargable)<\/li>\n<li><strong>Puerto de carga:<\/strong> Tipo-C<\/li>\n<li><strong>Caracter\u00edsticas:<\/strong> Conmutador de triple sabor, Pantalla inteligente<\/li>\n<\/ul>\n<h3>Emocionante lista de sabores \ud83c\udf53\ud83c\udf6c\u2744\ufe0f<\/h3>\n<p>Explora una din\u00e1mica gama de sabores que mantienen cada calada fresca y excitante:<\/p>\n<ul>\n<li>Hielo de sand\u00eda \ud83c\udf49\u2744\ufe0f<\/li>\n<li>Osito de goma \ud83d\udc3b\ud83c\udf6d<\/li>\n<li>Caramelo de cereza helado \ud83c\udf52\ud83c\udf6c\u2744\ufe0f<\/li>\n<li>...\u00a1y muchos m\u00e1s! (La lista de sabores espec\u00edficos puede ampliarse aqu\u00ed si est\u00e1 disponible)<\/li>\n<\/ul>","protected":false},"excerpt":{"rendered":"<p><strong>Libere la libertad del triple sabor con el MRVI Growing 60K Spin.<\/strong> Dise\u00f1ado para los vapeadores que quieren m\u00e1s: m\u00e1s caladas, m\u00e1s sabores, m\u00e1s satisfacci\u00f3n.<\/p>","protected":false},"featured_media":32246,"comment_status":"open","ping_status":"closed","template":"","meta":[],"product_brand":[240],"product_cat":[55,230],"product_tag":[],"class_list":{"0":"post-31957","1":"product","2":"type-product","3":"status-publish","4":"has-post-thumbnail","6":"product_brand-mrvi","7":"product_cat-mrvi","8":"product_cat-new","10":"first","11":"instock","12":"shipping-taxable","13":"purchasable","14":"product-type-variable","15":"has-default-attributes"},"jetpack_sharing_enabled":true,"tiered_pricing_type":"fixed","tiered_pricing_fixed_rules":{"100":6.910000000000000142108547152020037174224853515625,"200":6.54000000000000003552713678800500929355621337890625,"400":6.11000000000000031974423109204508364200592041015625},"tiered_pricing_product_settings":{"layout":"default","base_unit_name":{"singular":null,"plural":null},"default_variation":null},"tiered_pricing_minimum_quantity":50,"tiered_pricing_roles_data":[],"tiered_pricing_percentage_rules":[],"tiered_pricing_maximum_quantity":null,"tiered_pricing_quantity_step":"10","_links":{"self":[{"href":"https:\/\/volovape.com\/es\/wp-json\/wp\/v2\/product\/31957","targetHints":{"allow":["GET"]}}],"collection":[{"href":"https:\/\/volovape.com\/es\/wp-json\/wp\/v2\/product"}],"about":[{"href":"https:\/\/volovape.com\/es\/wp-json\/wp\/v2\/types\/product"}],"replies":[{"embeddable":true,"href":"https:\/\/volovape.com\/es\/wp-json\/wp\/v2\/comments?post=31957"}],"wp:featuredmedia":[{"embeddable":true,"href":"https:\/\/volovape.com\/es\/wp-json\/wp\/v2\/media\/32246"}],"wp:attachment":[{"href":"https:\/\/volovape.com\/es\/wp-json\/wp\/v2\/media?parent=31957"}],"wp:term":[{"taxonomy":"product_brand","embeddable":true,"href":"https:\/\/volovape.com\/es\/wp-json\/wp\/v2\/product_brand?post=31957"},{"taxonomy":"product_cat","embeddable":true,"href":"https:\/\/volovape.com\/es\/wp-json\/wp\/v2\/product_cat?post=31957"},{"taxonomy":"product_tag","embeddable":true,"href":"https:\/\/volovape.com\/es\/wp-json\/wp\/v2\/product_tag?post=31957"}],"curies":[{"name":"Gracias","href":"https:\/\/api.w.org\/{rel}","templated":true}]}}