{"id":31954,"date":"2025-07-02T03:28:58","date_gmt":"2025-07-02T03:28:58","guid":{"rendered":"https:\/\/volovape.com\/?post_type=product&#038;p=31954"},"modified":"2025-08-06T11:48:33","modified_gmt":"2025-08-06T11:48:33","slug":"fumot-randm-tornado-30000-bocanadas","status":"publish","type":"product","link":"https:\/\/volovape.com\/es\/product\/fumot-randm-tornado-30000-puffs\/","title":{"rendered":"Fumot RandM Tornado 30000 | luces musicales-reactivas, bobina de malla, vape desechable al por mayor"},"content":{"rendered":"<h2>Fumot RandM Tornado 30000 | Music-Reactive Vape Desechable<\/h2>\n<h3>Por qu\u00e9 elegir el Fumot RandM Tornado 30000? \ud83d\ude80<\/h3>\n<p>Mejore su experiencia de vapeo con el <strong>Fumot RandM Tornado 30000<\/strong>\u00a1! Esto no es s\u00f3lo un vape; es una fiesta en tu bolsillo. Disfruta de un asombroso <strong>30.000 bocanadas<\/strong> de rico sabor, alimentado por una capacidad masiva de e-l\u00edquido de 30mL y una avanzada bobina de malla de 1.0\u03a9 para caladas consistentemente suaves. \u00bfQu\u00e9 es lo que realmente lo distingue? Su exclusivo <strong>luces LED reactivas a la m\u00fasica<\/strong> \ud83c\udfb6 que se sincronizan con tus ritmos, \u00a1convirtiendo cada sesi\u00f3n en un vibrante espect\u00e1culo de luces! Adem\u00e1s, con una fiable bater\u00eda recargable de 600 mAh y carga Type-C, disfrutar\u00e1s sin fin con menos residuos. Perfecto para vapers que buscan rendimiento, diversi\u00f3n y comodidad. \u2728<\/p>\n<h3>Caracter\u00edsticas principales y especificaciones \ud83d\udccb<\/h3>\n<ul>\n<li><strong>Conteo de bocanadas:<\/strong> 30.000 caladas (masivas y duraderas)<\/li>\n<li><strong>Capacidad de e-l\u00edquido:<\/strong> 30 ml (precargada)<\/li>\n<li><strong>Opciones de nicotina:<\/strong> 2% y 5% (Sal Nic)<\/li>\n<li><strong>Tipo de bobina:<\/strong> Bobina de malla de 1.0\u03a9 (sabor y vapor mejorados)<\/li>\n<li><strong>Bater\u00eda:<\/strong> 600mAh Recargable (Carga Tipo-C)<\/li>\n<li><strong>Reportaje especial:<\/strong> Luces LED reactivas a la m\u00fasica (din\u00e1micas y divertidas)<\/li>\n<li><strong>Tipo de producto:<\/strong> Vape desechable (disponible al por mayor)<\/li>\n<\/ul>\n<h3>\u00a1Explora m\u00e1s de 30 sabores irresistibles! \ud83c\udf53\ud83e\udd6d\ud83e\uddca<\/h3>\n<p>Descubra su pr\u00f3ximo vape favorito de nuestra amplia selecci\u00f3n de m\u00e1s de 30 sabores. Tanto si te apetece algo afrutado, helado o dulce, \u00a1el Fumot RandM Tornado 30000 tiene un sabor para cada estado de \u00e1nimo! \ud83c\udf08<\/p>\n<p><em>Los sabores populares incluyen:<\/em><\/p>\n<ul>\n<li>Hielo Razz Azul \ud83d\udd35\u2744\ufe0f<\/li>\n<li>Melocot\u00f3n Mango Pi\u00f1a \ud83c\udf51\ud83e\udd6d\ud83c\udf4d<\/li>\n<li>Hielo exuberante \ud83c\udf49\u2744\ufe0f<\/li>\n<li>Sand\u00eda con fresas \ud83c\udf53\ud83c\udf49<\/li>\n<li>Y muchos m\u00e1s.<\/li>\n<\/ul>\n<p><strong>\u00a1Prep\u00e1rate para vivir la mejor aventura vapeando! \u00a1Consigue tu Fumot RandM Tornado 30000 hoy mismo!<\/strong> \ud83d\udd25<\/p>","protected":false},"excerpt":{"rendered":"<p>\u00a1Eleva tu experiencia de vapeo con el Fumot RandM Tornado 30000! Esto no es s\u00f3lo un vape; es una fiesta en tu bolsillo.<\/p>","protected":false},"featured_media":32209,"comment_status":"open","ping_status":"closed","template":"","meta":[],"product_brand":[237],"product_cat":[63,230,52],"product_tag":[],"class_list":{"0":"post-31954","1":"product","2":"type-product","3":"status-publish","4":"has-post-thumbnail","6":"product_brand-randm","7":"product_cat-30000-puffs-disposable-vape","8":"product_cat-new","9":"product_cat-randm","11":"first","12":"instock","13":"featured","14":"shipping-taxable","15":"purchasable","16":"product-type-variable","17":"has-default-attributes"},"jetpack_sharing_enabled":true,"tiered_pricing_type":"fixed","tiered_pricing_fixed_rules":{"2000":5.9900000000000002131628207280300557613372802734375},"tiered_pricing_product_settings":{"layout":"default","base_unit_name":{"singular":null,"plural":null},"default_variation":null},"tiered_pricing_minimum_quantity":1000,"tiered_pricing_roles_data":[],"tiered_pricing_percentage_rules":[],"tiered_pricing_maximum_quantity":null,"tiered_pricing_quantity_step":"10","_links":{"self":[{"href":"https:\/\/volovape.com\/es\/wp-json\/wp\/v2\/product\/31954","targetHints":{"allow":["GET"]}}],"collection":[{"href":"https:\/\/volovape.com\/es\/wp-json\/wp\/v2\/product"}],"about":[{"href":"https:\/\/volovape.com\/es\/wp-json\/wp\/v2\/types\/product"}],"replies":[{"embeddable":true,"href":"https:\/\/volovape.com\/es\/wp-json\/wp\/v2\/comments?post=31954"}],"wp:featuredmedia":[{"embeddable":true,"href":"https:\/\/volovape.com\/es\/wp-json\/wp\/v2\/media\/32209"}],"wp:attachment":[{"href":"https:\/\/volovape.com\/es\/wp-json\/wp\/v2\/media?parent=31954"}],"wp:term":[{"taxonomy":"product_brand","embeddable":true,"href":"https:\/\/volovape.com\/es\/wp-json\/wp\/v2\/product_brand?post=31954"},{"taxonomy":"product_cat","embeddable":true,"href":"https:\/\/volovape.com\/es\/wp-json\/wp\/v2\/product_cat?post=31954"},{"taxonomy":"product_tag","embeddable":true,"href":"https:\/\/volovape.com\/es\/wp-json\/wp\/v2\/product_tag?post=31954"}],"curies":[{"name":"Gracias","href":"https:\/\/api.w.org\/{rel}","templated":true}]}}