{"id":31953,"date":"2025-07-02T03:28:57","date_gmt":"2025-07-02T03:28:57","guid":{"rendered":"https:\/\/volovape.com\/?post_type=product&#038;p=31953"},"modified":"2026-04-14T06:13:29","modified_gmt":"2026-04-14T06:13:29","slug":"bang-leader-80k-puffs","status":"publish","type":"product","link":"https:\/\/volovape.com\/es\/product\/bang-leader-80k-puffs\/","title":{"rendered":"Bang Leader 80K Puffs | vapeador desechable a granel triple sabor dual mesh"},"content":{"rendered":"<h2>Bang Leader 80K Puffs | Triple Sabor Vape Desechable \ud83d\ude80<\/h2>\n<p>Experimente lo \u00faltimo en comodidad y variedad de vaporizaci\u00f3n con el <b>Bang L\u00edder 80K Puffs<\/b> \u00a1vape desechable! \ud83d\udca5 Disfruta de la asombrosa cantidad de 80.000 caladas y de un inteligente sistema de sabor 3 en 1 que te permite cambiar entre sabores incre\u00edbles sobre la marcha. Dise\u00f1ado para vapeadores que exigen una capacidad masiva, sabores atrevidos y una comodidad inigualable.<\/p>\n<p>Alimentado por una duradera bater\u00eda recargable de 850mAh con carga Type-C y una bobina de malla dual premium, cada calada es densa, suave y satisfactoria. Desp\u00eddete de la fatiga de sabor y mant\u00e9n tus sesiones frescas y emocionantes. \u2728<\/p>\n<h2>Caracter\u00edsticas principales:<\/h2>\n<ul>\n<li>\ud83d\udd25 <b>Hasta 80.000 Puffs:<\/b> Placer de vaporizaci\u00f3n duradero.<\/li>\n<li>\ud83d\udd04 <b>Sistema de rotaci\u00f3n de sabores 3 en 1:<\/b> Cambio de sabor instant\u00e1neo.<\/li>\n<li>\ud83c\udf2c\ufe0f <b>Bobina de malla doble:<\/b> Para una producci\u00f3n de vapor rica y suave.<\/li>\n<li>\u26a1 <b>Bater\u00eda recargable de 850mAh:<\/b> Con carga r\u00e1pida Type-C.<\/li>\n<li>\ud83e\uddea <b>Concentraciones de nicotina:<\/b> Disponible en 0%, 2%, 3%, 5%.<\/li>\n<li>\ud83d\udce6 <b>A granel:<\/b> Embalaje de 10 unidades por caja.<\/li>\n<\/ul>\n<h2>Combinaciones de sabores:<\/h2>\n<ul>\n<li>\ud83c\udf49\ud83e\uddca\ud83c\udf53\ud83e\udd6d\ud83c\udf4c Hielo de Sand\u00eda + Fresa Mango + Pl\u00e1tano<\/li>\n<li>\ud83e\uded0\ud83e\uddca\ud83c\udf53\ud83c\udf4c\ud83c\udf47 Hielo de ar\u00e1ndanos + fresa pl\u00e1tano + mezcla de bayas<\/li>\n<li>\ud83e\udd64\ud83e\uddca\ud83e\uded0\ud83c\udf53\ud83c\udf51\ud83e\udd6d Sand\u00eda Cola Ice + Ar\u00e1ndano Frambuesa + Melocot\u00f3n Mango Sand\u00eda<\/li>\n<li>\u044d\u043d\u0435\u0440\u0433\u0438\u0438 \ud83c\udf49\ud83c\udf4e\ud83c\udf50 Red Bull + Sand\u00eda Ar\u00e1ndanos + Pera Manzana<\/li>\n<li>...\u00a1y muchas m\u00e1s combinaciones emocionantes! \ud83c\udf08<\/li>\n<\/ul>\n<p>\u00bfListo para elevar tu experiencia de vapeo? El Bang Leader 80K, con su potencia de triple sabor y su gran cantidad de caladas, \u00a1ser\u00e1 tu pr\u00f3ximo vapeador! Consigue el tuyo a granel y \u00a1que siga la fiesta de sabores! \ud83c\udf89<\/p>","protected":false},"excerpt":{"rendered":"<p>\ud83d\udd25 <strong>Conoce a tu nuevo l\u00edder de sabor: \u00a1el Bang Leader 80K!<\/strong> Este potente desechable proporciona un asombroso <strong>80.000 caladas<\/strong> m\u00e1s un <em>sistema de sabor inteligente 3 en 1 que merece la pena probar.<\/em><\/p>","protected":false},"featured_media":32197,"comment_status":"open","ping_status":"closed","template":"","meta":[],"product_brand":[227],"product_cat":[231,61,230],"product_tag":[],"class_list":{"0":"post-31953","1":"product","2":"type-product","3":"status-publish","4":"has-post-thumbnail","6":"product_brand-bang","7":"product_cat-60000-puffs-disposable-vape","8":"product_cat-bang","9":"product_cat-new","11":"first","12":"instock","13":"featured","14":"shipping-taxable","15":"purchasable","16":"product-type-variable","17":"has-default-attributes"},"jetpack_sharing_enabled":true,"tiered_pricing_type":"fixed","tiered_pricing_fixed_rules":{"30":7.37999999999999989341858963598497211933135986328125,"50":6.910000000000000142108547152020037174224853515625,"100":6.04999999999999982236431605997495353221893310546875,"200":5.67999999999999971578290569595992565155029296875,"400":5.12000000000000010658141036401502788066864013671875},"tiered_pricing_product_settings":{"layout":"default","base_unit_name":{"singular":null,"plural":null},"default_variation":null},"tiered_pricing_minimum_quantity":10,"tiered_pricing_roles_data":[],"tiered_pricing_percentage_rules":[],"tiered_pricing_maximum_quantity":null,"tiered_pricing_quantity_step":"10","_links":{"self":[{"href":"https:\/\/volovape.com\/es\/wp-json\/wp\/v2\/product\/31953","targetHints":{"allow":["GET"]}}],"collection":[{"href":"https:\/\/volovape.com\/es\/wp-json\/wp\/v2\/product"}],"about":[{"href":"https:\/\/volovape.com\/es\/wp-json\/wp\/v2\/types\/product"}],"replies":[{"embeddable":true,"href":"https:\/\/volovape.com\/es\/wp-json\/wp\/v2\/comments?post=31953"}],"wp:featuredmedia":[{"embeddable":true,"href":"https:\/\/volovape.com\/es\/wp-json\/wp\/v2\/media\/32197"}],"wp:attachment":[{"href":"https:\/\/volovape.com\/es\/wp-json\/wp\/v2\/media?parent=31953"}],"wp:term":[{"taxonomy":"product_brand","embeddable":true,"href":"https:\/\/volovape.com\/es\/wp-json\/wp\/v2\/product_brand?post=31953"},{"taxonomy":"product_cat","embeddable":true,"href":"https:\/\/volovape.com\/es\/wp-json\/wp\/v2\/product_cat?post=31953"},{"taxonomy":"product_tag","embeddable":true,"href":"https:\/\/volovape.com\/es\/wp-json\/wp\/v2\/product_tag?post=31953"}],"curies":[{"name":"Gracias","href":"https:\/\/api.w.org\/{rel}","templated":true}]}}