{"id":31951,"date":"2025-07-02T03:28:57","date_gmt":"2025-07-02T03:28:57","guid":{"rendered":"https:\/\/volovape.com\/?post_type=product&#038;p=31951"},"modified":"2026-04-14T06:11:16","modified_gmt":"2026-04-14T06:11:16","slug":"bang-blaze-shisha-40000-caladas-40ml-0-6%cf%89-mesh-coil-4-niveles-nicotina-a-granel-vape-desechable","status":"publish","type":"product","link":"https:\/\/volovape.com\/es\/product\/bang-blaze-shisha-40000-puffs-40ml-0-6%cf%89-mesh-coil-4-nicotine-levels-bulk-disposable-vape\/","title":{"rendered":"Bang Blaze Shisha 40000 Puffs | Shisha estilo a granel al por mayor vape desechable"},"content":{"rendered":"<h2>Bang Blaze Shisha 40000 Puffs Vape Desechable | Venta al por mayor a granel<\/h2>\n<p>Experimente lo \u00faltimo en comodidad de vaporizaci\u00f3n con el <strong>Bang Blaze Shisha 40000 Bocanadas<\/strong> \u00a1vape desechable! \ud83d\udd25 Dise\u00f1ado para una satisfacci\u00f3n duradera, este vape estilo shisha ofrece una incre\u00edble autonom\u00eda de 40.000 caladas, por lo que es perfecto para entusiastas y compradores a granel. Disfruta de sabores consistentemente suaves, ricos y aut\u00e9nticos gracias a su avanzada bobina de malla de 0,6\u03a9. Personaliza tu experiencia con cuatro niveles de nicotina (0%, 2%, 3%, 5%) y recarga r\u00e1pidamente a trav\u00e9s de Type-C con la potente bater\u00eda de 1000mAh. Ideal para la venta al por mayor, \u00a1cada paquete de 10 unidades ofrece un valor inmejorable! \ud83d\udca8<\/p>\n<h2>Caracter\u00edsticas principales y especificaciones:<\/h2>\n<ul>\n<li>\u2705 <strong>Conteo de Puff sin igual:<\/strong> Hasta 40.000 caladas por dispositivo para un disfrute prolongado.<\/li>\n<li>\u2705 <strong>Capacidad masiva de e-l\u00edquido:<\/strong> Precargado con 40 ml de e-l\u00edquido premium, minimizando las recargas.<\/li>\n<li>\u2705 <strong>Sabor y Vapor Optimizados:<\/strong> Cuenta con una bobina de malla de 0,6\u03a9 para golpes consistentemente suaves y sabrosos.<\/li>\n<li>\u2705 <strong>Larga duraci\u00f3n y recargable:<\/strong> Equipado con una bater\u00eda recargable de 1000mAh y carga r\u00e1pida Type-C.<\/li>\n<li>\u2705 <strong>Nicotina personalizable:<\/strong> Disponible en las concentraciones de nicotina 0%, 2%, 3% y 5%.<\/li>\n<li>\u2705 <strong>Listo para la venta al por mayor:<\/strong> Disponible en c\u00f3modos paquetes de 10 unidades para la compra al por mayor.<\/li>\n<\/ul>\n<h2>\ud83c\udf08 L\u00ednea de sabores irresistibles:<\/h2>\n<p>Sand\u00eda, Sand\u00eda Fresa, Pi\u00f1a Colada, Fresa Helada, Red Bull, Melocot\u00f3n Helado, Ar\u00e1ndano Helado, Ar\u00e1ndano Frambuesa, Uvas Flor de Cerezo, Manzanas Dobles, Frutas Mixtas, Mango Melocot\u00f3n.<\/p>\n<p>\u00bfPreparado para elevar tu viaje de vapeo? El <strong>Bang Blaze Shisha 40K<\/strong> ofrece un sabor, una potencia y un rendimiento inigualables. \u00a1Hazte con el tuyo hoy mismo y prueba la diferencia! \u2728<\/p>","protected":false},"excerpt":{"rendered":"<p>\ud83d\ude80 Conoce a los <strong>Bang Blaze Shisha 40K,<\/strong>\u00a0tu nueva elecci\u00f3n para un sabor sin fin y nubes imparables. Con 40mL de e-l\u00edquido, bater\u00eda de 1000mAh y 12 sabores irresistibles.<\/p>","protected":false},"featured_media":32173,"comment_status":"open","ping_status":"closed","template":"","meta":[],"product_brand":[227],"product_cat":[74,61,230],"product_tag":[],"class_list":{"0":"post-31951","1":"product","2":"type-product","3":"status-publish","4":"has-post-thumbnail","6":"product_brand-bang","7":"product_cat-40000-puffs-disposable-vape","8":"product_cat-bang","9":"product_cat-new","11":"first","12":"instock","13":"shipping-taxable","14":"purchasable","15":"product-type-variable","16":"has-default-attributes"},"jetpack_sharing_enabled":true,"tiered_pricing_type":"fixed","tiered_pricing_fixed_rules":{"30":6.480000000000000426325641456060111522674560546875,"50":6.1699999999999999289457264239899814128875732421875,"100":5.42999999999999971578290569595992565155029296875,"200":5.05999999999999960920149533194489777088165283203125,"400":4.5099999999999997868371792719699442386627197265625},"tiered_pricing_product_settings":{"layout":"default","base_unit_name":{"singular":null,"plural":null},"default_variation":null},"tiered_pricing_minimum_quantity":10,"tiered_pricing_roles_data":[],"tiered_pricing_percentage_rules":[],"tiered_pricing_maximum_quantity":null,"tiered_pricing_quantity_step":"10","_links":{"self":[{"href":"https:\/\/volovape.com\/es\/wp-json\/wp\/v2\/product\/31951","targetHints":{"allow":["GET"]}}],"collection":[{"href":"https:\/\/volovape.com\/es\/wp-json\/wp\/v2\/product"}],"about":[{"href":"https:\/\/volovape.com\/es\/wp-json\/wp\/v2\/types\/product"}],"replies":[{"embeddable":true,"href":"https:\/\/volovape.com\/es\/wp-json\/wp\/v2\/comments?post=31951"}],"wp:featuredmedia":[{"embeddable":true,"href":"https:\/\/volovape.com\/es\/wp-json\/wp\/v2\/media\/32173"}],"wp:attachment":[{"href":"https:\/\/volovape.com\/es\/wp-json\/wp\/v2\/media?parent=31951"}],"wp:term":[{"taxonomy":"product_brand","embeddable":true,"href":"https:\/\/volovape.com\/es\/wp-json\/wp\/v2\/product_brand?post=31951"},{"taxonomy":"product_cat","embeddable":true,"href":"https:\/\/volovape.com\/es\/wp-json\/wp\/v2\/product_cat?post=31951"},{"taxonomy":"product_tag","embeddable":true,"href":"https:\/\/volovape.com\/es\/wp-json\/wp\/v2\/product_tag?post=31951"}],"curies":[{"name":"Gracias","href":"https:\/\/api.w.org\/{rel}","templated":true}]}}