{"id":31950,"date":"2025-07-02T03:28:57","date_gmt":"2025-07-02T03:28:57","guid":{"rendered":"https:\/\/volovape.com\/?post_type=product&#038;p=31950"},"modified":"2026-04-14T06:10:42","modified_gmt":"2026-04-14T06:10:42","slug":"vopk-ultra-40000-puffs","status":"publish","type":"product","link":"https:\/\/volovape.com\/es\/product\/vopk-ultra-40000-puffs\/","title":{"rendered":"VOPK Ultra 40000 Puffs | dual flavor adjustable power vape desechable"},"content":{"rendered":"<h2>VOPK Ultra 40000 Puffs | Doble Sabor Potencia Ajustable Vape Desechable \ud83d\ude80<\/h2>\n<p>Experimente lo \u00faltimo en vapeo con el <b>VOPK Ultra 40000 Puffs<\/b>\u00a1! Este avanzado vapeador desechable ofrece una combinaci\u00f3n sin igual de innovaci\u00f3n y sabor. Con <b>dos sabores ajustables<\/b>un enorme <b>Capacidad para 40.000 bocanadas<\/b>y <b>pantallas inteligentes en tiempo real<\/b>As\u00ed, siempre obtendr\u00e1 una calada satisfactoria. Perfecto para los entusiastas del sabor y vapers pesados, el VOPK Ultra ofrece un rendimiento, seguridad y variedad inmejorable. \ud83d\udcaf<\/p>\n<h3>Caracter\u00edsticas principales:<\/h3>\n<ul>\n<li>\ud83d\udd0b <b>Bater\u00eda recargable de 850mAh:<\/b> Potencia de larga duraci\u00f3n para sesiones de vapeo prolongadas.<\/li>\n<li>\ud83c\udf08 <b>Pastillas de doble sabor:<\/b> Cambie o combine al instante dos deliciosos sabores.<\/li>\n<li>\u26a1 <b>Modos de potencia ajustables:<\/b> Personaliza tu producci\u00f3n de vapor de suave a intensa.<\/li>\n<li>\ud83d\udee1\ufe0f <b>Bloqueo de seguridad para ni\u00f1os:<\/b> Disfrute de la tranquilidad de una mayor seguridad.<\/li>\n<li>\ud83d\udcca <b>Pantalla LED:<\/b> Controla f\u00e1cilmente los niveles de e-l\u00edquido y bater\u00eda en tiempo real.<\/li>\n<li>\ud83d\udca8 <b>Capacidad de 36mL de E-l\u00edquido:<\/b> Precargado para mayor comodidad y uso prolongado.<\/li>\n<li>\ud83c\udf2c\ufe0f <b>Sistema de bobina de cuatro mallas:<\/b> Garantiza un sabor suave, intenso y uniforme.<\/li>\n<li>opciones de nicotina de <b>0%-5%<\/b><\/li>\n<\/ul>\n<h3>Combinaciones populares de doble sabor: \ud83c\udf53\ud83c\udf47<\/h3>\n<ul>\n<li>Fresa Sand\u00eda \/ Kiwi Maracuy\u00e1 Guayaba<\/li>\n<li>Ar\u00e1ndano Frambuesa \/ Mango Melocot\u00f3n Sand\u00eda<\/li>\n<li>Gomita Blue Razz \/ Fresa Kiwi<\/li>\n<li>Blue Razz Cereza \/ Fresa Frambuesa<\/li>\n<li>Fizzy Lim\u00f3n y lima \/ Sand\u00eda Menta fresca<\/li>\n<li>Blue Razz Pi\u00f1a \/ Triple Mango<\/li>\n<li>Uva Berry Burst \/ Pera Manzana Frambuesa<\/li>\n<li>Fresa Ar\u00e1ndano Cereza \/ Pi\u00f1a Pasi\u00f3n Lima<\/li>\n<li>Ar\u00e1ndano Fresa Mentolado \/ Ar\u00e1ndano Frambuesa Mentolado<\/li>\n<\/ul>\n<p>Disponible al por mayor en pr\u00e1cticos paquetes de 10 unidades. \u00a1Eleva tu experiencia de vapeo con VOPK Ultra! \u2728<\/p>","protected":false},"excerpt":{"rendered":"<p>\ud83d\ude80 <strong>Experimenta una libertad de sabor imparable con el VOPK Ultra 40000 Puffs<\/strong> - una potencia de doble sabor creada para los que se niegan a conformarse.<\/p>","protected":false},"featured_media":32160,"comment_status":"open","ping_status":"closed","template":"","meta":[],"product_brand":[233],"product_cat":[74,230,65],"product_tag":[],"class_list":{"0":"post-31950","1":"product","2":"type-product","3":"status-publish","4":"has-post-thumbnail","6":"product_brand-okso","7":"product_cat-40000-puffs-disposable-vape","8":"product_cat-new","9":"product_cat-vopk","11":"first","12":"instock","13":"shipping-taxable","14":"purchasable","15":"product-type-variable","16":"has-default-attributes"},"jetpack_sharing_enabled":true,"tiered_pricing_type":"fixed","tiered_pricing_fixed_rules":{"30":7.839999999999999857891452847979962825775146484375,"50":6.79000000000000003552713678800500929355621337890625,"100":6.1699999999999999289457264239899814128875732421875,"200":5.79999999999999982236431605997495353221893310546875,"400":5.37000000000000010658141036401502788066864013671875},"tiered_pricing_product_settings":{"layout":"default","base_unit_name":{"singular":null,"plural":null},"default_variation":null},"tiered_pricing_minimum_quantity":10,"tiered_pricing_roles_data":[],"tiered_pricing_percentage_rules":[],"tiered_pricing_maximum_quantity":null,"tiered_pricing_quantity_step":"10","_links":{"self":[{"href":"https:\/\/volovape.com\/es\/wp-json\/wp\/v2\/product\/31950","targetHints":{"allow":["GET"]}}],"collection":[{"href":"https:\/\/volovape.com\/es\/wp-json\/wp\/v2\/product"}],"about":[{"href":"https:\/\/volovape.com\/es\/wp-json\/wp\/v2\/types\/product"}],"replies":[{"embeddable":true,"href":"https:\/\/volovape.com\/es\/wp-json\/wp\/v2\/comments?post=31950"}],"wp:featuredmedia":[{"embeddable":true,"href":"https:\/\/volovape.com\/es\/wp-json\/wp\/v2\/media\/32160"}],"wp:attachment":[{"href":"https:\/\/volovape.com\/es\/wp-json\/wp\/v2\/media?parent=31950"}],"wp:term":[{"taxonomy":"product_brand","embeddable":true,"href":"https:\/\/volovape.com\/es\/wp-json\/wp\/v2\/product_brand?post=31950"},{"taxonomy":"product_cat","embeddable":true,"href":"https:\/\/volovape.com\/es\/wp-json\/wp\/v2\/product_cat?post=31950"},{"taxonomy":"product_tag","embeddable":true,"href":"https:\/\/volovape.com\/es\/wp-json\/wp\/v2\/product_tag?post=31950"}],"curies":[{"name":"Gracias","href":"https:\/\/api.w.org\/{rel}","templated":true}]}}