{"id":31949,"date":"2025-07-02T03:28:56","date_gmt":"2025-07-02T03:28:56","guid":{"rendered":"https:\/\/volovape.com\/?post_type=product&#038;p=31949"},"modified":"2026-04-14T06:17:18","modified_gmt":"2026-04-14T06:17:18","slug":"vopk-triple-60k-60000-bocanadas","status":"publish","type":"product","link":"https:\/\/volovape.com\/es\/product\/vopk-triple-60k-60000-puffs\/","title":{"rendered":"Vopk Triple 60K | 3 en 1 triple sabor 60000 caladas vape desechable a granel"},"content":{"rendered":"<p>\ud83d\udd25 <b>Vopk Triple 60000 Puffs Vape Desechable<\/b>: Experimenta lo \u00faltimo en comodidad y sabor. Este innovador vapeador desechable 3 en 1 ofrece la asombrosa cifra de 60.000 caladas, 54 ml de e-l\u00edquido y bobinas de triple malla para un viaje de vapeo sin igual. Mant\u00e9ngase informado con la pantalla LED inteligente y encienda r\u00e1pidamente con la carga r\u00e1pida Type-C. Personaliza tu vapeo con las opciones de nicotina 2% o 5%. Perfecto para cualquier ocasi\u00f3n, el Vopk Triple 60K ofrece nubes masivas, rico sabor y un rendimiento insuperable. \ud83d\ude80<\/p>\n<h3>\u2728 Caracter\u00edsticas principales:<\/h3>\n<ul>\n<li><b>Conteo de bocanadas:<\/b> Hasta 60.000 bocanadas<\/li>\n<li><b>Capacidad de e-l\u00edquido:<\/b> 54mL Precargado<\/li>\n<li><b>Tipo de bobina:<\/b> Bobinas de malla triple<\/li>\n<li><b>Bater\u00eda:<\/b> 650mAh Recargable<\/li>\n<li><b>Cargando:<\/b> Carga r\u00e1pida Tipo-C<\/li>\n<li><b>Opciones de nicotina:<\/b> 2% (20mg) \/ 5% (50mg) Nicotina Salada<\/li>\n<li><b>Pantalla:<\/b> Pantalla LED inteligente (indicadores de bater\u00eda y e-l\u00edquido)<\/li>\n<li><b>Sistema de sabores:<\/b> Rotaci\u00f3n de sabores 3 en 1<\/li>\n<\/ul>\n<h3>\ud83c\udf53\ud83d\udca8 Combinaciones de sabores:<\/h3>\n<ul>\n<li>Helado de sand\u00eda - Triple helado de mel\u00f3n - Helado de fresa<\/li>\n<li>Fresa Pl\u00e1tano - Sand\u00eda Frambuesa - Pi\u00f1a Coco<\/li>\n<li>Melocot\u00f3n Baya - Blue Razz Ice - Sand\u00eda Melocot\u00f3n Mango<\/li>\n<li>Sour Mango Pi\u00f1a - Red Bull Fresa - Grosella Negra Hielo<\/li>\n<li>Kiwi Maracuy\u00e1 - Fresa Cereza - Love 66<\/li>\n<li>Doble Manzana Helada - Frutas Tropicales - Sand\u00eda Fresa Chicle<\/li>\n<li>Uva Ice - Fresa Kiwi - Sand\u00eda Red Bull<\/li>\n<li>Fresa Sand\u00eda - Ar\u00e1ndano Frambuesa - Lim\u00f3n Lima<\/li>\n<li>Pl\u00e1tano Pi\u00f1a - Red Bull Ice - Fresa Mango<\/li>\n<li>Oso de gominola - Coca de fresa y vainilla - Algod\u00f3n de az\u00facar con ar\u00e1ndanos<\/li>\n<\/ul>","protected":false},"excerpt":{"rendered":"<p>\ud83d\udd25 <strong>Tres sabores, satisfacci\u00f3n sin fin.<\/strong> El Vopk Triple 60K est\u00e1 dise\u00f1ado para los vapeadores que anhelan variedad sin parar y un rendimiento serio.<\/p>","protected":false},"featured_media":32148,"comment_status":"open","ping_status":"closed","template":"","meta":[],"product_brand":[236],"product_cat":[39,231,21,43,20,230,65],"product_tag":[],"class_list":{"0":"post-31949","1":"product","2":"type-product","3":"status-publish","4":"has-post-thumbnail","6":"product_brand-vopk","7":"product_cat-digital-box-vapes","8":"product_cat-60000-puffs-disposable-vape","9":"product_cat-big-puffs-vapes","10":"product_cat-crystal-vapes","11":"product_cat-disposable-vape-types","12":"product_cat-new","13":"product_cat-vopk","15":"first","16":"instock","17":"featured","18":"shipping-taxable","19":"purchasable","20":"product-type-variable","21":"has-default-attributes"},"jetpack_sharing_enabled":true,"tiered_pricing_type":"fixed","tiered_pricing_fixed_rules":{"30":7.839999999999999857891452847979962825775146484375,"50":7.6500000000000003552713678800500929355621337890625,"100":6.910000000000000142108547152020037174224853515625,"200":6.54000000000000003552713678800500929355621337890625,"400":5.9900000000000002131628207280300557613372802734375},"tiered_pricing_product_settings":{"layout":"default","base_unit_name":{"singular":null,"plural":null},"default_variation":null},"tiered_pricing_minimum_quantity":10,"tiered_pricing_roles_data":[],"tiered_pricing_percentage_rules":[],"tiered_pricing_maximum_quantity":null,"tiered_pricing_quantity_step":"10","_links":{"self":[{"href":"https:\/\/volovape.com\/es\/wp-json\/wp\/v2\/product\/31949","targetHints":{"allow":["GET"]}}],"collection":[{"href":"https:\/\/volovape.com\/es\/wp-json\/wp\/v2\/product"}],"about":[{"href":"https:\/\/volovape.com\/es\/wp-json\/wp\/v2\/types\/product"}],"replies":[{"embeddable":true,"href":"https:\/\/volovape.com\/es\/wp-json\/wp\/v2\/comments?post=31949"}],"wp:featuredmedia":[{"embeddable":true,"href":"https:\/\/volovape.com\/es\/wp-json\/wp\/v2\/media\/32148"}],"wp:attachment":[{"href":"https:\/\/volovape.com\/es\/wp-json\/wp\/v2\/media?parent=31949"}],"wp:term":[{"taxonomy":"product_brand","embeddable":true,"href":"https:\/\/volovape.com\/es\/wp-json\/wp\/v2\/product_brand?post=31949"},{"taxonomy":"product_cat","embeddable":true,"href":"https:\/\/volovape.com\/es\/wp-json\/wp\/v2\/product_cat?post=31949"},{"taxonomy":"product_tag","embeddable":true,"href":"https:\/\/volovape.com\/es\/wp-json\/wp\/v2\/product_tag?post=31949"}],"curies":[{"name":"Gracias","href":"https:\/\/api.w.org\/{rel}","templated":true}]}}