{"id":31947,"date":"2025-07-02T03:28:56","date_gmt":"2025-07-02T03:28:56","guid":{"rendered":"https:\/\/volovape.com\/?post_type=product&#038;p=31947"},"modified":"2025-11-11T04:39:23","modified_gmt":"2025-11-11T04:39:23","slug":"vapme-digital-30000-bocanadas","status":"publish","type":"product","link":"https:\/\/volovape.com\/es\/product\/vapme-digital-30000-puffs\/","title":{"rendered":"Vapme Digital 30000 Puffs | 12 sabores bobina de malla a granel vape desechable"},"content":{"rendered":"<h2>\u2728 Vapme Digital 30000: \u00a1el vapeador desechable definitivo! \ud83d\ude80<\/h2>\n<p>Experimenta el vapeo como nunca antes con el <strong>Vapme Digital 30000<\/strong>. Perfecto para vapers pesados y compradores a granel, este dispositivo ofrece una inmejorable <strong>30.000 bocanadas<\/strong> de sabor consistente y potente. Desp\u00eddete de las recargas constantes y de las caladas d\u00e9biles gracias a su enorme <strong>Capacidad de 20 ml de e-l\u00edquido<\/strong> y robusto <strong>Bater\u00eda recargable de 850 mAh<\/strong> con c\u00f3modo <strong>Carga tipo C<\/strong>. Disfruta sin problemas <strong>Nubes MTL (boca a pulm\u00f3n)<\/strong> y rico vapor del avanzado <strong>Bobina de malla de 0,6\u03a9<\/strong>. \u00bfListo para impresionar? \u00a1Consigue el tuyo al por mayor hoy mismo! \ud83d\udca8<\/p>\n<h3>Especificaciones clave:<\/h3>\n<ul>\n<li><strong>Conteo de bocanadas:<\/strong> Hasta 30.000 caladas \ud83e\udd2f<\/li>\n<li><strong>Capacidad de e-l\u00edquido:<\/strong> 20 ml precargados<\/li>\n<li><strong>Bobina:<\/strong> Bobina de malla avanzada de 0,6\u03a9 para un vapor intenso<\/li>\n<li><strong>Bater\u00eda:<\/strong> 850mAh recargable (Tipo-C)<\/li>\n<li><strong>Niveles de nicotina:<\/strong> 0%, 12%, 13%, 15%<\/li>\n<li><strong>Estilo de vapeo:<\/strong> MTL (boca a pulm\u00f3n)<\/li>\n<li><strong>Opciones de sabor:<\/strong> 12 opciones incre\u00edbles \ud83c\udf53\ud83e\uded0\ud83e\udd6d<\/li>\n<\/ul>\n<h3>\ud83c\udf08 Sum\u00e9rgete en 12 deliciosos sabores:<\/h3>\n<p>\u00a1Descubra su nuevo favorito con nuestra amplia selecci\u00f3n de vibrantes sabores! Desde jugosos <strong>Ar\u00e1ndano Frambuesa<\/strong> a vigorizante <strong>Bebida energ\u00e9tica<\/strong> y ex\u00f3ticos <strong>Kiwi Maracuy\u00e1 Guayaba<\/strong>hay una combinaci\u00f3n perfecta para cada estado de \u00e1nimo. Rotando entre <em>12 deliciosos sabores<\/em> \u00a1nunca ha sido tan f\u00e1cil! \ud83d\ude0b<\/p>\n<p>Elija el Vapme Digital 30000 para obtener una satisfacci\u00f3n intensa y duradera, \u00a1y haga que sus clientes vuelvan a por m\u00e1s!<\/p>","protected":false},"excerpt":{"rendered":"<p>\ud83d\ude80 <strong>\u00bfListo para elevar tu experiencia de vapeo?<\/strong> Conozca el Vapme Digital 30000 - un vaporizador desechable de alta capacidad dise\u00f1ado para los buscadores serios de sabor y los amantes de la nicotina por igual.<\/p>","protected":false},"featured_media":32103,"comment_status":"open","ping_status":"closed","template":"","meta":[],"product_brand":[234],"product_cat":[63,230,49],"product_tag":[],"class_list":{"0":"post-31947","1":"product","2":"type-product","3":"status-publish","4":"has-post-thumbnail","6":"product_brand-vapme","7":"product_cat-30000-puffs-disposable-vape","8":"product_cat-new","9":"product_cat-vapme","11":"first","12":"instock","13":"shipping-taxable","14":"purchasable","15":"product-type-variable","16":"has-default-attributes"},"jetpack_sharing_enabled":true,"tiered_pricing_type":"fixed","tiered_pricing_fixed_rules":{"30":8.6300000000000007815970093361102044582366943359375,"50":7.6500000000000003552713678800500929355621337890625,"100":7.04000000000000003552713678800500929355621337890625,"200":6.6699999999999999289457264239899814128875732421875,"400":6.230000000000000426325641456060111522674560546875},"tiered_pricing_product_settings":{"layout":"default","base_unit_name":{"singular":null,"plural":null},"default_variation":null},"tiered_pricing_minimum_quantity":10,"tiered_pricing_roles_data":[],"tiered_pricing_percentage_rules":[],"tiered_pricing_maximum_quantity":null,"tiered_pricing_quantity_step":"10","_links":{"self":[{"href":"https:\/\/volovape.com\/es\/wp-json\/wp\/v2\/product\/31947","targetHints":{"allow":["GET"]}}],"collection":[{"href":"https:\/\/volovape.com\/es\/wp-json\/wp\/v2\/product"}],"about":[{"href":"https:\/\/volovape.com\/es\/wp-json\/wp\/v2\/types\/product"}],"replies":[{"embeddable":true,"href":"https:\/\/volovape.com\/es\/wp-json\/wp\/v2\/comments?post=31947"}],"wp:featuredmedia":[{"embeddable":true,"href":"https:\/\/volovape.com\/es\/wp-json\/wp\/v2\/media\/32103"}],"wp:attachment":[{"href":"https:\/\/volovape.com\/es\/wp-json\/wp\/v2\/media?parent=31947"}],"wp:term":[{"taxonomy":"product_brand","embeddable":true,"href":"https:\/\/volovape.com\/es\/wp-json\/wp\/v2\/product_brand?post=31947"},{"taxonomy":"product_cat","embeddable":true,"href":"https:\/\/volovape.com\/es\/wp-json\/wp\/v2\/product_cat?post=31947"},{"taxonomy":"product_tag","embeddable":true,"href":"https:\/\/volovape.com\/es\/wp-json\/wp\/v2\/product_tag?post=31947"}],"curies":[{"name":"Gracias","href":"https:\/\/api.w.org\/{rel}","templated":true}]}}