{"id":31946,"date":"2025-07-02T03:28:55","date_gmt":"2025-07-02T03:28:55","guid":{"rendered":"https:\/\/volovape.com\/?post_type=product&#038;p=31946"},"modified":"2026-04-14T06:24:46","modified_gmt":"2026-04-14T06:24:46","slug":"okso-shisha-max-40000-caladas","status":"publish","type":"product","link":"https:\/\/volovape.com\/es\/product\/okso-shisha-max-40000-puffs\/","title":{"rendered":"OKSO Shisha Max 40K | bobina de malla, pantalla LED a granel vape desechable"},"content":{"rendered":"<h2>\ud83d\udd25 \u00bfPor qu\u00e9 elegir OKSO Shisha Max 40K?<\/h2>\n<p>Mejore su experiencia de vapeo con el <strong>OKSO Shisha Max 40K<\/strong>Dise\u00f1ado para la m\u00e1xima satisfacci\u00f3n y control. Disfrute de una <strong>40.000 bocanadas<\/strong> \u00a1desde un solo dispositivo! \ud83d\ude80 Su avanzado <strong>bobina de malla<\/strong> garantiza un sabor siempre rico y suave, mientras que la intuitiva tecnolog\u00eda de <strong>Pantalla LED<\/strong> te mantiene informado sobre la duraci\u00f3n de la bater\u00eda y el n\u00famero de caladas. Personaliza tu vapeo con los ajustes de flujo de aire y potencia. Con un robusto <strong>Bater\u00eda recargable de 800 mAh<\/strong> y carga r\u00e1pida Type-C, siempre estar\u00e1s listo para salir. Adem\u00e1s, una bater\u00eda <strong>seguro para ni\u00f1os<\/strong> proporciona una mayor tranquilidad. Perfecto para los vapeadores que buscan longevidad, sabor y flexibilidad, y una excelente opci\u00f3n de venta al por mayor para los minoristas.<\/p>\n<h2>\u2728 Especificaciones del producto:<\/h2>\n<ul>\n<li><strong>Conteo de bocanadas:<\/strong> Hasta 40.000 caladas<\/li>\n<li><strong>Capacidad de e-l\u00edquido:<\/strong> 36mL (precargado)<\/li>\n<li><strong>Tipo de bobina:<\/strong> Bobina de malla para un sabor y una producci\u00f3n de vapor superiores<\/li>\n<li><strong>Pantalla:<\/strong> Pantalla LED (bater\u00eda y recuento de caladas)<\/li>\n<li><strong>Bater\u00eda:<\/strong> 800 mAh recargable<\/li>\n<li><strong>Cargando:<\/strong> Carga r\u00e1pida tipo C<\/li>\n<li><strong>Concentraciones de nicotina:<\/strong> 0%, 2%, 3%, 5% (en volumen)<\/li>\n<li><strong>Caracter\u00edsticas:<\/strong> Flujo de aire regulable, potencia regulable, bloqueo para ni\u00f1os<\/li>\n<\/ul>\n<h2>\ud83c\udf53 Lista de sabores:<\/h2>\n<ul>\n<li>Dos Manzanas \ud83c\udf4f\ud83c\udf4f<\/li>\n<li>Uva Menta \ud83c\udf47\ud83c\udf43<\/li>\n<li>Fiesta de la cereza \ud83c\udf52\ud83c\udf89<\/li>\n<li>Melocot\u00f3n helado \ud83c\udf51\ud83e\uddca<\/li>\n<li>Amor M\u00e1gico \u2728\u2764\ufe0f<\/li>\n<li>Ponche de fresa \ud83c\udf53\ud83d\udca5<\/li>\n<li>Blue Razz Ice \ud83d\udc99\ud83e\uddca<\/li>\n<li>Hielo exuberante \ud83c\udf49\u2744\ufe0f<\/li>\n<li>Sand\u00eda con fresas \ud83c\udf53\ud83c\udf49<\/li>\n<li>Bayas de menta \ud83c\udf53\ud83c\udf43<\/li>\n<\/ul>","protected":false},"excerpt":{"rendered":"<p>El vapeador desechable OKSO Shisha Max 40K ofrece hasta 40.000 caladas con control de potencia, ajuste del flujo de aire y 10 ricos sabores, creados para disfrutar de un vapeo duradero, personalizable y lleno de sabor.<\/p>","protected":false},"featured_media":32093,"comment_status":"open","ping_status":"closed","template":"","meta":[],"product_brand":[233],"product_cat":[74,230,229],"product_tag":[],"class_list":{"0":"post-31946","1":"product","2":"type-product","3":"status-publish","4":"has-post-thumbnail","6":"product_brand-okso","7":"product_cat-40000-puffs-disposable-vape","8":"product_cat-new","9":"product_cat-okso","11":"first","12":"instock","13":"shipping-taxable","14":"purchasable","15":"product-type-variable","16":"has-default-attributes"},"jetpack_sharing_enabled":true,"tiered_pricing_type":"fixed","tiered_pricing_fixed_rules":{"30":7.589999999999999857891452847979962825775146484375,"50":6.519999999999999573674358543939888477325439453125,"100":5.9000000000000003552713678800500929355621337890625,"200":5.53000000000000024868995751603506505489349365234375,"400":5.0999999999999996447286321199499070644378662109375},"tiered_pricing_product_settings":{"layout":"default","base_unit_name":{"singular":null,"plural":null},"default_variation":null},"tiered_pricing_minimum_quantity":10,"tiered_pricing_roles_data":[],"tiered_pricing_percentage_rules":[],"tiered_pricing_maximum_quantity":null,"tiered_pricing_quantity_step":"10","_links":{"self":[{"href":"https:\/\/volovape.com\/es\/wp-json\/wp\/v2\/product\/31946","targetHints":{"allow":["GET"]}}],"collection":[{"href":"https:\/\/volovape.com\/es\/wp-json\/wp\/v2\/product"}],"about":[{"href":"https:\/\/volovape.com\/es\/wp-json\/wp\/v2\/types\/product"}],"replies":[{"embeddable":true,"href":"https:\/\/volovape.com\/es\/wp-json\/wp\/v2\/comments?post=31946"}],"wp:featuredmedia":[{"embeddable":true,"href":"https:\/\/volovape.com\/es\/wp-json\/wp\/v2\/media\/32093"}],"wp:attachment":[{"href":"https:\/\/volovape.com\/es\/wp-json\/wp\/v2\/media?parent=31946"}],"wp:term":[{"taxonomy":"product_brand","embeddable":true,"href":"https:\/\/volovape.com\/es\/wp-json\/wp\/v2\/product_brand?post=31946"},{"taxonomy":"product_cat","embeddable":true,"href":"https:\/\/volovape.com\/es\/wp-json\/wp\/v2\/product_cat?post=31946"},{"taxonomy":"product_tag","embeddable":true,"href":"https:\/\/volovape.com\/es\/wp-json\/wp\/v2\/product_tag?post=31946"}],"curies":[{"name":"Gracias","href":"https:\/\/api.w.org\/{rel}","templated":true}]}}