{"id":31945,"date":"2025-07-02T03:28:55","date_gmt":"2025-07-02T03:28:55","guid":{"rendered":"https:\/\/volovape.com\/?post_type=product&#038;p=31945"},"modified":"2026-04-14T06:23:17","modified_gmt":"2026-04-14T06:23:17","slug":"okso-espejo-magico-50000-bocanadas","status":"publish","type":"product","link":"https:\/\/volovape.com\/es\/product\/okso-magic-mirror-50000-puffs\/","title":{"rendered":"OKSO Magic Mirror 50000 Puffs | RGB LED, doble malla, pantalla LED, vape desechable a granel"},"content":{"rendered":"<p>\ud83d\udd25 <strong>\u00a1Experimenta el vapeo redefinido con el OKSO Magic Mirror 50K!<\/strong> \ud83d\udd25 Este no es s\u00f3lo otro vape desechable; es una pieza de declaraci\u00f3n dise\u00f1ada para la m\u00e1xima satisfacci\u00f3n. Consigue un asombroso <strong>50.000 caladas<\/strong>un enorme <strong>Capacidad de 40 ml de e-l\u00edquido<\/strong>y la comodidad de un <strong>bater\u00eda recargable de tipo C<\/strong>. Su llamativo acabado de espejo y su din\u00e1mica <strong>Brillo LED RGB<\/strong> te hacen destacar, mientras que <strong>Bobinas de malla doble<\/strong> garantizan un sabor intenso y nubes enormes en todo momento. Perfecto para los entusiastas del sabor, los cazadores de nubes, y los minoristas que buscan vapes desechables premium.<\/p>\n<h3>Especificaciones:<\/h3>\n<ul>\n<li>\ud83d\udca8 <strong>Puffs:<\/strong> Hasta 50.000<\/li>\n<li>\ud83d\udca7 <strong>E-l\u00edquido:<\/strong> 40 ml (precargada)<\/li>\n<li>\u2728 <strong>Bobina:<\/strong> Malla doble para un sabor superior<\/li>\n<li>\ud83d\udd0b <strong>Bater\u00eda:<\/strong> 850mAh Recargable (Tipo-C)<\/li>\n<li>\ud83e\uddea <strong>Concentraciones de nicotina:<\/strong> 0%, 2%, 3%, 5% (opciones disponibles)<\/li>\n<li>\ud83d\udda5\ufe0f <strong>Pantalla:<\/strong> Pantalla LED para el recuento de caladas y la duraci\u00f3n de la bater\u00eda<\/li>\n<li>\ud83d\udd12 <strong>Seguridad:<\/strong> Bloqueo para ni\u00f1os integrado<\/li>\n<li>\ud83c\udf1f <strong>Dise\u00f1o:<\/strong> Acabado de espejo con efectos LED RGB<\/li>\n<\/ul>\n<h3>\ud83c\udf6d Sabores disponibles:<\/h3>\n<ul>\n<li>Hielo Razz Azul \ud83e\uded0\u2744\ufe0f<\/li>\n<li>Hielo exuberante \ud83c\udf49\u2744\ufe0f<\/li>\n<li>Fresa Helada \ud83c\udf53\u2744\ufe0f<\/li>\n<li>Hielo de uva \ud83c\udf47\u2744\ufe0f<\/li>\n<li>LOVE 66 \u2764\ufe0f\u200d\ud83d\udd25<\/li>\n<li>Lady Killa \ud83d\udc51<\/li>\n<li>Hielo de menta \ud83c\udf43\u2744\ufe0f<\/li>\n<li>Sand\u00eda con fresas \ud83c\udf53\ud83c\udf49<\/li>\n<li>Kiwi Maracuy\u00e1 \ud83e\udd5d\ud83e\udd6d<\/li>\n<li>Mezcla de bayas \ud83c\udf53\ud83e\uded0\ud83c\udf47<\/li>\n<\/ul>","protected":false},"excerpt":{"rendered":"<p>\u2728 Prep\u00e1rate para vapear con estilo con el OKSO Magic Mirror 50K: 50.000 caladas, doble bobina de malla, LED RGB y 40mL de e-l\u00edquido: el vapeador desechable elegante y potente para compradores a granel.<\/p>","protected":false},"featured_media":32025,"comment_status":"open","ping_status":"closed","template":"","meta":[],"product_brand":[233],"product_cat":[74,230,229],"product_tag":[],"class_list":{"0":"post-31945","1":"product","2":"type-product","3":"status-publish","4":"has-post-thumbnail","6":"product_brand-okso","7":"product_cat-40000-puffs-disposable-vape","8":"product_cat-new","9":"product_cat-okso","11":"first","12":"instock","13":"shipping-taxable","14":"purchasable","15":"product-type-variable","16":"has-default-attributes"},"jetpack_sharing_enabled":true,"tiered_pricing_type":"fixed","tiered_pricing_fixed_rules":{"30":8.7400000000000002131628207280300557613372802734375,"60":8.699999999999999289457264239899814128875732421875,"100":8.300000000000000710542735760100185871124267578125,"200":7.9000000000000003552713678800500929355621337890625},"tiered_pricing_product_settings":{"layout":"default","base_unit_name":{"singular":null,"plural":null},"default_variation":null},"tiered_pricing_minimum_quantity":10,"tiered_pricing_roles_data":[],"tiered_pricing_percentage_rules":[],"tiered_pricing_maximum_quantity":null,"tiered_pricing_quantity_step":"10","_links":{"self":[{"href":"https:\/\/volovape.com\/es\/wp-json\/wp\/v2\/product\/31945","targetHints":{"allow":["GET"]}}],"collection":[{"href":"https:\/\/volovape.com\/es\/wp-json\/wp\/v2\/product"}],"about":[{"href":"https:\/\/volovape.com\/es\/wp-json\/wp\/v2\/types\/product"}],"replies":[{"embeddable":true,"href":"https:\/\/volovape.com\/es\/wp-json\/wp\/v2\/comments?post=31945"}],"wp:featuredmedia":[{"embeddable":true,"href":"https:\/\/volovape.com\/es\/wp-json\/wp\/v2\/media\/32025"}],"wp:attachment":[{"href":"https:\/\/volovape.com\/es\/wp-json\/wp\/v2\/media?parent=31945"}],"wp:term":[{"taxonomy":"product_brand","embeddable":true,"href":"https:\/\/volovape.com\/es\/wp-json\/wp\/v2\/product_brand?post=31945"},{"taxonomy":"product_cat","embeddable":true,"href":"https:\/\/volovape.com\/es\/wp-json\/wp\/v2\/product_cat?post=31945"},{"taxonomy":"product_tag","embeddable":true,"href":"https:\/\/volovape.com\/es\/wp-json\/wp\/v2\/product_tag?post=31945"}],"curies":[{"name":"Gracias","href":"https:\/\/api.w.org\/{rel}","templated":true}]}}