{"id":31944,"date":"2025-07-02T03:28:55","date_gmt":"2025-07-02T03:28:55","guid":{"rendered":"https:\/\/volovape.com\/?post_type=product&#038;p=31944"},"modified":"2026-04-14T06:20:46","modified_gmt":"2026-04-14T06:20:46","slug":"okso-crystal-bar-800-puffs","status":"publish","type":"product","link":"https:\/\/volovape.com\/es\/product\/okso-crystal-bar-800-puffs\/","title":{"rendered":"OKSO Crystal Bar 800 | bobina de malla RGB al por mayor vape desechable"},"content":{"rendered":"<p>El vaporizador desechable OKSO Crystal Bar 800 ofrece 800 caladas suaves, efectos LED RGB y 10 sabores atrevidos en un dise\u00f1o compacto y elegante, perfecto para el placer del vapeo diario y sobre la marcha. Precargado con 2mL de e-l\u00edquido y disponible en una gama de potencias de nicotina (0-5%), este vaporizador ultra-port\u00e1til tiene una potencia satisfactoria de hasta 800 caladas.<\/p>\n<p>Olv\u00eddate de complicados ajustes, \u00a1s\u00f3lo tienes que coger, dar una calada y disfrutar! Con un peso de s\u00f3lo 36 g, el Crystal Bar es perfecto para vapear de forma discreta y sobre la marcha, sin dejar de llamar la atenci\u00f3n con sus vibrantes efectos de iluminaci\u00f3n LED.<\/p>\n<h3>\ud83d\ude80 Por qu\u00e9 te encantar\u00e1<\/h3>\n<ul>\n<li>Sabor consistente y audaz con dise\u00f1o de bobina de malla<\/li>\n<li>LED RGB de colores para un toque extra<\/li>\n<li>Compacto, ligero y f\u00e1cil de transportar<\/li>\n<li>M\u00faltiples niveles de nicotina para adaptarse a tu ambiente<\/li>\n<li>Sin recambios ni complicaciones: 800 caladas de pura comodidad<\/li>\n<\/ul>\n<h3>\ud83c\udf6d Opciones de sabor<\/h3>\n<ul>\n<li>Menta<\/li>\n<li>Helado de melocot\u00f3n<\/li>\n<li>Lim\u00f3n rosado<\/li>\n<li>Sangre de tigre<\/li>\n<li>Hielo de uva<\/li>\n<li>Helado de sand\u00eda<\/li>\n<li>Hielo de frambuesa azul<\/li>\n<li>Melocot\u00f3n Mango Sand\u00eda<\/li>\n<li>Helado de cereza<\/li>\n<li>Helado de fresa<\/li>\n<\/ul>\n<p>Si quieres un vapeador desechable que tenga un aspecto asombroso y d\u00e9 en el clavo, el OKSO Crystal Bar 800 es tu nuevo h\u00e9roe de bolsillo. Perfecto para usuarios ocasionales, primerizos o cualquiera que busque una experiencia sabrosa y sin complicaciones, todo ello con una pizca de magia RGB. \ud83c\udf08<\/p>","protected":false},"excerpt":{"rendered":"<p>\u2728 <strong>Peque\u00f1o pero poderoso<\/strong> El OKSO Crystal Bar 800 est\u00e1 aqu\u00ed para alegrarte el d\u00eda con una colorida luz RGB y ofrecerte un sabor suave como la seda gracias a su avanzada tecnolog\u00eda de bobina de malla.<\/p>","protected":false},"featured_media":32012,"comment_status":"open","ping_status":"closed","template":"","meta":[],"product_brand":[233],"product_cat":[59,230,229],"product_tag":[],"class_list":{"0":"post-31944","1":"product","2":"type-product","3":"status-publish","4":"has-post-thumbnail","6":"product_brand-okso","7":"product_cat-800-puffs-disposable-vape","8":"product_cat-new","9":"product_cat-okso","11":"first","12":"instock","13":"shipping-taxable","14":"purchasable","15":"product-type-variable","16":"has-default-attributes"},"jetpack_sharing_enabled":true,"tiered_pricing_type":"fixed","tiered_pricing_fixed_rules":{"30":4.589999999999999857891452847979962825775146484375,"50":3.4900000000000002131628207280300557613372802734375,"100":2.899999999999999911182158029987476766109466552734375,"200":2.75,"400":2.390000000000000124344978758017532527446746826171875},"tiered_pricing_product_settings":{"layout":"default","base_unit_name":{"singular":null,"plural":null},"default_variation":null},"tiered_pricing_minimum_quantity":10,"tiered_pricing_roles_data":[],"tiered_pricing_percentage_rules":[],"tiered_pricing_maximum_quantity":null,"tiered_pricing_quantity_step":"10","_links":{"self":[{"href":"https:\/\/volovape.com\/es\/wp-json\/wp\/v2\/product\/31944","targetHints":{"allow":["GET"]}}],"collection":[{"href":"https:\/\/volovape.com\/es\/wp-json\/wp\/v2\/product"}],"about":[{"href":"https:\/\/volovape.com\/es\/wp-json\/wp\/v2\/types\/product"}],"replies":[{"embeddable":true,"href":"https:\/\/volovape.com\/es\/wp-json\/wp\/v2\/comments?post=31944"}],"wp:featuredmedia":[{"embeddable":true,"href":"https:\/\/volovape.com\/es\/wp-json\/wp\/v2\/media\/32012"}],"wp:attachment":[{"href":"https:\/\/volovape.com\/es\/wp-json\/wp\/v2\/media?parent=31944"}],"wp:term":[{"taxonomy":"product_brand","embeddable":true,"href":"https:\/\/volovape.com\/es\/wp-json\/wp\/v2\/product_brand?post=31944"},{"taxonomy":"product_cat","embeddable":true,"href":"https:\/\/volovape.com\/es\/wp-json\/wp\/v2\/product_cat?post=31944"},{"taxonomy":"product_tag","embeddable":true,"href":"https:\/\/volovape.com\/es\/wp-json\/wp\/v2\/product_tag?post=31944"}],"curies":[{"name":"Gracias","href":"https:\/\/api.w.org\/{rel}","templated":true}]}}