{"id":31943,"date":"2025-07-02T03:28:53","date_gmt":"2025-07-02T03:28:53","guid":{"rendered":"https:\/\/volovape.com\/?post_type=product&#038;p=31943"},"modified":"2026-04-14T06:26:05","modified_gmt":"2026-04-14T06:26:05","slug":"okso-shisha-hookah-mega-50000","status":"publish","type":"product","link":"https:\/\/volovape.com\/es\/product\/okso-shisha-hookah-mega-50000\/","title":{"rendered":"OKSO Shisha Hookah Mega 50K | malla triple, LED a granel vape desechable"},"content":{"rendered":"<p>\ud83d\udca8 Disfruta de una experiencia de vapeo sin igual con el <strong>OKSO Shisha Hookah Mega 50K<\/strong>\u00a1! Dise\u00f1ado tanto para los entusiastas del sabor como para los cazadores de nubes, este dispositivo redefine el vapeo desechable. Prep\u00e1rate para un asombroso <strong>50.000 caladas<\/strong>con la tecnolog\u00eda m\u00e1s avanzada. <strong>Bobina de triple malla<\/strong> para unos golpes m\u00e1s ricos y suaves. \ud83d\ude80<\/p>\n<p>Mant\u00e9n el control con la v\u00edvida pantalla LED, que rastrea f\u00e1cilmente los niveles de bater\u00eda y e-l\u00edquido. Personaliza tu calada con el flujo de aire ajustable, asegurando que cada inhalaci\u00f3n sea perfecta. Tanto si prefiere una sesi\u00f3n sin nicotina o un fuerte golpe de garganta 5%, el OKSO Mega 50K se adapta a sus preferencias. Su enorme capacidad de e-l\u00edquido de 40mL y su bater\u00eda recargable de 1100mAh garantizan una intensidad duradera, por lo que es ideal para un disfrute continuo o como top ventas para tu negocio. \u2728<\/p>\n<h3>Caracter\u00edsticas principales:<\/h3>\n<ul>\n<li><strong>50.000 Puffs:<\/strong> Mayor disfrute, menos sustituciones.<\/li>\n<li><strong>Bobina de malla triple:<\/strong> Sabor y producci\u00f3n de vapor superiores.<\/li>\n<li><strong>Recargable Tipo-C:<\/strong> Alimentaci\u00f3n c\u00f3moda y ecol\u00f3gica.<\/li>\n<li><strong>Pantalla LED:<\/strong> Controla la bater\u00eda y el e-l\u00edquido de un vistazo.<\/li>\n<li><strong>Flujo de aire ajustable:<\/strong> Personalice su sorteo perfecto.<\/li>\n<\/ul>\n<h3>\ud83d\ude0b Lista de sabores:<\/h3>\n<ul>\n<li>Hielo exuberante<\/li>\n<li>Dos manzanas<\/li>\n<li>Chicle de sand\u00eda y fresa<\/li>\n<li>Helado de melocot\u00f3n<\/li>\n<li>Ar\u00e1ndano Frambuesa Cereza<\/li>\n<li>Amor 66<\/li>\n<li>Helado de mango<\/li>\n<li>Kiwi fresa<\/li>\n<li>Se\u00f1ora Killa<\/li>\n<li>Hielo de uva<\/li>\n<\/ul>\n<p>Eleva tu viaje de vapeo con la OKSO Shisha Hookah Mega 50K - \u00a1la elecci\u00f3n definitiva para compradores a granel, fan\u00e1ticos del sabor y grandes consumidores por igual! \ud83c\udf2c\ufe0f<\/p>","protected":false},"excerpt":{"rendered":"<p>El OKSO Magic Mirror 50K proporciona hasta 50.000 caladas con impresionantes luces RGB, un elegante acabado de espejo, bobinas de malla dobles y 10 sabores premium, perfecto para los amantes del sabor y el rendimiento.<\/p>","protected":false},"featured_media":31968,"comment_status":"open","ping_status":"closed","template":"","meta":[],"product_brand":[233],"product_cat":[74,230,229],"product_tag":[],"class_list":{"0":"post-31943","1":"product","2":"type-product","3":"status-publish","4":"has-post-thumbnail","6":"product_brand-okso","7":"product_cat-40000-puffs-disposable-vape","8":"product_cat-new","9":"product_cat-okso","11":"first","12":"instock","13":"shipping-taxable","14":"purchasable","15":"product-type-variable","16":"has-default-attributes"},"jetpack_sharing_enabled":true,"tiered_pricing_type":"fixed","tiered_pricing_fixed_rules":{"30":9.5,"50":8.9000000000000003552713678800500929355621337890625,"100":7.9000000000000003552713678800500929355621337890625,"200":7.20000000000000017763568394002504646778106689453125},"tiered_pricing_product_settings":{"layout":"default","base_unit_name":{"singular":null,"plural":null},"default_variation":null},"tiered_pricing_minimum_quantity":10,"tiered_pricing_roles_data":[],"tiered_pricing_percentage_rules":[],"tiered_pricing_maximum_quantity":null,"tiered_pricing_quantity_step":"10","_links":{"self":[{"href":"https:\/\/volovape.com\/es\/wp-json\/wp\/v2\/product\/31943","targetHints":{"allow":["GET"]}}],"collection":[{"href":"https:\/\/volovape.com\/es\/wp-json\/wp\/v2\/product"}],"about":[{"href":"https:\/\/volovape.com\/es\/wp-json\/wp\/v2\/types\/product"}],"replies":[{"embeddable":true,"href":"https:\/\/volovape.com\/es\/wp-json\/wp\/v2\/comments?post=31943"}],"wp:featuredmedia":[{"embeddable":true,"href":"https:\/\/volovape.com\/es\/wp-json\/wp\/v2\/media\/31968"}],"wp:attachment":[{"href":"https:\/\/volovape.com\/es\/wp-json\/wp\/v2\/media?parent=31943"}],"wp:term":[{"taxonomy":"product_brand","embeddable":true,"href":"https:\/\/volovape.com\/es\/wp-json\/wp\/v2\/product_brand?post=31943"},{"taxonomy":"product_cat","embeddable":true,"href":"https:\/\/volovape.com\/es\/wp-json\/wp\/v2\/product_cat?post=31943"},{"taxonomy":"product_tag","embeddable":true,"href":"https:\/\/volovape.com\/es\/wp-json\/wp\/v2\/product_tag?post=31943"}],"curies":[{"name":"Gracias","href":"https:\/\/api.w.org\/{rel}","templated":true}]}}