{"id":31210,"date":"2025-08-16T11:41:05","date_gmt":"2025-08-16T11:41:05","guid":{"rendered":"https:\/\/volovape.com\/?post_type=product&#038;p=31210"},"modified":"2026-04-14T05:59:35","modified_gmt":"2026-04-14T05:59:35","slug":"fumot-leopardo-40k","status":"publish","type":"product","link":"https:\/\/volovape.com\/es\/product\/fumot-leopard-40k\/","title":{"rendered":"Fumot Leopard 40K | 40,000 Puffs, vape desechable recargable al por mayor"},"content":{"rendered":"<p><!-- SEO Description --><\/p>\n<p>Presentando el <strong>Fumot Leopardo 40K<\/strong> - el vaporizador desechable definitivo que combina comodidad, estilo y rendimiento. Con hasta 40.000 caladas, este elegante vapeador ofrece una experiencia satisfactoria de principio a fin. El <strong>16 sabores irresistibles<\/strong> son perfectos para los amantes del sabor, mientras que la funci\u00f3n de recarga USB-C garantiza que nunca te quedar\u00e1s sin energ\u00eda. Dise\u00f1ado con una opci\u00f3n de nicotina 2%, es ideal para aquellos que prefieren un golpe suave y controlado. Tanto si eres un vapeador empedernido como un distribuidor, el Fumot Leopard 40K satisface tus necesidades.<\/p>\n<h3>\u00bfPor qu\u00e9 elegir Fumot Leopard 40K?<\/h3>\n<ul>\n<li>40.000 caladas de satisfacci\u00f3n suave y duradera.<\/li>\n<li>Recargable mediante USB-C para mayor comodidad.<\/li>\n<li>16 sabores \u00fanicos y excitantes entre los que elegir.<\/li>\n<li>Potencia de nicotina 2% ideal para un golpe suave y controlado.<\/li>\n<li>Perfecto para cazadores de sabores, vapers empedernidos y distribuidores.<\/li>\n<\/ul>\n<p><!-- Conclusion --><\/p>\n<p>Tanto si eres un usuario intensivo, un entusiasta de los sabores o un distribuidor de vape, el <strong>Fumot Leopardo 40K<\/strong> es la elecci\u00f3n perfecta. Con sus caladas de larga duraci\u00f3n, su c\u00f3moda recarga USB-C y su amplia gama de sabores, seguro que satisfar\u00e1 tus necesidades de vapeo. Ya est\u00e1 disponible para pedidos al por mayor, ideal para tiendas de vapeo y distribuci\u00f3n al por mayor.<\/p>\n<p><!-- Specifications Table --><\/p>\n<h3>Especificaciones:<\/h3>\n<table>\n<tbody>\n<tr>\n<th>Caracter\u00edstica<\/th>\n<th>Detalles<\/th>\n<\/tr>\n<tr>\n<td>Capacidad de calada<\/td>\n<td>40.000 bocanadas<\/td>\n<\/tr>\n<tr>\n<td>Capacidad de e-l\u00edquido<\/td>\n<td>20 ml<\/td>\n<\/tr>\n<tr>\n<td>Concentraci\u00f3n de nicotina<\/td>\n<td>2%<\/td>\n<\/tr>\n<tr>\n<td>Bater\u00eda<\/td>\n<td>Recargable mediante USB-C<\/td>\n<\/tr>\n<tr>\n<td>Sabores<\/td>\n<td>16 sabores<\/td>\n<\/tr>\n<tr>\n<td>Tipo de bobina<\/td>\n<td>Bobina de malla premium<\/td>\n<\/tr>\n<tr>\n<td>Dise\u00f1o<\/td>\n<td>Dise\u00f1o moderno y elegante<\/td>\n<\/tr>\n<\/tbody>\n<\/table>\n<p><!-- Flavor List --><\/p>\n<h3>Sabores disponibles:<\/h3>\n<ul>\n<li>Helado de mango<\/li>\n<li>Explosi\u00f3n de bayas<\/li>\n<li>Sand\u00eda helada<\/li>\n<li>Limonada de fresa<\/li>\n<li>Ponche de melocot\u00f3n<\/li>\n<li>Menta mentolada<\/li>\n<li>Y mucho m\u00e1s.<\/li>\n<\/ul>\n<p><!-- Why Choose Fumot Leopard 40K --><\/p>\n<p><!-- Meta Description --><\/p>\n<p><img data-recalc-dims=\"1\" loading=\"lazy\" decoding=\"async\" class=\"alignnone wp-image-31278 size-full\" src=\"https:\/\/i0.wp.com\/volovape.com\/wp-content\/uploads\/2025\/06\/%E7%BA%BF%E4%B8%8BA4%E6%B5%B7%E6%8A%A5-Leopard-40k.jpg?resize=1357%2C1920&#038;ssl=1\" alt=\"\" width=\"1357\" height=\"1920\" title=\"\" srcset=\"https:\/\/i0.wp.com\/volovape.com\/wp-content\/uploads\/2025\/06\/%E7%BA%BF%E4%B8%8BA4%E6%B5%B7%E6%8A%A5-Leopard-40k.jpg?w=1357&amp;ssl=1 1357w, https:\/\/i0.wp.com\/volovape.com\/wp-content\/uploads\/2025\/06\/%E7%BA%BF%E4%B8%8BA4%E6%B5%B7%E6%8A%A5-Leopard-40k.jpg?resize=212%2C300&amp;ssl=1 212w, https:\/\/i0.wp.com\/volovape.com\/wp-content\/uploads\/2025\/06\/%E7%BA%BF%E4%B8%8BA4%E6%B5%B7%E6%8A%A5-Leopard-40k.jpg?resize=724%2C1024&amp;ssl=1 724w, https:\/\/i0.wp.com\/volovape.com\/wp-content\/uploads\/2025\/06\/%E7%BA%BF%E4%B8%8BA4%E6%B5%B7%E6%8A%A5-Leopard-40k.jpg?resize=768%2C1087&amp;ssl=1 768w, https:\/\/i0.wp.com\/volovape.com\/wp-content\/uploads\/2025\/06\/%E7%BA%BF%E4%B8%8BA4%E6%B5%B7%E6%8A%A5-Leopard-40k.jpg?resize=1086%2C1536&amp;ssl=1 1086w, https:\/\/i0.wp.com\/volovape.com\/wp-content\/uploads\/2025\/06\/%E7%BA%BF%E4%B8%8BA4%E6%B5%B7%E6%8A%A5-Leopard-40k.jpg?resize=8%2C12&amp;ssl=1 8w, https:\/\/i0.wp.com\/volovape.com\/wp-content\/uploads\/2025\/06\/%E7%BA%BF%E4%B8%8BA4%E6%B5%B7%E6%8A%A5-Leopard-40k.jpg?resize=800%2C1132&amp;ssl=1 800w\" sizes=\"auto, (max-width: 1000px) 100vw, 1000px\" \/><\/p>\n<p><img data-recalc-dims=\"1\" loading=\"lazy\" decoding=\"async\" class=\"alignnone wp-image-31277 size-full\" src=\"https:\/\/i0.wp.com\/volovape.com\/wp-content\/uploads\/2025\/06\/%E5%B9%BF%E5%91%8A%E5%9B%BE-2.jpg?resize=1920%2C1231&#038;ssl=1\" alt=\"\" width=\"1920\" height=\"1231\" title=\"\" srcset=\"https:\/\/i0.wp.com\/volovape.com\/wp-content\/uploads\/2025\/06\/%E5%B9%BF%E5%91%8A%E5%9B%BE-2.jpg?w=1920&amp;ssl=1 1920w, https:\/\/i0.wp.com\/volovape.com\/wp-content\/uploads\/2025\/06\/%E5%B9%BF%E5%91%8A%E5%9B%BE-2.jpg?resize=300%2C192&amp;ssl=1 300w, https:\/\/i0.wp.com\/volovape.com\/wp-content\/uploads\/2025\/06\/%E5%B9%BF%E5%91%8A%E5%9B%BE-2.jpg?resize=1024%2C657&amp;ssl=1 1024w, https:\/\/i0.wp.com\/volovape.com\/wp-content\/uploads\/2025\/06\/%E5%B9%BF%E5%91%8A%E5%9B%BE-2.jpg?resize=768%2C492&amp;ssl=1 768w, https:\/\/i0.wp.com\/volovape.com\/wp-content\/uploads\/2025\/06\/%E5%B9%BF%E5%91%8A%E5%9B%BE-2.jpg?resize=1536%2C985&amp;ssl=1 1536w, https:\/\/i0.wp.com\/volovape.com\/wp-content\/uploads\/2025\/06\/%E5%B9%BF%E5%91%8A%E5%9B%BE-2.jpg?resize=18%2C12&amp;ssl=1 18w, https:\/\/i0.wp.com\/volovape.com\/wp-content\/uploads\/2025\/06\/%E5%B9%BF%E5%91%8A%E5%9B%BE-2.jpg?resize=800%2C513&amp;ssl=1 800w\" sizes=\"auto, (max-width: 1000px) 100vw, 1000px\" \/><\/p>\n<p><img data-recalc-dims=\"1\" loading=\"lazy\" decoding=\"async\" class=\"alignnone wp-image-31276 size-full\" src=\"https:\/\/i0.wp.com\/volovape.com\/wp-content\/uploads\/2025\/06\/%E5%B9%BF%E5%91%8A%E5%9B%BE-1.jpg?resize=1920%2C1231&#038;ssl=1\" alt=\"\" width=\"1920\" height=\"1231\" title=\"\" srcset=\"https:\/\/i0.wp.com\/volovape.com\/wp-content\/uploads\/2025\/06\/%E5%B9%BF%E5%91%8A%E5%9B%BE-1.jpg?w=1920&amp;ssl=1 1920w, https:\/\/i0.wp.com\/volovape.com\/wp-content\/uploads\/2025\/06\/%E5%B9%BF%E5%91%8A%E5%9B%BE-1.jpg?resize=300%2C192&amp;ssl=1 300w, https:\/\/i0.wp.com\/volovape.com\/wp-content\/uploads\/2025\/06\/%E5%B9%BF%E5%91%8A%E5%9B%BE-1.jpg?resize=1024%2C657&amp;ssl=1 1024w, https:\/\/i0.wp.com\/volovape.com\/wp-content\/uploads\/2025\/06\/%E5%B9%BF%E5%91%8A%E5%9B%BE-1.jpg?resize=768%2C492&amp;ssl=1 768w, https:\/\/i0.wp.com\/volovape.com\/wp-content\/uploads\/2025\/06\/%E5%B9%BF%E5%91%8A%E5%9B%BE-1.jpg?resize=1536%2C985&amp;ssl=1 1536w, https:\/\/i0.wp.com\/volovape.com\/wp-content\/uploads\/2025\/06\/%E5%B9%BF%E5%91%8A%E5%9B%BE-1.jpg?resize=18%2C12&amp;ssl=1 18w, https:\/\/i0.wp.com\/volovape.com\/wp-content\/uploads\/2025\/06\/%E5%B9%BF%E5%91%8A%E5%9B%BE-1.jpg?resize=800%2C513&amp;ssl=1 800w\" sizes=\"auto, (max-width: 1000px) 100vw, 1000px\" \/><\/p>","protected":false},"excerpt":{"rendered":"<p>Fumot Leopard 40K Disposable Vape - Experimenta 40.000 caladas de vaping premium con un dise\u00f1o USB-C recargable y 16 sabores emocionantes. \u00a1Perfecto para heavy users y distribuci\u00f3n al por mayor!<\/p>","protected":false},"featured_media":31275,"comment_status":"open","ping_status":"closed","template":"","meta":[],"product_brand":[],"product_cat":[52],"product_tag":[],"class_list":{"0":"post-31210","1":"product","2":"type-product","3":"status-publish","4":"has-post-thumbnail","6":"product_cat-randm","8":"first","9":"instock","10":"shipping-taxable","11":"purchasable","12":"product-type-variable","13":"has-default-attributes"},"jetpack_sharing_enabled":true,"tiered_pricing_type":"fixed","tiered_pricing_fixed_rules":{"30":9.2599999999999997868371792719699442386627197265625,"50":7.46999999999999975131004248396493494510650634765625,"100":6.8499999999999996447286321199499070644378662109375,"200":6.480000000000000426325641456060111522674560546875,"400":6.04999999999999982236431605997495353221893310546875},"tiered_pricing_product_settings":{"layout":"default","base_unit_name":{"singular":null,"plural":null},"default_variation":null},"tiered_pricing_minimum_quantity":10,"tiered_pricing_roles_data":[],"tiered_pricing_percentage_rules":[],"tiered_pricing_maximum_quantity":null,"tiered_pricing_quantity_step":"10","_links":{"self":[{"href":"https:\/\/volovape.com\/es\/wp-json\/wp\/v2\/product\/31210","targetHints":{"allow":["GET"]}}],"collection":[{"href":"https:\/\/volovape.com\/es\/wp-json\/wp\/v2\/product"}],"about":[{"href":"https:\/\/volovape.com\/es\/wp-json\/wp\/v2\/types\/product"}],"replies":[{"embeddable":true,"href":"https:\/\/volovape.com\/es\/wp-json\/wp\/v2\/comments?post=31210"}],"wp:featuredmedia":[{"embeddable":true,"href":"https:\/\/volovape.com\/es\/wp-json\/wp\/v2\/media\/31275"}],"wp:attachment":[{"href":"https:\/\/volovape.com\/es\/wp-json\/wp\/v2\/media?parent=31210"}],"wp:term":[{"taxonomy":"product_brand","embeddable":true,"href":"https:\/\/volovape.com\/es\/wp-json\/wp\/v2\/product_brand?post=31210"},{"taxonomy":"product_cat","embeddable":true,"href":"https:\/\/volovape.com\/es\/wp-json\/wp\/v2\/product_cat?post=31210"},{"taxonomy":"product_tag","embeddable":true,"href":"https:\/\/volovape.com\/es\/wp-json\/wp\/v2\/product_tag?post=31210"}],"curies":[{"name":"Gracias","href":"https:\/\/api.w.org\/{rel}","templated":true}]}}