{"id":30895,"date":"2025-08-16T11:40:18","date_gmt":"2025-08-16T11:40:18","guid":{"rendered":"https:\/\/volovape.com\/?post_type=product&#038;p=30895"},"modified":"2026-03-16T08:50:06","modified_gmt":"2026-03-16T08:50:06","slug":"uwin-gemelos-de-cristal-40k","status":"publish","type":"product","link":"https:\/\/volovape.com\/es\/product\/uwin-crystal-twins-40k\/","title":{"rendered":"Uwin Crystal Twins 40K 40000 Puffs | dual flavor vape desechable whoelsale"},"content":{"rendered":"<h2><strong>Uwin Crystal Twins 40K - Dual Flavor Vape Desechable \ud83c\udf1f<\/strong><\/h2>\n<p>Presentamos el Uwin Crystal Twins 40K, \u00a1un revolucionario dispositivo en el mercado de los vapeadores desechables! Con hasta 40.000 caladas de puro placer, este dispositivo cuenta con un dise\u00f1o \u00fanico de doble sabor, ofreciendo una emocionante combinaci\u00f3n de sabores en cada calada. Tanto si eres un cazador de sabores como un vapeador empedernido, este vapeador proporciona una experiencia suave y satisfactoria, todo en un cuerpo elegante y cristalino. Desp\u00eddete de los recambios y disfruta de la comodidad como nunca antes. \ud83d\udd25\ud83d\udca8<\/p>\n<h4><strong>Especificaciones:<\/strong><\/h4>\n<table>\n<thead>\n<tr>\n<th><strong>Caracter\u00edstica<\/strong><\/th>\n<th><strong>Detalles<\/strong><\/th>\n<\/tr>\n<\/thead>\n<tbody>\n<tr>\n<td><strong>Capacidad de calada<\/strong><\/td>\n<td>40.000 bocanadas<\/td>\n<\/tr>\n<tr>\n<td><strong>Capacidad de e-l\u00edquido<\/strong><\/td>\n<td>8mL (por c\u00e1mara)<\/td>\n<\/tr>\n<tr>\n<td><strong>Bater\u00eda<\/strong><\/td>\n<td>850 mAh, Tipo-C<\/td>\n<\/tr>\n<tr>\n<td><strong>Tipo de bobina<\/strong><\/td>\n<td>Bobina de malla de 0,6\u03a9<\/td>\n<\/tr>\n<tr>\n<td><strong>Opciones de nicotina<\/strong><\/td>\n<td>0%, 2%, 3%, 5%<\/td>\n<\/tr>\n<tr>\n<td><strong>Mostrar<\/strong><\/td>\n<td>Pantalla inteligente<\/td>\n<\/tr>\n<tr>\n<td><strong>Dise\u00f1o<\/strong><\/td>\n<td>Cuerpo cristalino<\/td>\n<\/tr>\n<\/tbody>\n<\/table>\n<h4><strong>Combinaciones de sabores:<\/strong><\/h4>\n<table>\n<thead>\n<tr>\n<th><strong>Sabor A<\/strong><\/th>\n<th><strong>Sabor B<\/strong><\/th>\n<\/tr>\n<\/thead>\n<tbody>\n<tr>\n<td>Ar\u00e1ndano con hielo<\/td>\n<td>Helado de melocot\u00f3n de verano<\/td>\n<\/tr>\n<tr>\n<td>Kiwi Maracuy\u00e1 Guayaba<\/td>\n<td>Ar\u00e1ndano Frambuesa<\/td>\n<\/tr>\n<tr>\n<td>Kiwi fresa<\/td>\n<td>Hielo de uva<\/td>\n<\/tr>\n<tr>\n<td>Kiwi Maracuy\u00e1 Guayaba<\/td>\n<td>Dos manzanas<\/td>\n<\/tr>\n<tr>\n<td>Fresa Sand\u00eda<\/td>\n<td>Lima lim\u00f3n<\/td>\n<\/tr>\n<tr>\n<td>Ar\u00e1ndano Frambuesa<\/td>\n<td>Helado de cereza<\/td>\n<\/tr>\n<tr>\n<td>Fresa Frambuesa Cereza<\/td>\n<td>Se\u00f1or azul<\/td>\n<\/tr>\n<tr>\n<td>Melocot\u00f3n Mango Pi\u00f1a<\/td>\n<td>Toro rojo<\/td>\n<\/tr>\n<tr>\n<td>Helado de sand\u00eda<\/td>\n<td>Bayas mixtas<\/td>\n<\/tr>\n<tr>\n<td>Fresa y pl\u00e1tano<\/td>\n<td>Love 66 (Hielo de mel\u00f3n y fruta de la pasi\u00f3n)<\/td>\n<\/tr>\n<tr>\n<td>Fruta del drag\u00f3n Pl\u00e1tano Cereza<\/td>\n<td>Limonada rosa<\/td>\n<\/tr>\n<tr>\n<td>Melocot\u00f3n y mango<\/td>\n<td>Cola de cereza<\/td>\n<\/tr>\n<tr>\n<td>Helado de fresa<\/td>\n<td>Mango con hielo<\/td>\n<\/tr>\n<tr>\n<td>Hielo de frambuesa azul<\/td>\n<td>Hielo de fruta del drag\u00f3n<\/td>\n<\/tr>\n<tr>\n<td>Red Bull de fresa<\/td>\n<td>Helado de cereza<\/td>\n<\/tr>\n<\/tbody>\n<\/table>\n<h4><strong>\u00bfPor qu\u00e9 elegir Uwin Crystal Twins 40K?<\/strong><\/h4>\n<ul>\n<li><strong>Dise\u00f1o de doble sabor:<\/strong> Disfruta de dos sabores distintos en cada calada para una experiencia de vapeo din\u00e1mica.<\/li>\n<li><strong>Cantidad masiva de Puff:<\/strong> Consigue hasta 40.000 caladas, durando m\u00e1s que la mayor\u00eda de vapes desechables.<\/li>\n<li><strong>Opciones con alto contenido en nicotina:<\/strong> Disponible en nicotina 0%, 2%, 3% y 5% para una satisfacci\u00f3n personalizada.<\/li>\n<li><strong>Bobina de malla Premium:<\/strong> Experimenta una producci\u00f3n de vapor suave y consistente con cada calada.<\/li>\n<li><strong>Port\u00e1til y c\u00f3modo:<\/strong> El dise\u00f1o cristalino del cuerpo garantiza tanto la durabilidad como un aspecto elegante.<\/li>\n<li><strong>Pantalla inteligente:<\/strong> La pantalla inteligente de f\u00e1cil lectura realiza un seguimiento de tus sesiones de vapeo.<\/li>\n<\/ul>\n<p>Uwin Crystal Twins 40K es ideal tanto para usuarios diarios como para compradores a granel, como tiendas de vapeo y distribuidores. Con su rendimiento de larga duraci\u00f3n, opciones \u00fanicas de doble sabor, y un dise\u00f1o elegante, es una opci\u00f3n perfecta para aquellos que buscan elevar su experiencia de vapeo. Tanto si eres un cazador de sabores como un distribuidor al por mayor, este dispositivo se adapta perfectamente a tus necesidades.<\/p>\n<p><img data-recalc-dims=\"1\" loading=\"lazy\" decoding=\"async\" class=\"alignnone wp-image-31448 size-full\" src=\"https:\/\/i0.wp.com\/volovape.com\/wp-content\/uploads\/2025\/06\/%E8%81%94%E5%90%8D%E6%B5%B7%E6%8A%A5-2.jpg?resize=1480%2C1810&#038;ssl=1\" alt=\"\" width=\"1480\" height=\"1810\" title=\"\" srcset=\"https:\/\/i0.wp.com\/volovape.com\/wp-content\/uploads\/2025\/06\/%E8%81%94%E5%90%8D%E6%B5%B7%E6%8A%A5-2.jpg?w=1480&amp;ssl=1 1480w, https:\/\/i0.wp.com\/volovape.com\/wp-content\/uploads\/2025\/06\/%E8%81%94%E5%90%8D%E6%B5%B7%E6%8A%A5-2.jpg?resize=245%2C300&amp;ssl=1 245w, https:\/\/i0.wp.com\/volovape.com\/wp-content\/uploads\/2025\/06\/%E8%81%94%E5%90%8D%E6%B5%B7%E6%8A%A5-2.jpg?resize=837%2C1024&amp;ssl=1 837w, https:\/\/i0.wp.com\/volovape.com\/wp-content\/uploads\/2025\/06\/%E8%81%94%E5%90%8D%E6%B5%B7%E6%8A%A5-2.jpg?resize=768%2C939&amp;ssl=1 768w, https:\/\/i0.wp.com\/volovape.com\/wp-content\/uploads\/2025\/06\/%E8%81%94%E5%90%8D%E6%B5%B7%E6%8A%A5-2.jpg?resize=1256%2C1536&amp;ssl=1 1256w, https:\/\/i0.wp.com\/volovape.com\/wp-content\/uploads\/2025\/06\/%E8%81%94%E5%90%8D%E6%B5%B7%E6%8A%A5-2.jpg?resize=10%2C12&amp;ssl=1 10w, https:\/\/i0.wp.com\/volovape.com\/wp-content\/uploads\/2025\/06\/%E8%81%94%E5%90%8D%E6%B5%B7%E6%8A%A5-2.jpg?resize=800%2C978&amp;ssl=1 800w\" sizes=\"auto, (max-width: 1000px) 100vw, 1000px\" \/><\/p>\n<p><img data-recalc-dims=\"1\" loading=\"lazy\" decoding=\"async\" class=\"alignnone wp-image-31447 size-large\" src=\"https:\/\/i0.wp.com\/volovape.com\/wp-content\/uploads\/2025\/06\/40k%E5%8F%A3%E5%91%B3%E6%B5%B7%E6%8A%A5.jpg?resize=905%2C1024&#038;ssl=1\" alt=\"\" width=\"905\" height=\"1024\" title=\"\" srcset=\"https:\/\/i0.wp.com\/volovape.com\/wp-content\/uploads\/2025\/06\/40k%E5%8F%A3%E5%91%B3%E6%B5%B7%E6%8A%A5.jpg?resize=905%2C1024&amp;ssl=1 905w, https:\/\/i0.wp.com\/volovape.com\/wp-content\/uploads\/2025\/06\/40k%E5%8F%A3%E5%91%B3%E6%B5%B7%E6%8A%A5.jpg?resize=265%2C300&amp;ssl=1 265w, https:\/\/i0.wp.com\/volovape.com\/wp-content\/uploads\/2025\/06\/40k%E5%8F%A3%E5%91%B3%E6%B5%B7%E6%8A%A5.jpg?resize=768%2C869&amp;ssl=1 768w, https:\/\/i0.wp.com\/volovape.com\/wp-content\/uploads\/2025\/06\/40k%E5%8F%A3%E5%91%B3%E6%B5%B7%E6%8A%A5.jpg?resize=1358%2C1536&amp;ssl=1 1358w, https:\/\/i0.wp.com\/volovape.com\/wp-content\/uploads\/2025\/06\/40k%E5%8F%A3%E5%91%B3%E6%B5%B7%E6%8A%A5.jpg?resize=11%2C12&amp;ssl=1 11w, https:\/\/i0.wp.com\/volovape.com\/wp-content\/uploads\/2025\/06\/40k%E5%8F%A3%E5%91%B3%E6%B5%B7%E6%8A%A5.jpg?resize=800%2C905&amp;ssl=1 800w, https:\/\/i0.wp.com\/volovape.com\/wp-content\/uploads\/2025\/06\/40k%E5%8F%A3%E5%91%B3%E6%B5%B7%E6%8A%A5.jpg?w=1697&amp;ssl=1 1697w\" sizes=\"auto, (max-width: 905px) 100vw, 905px\" \/><\/p>\n<p><img data-recalc-dims=\"1\" loading=\"lazy\" decoding=\"async\" class=\"alignnone wp-image-31449 size-full\" src=\"https:\/\/i0.wp.com\/volovape.com\/wp-content\/uploads\/2025\/06\/%E7%BD%91%E7%AB%99-Banner-2.jpg?resize=1920%2C656&#038;ssl=1\" alt=\"\" width=\"1920\" height=\"656\" title=\"\" srcset=\"https:\/\/i0.wp.com\/volovape.com\/wp-content\/uploads\/2025\/06\/%E7%BD%91%E7%AB%99-Banner-2.jpg?w=1920&amp;ssl=1 1920w, https:\/\/i0.wp.com\/volovape.com\/wp-content\/uploads\/2025\/06\/%E7%BD%91%E7%AB%99-Banner-2.jpg?resize=300%2C103&amp;ssl=1 300w, https:\/\/i0.wp.com\/volovape.com\/wp-content\/uploads\/2025\/06\/%E7%BD%91%E7%AB%99-Banner-2.jpg?resize=1024%2C350&amp;ssl=1 1024w, https:\/\/i0.wp.com\/volovape.com\/wp-content\/uploads\/2025\/06\/%E7%BD%91%E7%AB%99-Banner-2.jpg?resize=768%2C262&amp;ssl=1 768w, https:\/\/i0.wp.com\/volovape.com\/wp-content\/uploads\/2025\/06\/%E7%BD%91%E7%AB%99-Banner-2.jpg?resize=1536%2C525&amp;ssl=1 1536w, https:\/\/i0.wp.com\/volovape.com\/wp-content\/uploads\/2025\/06\/%E7%BD%91%E7%AB%99-Banner-2.jpg?resize=18%2C6&amp;ssl=1 18w, https:\/\/i0.wp.com\/volovape.com\/wp-content\/uploads\/2025\/06\/%E7%BD%91%E7%AB%99-Banner-2.jpg?resize=800%2C273&amp;ssl=1 800w\" sizes=\"auto, (max-width: 1000px) 100vw, 1000px\" \/><\/p>","protected":false},"excerpt":{"rendered":"<p>\u00a1Experimenta una satisfacci\u00f3n duradera con el Vapeador Desechable Uwin Crystal Twins 40K! 40.000 caladas, opciones de doble sabor y sabores refrescantes.<\/p>","protected":false},"featured_media":30896,"comment_status":"open","ping_status":"closed","template":"","meta":[],"product_brand":[],"product_cat":[16,224],"product_tag":[],"class_list":{"0":"post-30895","1":"product","2":"type-product","3":"status-publish","4":"has-post-thumbnail","6":"product_cat-volo-vape","7":"product_cat-uwin","9":"first","10":"instock","11":"shipping-taxable","12":"purchasable","13":"product-type-variable","14":"has-default-attributes"},"jetpack_sharing_enabled":true,"tiered_pricing_type":"fixed","tiered_pricing_fixed_rules":{"30":7.589999999999999857891452847979962825775146484375,"50":6.20999999999999996447286321199499070644378662109375,"100":5.88999999999999968025576890795491635799407958984375,"200":5.4900000000000002131628207280300557613372802734375,"400":5.04000000000000003552713678800500929355621337890625},"tiered_pricing_product_settings":{"layout":"default","base_unit_name":{"singular":null,"plural":null},"default_variation":null},"tiered_pricing_minimum_quantity":10,"tiered_pricing_roles_data":[],"tiered_pricing_percentage_rules":[],"tiered_pricing_maximum_quantity":null,"tiered_pricing_quantity_step":"10","_links":{"self":[{"href":"https:\/\/volovape.com\/es\/wp-json\/wp\/v2\/product\/30895","targetHints":{"allow":["GET"]}}],"collection":[{"href":"https:\/\/volovape.com\/es\/wp-json\/wp\/v2\/product"}],"about":[{"href":"https:\/\/volovape.com\/es\/wp-json\/wp\/v2\/types\/product"}],"replies":[{"embeddable":true,"href":"https:\/\/volovape.com\/es\/wp-json\/wp\/v2\/comments?post=30895"}],"wp:featuredmedia":[{"embeddable":true,"href":"https:\/\/volovape.com\/es\/wp-json\/wp\/v2\/media\/30896"}],"wp:attachment":[{"href":"https:\/\/volovape.com\/es\/wp-json\/wp\/v2\/media?parent=30895"}],"wp:term":[{"taxonomy":"product_brand","embeddable":true,"href":"https:\/\/volovape.com\/es\/wp-json\/wp\/v2\/product_brand?post=30895"},{"taxonomy":"product_cat","embeddable":true,"href":"https:\/\/volovape.com\/es\/wp-json\/wp\/v2\/product_cat?post=30895"},{"taxonomy":"product_tag","embeddable":true,"href":"https:\/\/volovape.com\/es\/wp-json\/wp\/v2\/product_tag?post=30895"}],"curies":[{"name":"Gracias","href":"https:\/\/api.w.org\/{rel}","templated":true}]}}