{"id":30869,"date":"2025-08-16T11:39:59","date_gmt":"2025-08-16T11:39:59","guid":{"rendered":"https:\/\/volovape.com\/?post_type=product&#038;p=30869"},"modified":"2025-10-28T04:51:04","modified_gmt":"2025-10-28T04:51:04","slug":"uwin-randm-tornado-beat-35k","status":"publish","type":"product","link":"https:\/\/volovape.com\/es\/product\/uwin-randm-tornado-beat-35k\/","title":{"rendered":"Uwin RandM tornado beat 35K: vape desechable de larga duraci\u00f3n al por mayor"},"content":{"rendered":"<h2>Uwin RandM Tornado Beat 35K Descripci\u00f3n general y caracter\u00edsticas<\/h2>\n<p>El Uwin RandM Tornado Beat 35K es un vapeador desechable de primer nivel hecho tanto para los entusiastas del sabor como para los heavy users. Con una notable capacidad de 35.000 caladas, aporta una experiencia sin igual a cada sesi\u00f3n de vapeo. Este dispositivo combina caracter\u00edsticas de alto rendimiento con una selecci\u00f3n de sabores que te har\u00e1n la boca agua, tanto si eres un fan de las mezclas afrutadas como de las refrescantes mezclas heladas. Perfecto para aquellos que anhelan la satisfacci\u00f3n de larga duraci\u00f3n y golpes suaves.<\/p>\n<p>Especificaciones:<\/p>\n<p>Capacidad de calada: 35.000 caladas<\/p>\n<p>Capacidad del e-l\u00edquido: 12mL<\/p>\n<p>Bater\u00eda: 800 mAh, Tipo-C<\/p>\n<p>Tipo de bobina: Bobina de malla de 0.8\u03a9<\/p>\n<p>Opciones de nicotina: 0%, 2%, 3%, 5%<\/p>\n<p>Pantalla: Pantalla inteligente<\/p>\n<p>Dise\u00f1o: Compacto y ergon\u00f3mico<\/p>\n<h2>Uwin RandM Tornado Beat 35K Sabores en Stock:<\/h2>\n<p>Frambuesa con ar\u00e1ndanos, Sand\u00eda con fresas, Ar\u00e1ndanos con hielo, Sand\u00eda con hielo, Melocot\u00f3n de verano con hielo, Cereza con hielo, Fresa con frambuesa, Guayaba con kiwi y fruta de la pasi\u00f3n, Fresa con hielo, Cereza con cola, Mezcla de bayas, Mr Blue<\/p>\n<p>\u00bfPor qu\u00e9 elegir Uwin RandM Tornado Beat 35K?<\/p>\n<p>Cantidad de caladas inigualable: Disfruta de hasta 35.000 caladas, que duran mucho m\u00e1s que los desechables est\u00e1ndar.<\/p>\n<p>Opciones de dos sabores: Dos sabores \u00fanicos en un dispositivo ofrecen una experiencia verdaderamente personalizable.<\/p>\n<p>Opciones con alto contenido en nicotina: Elija entre los niveles de nicotina 0%, 2%, 3% y 5% para adaptarse a sus preferencias.<\/p>\n<p>Dise\u00f1o elegante y compacto: F\u00e1cil de llevar y elegante para vaping on-the-go.<\/p>\n<p>Funciones avanzadas: Visualizaci\u00f3n de pantalla inteligente y carga Type-C para la m\u00e1xima comodidad.<\/p>\n<p>Amplia selecci\u00f3n de sabores: M\u00e1s de 12 sabores vibrantes y deliciosos para elegir.<\/p>\n<h2>Por qu\u00e9 Uwin RandM Tornado Beat 35K es perfecto para usted:<\/h2>\n<p>Uwin RandM Tornado Beat 35K es perfecto tanto para vapeadores ocasionales como para grandes consumidores. Sus caladas de larga duraci\u00f3n, sus potencias de nicotina vers\u00e1tiles y su impresionante gama de sabores lo hacen ideal para vape shops, distribuidores y mayoristas. Disfruta de un rendimiento de primera y un rico sabor en cada calada.<\/p>","protected":false},"excerpt":{"rendered":"<p>Uwin RandM Tornado Beat 35K vaporizador desechable ofrece hasta 35.000 caladas de sabor incre\u00edble con un dise\u00f1o elegante. Disfruta de sabores premium como Blueberry Raspberry, Watermelon Ice, \u00a1y mucho m\u00e1s!<\/p>","protected":false},"featured_media":30870,"comment_status":"open","ping_status":"closed","template":"","meta":[],"product_brand":[],"product_cat":[16,224],"product_tag":[],"class_list":{"0":"post-30869","1":"product","2":"type-product","3":"status-publish","4":"has-post-thumbnail","6":"product_cat-volo-vape","7":"product_cat-uwin","9":"first","10":"instock","11":"shipping-taxable","12":"purchasable","13":"product-type-variable","14":"has-default-attributes"},"jetpack_sharing_enabled":true,"tiered_pricing_type":"fixed","tiered_pricing_fixed_rules":{"30":8.21000000000000085265128291212022304534912109375,"50":6.36000000000000031974423109204508364200592041015625,"100":5.7400000000000002131628207280300557613372802734375,"200":5.37000000000000010658141036401502788066864013671875,"400":4.94000000000000039079850466805510222911834716796875},"tiered_pricing_product_settings":{"layout":"default","base_unit_name":{"singular":null,"plural":null},"default_variation":null},"tiered_pricing_minimum_quantity":10,"tiered_pricing_roles_data":[],"tiered_pricing_percentage_rules":[],"tiered_pricing_maximum_quantity":null,"tiered_pricing_quantity_step":"10","_links":{"self":[{"href":"https:\/\/volovape.com\/es\/wp-json\/wp\/v2\/product\/30869","targetHints":{"allow":["GET"]}}],"collection":[{"href":"https:\/\/volovape.com\/es\/wp-json\/wp\/v2\/product"}],"about":[{"href":"https:\/\/volovape.com\/es\/wp-json\/wp\/v2\/types\/product"}],"replies":[{"embeddable":true,"href":"https:\/\/volovape.com\/es\/wp-json\/wp\/v2\/comments?post=30869"}],"wp:featuredmedia":[{"embeddable":true,"href":"https:\/\/volovape.com\/es\/wp-json\/wp\/v2\/media\/30870"}],"wp:attachment":[{"href":"https:\/\/volovape.com\/es\/wp-json\/wp\/v2\/media?parent=30869"}],"wp:term":[{"taxonomy":"product_brand","embeddable":true,"href":"https:\/\/volovape.com\/es\/wp-json\/wp\/v2\/product_brand?post=30869"},{"taxonomy":"product_cat","embeddable":true,"href":"https:\/\/volovape.com\/es\/wp-json\/wp\/v2\/product_cat?post=30869"},{"taxonomy":"product_tag","embeddable":true,"href":"https:\/\/volovape.com\/es\/wp-json\/wp\/v2\/product_tag?post=30869"}],"curies":[{"name":"Gracias","href":"https:\/\/api.w.org\/{rel}","templated":true}]}}