{"id":28648,"date":"2025-03-21T06:47:18","date_gmt":"2025-03-21T06:47:18","guid":{"rendered":"https:\/\/volovape.com\/?post_type=product&#038;p=28648"},"modified":"2026-04-08T01:51:05","modified_gmt":"2026-04-08T01:51:05","slug":"waspe-60000-puffs-3-en-1-vape-desechable","status":"publish","type":"product","link":"https:\/\/volovape.com\/es\/product\/waspe-60000-puffs-3-in-1-disposable-vape\/","title":{"rendered":"WASPE 60K 3-en-1 vape desechable | sabores triples, 60.000 caladas, venta al por mayor al por mayor"},"content":{"rendered":"<p><strong>WASPE 60K Vape desechable 3 en 1<\/strong> - El triple de sabor, el triple de diversi\u00f3n, con 60.000 caladas sin precedentes. Este revolucionario vapeador desechable ofrece un asombroso <strong>60.000 caladas<\/strong>combinando <strong>tres sabores distintos<\/strong> en un elegante dispositivo. Inspirado en el popular WASPE Crystal, este vape ofrece <strong>12 tr\u00edos de sabores \u00fanicos<\/strong>para todos los paladares. Perfecto para la venta al por mayor al por mayor, este dispositivo asegura a sus clientes disfrutar de placer vaping extendida y diversas experiencias de sabor. Su dise\u00f1o port\u00e1til y alta capacidad lo convierten en una opci\u00f3n destacada tanto para uso personal como para la venta al por mayor.<\/p>\n<h3><strong>WASPE 60K 3 en 1 Caracter\u00edsticas:<\/strong><\/h3>\n<ul>\n<li>Puffs: 60.000 Puffs (54ml e-liquid)<\/li>\n<li>Sabores: Dise\u00f1o de triple sabor 3 en 1<\/li>\n<li>Opciones de sabores: 12 tr\u00edos de sabores \u00fanicos<\/li>\n<li>Dise\u00f1o: Elegante y port\u00e1til<\/li>\n<li>Ideal para: Venta al por mayor<\/li>\n<\/ul>\n<h4>Preguntas frecuentes<\/h4>\n<h5>\u00bfC\u00f3mo funciona el mecanismo de cambio de sabor 3 en 1?<\/h5>\n<p>El WASPE 60K 3 en 1 cuenta con un mecanismo innovador que permite a los usuarios cambiar sin problemas entre los tres sabores incluidos. Un simple ajuste en el dispositivo activa diferentes c\u00e1maras de sabor, proporcionando una experiencia de vapeo variada y agradable sin necesidad de m\u00faltiples dispositivos.<\/p>\n<h5>\u00bfHay alguna ventaja en vender al por mayor el WASPE 60K 3 en 1?<\/h5>\n<p>La venta al por mayor al por mayor le garantiza un acceso prioritario a este producto de gran demanda, lo que le asegura estar entre los primeros en ofrecerlo a sus clientes. Tambi\u00e9n le permite beneficiarse de precios rentables al por mayor, maximizando su rentabilidad. De este modo, podr\u00e1 satisfacer la elevada demanda inicial y mantener un inventario constante.<\/p>\n<h5>\u00bfC\u00f3mo se garantiza la calidad y seguridad de un aparato de tanta capacidad?<\/h5>\n<p>Nos basamos en la consolidada reputaci\u00f3n de WASPE Crystal, garantizando que el WASPE 60K 3 en 1 cumple rigurosas normas de calidad y seguridad. Cada dispositivo se somete a pruebas exhaustivas para garantizar un rendimiento constante y la seguridad del usuario. Tambi\u00e9n admitimos el pago por PayPal y el servicio de protecci\u00f3n del comprador. Tambi\u00e9n puede consultar nuestras rese\u00f1as en <a href=\"https:\/\/www.trustpilot.com\/review\/volovape.com?utm_medium=trustbox&amp;utm_source=TrustBoxReviewCollector\">TrustPilot<\/a>.<\/p>","protected":false},"excerpt":{"rendered":"<p>\u00a1Desata la dicha del triple sabor con el Vape Desechable 3 en 1 WASPE 60K! Disfruta de 60.000 caladas y 3 sabores \u00fanicos en un elegante dispositivo.<\/p>\n<p><strong>Venta al por mayor<\/strong>\u00a0al por mayor ahora y abast\u00e9zcase de este <a href=\"https:\/\/volovape.com\/es\/producto\/waspe-40k-doble-sabor-gemelos-40000-bocanadas\/\">WASPE 40k<\/a> Vape inspirado con 12 sabores para elegir.<\/p>","protected":false},"featured_media":37388,"comment_status":"open","ping_status":"closed","template":"","meta":[],"product_brand":[],"product_cat":[17],"product_tag":[],"class_list":{"0":"post-28648","1":"product","2":"type-product","3":"status-publish","4":"has-post-thumbnail","6":"product_cat-waspe","8":"first","9":"instock","10":"shipping-taxable","11":"purchasable","12":"product-type-variable","13":"has-default-attributes"},"jetpack_sharing_enabled":true,"tiered_pricing_type":"fixed","tiered_pricing_fixed_rules":{"30":8.17999999999999971578290569595992565155029296875,"50":7.78000000000000024868995751603506505489349365234375,"100":7.28000000000000024868995751603506505489349365234375,"200":6.6699999999999999289457264239899814128875732421875,"400":6.36000000000000031974423109204508364200592041015625},"tiered_pricing_product_settings":{"layout":"default","base_unit_name":{"singular":null,"plural":null},"default_variation":null},"tiered_pricing_minimum_quantity":10,"tiered_pricing_roles_data":[],"tiered_pricing_percentage_rules":[],"tiered_pricing_maximum_quantity":null,"tiered_pricing_quantity_step":"10","_links":{"self":[{"href":"https:\/\/volovape.com\/es\/wp-json\/wp\/v2\/product\/28648","targetHints":{"allow":["GET"]}}],"collection":[{"href":"https:\/\/volovape.com\/es\/wp-json\/wp\/v2\/product"}],"about":[{"href":"https:\/\/volovape.com\/es\/wp-json\/wp\/v2\/types\/product"}],"replies":[{"embeddable":true,"href":"https:\/\/volovape.com\/es\/wp-json\/wp\/v2\/comments?post=28648"}],"wp:featuredmedia":[{"embeddable":true,"href":"https:\/\/volovape.com\/es\/wp-json\/wp\/v2\/media\/37388"}],"wp:attachment":[{"href":"https:\/\/volovape.com\/es\/wp-json\/wp\/v2\/media?parent=28648"}],"wp:term":[{"taxonomy":"product_brand","embeddable":true,"href":"https:\/\/volovape.com\/es\/wp-json\/wp\/v2\/product_brand?post=28648"},{"taxonomy":"product_cat","embeddable":true,"href":"https:\/\/volovape.com\/es\/wp-json\/wp\/v2\/product_cat?post=28648"},{"taxonomy":"product_tag","embeddable":true,"href":"https:\/\/volovape.com\/es\/wp-json\/wp\/v2\/product_tag?post=28648"}],"curies":[{"name":"Gracias","href":"https:\/\/api.w.org\/{rel}","templated":true}]}}