{"id":28647,"date":"2025-03-21T06:47:18","date_gmt":"2025-03-21T06:47:18","guid":{"rendered":"https:\/\/volovape.com\/?post_type=product&#038;p=28647"},"modified":"2026-04-14T06:54:42","modified_gmt":"2026-04-14T06:54:42","slug":"gazzbar-rocket-20000-puffs-vape-desechable","status":"publish","type":"product","link":"https:\/\/volovape.com\/es\/product\/gazzbar-rocket-20000-puffs-disposable-vape\/","title":{"rendered":"Gazzbar Rocket 20000 Puffs vape desechable | 14 sabores, 0-5% nicotina, venta al por mayor a granel"},"content":{"rendered":"<p><strong>Gazzbar Rocket 20000 Puffs Vape Desechable<\/strong> - Ponga su experiencia de vapeo en \u00f3rbita con una capacidad de calada inigualable. Este vape desechable de alta capacidad ofrece una incre\u00edble <strong>20.000 bocanadas<\/strong>para un disfrute duradero. Con <strong>14 sabores distintos<\/strong> y opciones de nicotina que van desde <strong>0% a 5%<\/strong>el Gazzbar Rocket satisface diversas preferencias. El <strong>dise\u00f1o USB recargable<\/strong> proporciona una mayor comodidad, por lo que es perfecto tanto para uso personal y desechables vape al por mayor. Cada calada ofrece un sabor consistente y un rendimiento fiable, ideal para las necesidades de pedidos al por mayor con 5 unidades por caja y 200 unidades por cart\u00f3n.<\/p>\n<h3><strong>Gazzbar Rocket 20000 Caracter\u00edsticas:<\/strong><\/h3>\n<ul>\n<li>Puffs: 20.000 Puffs<\/li>\n<li>Nicotina: 0%\/2%\/3%\/5%<\/li>\n<li>Carga: Recargable por USB<\/li>\n<li>Sabores: 14 sabores \u00fanicos<\/li>\n<li>Embalaje: 5 Unidades\/Caja, 200 Unidades\/Cart\u00f3n<\/li>\n<\/ul>\n<h4>Preguntas frecuentes<\/h4>\n<h5>\u00bfC\u00f3mo se asegura de que los sabores se mantengan constantes a lo largo de las 20.000 caladas?<\/h5>\n<p>Utilizamos tecnolog\u00eda avanzada y materiales de alta calidad para mantener la consistencia del sabor desde la primera hasta la \u00faltima calada. Nuestro riguroso control de calidad garantiza que cada Gazzbar Rocket ofrezca una experiencia de vapeo satisfactoria y uniforme, independientemente del n\u00famero de caladas que hayas dado.<\/p>\n<h5>\u00bfCu\u00e1l es la ventaja de los vaporizadores desechables recargables por USB como el Gazzbar Rocket?<\/h5>\n<p>Los vaporizadores desechables recargables por USB ofrecen la ventaja de un uso prolongado sin sacrificar la potencia. Esta caracter\u00edstica le permite aprovechar al m\u00e1ximo las 20.000 caladas, garantizando que disfrute de cada gota de e-l\u00edquido. Tambi\u00e9n reduce los residuos y proporciona una opci\u00f3n de vapeo m\u00e1s sostenible en comparaci\u00f3n con los desechables no recargables.<\/p>\n<h5>\u00bfC\u00f3mo s\u00e9 que mi pedido a granel llegar\u00e1 sin da\u00f1os?<\/h5>\n<p>Damos prioridad a la entrega segura de su pedido al por mayor. Cada caja de 200 unidades se embala cuidadosamente para resistir el tr\u00e1nsito, minimizando el riesgo de da\u00f1os. Trabajamos con socios de env\u00edo fiables como UPS, DHL, FedEx y DPD, y seleccionamos la mejor opci\u00f3n en funci\u00f3n de su ubicaci\u00f3n para garantizar que su pedido llegue en perfectas condiciones. Tambi\u00e9n admitimos el pago por PayPal y el servicio de protecci\u00f3n del comprador. Tambi\u00e9n puede consultar nuestras opiniones en <a href=\"https:\/\/www.trustpilot.com\/review\/volovape.com?utm_medium=trustbox&amp;utm_source=TrustBoxReviewCollector\">TrustPilot<\/a>.<\/p>","protected":false},"excerpt":{"rendered":"<p>Experimenta el vapeador desechable Gazzbar Rocket 20000 con 20.000 caladas, 14 sabores \u00fanicos y opciones de nicotina 0-5%. Recargable a trav\u00e9s de USB, este vape a granel listo ofrece una longevidad sin igual y variedad. \u00a1Haga su pedido al por mayor ahora para la satisfacci\u00f3n de vaping premium!<\/p>","protected":false},"featured_media":28711,"comment_status":"open","ping_status":"closed","template":"","meta":[],"product_brand":[],"product_cat":[225],"product_tag":[],"class_list":{"0":"post-28647","1":"product","2":"type-product","3":"status-publish","4":"has-post-thumbnail","6":"product_cat-gazzbar","8":"first","9":"instock","10":"shipping-taxable","11":"purchasable","12":"product-type-variable","13":"has-default-attributes"},"jetpack_sharing_enabled":true,"tiered_pricing_type":"fixed","tiered_pricing_fixed_rules":{"30":7.269999999999999573674358543939888477325439453125,"60":6.9000000000000003552713678800500929355621337890625,"100":6.5,"200":5.9000000000000003552713678800500929355621337890625},"tiered_pricing_product_settings":{"layout":"default","base_unit_name":{"singular":null,"plural":null},"default_variation":null},"tiered_pricing_minimum_quantity":10,"tiered_pricing_roles_data":[],"tiered_pricing_percentage_rules":[],"tiered_pricing_maximum_quantity":null,"tiered_pricing_quantity_step":"10","_links":{"self":[{"href":"https:\/\/volovape.com\/es\/wp-json\/wp\/v2\/product\/28647","targetHints":{"allow":["GET"]}}],"collection":[{"href":"https:\/\/volovape.com\/es\/wp-json\/wp\/v2\/product"}],"about":[{"href":"https:\/\/volovape.com\/es\/wp-json\/wp\/v2\/types\/product"}],"replies":[{"embeddable":true,"href":"https:\/\/volovape.com\/es\/wp-json\/wp\/v2\/comments?post=28647"}],"wp:featuredmedia":[{"embeddable":true,"href":"https:\/\/volovape.com\/es\/wp-json\/wp\/v2\/media\/28711"}],"wp:attachment":[{"href":"https:\/\/volovape.com\/es\/wp-json\/wp\/v2\/media?parent=28647"}],"wp:term":[{"taxonomy":"product_brand","embeddable":true,"href":"https:\/\/volovape.com\/es\/wp-json\/wp\/v2\/product_brand?post=28647"},{"taxonomy":"product_cat","embeddable":true,"href":"https:\/\/volovape.com\/es\/wp-json\/wp\/v2\/product_cat?post=28647"},{"taxonomy":"product_tag","embeddable":true,"href":"https:\/\/volovape.com\/es\/wp-json\/wp\/v2\/product_tag?post=28647"}],"curies":[{"name":"Gracias","href":"https:\/\/api.w.org\/{rel}","templated":true}]}}