{"id":28646,"date":"2025-03-21T06:47:18","date_gmt":"2025-03-21T06:47:18","guid":{"rendered":"https:\/\/volovape.com\/?post_type=product&#038;p=28646"},"modified":"2026-03-16T08:57:45","modified_gmt":"2026-03-16T08:57:45","slug":"uwin-crystal-10000-bocanadas-vape-desechable","status":"publish","type":"product","link":"https:\/\/volovape.com\/es\/product\/uwin-crystal-10000-puffs-disposable-vape\/","title":{"rendered":"Uwin Crystal 10000 Puffs recargable desechable vape | 15 sabores, 0-5% nicotina, al por mayor a granel"},"content":{"rendered":"<p><iframe title=\"Reproductor de v\u00eddeo de VideoPress\" aria-label='Reproductor de v\u00eddeo de VideoPress' width='421' height='750' src='https:\/\/videopress.com\/embed\/TT81Wr9Y?hd=0&amp;cover=1' frameborder='0' allowfullscreen allow='clipboard-write'><\/iframe><script src='https:\/\/v0.wordpress.com\/js\/next\/videopress-iframe.js?m=1739540970'><\/script><\/p>\n<p><strong>Uwin Crystal 10000 Puffs Vape Desechable Recargable<\/strong> - Experimenta un sabor y una duraci\u00f3n inigualables. Abast\u00e9cete de este vaporizador desechable de gran capacidad tanto para uso personal como para lucrativas oportunidades de venta al por mayor de vaporizadores desechables. Con una enorme <strong>Capacidad para 10.000 bocanadas<\/strong> y <strong>18 ml de e-l\u00edquido premium<\/strong>El Uwin Crystal proporciona un placer de vapeo prolongado. Elige entre <strong>30 sabores diferentes<\/strong> y potencias de nicotina de <strong>0%, 2%, 3% o 5%<\/strong> para satisfacer todas las preferencias. Equipado con un <strong>Bater\u00eda recargable de 650 mAh<\/strong> y <strong>Carga tipo C<\/strong>Este dispositivo garantiza un rendimiento duradero. El <strong>Bobina de malla de 0,8\u03a9<\/strong> mejora el sabor y la producci\u00f3n de vapor, mientras que el vibrante <strong>Luces RGB<\/strong> a\u00f1aden un toque de estilo. Ideales para pedidos al por mayor, cada caja contiene 10 unidades y cada cart\u00f3n 200 unidades.<\/p>\n<h3><strong>Uwin Crystal 10000 Puffs Caracter\u00edsticas:<\/strong><\/h3>\n<ul>\n<li>Puffs: 10.000 Puffs<\/li>\n<li>Capacidad del e-l\u00edquido: 18ml<\/li>\n<li>Intensidad de la nicotina: 0%\/2%\/3%\/5%<\/li>\n<li>Bater\u00eda: 650mAh Recargable<\/li>\n<li>Carga: Carga r\u00e1pida Tipo-C<\/li>\n<li>Bobina: 0.8\u03a9 Mesh Coil<\/li>\n<li>Luces: Luces RGB<\/li>\n<li>Sabores: 30 sabores \u00fanicos<\/li>\n<\/ul>\n<h4>Preguntas frecuentes<\/h4>\n<h5>\u00bfEn cu\u00e1nto tiempo puedo recibir mi pedido al por mayor?<\/h5>\n<p>Damos prioridad a un env\u00edo eficaz y normalmente realizamos las entregas en un plazo de 7 a 15 d\u00edas laborables. Sin embargo, durante los periodos punta o debido a circunstancias imprevistas como d\u00edas festivos o condiciones meteorol\u00f3gicas adversas, la entrega puede prolongarse hasta 20 d\u00edas laborables. Utilizamos transportistas de confianza como UPS, DHL, FEDEX y DPD, seleccionando la mejor opci\u00f3n en funci\u00f3n de su ubicaci\u00f3n de entrega para una velocidad y fiabilidad \u00f3ptimas.<\/p>\n<h5>\u00bfTendr\u00e1 mi pedido problemas de aduanas o gastos adicionales?<\/h5>\n<p>Nos encargamos de todos los procesos de despacho de aduanas, asegurando una experiencia sin complicaciones para usted. Garantizamos que 100% de nuestros productos pasar\u00e1n con \u00e9xito el control de aduanas, y usted no incurrir\u00e1 en ning\u00fan impuesto inesperado ni en cargos adicionales. Su pedido llegar\u00e1 sin problemas y directamente a su destino designado.<\/p>\n<h5>\u00bfEst\u00e1n correctamente representados los sabores y el n\u00famero de bocanadas?<\/h5>\n<p>S\u00ed, garantizamos la exactitud de toda la informaci\u00f3n relativa a los sabores y el n\u00famero de caladas. Seleccionamos y probamos meticulosamente cada producto para asegurarnos de que cumple nuestros rigurosos est\u00e1ndares y ofrece exactamente lo que se anuncia. Con 30 sabores \u00fanicos y una capacidad confirmada de 10.000 caladas, recibir\u00e1 siempre un producto de alta calidad. Tambi\u00e9n respaldamos la calidad de nuestros productos, permiti\u00e9ndole realizar compras seguras con pago a trav\u00e9s de Paypal y disponiendo de rese\u00f1as en <a href=\"https:\/\/www.trustpilot.com\/review\/volovape.com?utm_medium=trustbox&amp;utm_source=TrustBoxReviewCollector\">TrustPilot<\/a>.<\/p>","protected":false},"excerpt":{"rendered":"<p>Te presentamos el Vapeador Desechable Recargable Uwin Crystal 10000 Puffs -hasta 10.000 caladas, 15 sabores atrevidos y opciones de nicotina 0-5%. Con una bater\u00eda de 650mAh, carga Type-C y luces RGB, es perfecto para pedidos al por mayor en VoloVape. \u00a1Abast\u00e9cete ahora!<\/p>","protected":false},"featured_media":28694,"comment_status":"open","ping_status":"closed","template":"","meta":[],"product_brand":[],"product_cat":[57,224],"product_tag":[],"class_list":{"0":"post-28646","1":"product","2":"type-product","3":"status-publish","4":"has-post-thumbnail","6":"product_cat-10000-puffs-disposable-vape","7":"product_cat-uwin","9":"first","10":"instock","11":"shipping-taxable","12":"purchasable","13":"product-type-variable","14":"has-default-attributes"},"jetpack_sharing_enabled":true,"tiered_pricing_type":"fixed","tiered_pricing_fixed_rules":{"30":5.28000000000000024868995751603506505489349365234375,"50":4.75,"100":4.160000000000000142108547152020037174224853515625,"200":3.979999999999999982236431605997495353221893310546875,"400":3.5800000000000000710542735760100185871124267578125},"tiered_pricing_product_settings":{"layout":"default","base_unit_name":{"singular":null,"plural":null},"default_variation":null},"tiered_pricing_minimum_quantity":10,"tiered_pricing_roles_data":[],"tiered_pricing_percentage_rules":[],"tiered_pricing_maximum_quantity":null,"tiered_pricing_quantity_step":"10","_links":{"self":[{"href":"https:\/\/volovape.com\/es\/wp-json\/wp\/v2\/product\/28646","targetHints":{"allow":["GET"]}}],"collection":[{"href":"https:\/\/volovape.com\/es\/wp-json\/wp\/v2\/product"}],"about":[{"href":"https:\/\/volovape.com\/es\/wp-json\/wp\/v2\/types\/product"}],"replies":[{"embeddable":true,"href":"https:\/\/volovape.com\/es\/wp-json\/wp\/v2\/comments?post=28646"}],"wp:featuredmedia":[{"embeddable":true,"href":"https:\/\/volovape.com\/es\/wp-json\/wp\/v2\/media\/28694"}],"wp:attachment":[{"href":"https:\/\/volovape.com\/es\/wp-json\/wp\/v2\/media?parent=28646"}],"wp:term":[{"taxonomy":"product_brand","embeddable":true,"href":"https:\/\/volovape.com\/es\/wp-json\/wp\/v2\/product_brand?post=28646"},{"taxonomy":"product_cat","embeddable":true,"href":"https:\/\/volovape.com\/es\/wp-json\/wp\/v2\/product_cat?post=28646"},{"taxonomy":"product_tag","embeddable":true,"href":"https:\/\/volovape.com\/es\/wp-json\/wp\/v2\/product_tag?post=28646"}],"curies":[{"name":"Gracias","href":"https:\/\/api.w.org\/{rel}","templated":true}]}}