{"id":1269,"date":"2024-11-21T03:39:32","date_gmt":"2024-11-21T03:39:32","guid":{"rendered":"https:\/\/volovape.com\/?post_type=product&#038;p=1269"},"modified":"2025-09-08T03:35:43","modified_gmt":"2025-09-08T03:35:43","slug":"vape-desechable-de-30000-bocanadas-waspe-al-por-mayor","status":"publish","type":"product","link":"https:\/\/volovape.com\/es\/product\/waspe-30000-puffs-disposable-vape-wholesale\/","title":{"rendered":"WASPE 30000 puffs dual mesh vape desechable con bater\u00eda recargable 850mah"},"content":{"rendered":"<p>WASPE 30000 Puffs Dual Mesh Vape Desechable - 30.000 Puffs, Recargable<br \/>\n<strong>WASPE 30000 Puffs Dual Mesh Vape Desechable<\/strong> - Experimente una longevidad y un sabor sin precedentes.<\/p>\n<p>Mejore su experiencia de vapeo con el <strong>WASPE 30000<\/strong>un revolucionario vapeador desechable dise\u00f1ado para ofrecer el m\u00e1ximo rendimiento. Con la asombrosa cifra de 30.000 caladas, una generosa capacidad de 28 ml de e-l\u00edquido y una bater\u00eda recargable de 850 mAh con carga Type-C, este dispositivo garantiza sesiones de vapeo prolongadas sin concesiones. La avanzada tecnolog\u00eda de doble bobina de malla proporciona un vapor consistentemente rico y sabroso, por lo que es perfecto tanto para el disfrute personal como para pedidos al por mayor de vapeadores desechables a granel. Explora 16 opciones de sabores \u00fanicos, cada uno elaborado a la perfecci\u00f3n, y disfruta de la comodidad de un dispositivo de alta capacidad listo para usar.<\/p>\n<h3><strong>WASPE 30000 Caracter\u00edsticas\uff1a<\/strong><\/h3>\n<ul>\n<li>Bocanadas: Hasta 30.000 caladas<\/li>\n<li>Capacidad del e-l\u00edquido: 28ml<\/li>\n<li>Bater\u00eda: 850mAh (recargable)<\/li>\n<li>Carga: Tipo-C<\/li>\n<li>Bobina: Bobina Dual Mesh<\/li>\n<li>16 sabores \u00fanicos<\/li>\n<li>Dispositivo desechable<\/li>\n<\/ul>\n<h4>Preguntas frecuentes<\/h4>\n<h5>\u00bfQu\u00e9 m\u00e9todos de env\u00edo se utilizan?<\/h5>\n<p>Cooperamos con UPS\/DHL\/FEDEX\/DPD, etc. Elegiremos la opci\u00f3n de env\u00edo adecuada en funci\u00f3n del pa\u00eds de entrega para que reciba sus productos lo antes posible.<\/p>\n<h5>\u00bfCu\u00e1nto tarda en llegar?<\/h5>\n<p>Suele tardar entre 7 y 15 d\u00edas laborables, aunque puede llegar a 20 d\u00edas laborables en d\u00edas festivos o en condiciones meteorol\u00f3gicas adversas.<\/p>\n<h5>\u00bfPuede pasar por la aduana y me causar\u00e1 alg\u00fan problema?<\/h5>\n<p>Le garantizamos que no tendr\u00e1 ning\u00fan problema, ya que nos encargaremos del despacho de aduanas y no habr\u00e1 impuestos ni tasas. Garantizamos que 100% de nuestros productos pasar\u00e1n la aduana.<\/p>\n<h5>\u00bfQu\u00e9 hace especial a la tecnolog\u00eda de doble bobina de malla?<\/h5>\n<p>La doble bobina de malla del WASPE 30000 mejora la entrega de sabor y la producci\u00f3n de vapor, proporcionando una experiencia de vapeo consistentemente suave y satisfactoria con cada calada, maximizando el potencial de cada sabor.<\/p>\n<h5>\u00bfPuedo fiarme?<\/h5>\n<p>Apoyamos el pago de PayPal y el servicio de protecci\u00f3n del comprador.<br \/>\nTambi\u00e9n puede consultar nuestras rese\u00f1as en <a href=\"https:\/\/www.trustpilot.com\/review\/volovape.com?utm_medium=trustbox&amp;utm_source=TrustBoxReviewCollector\">TrustPilot<\/a><\/p>","protected":false},"excerpt":{"rendered":"<p>D\u00e9 rienda suelta a su resistencia con el vapeador desechable WASPE 30000 Puffs. Con 28ml de e-l\u00edquido, bater\u00eda de 850mAh, doble bobina de malla y 16 sabores. Disponible al por mayor, carga tipo C.<\/p>","protected":false},"featured_media":1491,"comment_status":"open","ping_status":"closed","template":"","meta":[],"product_brand":[],"product_cat":[46,63,21,18,39,20,23,24,22,25,26,27,28,29,30,31,32,33,34,35,44,36,40,17],"product_tag":[],"class_list":{"0":"post-1269","1":"product","2":"type-product","3":"status-publish","4":"has-post-thumbnail","6":"product_cat-fihp","7":"product_cat-30000-puffs-disposable-vape","8":"product_cat-big-puffs-vapes","9":"product_cat-different-puffs-of-disposable-vapes","10":"product_cat-digital-box-vapes","11":"product_cat-disposable-vape-types","12":"product_cat-disposable-vapes-in-austria","13":"product_cat-disposable-vapes-in-belgium","14":"product_cat-disposable-vapes-in-europe","15":"product_cat-disposable-vapes-in-france","16":"product_cat-disposable-vapes-in-germany","17":"product_cat-disposable-vapes-in-hungary","18":"product_cat-disposable-vapes-in-ltaly","19":"product_cat-disposable-vapes-in-netherlands","20":"product_cat-disposable-vapes-in-norway","21":"product_cat-disposable-vapes-in-poland","22":"product_cat-disposable-vapes-in-portugal","23":"product_cat-disposable-vapes-in-spain","24":"product_cat-disposable-vapes-in-sweden","25":"product_cat-disposable-vapes-in-switzerland","26":"product_cat-dual-mesh-vapes","27":"product_cat-rechargeable-vapes","28":"product_cat-smart-screen-vapes","29":"product_cat-waspe","31":"first","32":"instock","33":"shipping-taxable","34":"purchasable","35":"product-type-variable","36":"has-default-attributes"},"jetpack_sharing_enabled":true,"tiered_pricing_type":"fixed","tiered_pricing_fixed_rules":{"2000":5.5},"tiered_pricing_product_settings":{"layout":"default","base_unit_name":{"singular":null,"plural":null},"default_variation":null},"tiered_pricing_minimum_quantity":1000,"tiered_pricing_roles_data":[],"tiered_pricing_percentage_rules":[],"tiered_pricing_maximum_quantity":null,"tiered_pricing_quantity_step":"10","_links":{"self":[{"href":"https:\/\/volovape.com\/es\/wp-json\/wp\/v2\/product\/1269","targetHints":{"allow":["GET"]}}],"collection":[{"href":"https:\/\/volovape.com\/es\/wp-json\/wp\/v2\/product"}],"about":[{"href":"https:\/\/volovape.com\/es\/wp-json\/wp\/v2\/types\/product"}],"replies":[{"embeddable":true,"href":"https:\/\/volovape.com\/es\/wp-json\/wp\/v2\/comments?post=1269"}],"wp:featuredmedia":[{"embeddable":true,"href":"https:\/\/volovape.com\/es\/wp-json\/wp\/v2\/media\/1491"}],"wp:attachment":[{"href":"https:\/\/volovape.com\/es\/wp-json\/wp\/v2\/media?parent=1269"}],"wp:term":[{"taxonomy":"product_brand","embeddable":true,"href":"https:\/\/volovape.com\/es\/wp-json\/wp\/v2\/product_brand?post=1269"},{"taxonomy":"product_cat","embeddable":true,"href":"https:\/\/volovape.com\/es\/wp-json\/wp\/v2\/product_cat?post=1269"},{"taxonomy":"product_tag","embeddable":true,"href":"https:\/\/volovape.com\/es\/wp-json\/wp\/v2\/product_tag?post=1269"}],"curies":[{"name":"Gracias","href":"https:\/\/api.w.org\/{rel}","templated":true}]}}