{"id":1242,"date":"2024-11-21T03:39:04","date_gmt":"2024-11-21T03:39:04","guid":{"rendered":"https:\/\/volovape.com\/?post_type=product&#038;p=1242"},"modified":"2025-11-11T03:20:43","modified_gmt":"2025-11-11T03:20:43","slug":"vapme-shisha-pro-max-20000-caladas","status":"publish","type":"product","link":"https:\/\/volovape.com\/es\/product\/vapme-shisha-pro-max-20000-puffs\/","title":{"rendered":"Vapeador desechable VAPME Shisha Pro Max 20000 caladas - 28ml Potencia de sabor inspirada en la Shisha"},"content":{"rendered":"<p><strong>VAPME SHISHA PRO MAX 20000 Puffs Vape Desechable<\/strong> - Experimenta sabores inspirados en la shisha con una longevidad inigualable.<\/p>\n<p>Sum\u00e9rgete en el rico y variado mundo de los sabores de la shisha con el <strong>VAPME SHISHA PRO MAX 20000<\/strong>. Este vapeador desechable de gran capacidad ofrece unas impresionantes 20.000 caladas, alimentadas por un enorme dep\u00f3sito de e-l\u00edquido de 28 ml y una bater\u00eda recargable de 650 mAh con carga Type-C. Disfruta de una experiencia de vapeo prolongada y satisfactoria con 24 opciones de sabor \u00fanicas, dise\u00f1adas para replicar el aut\u00e9ntico sabor de la shisha tradicional. Perfecto para uso personal o para vapear al por mayor, este dispositivo ofrece comodidad y un rendimiento excepcional.<\/p>\n<h3><strong>VAPME SHISHA PRO MAX 20000 Caracter\u00edsticas\uff1a<\/strong><\/h3>\n<ul>\n<li>Bocanadas: Hasta 20.000 caladas<\/li>\n<li>Capacidad del e-l\u00edquido: 28ml<\/li>\n<li>Bater\u00eda: 650mAh (recargable)<\/li>\n<li>Carga: Tipo-C<\/li>\n<li>24 sabores \u00fanicos inspirados en la shisha<\/li>\n<li>Dispositivo desechable<\/li>\n<\/ul>\n<h4>Preguntas frecuentes<\/h4>\n<h5>\u00bfQu\u00e9 m\u00e9todos de env\u00edo se utilizan?<\/h5>\n<p>Cooperamos con UPS\/DHL\/FEDEX\/DPD, etc. Elegiremos la opci\u00f3n de env\u00edo adecuada en funci\u00f3n del pa\u00eds de entrega para que reciba sus productos lo antes posible.<\/p>\n<h5>\u00bfCu\u00e1nto tarda en llegar?<\/h5>\n<p>Suele tardar entre 7 y 15 d\u00edas laborables, aunque puede llegar a 20 d\u00edas laborables en d\u00edas festivos o en condiciones meteorol\u00f3gicas adversas.<\/p>\n<h5>\u00bfPuede pasar por la aduana y me causar\u00e1 alg\u00fan problema?<\/h5>\n<p>Le garantizamos que no tendr\u00e1 ning\u00fan problema, ya que nos encargaremos del despacho de aduanas y no habr\u00e1 impuestos ni tasas. Garantizamos que 100% de nuestros productos pasar\u00e1n la aduana.<\/p>\n<h5>\u00bfCu\u00e1ntos sabores diferentes hay disponibles?<\/h5>\n<p>La VAPME SHISHA PRO MAX ofrece una amplia selecci\u00f3n de 24 sabores \u00fanicos, cada uno cuidadosamente elaborado para replicar el rico y diverso sabor de la shisha tradicional.<\/p>\n<h5>\u00bfPuedo fiarme?<\/h5>\n<p>Apoyamos el pago de PayPal y el servicio de protecci\u00f3n del comprador.<br \/>\nTambi\u00e9n puede consultar nuestras rese\u00f1as en <a href=\"https:\/\/www.trustpilot.com\/review\/volovape.com?utm_medium=trustbox&amp;utm_source=TrustBoxReviewCollector\">TrustPilot<\/a>.<\/p>","protected":false},"excerpt":{"rendered":"<p>Comprar VAPME SHISHA PRO MAX 20000 Puffs Vape desechable al por mayor. Disfruta de ricos sabores inspirados en la shisha, 28ml e-liquid, carga r\u00e1pida. Perfecto para proveedores y revendedores de vape al por mayor.<\/p>","protected":false},"featured_media":1483,"comment_status":"open","ping_status":"closed","template":"","meta":[],"product_brand":[],"product_cat":[49,42,21,18,20,23,24,22,25,26,27,28,29,30,31,32,33,34,35,36,47,40],"product_tag":[],"class_list":{"0":"post-1242","1":"product","2":"type-product","3":"status-publish","4":"has-post-thumbnail","6":"product_cat-vapme","7":"product_cat-20000-puffs-disposable-vape","8":"product_cat-big-puffs-vapes","9":"product_cat-different-puffs-of-disposable-vapes","10":"product_cat-disposable-vape-types","11":"product_cat-disposable-vapes-in-austria","12":"product_cat-disposable-vapes-in-belgium","13":"product_cat-disposable-vapes-in-europe","14":"product_cat-disposable-vapes-in-france","15":"product_cat-disposable-vapes-in-germany","16":"product_cat-disposable-vapes-in-hungary","17":"product_cat-disposable-vapes-in-ltaly","18":"product_cat-disposable-vapes-in-netherlands","19":"product_cat-disposable-vapes-in-norway","20":"product_cat-disposable-vapes-in-poland","21":"product_cat-disposable-vapes-in-portugal","22":"product_cat-disposable-vapes-in-spain","23":"product_cat-disposable-vapes-in-sweden","24":"product_cat-disposable-vapes-in-switzerland","25":"product_cat-rechargeable-vapes","26":"product_cat-shisha-hookah-vapes","27":"product_cat-smart-screen-vapes","29":"first","30":"instock","31":"shipping-taxable","32":"purchasable","33":"product-type-variable","34":"has-default-attributes"},"jetpack_sharing_enabled":true,"tiered_pricing_type":"fixed","tiered_pricing_fixed_rules":{"2000":5.5999999999999996447286321199499070644378662109375},"tiered_pricing_product_settings":{"layout":"default","base_unit_name":{"singular":null,"plural":null},"default_variation":null},"tiered_pricing_minimum_quantity":1000,"tiered_pricing_roles_data":[],"tiered_pricing_percentage_rules":[],"tiered_pricing_maximum_quantity":null,"tiered_pricing_quantity_step":"10","_links":{"self":[{"href":"https:\/\/volovape.com\/es\/wp-json\/wp\/v2\/product\/1242","targetHints":{"allow":["GET"]}}],"collection":[{"href":"https:\/\/volovape.com\/es\/wp-json\/wp\/v2\/product"}],"about":[{"href":"https:\/\/volovape.com\/es\/wp-json\/wp\/v2\/types\/product"}],"replies":[{"embeddable":true,"href":"https:\/\/volovape.com\/es\/wp-json\/wp\/v2\/comments?post=1242"}],"wp:featuredmedia":[{"embeddable":true,"href":"https:\/\/volovape.com\/es\/wp-json\/wp\/v2\/media\/1483"}],"wp:attachment":[{"href":"https:\/\/volovape.com\/es\/wp-json\/wp\/v2\/media?parent=1242"}],"wp:term":[{"taxonomy":"product_brand","embeddable":true,"href":"https:\/\/volovape.com\/es\/wp-json\/wp\/v2\/product_brand?post=1242"},{"taxonomy":"product_cat","embeddable":true,"href":"https:\/\/volovape.com\/es\/wp-json\/wp\/v2\/product_cat?post=1242"},{"taxonomy":"product_tag","embeddable":true,"href":"https:\/\/volovape.com\/es\/wp-json\/wp\/v2\/product_tag?post=1242"}],"curies":[{"name":"Gracias","href":"https:\/\/api.w.org\/{rel}","templated":true}]}}