{"id":1240,"date":"2024-11-21T03:39:04","date_gmt":"2024-11-21T03:39:04","guid":{"rendered":"https:\/\/volovape.com\/?post_type=product&#038;p=1240"},"modified":"2025-08-07T08:19:48","modified_gmt":"2025-08-07T08:19:48","slug":"perdi-a-mary-mo10000","status":"publish","type":"product","link":"https:\/\/volovape.com\/es\/product\/lost-mary-mo10000\/","title":{"rendered":"Lost Mary MO10000 Vape desechable - 10.000 caladas, bobina de malla, prevenci\u00f3n de golpe seco"},"content":{"rendered":"<p><strong>Lost Mary MO10000 Vape desechable<\/strong> - Experimenta 10.000 caladas de sabor puro con prevenci\u00f3n avanzada de golpe seco.<\/p>\n<p>Sum\u00e9rgete en un largo viaje de vapeo con el Lost Mary MO10000, que ofrece hasta 10.000 caladas con una generosa capacidad de 18 ml de e-l\u00edquido. Este vapeador desechable de alta capacidad est\u00e1 alimentado por una bater\u00eda recargable de 600mAh, asegurando que permanezca encendido durante todo el d\u00eda. Disfrute de un sabor rico y consistente gracias a la refinada tecnolog\u00eda de bobina de malla, y nunca se preocupe por los golpes quemados con la innovadora funci\u00f3n de prevenci\u00f3n de golpe seco. Disponible en una amplia gama de 15 sabores \u00fanicos, desde Blue Dragon Fruit Peach hasta Strawberry Grapefruit, este dispositivo satisface todos los paladares. Perfecto para uso personal o para pedidos al por mayor, el Lost Mary MO10000 combina la comodidad con un rendimiento superior. Su elegante dise\u00f1o de ondulaci\u00f3n brillante a\u00f1ade un toque de elegancia a su experiencia vaping. Ideal para aquellos que buscan un vapeador desechable premium con un rendimiento duradero.<\/p>\n<h3><strong>Lost Mary MO10000 Caracter\u00edsticas:<\/strong><\/h3>\n<ul>\n<li>Puffs: Hasta 10.000<\/li>\n<li>Capacidad del e-l\u00edquido: 18ml<\/li>\n<li>Bater\u00eda: 600mAh (recargable)<\/li>\n<li>Carga: Tipo-C<\/li>\n<li>Bobina: Bobina de malla refinada<\/li>\n<li>Potencia de nicotina: 5% (20mg\/ml)<\/li>\n<li>Dise\u00f1o: Ondulaci\u00f3n brillante<\/li>\n<li>Prevenci\u00f3n inteligente de golpes secos<\/li>\n<\/ul>\n<h4>Preguntas frecuentes<\/h4>\n<h5>\u00bfC\u00f3mo funciona la prevenci\u00f3n del golpe seco?<\/h5>\n<p>El MO10000 de Lost Mary est\u00e1 dise\u00f1ado con tecnolog\u00eda inteligente que monitoriza la bobina y los niveles de e-l\u00edquido. Este sistema ajusta autom\u00e1ticamente la entrega de energ\u00eda para evitar que la bobina se sobrecaliente, asegurando un sabor consistente y evitando sabores quemados, proporcionando un vape suave y agradable cada vez.<\/p>\n<h5>\u00bfQu\u00e9 m\u00e9todos de env\u00edo se utilizan?<\/h5>\n<p>Cooperamos con UPS\/DHL\/FEDEX\/DPD, etc. Elegiremos la opci\u00f3n de env\u00edo adecuada en funci\u00f3n del pa\u00eds de entrega para que reciba sus productos lo antes posible.<\/p>\n<h5>\u00bfCu\u00e1nto tarda en llegar?<\/h5>\n<p>Suele tardar entre 7 y 15 d\u00edas laborables, aunque puede llegar a 20 d\u00edas laborables en d\u00edas festivos o en condiciones meteorol\u00f3gicas adversas.<\/p>\n<h5>\u00bfPuede pasar por la aduana y me causar\u00e1 alg\u00fan problema?<\/h5>\n<p>Le garantizamos que no tendr\u00e1 ning\u00fan problema, ya que nos encargaremos del despacho de aduanas y no habr\u00e1 impuestos ni tasas. Garantizamos que 100% de nuestros productos pasar\u00e1n la aduana.<\/p>\n<h5>\u00bfPuedo fiarme?<\/h5>\n<p>Apoyamos el pago de PayPal y el servicio de protecci\u00f3n del comprador. Tambi\u00e9n puede consultar nuestros comentarios en <a href=\"https:\/\/www.trustpilot.com\/review\/volovape.com?utm_medium=trustbox&amp;utm_source=TrustBoxReviewCollector\">TrustPilot<\/a>.<\/p>","protected":false},"excerpt":{"rendered":"<p>Eleva el vapeo con el Vapeador Desechable Lost Mary MO10000. Ofrece 18ml de e-l\u00edquido, bater\u00eda de 600mAh, bobina de malla, prevenci\u00f3n de golpe seco, 5% nicotina. Venta al por mayor, m\u00faltiples sabores, carga Tipo-C.<\/p>","protected":false},"featured_media":1437,"comment_status":"open","ping_status":"closed","template":"","meta":[],"product_brand":[],"product_cat":[73,57,21,18,20,23,24,22,25,26,27,28,29,30,31,32,33,34,35,36],"product_tag":[],"class_list":{"0":"post-1240","1":"product","2":"type-product","3":"status-publish","4":"has-post-thumbnail","6":"product_cat-lost-mary","7":"product_cat-10000-puffs-disposable-vape","8":"product_cat-big-puffs-vapes","9":"product_cat-different-puffs-of-disposable-vapes","10":"product_cat-disposable-vape-types","11":"product_cat-disposable-vapes-in-austria","12":"product_cat-disposable-vapes-in-belgium","13":"product_cat-disposable-vapes-in-europe","14":"product_cat-disposable-vapes-in-france","15":"product_cat-disposable-vapes-in-germany","16":"product_cat-disposable-vapes-in-hungary","17":"product_cat-disposable-vapes-in-ltaly","18":"product_cat-disposable-vapes-in-netherlands","19":"product_cat-disposable-vapes-in-norway","20":"product_cat-disposable-vapes-in-poland","21":"product_cat-disposable-vapes-in-portugal","22":"product_cat-disposable-vapes-in-spain","23":"product_cat-disposable-vapes-in-sweden","24":"product_cat-disposable-vapes-in-switzerland","25":"product_cat-rechargeable-vapes","27":"first","28":"instock","29":"shipping-taxable","30":"purchasable","31":"product-type-variable","32":"has-default-attributes"},"jetpack_sharing_enabled":true,"tiered_pricing_type":"fixed","tiered_pricing_fixed_rules":{"2000":6.5},"tiered_pricing_product_settings":{"layout":"default","base_unit_name":{"singular":null,"plural":null},"default_variation":null},"tiered_pricing_minimum_quantity":1000,"tiered_pricing_roles_data":[],"tiered_pricing_percentage_rules":[],"tiered_pricing_maximum_quantity":null,"tiered_pricing_quantity_step":"100","_links":{"self":[{"href":"https:\/\/volovape.com\/es\/wp-json\/wp\/v2\/product\/1240","targetHints":{"allow":["GET"]}}],"collection":[{"href":"https:\/\/volovape.com\/es\/wp-json\/wp\/v2\/product"}],"about":[{"href":"https:\/\/volovape.com\/es\/wp-json\/wp\/v2\/types\/product"}],"replies":[{"embeddable":true,"href":"https:\/\/volovape.com\/es\/wp-json\/wp\/v2\/comments?post=1240"}],"wp:featuredmedia":[{"embeddable":true,"href":"https:\/\/volovape.com\/es\/wp-json\/wp\/v2\/media\/1437"}],"wp:attachment":[{"href":"https:\/\/volovape.com\/es\/wp-json\/wp\/v2\/media?parent=1240"}],"wp:term":[{"taxonomy":"product_brand","embeddable":true,"href":"https:\/\/volovape.com\/es\/wp-json\/wp\/v2\/product_brand?post=1240"},{"taxonomy":"product_cat","embeddable":true,"href":"https:\/\/volovape.com\/es\/wp-json\/wp\/v2\/product_cat?post=1240"},{"taxonomy":"product_tag","embeddable":true,"href":"https:\/\/volovape.com\/es\/wp-json\/wp\/v2\/product_tag?post=1240"}],"curies":[{"name":"Gracias","href":"https:\/\/api.w.org\/{rel}","templated":true}]}}