{"id":1167,"date":"2024-11-21T03:37:57","date_gmt":"2024-11-21T03:37:57","guid":{"rendered":"https:\/\/volovape.com\/?post_type=product&#038;p=1167"},"modified":"2025-07-13T13:48:06","modified_gmt":"2025-07-13T13:48:06","slug":"inhalaciones-vapsolo-dg18000","status":"publish","type":"product","link":"https:\/\/volovape.com\/es\/product\/vapsolo-dg18000-puffs\/","title":{"rendered":"Vapsolo DG18000 Puffs Vape Desechable - 28ml Capacidad, 0.9\u03a9 Resistencia"},"content":{"rendered":"<p><iframe title=\"Reproductor de v\u00eddeo de VideoPress\" aria-label='Reproductor de v\u00eddeo de VideoPress' width='500' height='281' src='https:\/\/videopress.com\/embed\/ss3cmXiS?hd=0&amp;cover=1' frameborder='0' allowfullscreen allow='clipboard-write'><\/iframe><script src='https:\/\/v0.wordpress.com\/js\/next\/videopress-iframe.js?m=1739540970'><\/script><\/p>\n<p><strong>Vapsolo DG18000 Puffs Vape desechable<\/strong> - Longevidad inigualable y vapor suave en un dispositivo de gran capacidad.<\/p>\n<p>El <strong>Bocanadas Vapsolo DG18000<\/strong> est\u00e1 dise\u00f1ado para los vapeadores que exigen un uso prolongado y un rendimiento superior. Con una impresionante <strong>18.000 puff<\/strong> capacidad, una enorme <strong>Dep\u00f3sito de e-l\u00edquido de 28 ml<\/strong>, y un <strong>Bater\u00eda recargable de 650 mAh<\/strong>este dispositivo ofrece una longevidad y una comodidad inigualables. El dise\u00f1o optimizado <strong>Resistencia de 0,9\u03a9<\/strong> garantiza una producci\u00f3n de vapor suave y sabrosa. Elija entre <strong>Concentraciones de nicotina 2% y 5%<\/strong>. Ideal para los vapers que buscan un disfrute de larga duraci\u00f3n, el Vapsolo DG18000 es perfecto para uso personal y <strong>vape desechable al por mayor<\/strong>. <strong>Pedidos a granel<\/strong> opciones disponibles para los minoristas.<\/p>\n<h3><strong>Vapsolo DG18000 Puffs Caracter\u00edsticas:<\/strong><\/h3>\n<ul>\n<li>Puffs: Hasta 18.000<\/li>\n<li>Capacidad del e-l\u00edquido: 28ml<\/li>\n<li>Bater\u00eda: 650mAh (recargable)<\/li>\n<li>Carga: Tipo-C<\/li>\n<li>Resistencia: 0.9\u03a9<\/li>\n<li>Potencias de nicotina: 2%, 5%<\/li>\n<li>Sabores disponibles: Melocot\u00f3n Mango Pi\u00f1a, Fruta de la Pasi\u00f3n Kiwi Ice, Ar\u00e1ndano Cereza Ar\u00e1ndano, Sand\u00eda Ice, Fresa Kiwi, Lim\u00f3n Lima, Fresa Pl\u00e1tano, Red Bull, Mezcla de Bayas, Prime Fresa Sand\u00eda.<\/li>\n<\/ul>\n<h4>Preguntas frecuentes<\/h4>\n<h5>C\u00f3mo mejora la experiencia de vapeo la resistencia de 0,9\u03a9?<\/h5>\n<p>La resistencia de 0,9\u03a9 est\u00e1 espec\u00edficamente dise\u00f1ada para proporcionar un equilibrio entre sabor y producci\u00f3n de vapor. Esta resistencia asegura un vapor consistente y suave, proporcionando sabores ricos y satisfactorios con cada calada. Est\u00e1 optimizado para una experiencia de vapeo c\u00f3moda y agradable.<\/p>\n<h5>\u00bfCu\u00e1les son las ventajas de la capacidad de 18.000 caladas y el dep\u00f3sito de e-l\u00edquido de 28 ml?<\/h5>\n<p>La capacidad de 18.000 caladas y el dep\u00f3sito de e-l\u00edquido de 28 ml ofrecen un uso prolongado, minimizando la necesidad de reemplazos frecuentes. Esto hace que el Vapsolo DG18000 ideal para los usuarios que quieren una soluci\u00f3n vaping duradera y conveniente, perfecto para viajes o uso diario.<\/p>\n<h5>\u00bfCon qu\u00e9 rapidez se recarga la bater\u00eda de 650 mAh?<\/h5>\n<p>La bater\u00eda de 650 mAh admite largas sesiones de vapeo y se recarga r\u00e1pidamente mediante carga Type-C. Esto garantiza un tiempo de inactividad m\u00ednimo, lo que le permite disfrutar de su dispositivo sin largas esperas.<\/p>\n<h5>\u00bfQu\u00e9 m\u00e9todos de env\u00edo se utilizan?<\/h5>\n<p>Colaboramos con transportistas de confianza como UPS, DHL, FedEx y DPD para garantizar una entrega eficaz y segura. Seleccionamos el m\u00e9todo de env\u00edo m\u00e1s adecuado en funci\u00f3n de su ubicaci\u00f3n para hacerle llegar su pedido lo antes posible.<\/p>\n<h5>\u00bfPuedo fiarme de mi compra?<\/h5>\n<p>Damos prioridad a la satisfacci\u00f3n del cliente y ofrecemos opciones de pago seguras, incluido PayPal con protecci\u00f3n del comprador. Tambi\u00e9n puedes ver las opiniones de los clientes en TrustPilot: <a href=\"https:\/\/www.trustpilot.com\/review\/volovape.com?utm_medium=trustbox&amp;utm_source=TrustBoxReviewCollector\">TrustPilot<\/a>.<\/p>","protected":false},"excerpt":{"rendered":"<p>Abastecerse de Vapsolo DG18000 Puffs Vape desechables a granel. Con 28 ml de e-l\u00edquido, 2% y 5% opciones de nicotina, y el vapor suave, es ideal para los proveedores de vapor al por mayor y minoristas.<\/p>","protected":false},"featured_media":1388,"comment_status":"open","ping_status":"closed","template":"","meta":[],"product_brand":[],"product_cat":[72,50,21,18,39,20,23,24,22,25,26,27,28,29,30,31,32,33,34,35,36,40],"product_tag":[],"class_list":{"0":"post-1167","1":"product","2":"type-product","3":"status-publish","4":"has-post-thumbnail","6":"product_cat-vapsolo","7":"product_cat-18000-puffs-disposable-vape","8":"product_cat-big-puffs-vapes","9":"product_cat-different-puffs-of-disposable-vapes","10":"product_cat-digital-box-vapes","11":"product_cat-disposable-vape-types","12":"product_cat-disposable-vapes-in-austria","13":"product_cat-disposable-vapes-in-belgium","14":"product_cat-disposable-vapes-in-europe","15":"product_cat-disposable-vapes-in-france","16":"product_cat-disposable-vapes-in-germany","17":"product_cat-disposable-vapes-in-hungary","18":"product_cat-disposable-vapes-in-ltaly","19":"product_cat-disposable-vapes-in-netherlands","20":"product_cat-disposable-vapes-in-norway","21":"product_cat-disposable-vapes-in-poland","22":"product_cat-disposable-vapes-in-portugal","23":"product_cat-disposable-vapes-in-spain","24":"product_cat-disposable-vapes-in-sweden","25":"product_cat-disposable-vapes-in-switzerland","26":"product_cat-rechargeable-vapes","27":"product_cat-smart-screen-vapes","29":"first","30":"instock","31":"shipping-taxable","32":"purchasable","33":"product-type-variable","34":"has-default-attributes"},"jetpack_sharing_enabled":true,"tiered_pricing_type":"fixed","tiered_pricing_fixed_rules":{"2000":6.9900000000000002131628207280300557613372802734375},"tiered_pricing_product_settings":{"layout":"default","base_unit_name":{"singular":null,"plural":null},"default_variation":null},"tiered_pricing_minimum_quantity":1000,"tiered_pricing_roles_data":[],"tiered_pricing_percentage_rules":[],"tiered_pricing_maximum_quantity":null,"tiered_pricing_quantity_step":"10","_links":{"self":[{"href":"https:\/\/volovape.com\/es\/wp-json\/wp\/v2\/product\/1167","targetHints":{"allow":["GET"]}}],"collection":[{"href":"https:\/\/volovape.com\/es\/wp-json\/wp\/v2\/product"}],"about":[{"href":"https:\/\/volovape.com\/es\/wp-json\/wp\/v2\/types\/product"}],"replies":[{"embeddable":true,"href":"https:\/\/volovape.com\/es\/wp-json\/wp\/v2\/comments?post=1167"}],"wp:featuredmedia":[{"embeddable":true,"href":"https:\/\/volovape.com\/es\/wp-json\/wp\/v2\/media\/1388"}],"wp:attachment":[{"href":"https:\/\/volovape.com\/es\/wp-json\/wp\/v2\/media?parent=1167"}],"wp:term":[{"taxonomy":"product_brand","embeddable":true,"href":"https:\/\/volovape.com\/es\/wp-json\/wp\/v2\/product_brand?post=1167"},{"taxonomy":"product_cat","embeddable":true,"href":"https:\/\/volovape.com\/es\/wp-json\/wp\/v2\/product_cat?post=1167"},{"taxonomy":"product_tag","embeddable":true,"href":"https:\/\/volovape.com\/es\/wp-json\/wp\/v2\/product_tag?post=1167"}],"curies":[{"name":"Gracias","href":"https:\/\/api.w.org\/{rel}","templated":true}]}}