{"id":1166,"date":"2024-11-21T03:37:57","date_gmt":"2024-11-21T03:37:57","guid":{"rendered":"https:\/\/volovape.com\/?post_type=product&#038;p=1166"},"modified":"2025-08-07T08:19:46","modified_gmt":"2025-08-07T08:19:46","slug":"vapsolo-viking-12000-caladas","status":"publish","type":"product","link":"https:\/\/volovape.com\/es\/product\/vapsolo-viking-12000-puffs\/","title":{"rendered":"VapSolo Viking 12000 Puffs Vape Desechable - Flujo de aire ajustable, bobina de malla, LCD"},"content":{"rendered":"<p><iframe title=\"Reproductor de v\u00eddeo de VideoPress\" aria-label='Reproductor de v\u00eddeo de VideoPress' width='500' height='281' src='https:\/\/videopress.com\/embed\/ngfVq1VJ?hd=0&amp;cover=1' frameborder='0' allowfullscreen allow='clipboard-write'><\/iframe><script src='https:\/\/v0.wordpress.com\/js\/next\/videopress-iframe.js?m=1739540970'><\/script><\/p>\n<p><strong>Vape desechable VapSolo Viking de 12000 bocanadas<\/strong> - Vaping personalizado con flujo de aire ajustable y pantalla LCD.<\/p>\n<p>El <strong>VapSolo Viking 12000 Puffs<\/strong> El vaporizador desechable ofrece una experiencia de vaporizaci\u00f3n personalizable con sus <strong>Flujo de aire ajustable de 4 niveles<\/strong>que le permite cambiar entre los estilos MTL y DTL. Con hasta <strong>12.000 bocanadas<\/strong>un generoso <strong>Dep\u00f3sito de e-l\u00edquido de 22 ml<\/strong>, y un <strong>Bater\u00eda recargable de 650 mAh<\/strong>este dispositivo ofrece un valor y una longevidad excepcionales. El <strong>Bobina de malla de 1,0\u03a9<\/strong> garantiza un vapor siempre suave y sabroso, mientras que el <strong>Pantalla LCD<\/strong> permite controlar en tiempo real la duraci\u00f3n de la bater\u00eda y el estado del vapeo. Ideal para vapeadores que buscan un control personalizado, el VapSolo Viking es perfecto para uso personal y <strong>vape desechable al por mayor<\/strong>. <strong>Pedidos a granel<\/strong> opciones disponibles para los minoristas.<\/p>\n<h3><strong>VapSolo Viking 12000 Puffs Caracter\u00edsticas:<\/strong><\/h3>\n<ul>\n<li>Puffs: Hasta 12.000<\/li>\n<li>Capacidad del e-l\u00edquido: 22ml<\/li>\n<li>Bater\u00eda: 650mAh (recargable)<\/li>\n<li>Carga: Tipo-C<\/li>\n<li>Bobina: 1.0\u03a9 Mesh Coil<\/li>\n<li>Flujo de aire: Ajustable en 4 niveles<\/li>\n<li>Pantalla: LCD (Bater\u00eda y Estado Vape)<\/li>\n<li>Sabores disponibles: Ar\u00e1ndano Frambuesa, Ar\u00e1ndano, Cereza, Sand\u00eda Hielo, Fresa Kiwi, Fresa Sand\u00eda, Ar\u00e1ndano Cereza Ar\u00e1ndano, Lima Lim\u00f3n, Gomita Oso, Fresa Pl\u00e1tano, Menta Fresca, Fresa Frambuesa Hielo, Melocot\u00f3n Lim\u00f3n, Manzana Roja Hielo.<\/li>\n<\/ul>\n<h4>Preguntas frecuentes<\/h4>\n<h5>\u00bfC\u00f3mo mejora la experiencia de vapeo el flujo de aire ajustable en 4 niveles?<\/h5>\n<p>El flujo de aire ajustable en 4 niveles permite a los usuarios ajustar con precisi\u00f3n su calada, cambiando entre un estilo MTL (boca a pulm\u00f3n) apretado para un sabor m\u00e1s concentrado y un estilo DTL (directo a pulm\u00f3n) m\u00e1s suelto para nubes de vapor m\u00e1s grandes. Esta versatilidad se adapta a las preferencias individuales, proporcionando una experiencia de vapeo personalizada y satisfactoria.<\/p>\n<h5>\u00bfCu\u00e1les son las ventajas de la pantalla LCD?<\/h5>\n<p>La pantalla LCD proporciona informaci\u00f3n en tiempo real sobre la duraci\u00f3n de la bater\u00eda y el estado del vapeo, lo que permite a los usuarios controlar f\u00e1cilmente el estado de su dispositivo. Esta caracter\u00edstica garantiza que siempre est\u00e9 informado y pueda planificar sus sesiones de vapeo en consecuencia, mejorando la comodidad y evitando interrupciones inesperadas.<\/p>\n<h5>C\u00f3mo contribuye la bobina de malla 1.0\u03a9 al sabor y la producci\u00f3n de vapor?<\/h5>\n<p>La bobina de malla 1.0\u03a9 est\u00e1 dise\u00f1ada para proporcionar un calentamiento consistente y uniforme, lo que resulta en una producci\u00f3n de vapor suave, rica y sabrosa. Esta bobina asegura que cada calada es satisfactoria y maximiza la entrega de sabor del e-l\u00edquido.<\/p>\n<h5>\u00bfQu\u00e9 m\u00e9todos de env\u00edo se utilizan?<\/h5>\n<p>Colaboramos con transportistas de confianza como UPS, DHL, FedEx y DPD para garantizar una entrega eficaz y segura. Seleccionamos el m\u00e9todo de env\u00edo m\u00e1s adecuado en funci\u00f3n de su ubicaci\u00f3n para hacerle llegar su pedido lo antes posible.<\/p>\n<h5>\u00bfPuedo fiarme de mi compra?<\/h5>\n<p>Damos prioridad a la satisfacci\u00f3n del cliente y ofrecemos opciones de pago seguras, incluido PayPal con protecci\u00f3n del comprador. Tambi\u00e9n puedes ver las opiniones de los clientes en TrustPilot: <a href=\"https:\/\/www.trustpilot.com\/review\/volovape.com?utm_medium=trustbox&amp;utm_source=TrustBoxReviewCollector\">TrustPilot<\/a>.<\/p>","protected":false},"excerpt":{"rendered":"<p>VapSolo Viking 12000 Puffs Vape desechable al por mayor. Flujo de aire ajustable, pantalla LCD, y el sabor suave lo hacen perfecto para los compradores al por mayor vape y revendedores que buscan opciones de alto rendimiento.<\/p>","protected":false},"featured_media":1373,"comment_status":"open","ping_status":"closed","template":"","meta":[],"product_brand":[],"product_cat":[72,38,21,18,39,20,23,24,22,25,26,27,28,29,30,31,32,33,34,35,36,40],"product_tag":[],"class_list":{"0":"post-1166","1":"product","2":"type-product","3":"status-publish","4":"has-post-thumbnail","6":"product_cat-vapsolo","7":"product_cat-12000-puffs-disposable-vape","8":"product_cat-big-puffs-vapes","9":"product_cat-different-puffs-of-disposable-vapes","10":"product_cat-digital-box-vapes","11":"product_cat-disposable-vape-types","12":"product_cat-disposable-vapes-in-austria","13":"product_cat-disposable-vapes-in-belgium","14":"product_cat-disposable-vapes-in-europe","15":"product_cat-disposable-vapes-in-france","16":"product_cat-disposable-vapes-in-germany","17":"product_cat-disposable-vapes-in-hungary","18":"product_cat-disposable-vapes-in-ltaly","19":"product_cat-disposable-vapes-in-netherlands","20":"product_cat-disposable-vapes-in-norway","21":"product_cat-disposable-vapes-in-poland","22":"product_cat-disposable-vapes-in-portugal","23":"product_cat-disposable-vapes-in-spain","24":"product_cat-disposable-vapes-in-sweden","25":"product_cat-disposable-vapes-in-switzerland","26":"product_cat-rechargeable-vapes","27":"product_cat-smart-screen-vapes","29":"first","30":"instock","31":"shipping-taxable","32":"purchasable","33":"product-type-variable","34":"has-default-attributes"},"jetpack_sharing_enabled":true,"tiered_pricing_type":"fixed","tiered_pricing_fixed_rules":{"2000":5.6500000000000003552713678800500929355621337890625},"tiered_pricing_product_settings":{"layout":"default","base_unit_name":{"singular":null,"plural":null},"default_variation":null},"tiered_pricing_minimum_quantity":1000,"tiered_pricing_roles_data":[],"tiered_pricing_percentage_rules":[],"tiered_pricing_maximum_quantity":null,"tiered_pricing_quantity_step":"10","_links":{"self":[{"href":"https:\/\/volovape.com\/es\/wp-json\/wp\/v2\/product\/1166","targetHints":{"allow":["GET"]}}],"collection":[{"href":"https:\/\/volovape.com\/es\/wp-json\/wp\/v2\/product"}],"about":[{"href":"https:\/\/volovape.com\/es\/wp-json\/wp\/v2\/types\/product"}],"replies":[{"embeddable":true,"href":"https:\/\/volovape.com\/es\/wp-json\/wp\/v2\/comments?post=1166"}],"wp:featuredmedia":[{"embeddable":true,"href":"https:\/\/volovape.com\/es\/wp-json\/wp\/v2\/media\/1373"}],"wp:attachment":[{"href":"https:\/\/volovape.com\/es\/wp-json\/wp\/v2\/media?parent=1166"}],"wp:term":[{"taxonomy":"product_brand","embeddable":true,"href":"https:\/\/volovape.com\/es\/wp-json\/wp\/v2\/product_brand?post=1166"},{"taxonomy":"product_cat","embeddable":true,"href":"https:\/\/volovape.com\/es\/wp-json\/wp\/v2\/product_cat?post=1166"},{"taxonomy":"product_tag","embeddable":true,"href":"https:\/\/volovape.com\/es\/wp-json\/wp\/v2\/product_tag?post=1166"}],"curies":[{"name":"Gracias","href":"https:\/\/api.w.org\/{rel}","templated":true}]}}