{"id":1121,"date":"2024-11-21T03:37:34","date_gmt":"2024-11-21T03:37:34","guid":{"rendered":"https:\/\/volovape.com\/?post_type=product&#038;p=1121"},"modified":"2025-07-24T07:11:26","modified_gmt":"2025-07-24T07:11:26","slug":"vapsolo-super-15000-bocanadas","status":"publish","type":"product","link":"https:\/\/volovape.com\/es\/product\/vapsolo-super-15000-puffs\/","title":{"rendered":"Vapsolo Super 15000 puffs 4 niveles de flujo de aire ajustable vape desechable - recargable con tipo-c (2%\/5% nicotina)"},"content":{"rendered":"<p><iframe title=\"Reproductor de v\u00eddeo de VideoPress\" aria-label='Reproductor de v\u00eddeo de VideoPress' width='421' height='750' src='https:\/\/videopress.com\/embed\/pTqryXkY?hd=0&amp;cover=1' frameborder='0' allowfullscreen allow='clipboard-write'><\/iframe><script src='https:\/\/v0.wordpress.com\/js\/next\/videopress-iframe.js?m=1739540970'><\/script><\/p>\n<p><strong>Vapsolo Super 15000 Puffs Vape Desechable<\/strong> - Vaping personalizado con flujo de aire ajustable en 4 niveles.<\/p>\n<p>El <strong>Vapsolo Super 15000 bocanadas<\/strong> vape desechable ofrece una experiencia de vapeo personalizable con su <strong>Flujo de aire ajustable de 4 niveles<\/strong>que le permite cambiar entre los estilos MTL y DTL. Con hasta <strong>15.000 bocanadas<\/strong>un generoso <strong>Dep\u00f3sito de e-l\u00edquido de 25 ml<\/strong>, y un <strong>Bater\u00eda recargable de 650 mAh<\/strong>Este aparato ofrece una longevidad y una comodidad excepcionales. El <strong>Bobina de malla de 1,0\u03a9<\/strong> garantiza un vapor suave y sabroso. Elija entre <strong>Concentraciones de nicotina 2% y 5%<\/strong>. Ideal para vapers que disfrutan de vaping personalizado, el Vapsolo Super es perfecto para uso personal y <strong>vape desechable al por mayor<\/strong>. <strong>Pedidos a granel<\/strong> opciones disponibles para los minoristas.<\/p>\n<h3><strong>Vapsolo Super 15000 Puffs Caracter\u00edsticas:<\/strong><\/h3>\n<ul>\n<li>Puffs: Hasta 15.000<\/li>\n<li>Capacidad del e-l\u00edquido: 25ml<\/li>\n<li>Bater\u00eda: 650mAh (recargable)<\/li>\n<li>Carga: Tipo-C<\/li>\n<li>Bobina: 1.0\u03a9 Mesh Coil<\/li>\n<li>Flujo de aire: Ajustable en 4 niveles<\/li>\n<li>Potencias de nicotina: 2%, 5%<\/li>\n<li>Sabores disponibles: Blue Razz, Blueberry Ice, Double Apple, Watermelon Ice, Strawberry Kiwi, Mixed Berry, Red Bull, Blueberry Cherry Cranberry, Lemon Lime, Skittles, Strawberry Banana, Raspberry Watermelon, Blueberry Cherry Cola, Black Ice Dragonfruit Strawberry.<\/li>\n<\/ul>\n<h4>Preguntas frecuentes<\/h4>\n<h5>\u00bfC\u00f3mo mejora la experiencia de vapeo el flujo de aire ajustable en 4 niveles?<\/h5>\n<p>El flujo de aire ajustable en 4 niveles permite a los usuarios personalizar su calada, cambiando entre un estilo MTL (boca a pulm\u00f3n) apretado para un sabor m\u00e1s concentrado y un estilo DTL (directo a pulm\u00f3n) m\u00e1s suelto para nubes de vapor m\u00e1s grandes. Esta versatilidad se adapta a las preferencias individuales, proporcionando una experiencia de vapeo personalizada y satisfactoria.<\/p>\n<h5>Cu\u00e1les son las ventajas de la bobina de malla 1.0\u03a9?<\/h5>\n<p>La bobina de malla 1.0\u03a9 est\u00e1 dise\u00f1ada para proporcionar un calentamiento consistente y uniforme, lo que resulta en una producci\u00f3n de vapor suave, rica y sabrosa. Esta bobina asegura que cada calada es satisfactoria y maximiza la entrega de sabor del e-l\u00edquido.<\/p>\n<h5>\u00bfCu\u00e1nto dura la bater\u00eda y con qu\u00e9 rapidez se recarga?<\/h5>\n<p>La bater\u00eda recargable de 650 mAh est\u00e1 dise\u00f1ada para un rendimiento duradero y admite hasta 15.000 caladas. Con la carga Type-C, el dispositivo se recarga r\u00e1pidamente, minimizando el tiempo de inactividad y garantizando que puedas disfrutar de tu vapeo sin largas esperas.<\/p>\n<h5>\u00bfQu\u00e9 m\u00e9todos de env\u00edo se utilizan?<\/h5>\n<p>Colaboramos con transportistas de confianza como UPS, DHL, FedEx y DPD para garantizar una entrega eficaz y segura. Seleccionamos el m\u00e9todo de env\u00edo m\u00e1s adecuado en funci\u00f3n de su ubicaci\u00f3n para hacerle llegar su pedido lo antes posible.<\/p>\n<h5>\u00bfPuedo fiarme de mi compra?<\/h5>\n<p>Damos prioridad a la satisfacci\u00f3n del cliente y ofrecemos opciones de pago seguras, incluido PayPal con protecci\u00f3n del comprador. Tambi\u00e9n puedes ver las opiniones de los clientes en TrustPilot: <a href=\"https:\/\/www.trustpilot.com\/review\/volovape.com?utm_medium=trustbox&amp;utm_source=TrustBoxReviewCollector\">TrustPilot<\/a>.<\/p>","protected":false},"excerpt":{"rendered":"<p>Disfruta de un vapeo personalizado con el Vapeador Desechable Vapsolo Super 15000 Puffs. 15,000 caladas, 25ml, flujo de aire ajustable, bobina de malla de 1.0\u03a9. Nicotina 2% y 5%. 15 sabores.<\/p>","protected":false},"featured_media":1364,"comment_status":"open","ping_status":"closed","template":"","meta":[],"product_brand":[],"product_cat":[72,41,21,18,20,23,24,22,25,26,27,28,29,30,31,32,33,34,35,36],"product_tag":[],"class_list":{"0":"post-1121","1":"product","2":"type-product","3":"status-publish","4":"has-post-thumbnail","6":"product_cat-vapsolo","7":"product_cat-15000-puffs-disposable-vape","8":"product_cat-big-puffs-vapes","9":"product_cat-different-puffs-of-disposable-vapes","10":"product_cat-disposable-vape-types","11":"product_cat-disposable-vapes-in-austria","12":"product_cat-disposable-vapes-in-belgium","13":"product_cat-disposable-vapes-in-europe","14":"product_cat-disposable-vapes-in-france","15":"product_cat-disposable-vapes-in-germany","16":"product_cat-disposable-vapes-in-hungary","17":"product_cat-disposable-vapes-in-ltaly","18":"product_cat-disposable-vapes-in-netherlands","19":"product_cat-disposable-vapes-in-norway","20":"product_cat-disposable-vapes-in-poland","21":"product_cat-disposable-vapes-in-portugal","22":"product_cat-disposable-vapes-in-spain","23":"product_cat-disposable-vapes-in-sweden","24":"product_cat-disposable-vapes-in-switzerland","25":"product_cat-rechargeable-vapes","27":"first","28":"instock","29":"shipping-taxable","30":"purchasable","31":"product-type-variable","32":"has-default-attributes"},"jetpack_sharing_enabled":true,"tiered_pricing_type":"fixed","tiered_pricing_fixed_rules":{"2000":5.9900000000000002131628207280300557613372802734375},"tiered_pricing_product_settings":{"layout":"default","base_unit_name":{"singular":null,"plural":null},"default_variation":null},"tiered_pricing_minimum_quantity":1000,"tiered_pricing_roles_data":[],"tiered_pricing_percentage_rules":[],"tiered_pricing_maximum_quantity":null,"tiered_pricing_quantity_step":"10","_links":{"self":[{"href":"https:\/\/volovape.com\/es\/wp-json\/wp\/v2\/product\/1121","targetHints":{"allow":["GET"]}}],"collection":[{"href":"https:\/\/volovape.com\/es\/wp-json\/wp\/v2\/product"}],"about":[{"href":"https:\/\/volovape.com\/es\/wp-json\/wp\/v2\/types\/product"}],"replies":[{"embeddable":true,"href":"https:\/\/volovape.com\/es\/wp-json\/wp\/v2\/comments?post=1121"}],"wp:featuredmedia":[{"embeddable":true,"href":"https:\/\/volovape.com\/es\/wp-json\/wp\/v2\/media\/1364"}],"wp:attachment":[{"href":"https:\/\/volovape.com\/es\/wp-json\/wp\/v2\/media?parent=1121"}],"wp:term":[{"taxonomy":"product_brand","embeddable":true,"href":"https:\/\/volovape.com\/es\/wp-json\/wp\/v2\/product_brand?post=1121"},{"taxonomy":"product_cat","embeddable":true,"href":"https:\/\/volovape.com\/es\/wp-json\/wp\/v2\/product_cat?post=1121"},{"taxonomy":"product_tag","embeddable":true,"href":"https:\/\/volovape.com\/es\/wp-json\/wp\/v2\/product_tag?post=1121"}],"curies":[{"name":"Gracias","href":"https:\/\/api.w.org\/{rel}","templated":true}]}}