{"id":1120,"date":"2024-11-21T03:37:34","date_gmt":"2024-11-21T03:37:34","guid":{"rendered":"https:\/\/volovape.com\/?post_type=product&#038;p=1120"},"modified":"2025-09-08T03:35:10","modified_gmt":"2025-09-08T03:35:10","slug":"vapsolo-twins-20000-bocanadas-de-doble-sabor-desechables-al-por-mayor","status":"publish","type":"product","link":"https:\/\/volovape.com\/es\/product\/vapsolo-twins-20000-puffs-dual-flavor-disposable-wholesale\/","title":{"rendered":"Vapeador desechable VapSolo Twins 20000 bocanadas de doble sabor - doble sabor recargable con pantalla"},"content":{"rendered":"<p><iframe title=\"Reproductor de v\u00eddeo de VideoPress\" aria-label='Reproductor de v\u00eddeo de VideoPress' width='421' height='750' src='https:\/\/videopress.com\/embed\/q9MmvkxP?hd=0&amp;cover=1' frameborder='0' allowfullscreen allow='clipboard-write'><\/iframe><script src='https:\/\/v0.wordpress.com\/js\/next\/videopress-iframe.js?m=1739540970'><\/script><\/p>\n<p><strong>VapSolo Twins 20000 Puffs Doble Sabor Vape Desechable<\/strong> - Experimente el doble de sabor, el doble de satisfacci\u00f3n.<\/p>\n<p>El <strong>VapSolo Twins 20000 Puffs<\/strong> El vaporizador desechable presenta un revolucionario dise\u00f1o de doble sabor, que te permite cambiar entre dos sabores distintos en un c\u00f3modo dispositivo recargable. Con hasta <strong>20.000 bocanadas<\/strong>un generoso <strong>Capacidad de e-l\u00edquido de 25 ml<\/strong>, y un <strong>Bater\u00eda recargable de 650 mAh<\/strong>Este dispositivo ofrece una longevidad y variedad excepcionales. La pantalla integrada proporciona una monitorizaci\u00f3n en tiempo real de los niveles de e-l\u00edquido y bater\u00eda, mientras que la <strong>Bobina de malla 1\u03a9<\/strong> garantiza un vapor suave y sabroso. Elija entre <strong>Concentraciones de nicotina 2% y 5%<\/strong>. Ideal para los vapers que buscan variedad y un rendimiento duradero, el VapSolo Twins es perfecto para uso personal y... <strong>vape desechable al por mayor<\/strong>. <strong>Pedidos a granel<\/strong> opciones disponibles para los minoristas.<\/p>\n<h3><strong>VapSolo Twins 20000 Puffs Caracter\u00edsticas:<\/strong><\/h3>\n<ul>\n<li>Puffs: Hasta 20.000<\/li>\n<li>Capacidad del e-l\u00edquido: 25ml<\/li>\n<li>Bater\u00eda: 650mAh (recargable)<\/li>\n<li>Carga: Tipo-C<\/li>\n<li>Bobina: Bobina de malla (1\u03a9)<\/li>\n<li>Potencias de nicotina: 2%, 5%<\/li>\n<li>Pantalla: E-l\u00edquido y nivel de bater\u00eda<\/li>\n<li>Tipo de sabor: Sabor Dual<\/li>\n<li>Combinaciones de sabores disponibles: Lim\u00f3n Lima &amp; Sand\u00eda Ice, Uva Ice &amp; Fresa Kiwi, Pi\u00f1a Coco &amp; Fresa Pl\u00e1tano, Naranja Mango Sand\u00eda &amp; Red Bull, Ar\u00e1ndano Ice &amp; Cereza Fizzy, Sand\u00eda Ice &amp; Frutos del Bosque Mixtos, Fresa Pl\u00e1tano &amp; Cereza Fizzy, Fresa Frambuesa Cereza Ice &amp; Uva Ice, Blue Razz Limonada &amp; Lim\u00f3n Lima, Sand\u00eda Ice &amp; Fresa Mango.<\/li>\n<\/ul>\n<h4>Preguntas frecuentes<\/h4>\n<h5>\u00bfC\u00f3mo mejora la experiencia de vapeo el dise\u00f1o de doble sabor?<\/h5>\n<p>El dise\u00f1o de doble sabor del VapSolo Twins permite a los usuarios cambiar entre dos sabores distintos sin necesidad de varios dispositivos. Esto proporciona variedad y evita la fatiga de sabor, por lo que es perfecto para los vapers que disfrutan explorando diferentes sabores.<\/p>\n<h5>\u00bfCu\u00e1les son las ventajas de la pantalla integrada?<\/h5>\n<p>La pantalla integrada permite controlar en tiempo real los niveles de e-l\u00edquido y de bater\u00eda, para que siempre est\u00e9 informado del estado de su dispositivo. Esta caracter\u00edstica mejora la comodidad y evita interrupciones inesperadas, lo que permite una experiencia de vapeo sin problemas.<\/p>\n<h5>C\u00f3mo contribuye la bobina de malla 1\u03a9 al sabor y la producci\u00f3n de vapor?<\/h5>\n<p>La bobina de malla de 1\u03a9 est\u00e1 dise\u00f1ada para proporcionar un vapor suave, consistente y sabroso. Optimiza la distribuci\u00f3n del calor y la vaporizaci\u00f3n del e-l\u00edquido, asegurando que cada calada sea rica y satisfactoria.<\/p>\n<h5>\u00bfQu\u00e9 m\u00e9todos de env\u00edo se utilizan?<\/h5>\n<p>Colaboramos con transportistas de confianza como UPS, DHL, FedEx y DPD para garantizar una entrega eficaz y segura. Seleccionamos el m\u00e9todo de env\u00edo m\u00e1s adecuado en funci\u00f3n de su ubicaci\u00f3n para hacerle llegar su pedido lo antes posible.<\/p>\n<h5>\u00bfPuedo fiarme de mi compra?<\/h5>\n<p>Damos prioridad a la satisfacci\u00f3n del cliente y ofrecemos opciones de pago seguras, incluido PayPal con protecci\u00f3n del comprador. Tambi\u00e9n puedes ver las opiniones de los clientes en TrustPilot: <a href=\"https:\/\/www.trustpilot.com\/review\/volovape.com?utm_medium=trustbox&amp;utm_source=TrustBoxReviewCollector\">TrustPilot<\/a>.<\/p>","protected":false},"excerpt":{"rendered":"<p>\u00a1Maximiza tus ventas de vapeo con el VapSolo Twins 20000 Puffs al por mayor! Sabores duales, 25ml, pantalla, bobina de malla 1\u03a9. Abastecerse de este \u00fanico, recargable desechable hoy.<\/p>","protected":false},"featured_media":1330,"comment_status":"open","ping_status":"closed","template":"","meta":[],"product_brand":[],"product_cat":[72,42,21,18,39,20,23,24,22,25,26,27,28,29,30,31,32,33,34,35,64,36,40],"product_tag":[],"class_list":{"0":"post-1120","1":"product","2":"type-product","3":"status-publish","4":"has-post-thumbnail","6":"product_cat-vapsolo","7":"product_cat-20000-puffs-disposable-vape","8":"product_cat-big-puffs-vapes","9":"product_cat-different-puffs-of-disposable-vapes","10":"product_cat-digital-box-vapes","11":"product_cat-disposable-vape-types","12":"product_cat-disposable-vapes-in-austria","13":"product_cat-disposable-vapes-in-belgium","14":"product_cat-disposable-vapes-in-europe","15":"product_cat-disposable-vapes-in-france","16":"product_cat-disposable-vapes-in-germany","17":"product_cat-disposable-vapes-in-hungary","18":"product_cat-disposable-vapes-in-ltaly","19":"product_cat-disposable-vapes-in-netherlands","20":"product_cat-disposable-vapes-in-norway","21":"product_cat-disposable-vapes-in-poland","22":"product_cat-disposable-vapes-in-portugal","23":"product_cat-disposable-vapes-in-spain","24":"product_cat-disposable-vapes-in-sweden","25":"product_cat-disposable-vapes-in-switzerland","26":"product_cat-dual-flavor-vapes","27":"product_cat-rechargeable-vapes","28":"product_cat-smart-screen-vapes","30":"first","31":"instock","32":"shipping-taxable","33":"purchasable","34":"product-type-variable","35":"has-default-attributes"},"jetpack_sharing_enabled":true,"tiered_pricing_type":"fixed","tiered_pricing_fixed_rules":{"2000":7.20000000000000017763568394002504646778106689453125},"tiered_pricing_product_settings":{"layout":"default","base_unit_name":{"singular":null,"plural":null},"default_variation":null},"tiered_pricing_minimum_quantity":1000,"tiered_pricing_roles_data":[],"tiered_pricing_percentage_rules":[],"tiered_pricing_maximum_quantity":null,"tiered_pricing_quantity_step":"10","_links":{"self":[{"href":"https:\/\/volovape.com\/es\/wp-json\/wp\/v2\/product\/1120","targetHints":{"allow":["GET"]}}],"collection":[{"href":"https:\/\/volovape.com\/es\/wp-json\/wp\/v2\/product"}],"about":[{"href":"https:\/\/volovape.com\/es\/wp-json\/wp\/v2\/types\/product"}],"replies":[{"embeddable":true,"href":"https:\/\/volovape.com\/es\/wp-json\/wp\/v2\/comments?post=1120"}],"wp:featuredmedia":[{"embeddable":true,"href":"https:\/\/volovape.com\/es\/wp-json\/wp\/v2\/media\/1330"}],"wp:attachment":[{"href":"https:\/\/volovape.com\/es\/wp-json\/wp\/v2\/media?parent=1120"}],"wp:term":[{"taxonomy":"product_brand","embeddable":true,"href":"https:\/\/volovape.com\/es\/wp-json\/wp\/v2\/product_brand?post=1120"},{"taxonomy":"product_cat","embeddable":true,"href":"https:\/\/volovape.com\/es\/wp-json\/wp\/v2\/product_cat?post=1120"},{"taxonomy":"product_tag","embeddable":true,"href":"https:\/\/volovape.com\/es\/wp-json\/wp\/v2\/product_tag?post=1120"}],"curies":[{"name":"Gracias","href":"https:\/\/api.w.org\/{rel}","templated":true}]}}