{"id":94,"date":"2024-11-21T03:26:52","date_gmt":"2024-11-21T03:26:52","guid":{"rendered":"https:\/\/volovape.com\/?post_type=product&#038;p=94"},"modified":"2025-07-07T03:40:21","modified_gmt":"2025-07-07T03:40:21","slug":"elfenbox-rgb-14000-zuge","status":"publish","type":"product","link":"https:\/\/volovape.com\/de\/product\/elf-box-rgb-14000-puffs\/","title":{"rendered":"ELF BOX RGB 14000 Puffs Einweg Vape - Mesh Coil, RGB-Beleuchtung, wiederaufladbar"},"content":{"rendered":"<p><iframe title=\"VideoPress-Videoplayer\" aria-label='VideoPress-Videoplayer' width='500' height='281' src='https:\/\/videopress.com\/embed\/xrUp6ZjL?hd=0&amp;cover=1' frameborder='0' allowfullscreen allow='clipboard-write'><\/iframe><script src='https:\/\/v0.wordpress.com\/js\/next\/videopress-iframe.js?m=1739540970'><\/script><\/p>\n<p><strong>ELF BOX RGB 14000 Puffs Einweg-Vape<\/strong> - Erleben Sie lebendiges Vaping mit RGB-Beleuchtung und Mesh Coil Pr\u00e4zision.<\/p>\n<p>Der <strong>ELF BOX RGB 14000<\/strong> Der Einwegdampfer kombiniert hohe Leistung mit einem stilvollen, auff\u00e4lligen Design. Genie\u00dfen Sie bis zu <strong>14.000 Z\u00fcge<\/strong> mit einem gro\u00dfz\u00fcgigen <strong>25ml e-Fl\u00fcssigkeit Kapazit\u00e4t<\/strong> und ein <strong>600mAh wiederaufladbare 18250 Batterie<\/strong>. Die <strong>1.0\u03a9 Maschenspule<\/strong> liefert gleichm\u00e4\u00dfig weichen und geschmackvollen Dampf, w\u00e4hrend die <strong>dynamische RGB-Beleuchtung<\/strong> verleiht Ihrem Dampferlebnis eine pers\u00f6nliche Note. A <strong>praktisches Schl\u00fcsselband<\/strong> ist f\u00fcr den einfachen Transport enthalten. Verf\u00fcgbar in <strong>10 k\u00f6stliche Geschmacksrichtungen<\/strong>ist dieses Ger\u00e4t ideal f\u00fcr <strong>Einweg-Vape-Gro\u00dfhandel<\/strong>, <strong>Gro\u00dfauftr\u00e4ge<\/strong>, oder <strong>pers\u00f6nlicher Gebrauch<\/strong>und bietet sowohl Stil als auch Inhalt.<\/p>\n<h3><strong>ELF BOX RGB 14000 Merkmale:<\/strong><\/h3>\n<ul>\n<li>Puffs: Bis zu 14.000 Puffs<\/li>\n<li>E-Fl\u00fcssigkeit Kapazit\u00e4t: 25mL<\/li>\n<li>Akku: 600mAh 18250 (wiederaufladbar)<\/li>\n<li>Aufladen: Typ-C<\/li>\n<li>Spule: 1.0\u03a9 Mesh Spule<\/li>\n<li>Beleuchtung: RGB<\/li>\n<li>Umh\u00e4ngeband: Enthalten<\/li>\n<li>Geschmacksrichtungen: 10 einzigartige Optionen<\/li>\n<li>Abmessungen: 35 x 36 x 133,5 mm<\/li>\n<li>Einwegger\u00e4t<\/li>\n<\/ul>\n<h4>H\u00e4ufig gestellte Fragen<\/h4>\n<h5>Wie verbessert die RGB-Beleuchtung das Vaping-Erlebnis?<\/h5>\n<p>Die dynamische RGB-Beleuchtung verleiht Deinem Ger\u00e4t eine einzigartige und pers\u00f6nliche Note. Sie sorgt f\u00fcr ein visuell ansprechendes Erlebnis, das Ihr Ger\u00e4t von anderen abhebt und Ihren Verdampfungssitzungen ein lustiges Element hinzuf\u00fcgt.<\/p>\n<h5>Welche Versandmethoden werden verwendet?<\/h5>\n<p>Wir arbeiten mit zuverl\u00e4ssigen Transportunternehmen wie UPS, DHL, FedEx und DPD zusammen, um sicherzustellen, dass Ihre Bestellung schnell und sicher zugestellt wird. Die effizienteste Versandmethode wird auf der Grundlage Ihres Standorts ausgew\u00e4hlt, um die Geschwindigkeit und Zuverl\u00e4ssigkeit der Lieferung zu optimieren.<\/p>\n<h5>Wie lange dauert es, bis meine Bestellung ankommt?<\/h5>\n<p>Die Lieferzeit betr\u00e4gt in der Regel 7-15 Arbeitstage. Bitte rechnen Sie jedoch mit bis zu 20 Arbeitstagen w\u00e4hrend der Feiertage oder bei ung\u00fcnstigen Witterungsbedingungen, die zu leichten Verz\u00f6gerungen beim Versand f\u00fchren k\u00f6nnen.<\/p>\n<h5>Werde ich mit Zollproblemen oder zus\u00e4tzlichen Geb\u00fchren konfrontiert?<\/h5>\n<p>Wir k\u00fcmmern uns um alle Zollabfertigungsverfahren und garantieren so einen reibungslosen und problemlosen Ablauf. F\u00fcr Sie fallen keine zus\u00e4tzlichen Steuern oder Geb\u00fchren an. Wir stellen sicher, dass 100% unserer Produkte erfolgreich verzollt werden.<\/p>\n<h5>Ist der Einkauf auf Ihrer Website sicher und zuverl\u00e4ssig?<\/h5>\n<p>Ja, wir bieten sichere PayPal-Transaktionen mit K\u00e4uferschutz. Sie k\u00f6nnen sich auch von unserer Zuverl\u00e4ssigkeit \u00fcberzeugen, indem Sie die Bewertungen unserer Kunden auf <a href=\"https:\/\/www.trustpilot.com\/review\/volovape.com?utm_medium=trustbox&amp;utm_source=TrustBoxReviewCollector\">VertrauensPilot<\/a>wo Sie Erfahrungsberichte von zufriedenen Kunden finden.<\/p>","protected":false},"excerpt":{"rendered":"<p>Beleuchten Sie Ihr Vape mit ELF BOX RGB 14000 Puffs! RGB-Beleuchtung, 1.0\u03a9 Mesh, 25ml, wiederaufladbar, Lanyard enthalten. Perfekt f\u00fcr pers\u00f6nliche oder Gro\u00dfhandel, bietet lebendige, lang anhaltende Freude.<\/p>","protected":false},"featured_media":395,"comment_status":"open","ping_status":"closed","template":"","meta":[],"product_brand":[],"product_cat":[54,56,21,18,20,23,24,22,25,26,27,28,29,30,31,32,33,34,35,36],"product_tag":[],"class_list":{"0":"post-94","1":"product","2":"type-product","3":"status-publish","4":"has-post-thumbnail","6":"product_cat-elf-box","7":"product_cat-14000-puffs-disposable-vape","8":"product_cat-big-puffs-vapes","9":"product_cat-different-puffs-of-disposable-vapes","10":"product_cat-disposable-vape-types","11":"product_cat-disposable-vapes-in-austria","12":"product_cat-disposable-vapes-in-belgium","13":"product_cat-disposable-vapes-in-europe","14":"product_cat-disposable-vapes-in-france","15":"product_cat-disposable-vapes-in-germany","16":"product_cat-disposable-vapes-in-hungary","17":"product_cat-disposable-vapes-in-ltaly","18":"product_cat-disposable-vapes-in-netherlands","19":"product_cat-disposable-vapes-in-norway","20":"product_cat-disposable-vapes-in-poland","21":"product_cat-disposable-vapes-in-portugal","22":"product_cat-disposable-vapes-in-spain","23":"product_cat-disposable-vapes-in-sweden","24":"product_cat-disposable-vapes-in-switzerland","25":"product_cat-rechargeable-vapes","27":"first","28":"instock","29":"shipping-taxable","30":"purchasable","31":"product-type-variable","32":"has-default-attributes"},"jetpack_sharing_enabled":true,"tiered_pricing_type":"fixed","tiered_pricing_fixed_rules":{"2000":5.38999999999999968025576890795491635799407958984375},"tiered_pricing_product_settings":{"layout":"default","base_unit_name":{"singular":null,"plural":null},"default_variation":null},"tiered_pricing_minimum_quantity":1000,"tiered_pricing_roles_data":[],"tiered_pricing_percentage_rules":[],"tiered_pricing_maximum_quantity":null,"tiered_pricing_quantity_step":"10","_links":{"self":[{"href":"https:\/\/volovape.com\/de\/wp-json\/wp\/v2\/product\/94","targetHints":{"allow":["GET"]}}],"collection":[{"href":"https:\/\/volovape.com\/de\/wp-json\/wp\/v2\/product"}],"about":[{"href":"https:\/\/volovape.com\/de\/wp-json\/wp\/v2\/types\/product"}],"replies":[{"embeddable":true,"href":"https:\/\/volovape.com\/de\/wp-json\/wp\/v2\/comments?post=94"}],"wp:featuredmedia":[{"embeddable":true,"href":"https:\/\/volovape.com\/de\/wp-json\/wp\/v2\/media\/395"}],"wp:attachment":[{"href":"https:\/\/volovape.com\/de\/wp-json\/wp\/v2\/media?parent=94"}],"wp:term":[{"taxonomy":"product_brand","embeddable":true,"href":"https:\/\/volovape.com\/de\/wp-json\/wp\/v2\/product_brand?post=94"},{"taxonomy":"product_cat","embeddable":true,"href":"https:\/\/volovape.com\/de\/wp-json\/wp\/v2\/product_cat?post=94"},{"taxonomy":"product_tag","embeddable":true,"href":"https:\/\/volovape.com\/de\/wp-json\/wp\/v2\/product_tag?post=94"}],"curies":[{"name":"wp","href":"https:\/\/api.w.org\/{rel}","templated":true}]}}