{"id":92,"date":"2024-11-21T03:26:52","date_gmt":"2024-11-21T03:26:52","guid":{"rendered":"https:\/\/volovape.com\/?post_type=product&#038;p=92"},"modified":"2025-10-30T05:03:11","modified_gmt":"2025-10-30T05:03:11","slug":"mrvi-18000-zuge","status":"publish","type":"product","link":"https:\/\/volovape.com\/de\/product\/mrvi-18000-puffs\/","title":{"rendered":"MRVI 18000 Puffs Disposable Vape - Dual Mesh Coil &amp; einstellbare Hitze (2%\/5% Nikotin)"},"content":{"rendered":"<p><iframe title=\"VideoPress-Videoplayer\" aria-label='VideoPress-Videoplayer' width='421' height='750' src='https:\/\/videopress.com\/embed\/4wiCqhDO?hd=0&amp;cover=1' frameborder='0' allowfullscreen allow='clipboard-write'><\/iframe><script src='https:\/\/v0.wordpress.com\/js\/next\/videopress-iframe.js?m=1739540970'><\/script><\/p>\n<p><strong>MRVI 18000 Puffs Einweg-Vape<\/strong> - Anpassbares Vaping mit Dual Mesh Coils und einstellbarer Heizung.<\/p>\n<p>Der <strong>MRVI 18000<\/strong> setzt einen neuen Standard f\u00fcr Einweg-Vapes und bietet bis zu <strong>18.000 Z\u00fcge<\/strong> und eine gro\u00dfz\u00fcgige <strong>26ml e-Fl\u00fcssigkeit Kapazit\u00e4t<\/strong>. Angetrieben von einer <strong>600mAh wiederaufladbare Batterie<\/strong> und mit <strong>Typ-C-Laden<\/strong>ist dieses Ger\u00e4t f\u00fcr den Dauereinsatz konzipiert. Die <strong>Dual 1.0\u03a9 Mesh-Spulen<\/strong> liefern satten, sanften Dampf, w\u00e4hrend die <strong>vier einstellbare Heizmodi<\/strong> erm\u00f6glichen Ihnen die Feinabstimmung Ihres Dampferlebnisses. W\u00e4hlen Sie zwischen <strong>2% und 5% Nikotinst\u00e4rke<\/strong> je nach Ihren W\u00fcnschen. Verf\u00fcgbar in <strong>10 einzigartige Geschmacksrichtungen<\/strong>ist der MRVI 18000 ideal f\u00fcr <strong>Einweg-Vape-Gro\u00dfhandel<\/strong>, <strong>Gro\u00dfauftr\u00e4ge<\/strong>, oder <strong>pers\u00f6nlicher Gebrauch<\/strong>und verbindet fortschrittliche Technologie mit ultimativem Komfort.<\/p>\n<h3><strong>MRVI 18000 Merkmale:<\/strong><\/h3>\n<ul>\n<li>Puffs: Bis zu 18.000 Puffs<\/li>\n<li>E-Fl\u00fcssigkeit Kapazit\u00e4t: 26mL<\/li>\n<li>Akku: 600mAh (wiederaufladbar)<\/li>\n<li>Aufladen: Typ-C<\/li>\n<li>Spule: Dual 1.0\u03a9 Mesh Spulen<\/li>\n<li>Heizmodi: 4 einstellbare Modi<\/li>\n<li>Nikotinst\u00e4rken: 2%, 5%<\/li>\n<li>Geschmacksrichtungen: 10 einzigartige Optionen<\/li>\n<li>Abmessungen: 43 x 23,7 x 99mm<\/li>\n<li>Einwegger\u00e4t<\/li>\n<\/ul>\n<h4>H\u00e4ufig gestellte Fragen<\/h4>\n<h5>Wie verbessern die einstellbaren Heizmodi das Dampferlebnis?<\/h5>\n<p>Mit den vier einstellbaren Heizmodi k\u00f6nnen Sie die Intensit\u00e4t und W\u00e4rme Ihres Dampfes individuell einstellen. Egal, ob Du einen milden, sanften Zug oder einen kr\u00e4ftigen, intensiven Zug bevorzugst, Du kannst die Einstellungen ganz einfach an Deine pers\u00f6nlichen Vorlieben anpassen.<\/p>\n<h5>Welche Versandmethoden werden verwendet?<\/h5>\n<p>Wir arbeiten mit zuverl\u00e4ssigen Transportunternehmen wie UPS, DHL, FedEx und DPD zusammen, um sicherzustellen, dass Ihre Bestellung schnell und sicher zugestellt wird. Die effizienteste Versandmethode wird auf der Grundlage Ihres Standorts ausgew\u00e4hlt, um die Liefergeschwindigkeit und -zuverl\u00e4ssigkeit zu optimieren.<\/p>\n<h5>Wie lange dauert es, bis meine Bestellung ankommt?<\/h5>\n<p>Die Lieferzeit betr\u00e4gt in der Regel 7-15 Arbeitstage. Bitte rechnen Sie jedoch mit bis zu 20 Arbeitstagen w\u00e4hrend der Feiertage oder bei ung\u00fcnstigen Witterungsbedingungen, die zu leichten Verz\u00f6gerungen beim Versand f\u00fchren k\u00f6nnen.<\/p>\n<h5>Werde ich mit Zollproblemen oder zus\u00e4tzlichen Geb\u00fchren konfrontiert?<\/h5>\n<p>Wir k\u00fcmmern uns um alle Zollabfertigungsverfahren und garantieren so einen reibungslosen und problemlosen Ablauf. F\u00fcr Sie fallen keine zus\u00e4tzlichen Steuern oder Geb\u00fchren an. Wir stellen sicher, dass 100% unserer Produkte erfolgreich verzollt werden.<\/p>\n<h5>Ist der Einkauf auf Ihrer Website sicher und zuverl\u00e4ssig?<\/h5>\n<p>Ja, wir bieten sichere PayPal-Transaktionen mit K\u00e4uferschutz. Sie k\u00f6nnen sich auch von unserer Zuverl\u00e4ssigkeit \u00fcberzeugen, indem Sie die Bewertungen unserer Kunden auf <a href=\"https:\/\/www.trustpilot.com\/review\/volovape.com?utm_medium=trustbox&amp;utm_source=TrustBoxReviewCollector\">VertrauensPilot<\/a>wo Sie Erfahrungsberichte von zufriedenen Kunden finden.<\/p>","protected":false},"excerpt":{"rendered":"<p>Passen Sie Ihre vape mit MRVI 18000 Puffs. Dual-Mesh-Spulen, vier Heizmodi, 26ml, wiederaufladbar. Perfekt f\u00fcr pers\u00f6nliche oder Gro\u00dfhandel, bietet fortschrittliche Technologie vaping.<\/p>","protected":false},"featured_media":371,"comment_status":"open","ping_status":"closed","template":"","meta":[],"product_brand":[],"product_cat":[55,50,21,18,39,20,23,24,22,25,26,27,28,29,30,31,32,33,34,35,44,36,40],"product_tag":[],"class_list":{"0":"post-92","1":"product","2":"type-product","3":"status-publish","4":"has-post-thumbnail","6":"product_cat-mrvi","7":"product_cat-18000-puffs-disposable-vape","8":"product_cat-big-puffs-vapes","9":"product_cat-different-puffs-of-disposable-vapes","10":"product_cat-digital-box-vapes","11":"product_cat-disposable-vape-types","12":"product_cat-disposable-vapes-in-austria","13":"product_cat-disposable-vapes-in-belgium","14":"product_cat-disposable-vapes-in-europe","15":"product_cat-disposable-vapes-in-france","16":"product_cat-disposable-vapes-in-germany","17":"product_cat-disposable-vapes-in-hungary","18":"product_cat-disposable-vapes-in-ltaly","19":"product_cat-disposable-vapes-in-netherlands","20":"product_cat-disposable-vapes-in-norway","21":"product_cat-disposable-vapes-in-poland","22":"product_cat-disposable-vapes-in-portugal","23":"product_cat-disposable-vapes-in-spain","24":"product_cat-disposable-vapes-in-sweden","25":"product_cat-disposable-vapes-in-switzerland","26":"product_cat-dual-mesh-vapes","27":"product_cat-rechargeable-vapes","28":"product_cat-smart-screen-vapes","30":"first","31":"instock","32":"shipping-taxable","33":"purchasable","34":"product-type-variable","35":"has-default-attributes"},"jetpack_sharing_enabled":true,"tiered_pricing_type":"fixed","tiered_pricing_fixed_rules":{"100":6.230000000000000426325641456060111522674560546875,"200":5.4900000000000002131628207280300557613372802734375,"400":5.19000000000000039079850466805510222911834716796875},"tiered_pricing_product_settings":{"layout":"default","base_unit_name":{"singular":null,"plural":null},"default_variation":null},"tiered_pricing_minimum_quantity":50,"tiered_pricing_roles_data":[],"tiered_pricing_percentage_rules":[],"tiered_pricing_maximum_quantity":null,"tiered_pricing_quantity_step":"10","_links":{"self":[{"href":"https:\/\/volovape.com\/de\/wp-json\/wp\/v2\/product\/92","targetHints":{"allow":["GET"]}}],"collection":[{"href":"https:\/\/volovape.com\/de\/wp-json\/wp\/v2\/product"}],"about":[{"href":"https:\/\/volovape.com\/de\/wp-json\/wp\/v2\/types\/product"}],"replies":[{"embeddable":true,"href":"https:\/\/volovape.com\/de\/wp-json\/wp\/v2\/comments?post=92"}],"wp:featuredmedia":[{"embeddable":true,"href":"https:\/\/volovape.com\/de\/wp-json\/wp\/v2\/media\/371"}],"wp:attachment":[{"href":"https:\/\/volovape.com\/de\/wp-json\/wp\/v2\/media?parent=92"}],"wp:term":[{"taxonomy":"product_brand","embeddable":true,"href":"https:\/\/volovape.com\/de\/wp-json\/wp\/v2\/product_brand?post=92"},{"taxonomy":"product_cat","embeddable":true,"href":"https:\/\/volovape.com\/de\/wp-json\/wp\/v2\/product_cat?post=92"},{"taxonomy":"product_tag","embeddable":true,"href":"https:\/\/volovape.com\/de\/wp-json\/wp\/v2\/product_tag?post=92"}],"curies":[{"name":"wp","href":"https:\/\/api.w.org\/{rel}","templated":true}]}}