{"id":91,"date":"2024-11-21T03:26:52","date_gmt":"2024-11-21T03:26:52","guid":{"rendered":"https:\/\/volovape.com\/?post_type=product&#038;p=91"},"modified":"2025-06-30T01:33:10","modified_gmt":"2025-06-30T01:33:10","slug":"elfenbox-puls-x-25000-zuge","status":"publish","type":"product","link":"https:\/\/volovape.com\/de\/product\/elf-box-pulse-x-25000-puffs\/","title":{"rendered":"ELF BOX PULSE X 25000 Puffs Einweg Vape - AI Power, Dual Mesh, 3D Display"},"content":{"rendered":"<p><strong>ELF BOX PULSE X 25000 Puffs Einweg-Vape<\/strong> - KI-gesteuertes Dampfen mit einem revolution\u00e4ren 3D-Display.<\/p>\n<p>Der <strong>ELF-BOX-IMPULS X 25000<\/strong> leitet mit seiner KI-gesteuerten Technologie und dem atemberaubenden gebogenen 3D-Bildschirm eine neue \u00c4ra des Einwegdampfens ein. Genie\u00dfen Sie bis zu <strong>25.000 Z\u00fcge im normalen Modus<\/strong> oder <strong>15.000 Z\u00fcge im Puls-Modus<\/strong>und bietet ein anpassbares Dampferlebnis. Das Ger\u00e4t verf\u00fcgt \u00fcber eine <strong>18mL e-Fl\u00fcssigkeit Kapazit\u00e4t<\/strong> und eine starke <strong>13.500mAh wiederaufladbare Batterie<\/strong> f\u00fcr eine l\u00e4ngere Nutzung. <strong>Dual 0,8\u03a9 Mesh-Spulen<\/strong> gepaart mit <strong>VPU-Technologie<\/strong> liefern au\u00dfergew\u00f6hnlichen Geschmack und Dampfproduktion. Die <strong>Gebogener 3D-Bildschirm<\/strong> zeigt in Echtzeit Informationen \u00fcber Akkulaufzeit, Fl\u00fcssigkeitsstand, Anzahl der Z\u00fcge und Modus an und verbessert so die Kontrolle des Benutzers. Mit fortschrittlichen Funktionen wie <strong>AI-Leistungsanpassung<\/strong>, <strong>Impulsleistung<\/strong>, Und <strong>Super-Boost<\/strong>bietet dieses Ger\u00e4t ein wirklich innovatives Dampferlebnis. Verf\u00fcgbar in <strong>10 verschiedene Geschmacksrichtungen<\/strong>ist die ELF BOX PULSE X 25000 perfekt f\u00fcr <strong>Einweg-Vape-Gro\u00dfhandel<\/strong>, <strong>Gro\u00dfauftr\u00e4ge<\/strong>, oder <strong>pers\u00f6nlicher Gebrauch<\/strong>.<\/p>\n<h3><strong>ELF BOX PULSE X 25000 Merkmale:<\/strong><\/h3>\n<ul>\n<li>Puffs: Bis zu 25.000 (normaler Modus) \/ 15.000 (Impulsmodus)<\/li>\n<li>E-Fl\u00fcssigkeit Kapazit\u00e4t: 18mL<\/li>\n<li>Akku: 13.500mAh (wiederaufladbar)<\/li>\n<li>Aufladen: Typ-C<\/li>\n<li>Spule: Dual 0.8\u03a9 Mesh Spulen<\/li>\n<li>Anzeige: 3D-gekr\u00fcmmter Bildschirm<\/li>\n<li>Modi: Regul\u00e4rer Modus, Impulsmodus<\/li>\n<li>Merkmale: AI-Leistungsanpassung, Impulsleistung, Super Boost, VPU-Technologie<\/li>\n<li>Geschmacksrichtungen: 10 einzigartige Optionen<\/li>\n<li>Einwegger\u00e4t<\/li>\n<\/ul>\n<h4>H\u00e4ufig gestellte Fragen<\/h4>\n<h5>Wie verbessert die AI Power Adjustment das Dampferlebnis?<\/h5>\n<p>Die KI-Leistungsanpassung analysiert auf intelligente Weise Ihre Verdampfungsgewohnheiten und optimiert automatisch die Leistungsabgabe, um eine konsistente Geschmacks- und Dampfproduktion zu gew\u00e4hrleisten. Diese Funktion passt sich an Ihre Nutzung an und sorgt f\u00fcr ein individuelles und angenehmes Dampferlebnis mit jedem Zug.<\/p>\n<h5>Welche Versandmethoden werden verwendet?<\/h5>\n<p>Wir arbeiten mit renommierten Transportunternehmen wie UPS, DHL, FedEx und DPD zusammen, um Ihre Bestellungen schnell und sicher zuzustellen. Die effizienteste Versandmethode wird je nach Ihrem Standort ausgew\u00e4hlt, um eine p\u00fcnktliche Lieferung zu gew\u00e4hrleisten.<\/p>\n<h5>Wie lange dauert es, bis meine Bestellung ankommt?<\/h5>\n<p>Bestellungen werden in der Regel innerhalb von 7-15 Arbeitstagen geliefert. Bitte rechnen Sie jedoch mit bis zu 20 Arbeitstagen w\u00e4hrend der Feiertage oder bei ung\u00fcnstigen Witterungsbedingungen, die zu leichten Verz\u00f6gerungen beim Versand f\u00fchren k\u00f6nnen.<\/p>\n<h5>Werde ich mit Zollproblemen oder zus\u00e4tzlichen Geb\u00fchren konfrontiert?<\/h5>\n<p>Wir wickeln alle Zollabfertigungsverfahren ab und sorgen so f\u00fcr einen reibungslosen und problemlosen Ablauf. F\u00fcr Sie fallen keine zus\u00e4tzlichen Steuern oder Geb\u00fchren an. Wir garantieren, dass 100% unserer Produkte erfolgreich verzollt werden.<\/p>\n<h5>Ist der Einkauf auf Ihrer Website sicher und zuverl\u00e4ssig?<\/h5>\n<p>Ja, wir bieten sichere PayPal-Transaktionen mit K\u00e4uferschutz. Sie k\u00f6nnen sich auch von unserer Zuverl\u00e4ssigkeit \u00fcberzeugen, indem Sie die Bewertungen unserer Kunden auf <a href=\"https:\/\/www.trustpilot.com\/review\/volovape.com?utm_medium=trustbox&amp;utm_source=TrustBoxReviewCollector\">VertrauensPilot<\/a>wo Sie Erfahrungsberichte von zufriedenen Kunden finden.<\/p>","protected":false},"excerpt":{"rendered":"<p>Schritt in die Zukunft mit ELF BOX PULSE X 25000 Puffs. AI Leistung, Dual-Mesh, 3D-Bildschirm, 13.500mAh Batterie. Ideal f\u00fcr pers\u00f6nliche oder Gro\u00dfhandel, bietet modernste vaping.<\/p>","protected":false},"featured_media":360,"comment_status":"open","ping_status":"closed","template":"","meta":[],"product_brand":[],"product_cat":[54,45,21,18,39,20,23,24,22,25,26,27,28,29,30,31,32,33,34,35,44,36,40],"product_tag":[],"class_list":{"0":"post-91","1":"product","2":"type-product","3":"status-publish","4":"has-post-thumbnail","6":"product_cat-elf-box","7":"product_cat-25000-puffs-disposable-vape","8":"product_cat-big-puffs-vapes","9":"product_cat-different-puffs-of-disposable-vapes","10":"product_cat-digital-box-vapes","11":"product_cat-disposable-vape-types","12":"product_cat-disposable-vapes-in-austria","13":"product_cat-disposable-vapes-in-belgium","14":"product_cat-disposable-vapes-in-europe","15":"product_cat-disposable-vapes-in-france","16":"product_cat-disposable-vapes-in-germany","17":"product_cat-disposable-vapes-in-hungary","18":"product_cat-disposable-vapes-in-ltaly","19":"product_cat-disposable-vapes-in-netherlands","20":"product_cat-disposable-vapes-in-norway","21":"product_cat-disposable-vapes-in-poland","22":"product_cat-disposable-vapes-in-portugal","23":"product_cat-disposable-vapes-in-spain","24":"product_cat-disposable-vapes-in-sweden","25":"product_cat-disposable-vapes-in-switzerland","26":"product_cat-dual-mesh-vapes","27":"product_cat-rechargeable-vapes","28":"product_cat-smart-screen-vapes","30":"first","31":"instock","32":"featured","33":"shipping-taxable","34":"purchasable","35":"product-type-variable","36":"has-default-attributes"},"jetpack_sharing_enabled":true,"tiered_pricing_type":"fixed","tiered_pricing_fixed_rules":{"2000":7.4900000000000002131628207280300557613372802734375},"tiered_pricing_product_settings":{"layout":"default","base_unit_name":{"singular":null,"plural":null},"default_variation":null},"tiered_pricing_minimum_quantity":1000,"tiered_pricing_roles_data":[],"tiered_pricing_percentage_rules":[],"tiered_pricing_maximum_quantity":null,"tiered_pricing_quantity_step":"10","_links":{"self":[{"href":"https:\/\/volovape.com\/de\/wp-json\/wp\/v2\/product\/91","targetHints":{"allow":["GET"]}}],"collection":[{"href":"https:\/\/volovape.com\/de\/wp-json\/wp\/v2\/product"}],"about":[{"href":"https:\/\/volovape.com\/de\/wp-json\/wp\/v2\/types\/product"}],"replies":[{"embeddable":true,"href":"https:\/\/volovape.com\/de\/wp-json\/wp\/v2\/comments?post=91"}],"wp:featuredmedia":[{"embeddable":true,"href":"https:\/\/volovape.com\/de\/wp-json\/wp\/v2\/media\/360"}],"wp:attachment":[{"href":"https:\/\/volovape.com\/de\/wp-json\/wp\/v2\/media?parent=91"}],"wp:term":[{"taxonomy":"product_brand","embeddable":true,"href":"https:\/\/volovape.com\/de\/wp-json\/wp\/v2\/product_brand?post=91"},{"taxonomy":"product_cat","embeddable":true,"href":"https:\/\/volovape.com\/de\/wp-json\/wp\/v2\/product_cat?post=91"},{"taxonomy":"product_tag","embeddable":true,"href":"https:\/\/volovape.com\/de\/wp-json\/wp\/v2\/product_tag?post=91"}],"curies":[{"name":"wp","href":"https:\/\/api.w.org\/{rel}","templated":true}]}}