{"id":89,"date":"2024-11-21T03:26:52","date_gmt":"2024-11-21T03:26:52","guid":{"rendered":"https:\/\/volovape.com\/?post_type=product&#038;p=89"},"modified":"2025-10-30T05:03:05","modified_gmt":"2025-10-30T05:03:05","slug":"randm-digitalbox-12000-zuge","status":"publish","type":"product","link":"https:\/\/volovape.com\/de\/product\/randm-digital-box-12000-puffs\/","title":{"rendered":"RandM Digital Box 12000 Puffs Disposable Vape - wiederaufladbar mit LCD Display"},"content":{"rendered":"<p><iframe title=\"VideoPress-Videoplayer\" aria-label='VideoPress-Videoplayer' width='500' height='281' src='https:\/\/videopress.com\/embed\/UzJBu0bw?hd=0&amp;cover=1' frameborder='0' allowfullscreen allow='clipboard-write'><\/iframe><script src='https:\/\/v0.wordpress.com\/js\/next\/videopress-iframe.js?m=1739540970'><\/script><\/p>\n<p><strong>RandM Digital Box 12000 Puffs Einweg Vape<\/strong> - Vaping mit hoher Kapazit\u00e4t und intelligenter LCD-\u00dcberwachung.<\/p>\n<p>Der <strong>RandM Digital Box 12000<\/strong> setzt einen neuen Standard f\u00fcr Einweg-Vapes und liefert eine beeindruckende <strong>12.000 Z\u00fcge<\/strong> und eine gro\u00dfz\u00fcgige <strong>20mL e-Fl\u00fcssigkeit Kapazit\u00e4t<\/strong>. Ausgestattet mit einer <strong>850mAh wiederaufladbarer Akku<\/strong> Und <strong>Typ-C-Laden<\/strong>gew\u00e4hrleistet er eine lang anhaltende Leistung. Das herausragende Merkmal ist die <strong>integrierte LCD-Anzeige<\/strong>die Echtzeit-Updates \u00fcber die Batterielebensdauer und die Anzahl der Puffs liefert und so eine unvergleichliche Kontrolle bietet. Die <strong>1\u03a9-Maschenspule<\/strong> garantiert weichen, geschmackvollen Dampf, der jeden Zug verbessert. Verf\u00fcgbar in <strong>6 verschiedene Geschmacksrichtungen<\/strong>Von fruchtigen Mischungen bis hin zu erfrischender Minze - dieses Ger\u00e4t wird den unterschiedlichsten Vorlieben gerecht. Ideal f\u00fcr <strong>Einweg-Vape-Gro\u00dfhandel<\/strong>, <strong>Gro\u00dfauftr\u00e4ge<\/strong>, oder <strong>pers\u00f6nlicher Gebrauch<\/strong>Die RandM Digital Box 12000 verbindet fortschrittliche Technologie mit au\u00dfergew\u00f6hnlichem Komfort.<\/p>\n<h3><strong>RandM Digital Box 12000 Merkmale:<\/strong><\/h3>\n<ul>\n<li>Puffs: Bis zu 12.000 Puffs<\/li>\n<li>E-Fl\u00fcssigkeit Kapazit\u00e4t: 20mL<\/li>\n<li>Akku: 850mAh (wiederaufladbar)<\/li>\n<li>Aufladen: Typ-C<\/li>\n<li>Spule: 1\u03a9 Masche Spule<\/li>\n<li>Anzeige: LCD (Batterie &amp; Pustezahl)<\/li>\n<li>Geschmacksrichtungen: 6 einzigartige Optionen<\/li>\n<li>Einwegger\u00e4t<\/li>\n<\/ul>\n<h4>H\u00e4ufig gestellte Fragen<\/h4>\n<h5>Wie verbessert das LCD-Display das Benutzererlebnis?<\/h5>\n<p>Das LCD-Display informiert Sie in Echtzeit \u00fcber Ihren Akkustand und die Anzahl der Z\u00fcge, sodass Sie Ihren Verbrauch \u00fcberwachen und entsprechend planen k\u00f6nnen. Diese Funktion sorgt f\u00fcr mehr Komfort und Kontrolle und stellt sicher, dass Sie nie von einem leeren Akku oder einem leeren Tank \u00fcberrascht werden.<\/p>\n<h5>Welche Versandmethoden werden verwendet?<\/h5>\n<p>Wir arbeiten mit vertrauensw\u00fcrdigen Transportunternehmen wie UPS, DHL, FedEx und DPD zusammen, um Ihre Bestellungen umgehend zuzustellen. Wir w\u00e4hlen die effizienteste Versandoption je nach Ihrem Standort aus, um eine schnelle und zuverl\u00e4ssige Lieferung zu gew\u00e4hrleisten.<\/p>\n<h5>Wie lange dauert es, bis meine Bestellung ankommt?<\/h5>\n<p>Bestellungen werden in der Regel innerhalb von 7-15 Arbeitstagen geliefert. Bitte rechnen Sie jedoch mit bis zu 20 Arbeitstagen an Feiertagen oder bei ung\u00fcnstigen Witterungsverh\u00e4ltnissen, die zu leichten Verz\u00f6gerungen f\u00fchren k\u00f6nnen.<\/p>\n<h5>Werde ich mit Zollproblemen oder zus\u00e4tzlichen Geb\u00fchren konfrontiert?<\/h5>\n<p>Wir k\u00fcmmern uns um alle Zollabfertigungsverfahren und sorgen f\u00fcr einen reibungslosen Ablauf. F\u00fcr Sie fallen keine zus\u00e4tzlichen Steuern oder Geb\u00fchren an. Wir garantieren, dass 100% unserer Produkte erfolgreich verzollt werden.<\/p>\n<h5>Ist der Einkauf auf Ihrer Website sicher und zuverl\u00e4ssig?<\/h5>\n<p>Ja, wir unterst\u00fctzen sichere PayPal-Transaktionen mit K\u00e4uferschutz. Sie k\u00f6nnen sich auch von unserer Zuverl\u00e4ssigkeit \u00fcberzeugen, indem Sie die Kundenrezensionen auf <a href=\"https:\/\/www.trustpilot.com\/review\/volovape.com?utm_medium=trustbox&amp;utm_source=TrustBoxReviewCollector\">VertrauensPilot<\/a>wo Sie Erfahrungsberichte von zufriedenen Kunden finden.<\/p>","protected":false},"excerpt":{"rendered":"<p>Schritt in die digitale vaping mit RandM Digital Box 12000 Puffs. LCD-Display, 1\u03a9 Mesh, 20ml, 850mAh wiederaufladbar. Ideal f\u00fcr pers\u00f6nliche oder Gro\u00dfhandel, liefert glatte, informiert vaping.<\/p>","protected":false},"featured_media":341,"comment_status":"open","ping_status":"closed","template":"","meta":[],"product_brand":[],"product_cat":[52,38,21,18,39,20,23,24,22,25,26,27,28,29,30,31,32,33,34,35,36,40],"product_tag":[],"class_list":{"0":"post-89","1":"product","2":"type-product","3":"status-publish","4":"has-post-thumbnail","6":"product_cat-randm","7":"product_cat-12000-puffs-disposable-vape","8":"product_cat-big-puffs-vapes","9":"product_cat-different-puffs-of-disposable-vapes","10":"product_cat-digital-box-vapes","11":"product_cat-disposable-vape-types","12":"product_cat-disposable-vapes-in-austria","13":"product_cat-disposable-vapes-in-belgium","14":"product_cat-disposable-vapes-in-europe","15":"product_cat-disposable-vapes-in-france","16":"product_cat-disposable-vapes-in-germany","17":"product_cat-disposable-vapes-in-hungary","18":"product_cat-disposable-vapes-in-ltaly","19":"product_cat-disposable-vapes-in-netherlands","20":"product_cat-disposable-vapes-in-norway","21":"product_cat-disposable-vapes-in-poland","22":"product_cat-disposable-vapes-in-portugal","23":"product_cat-disposable-vapes-in-spain","24":"product_cat-disposable-vapes-in-sweden","25":"product_cat-disposable-vapes-in-switzerland","26":"product_cat-rechargeable-vapes","27":"product_cat-smart-screen-vapes","29":"first","30":"instock","31":"shipping-taxable","32":"purchasable","33":"product-type-variable","34":"has-default-attributes"},"jetpack_sharing_enabled":true,"tiered_pricing_type":"fixed","tiered_pricing_fixed_rules":{"30":7.32000000000000028421709430404007434844970703125,"50":6.8499999999999996447286321199499070644378662109375,"100":6.2599999999999997868371792719699442386627197265625,"200":5.95999999999999996447286321199499070644378662109375,"400":5.55999999999999960920149533194489777088165283203125},"tiered_pricing_product_settings":{"layout":"default","base_unit_name":{"singular":null,"plural":null},"default_variation":null},"tiered_pricing_minimum_quantity":10,"tiered_pricing_roles_data":[],"tiered_pricing_percentage_rules":[],"tiered_pricing_maximum_quantity":null,"tiered_pricing_quantity_step":"10","_links":{"self":[{"href":"https:\/\/volovape.com\/de\/wp-json\/wp\/v2\/product\/89","targetHints":{"allow":["GET"]}}],"collection":[{"href":"https:\/\/volovape.com\/de\/wp-json\/wp\/v2\/product"}],"about":[{"href":"https:\/\/volovape.com\/de\/wp-json\/wp\/v2\/types\/product"}],"replies":[{"embeddable":true,"href":"https:\/\/volovape.com\/de\/wp-json\/wp\/v2\/comments?post=89"}],"wp:featuredmedia":[{"embeddable":true,"href":"https:\/\/volovape.com\/de\/wp-json\/wp\/v2\/media\/341"}],"wp:attachment":[{"href":"https:\/\/volovape.com\/de\/wp-json\/wp\/v2\/media?parent=89"}],"wp:term":[{"taxonomy":"product_brand","embeddable":true,"href":"https:\/\/volovape.com\/de\/wp-json\/wp\/v2\/product_brand?post=89"},{"taxonomy":"product_cat","embeddable":true,"href":"https:\/\/volovape.com\/de\/wp-json\/wp\/v2\/product_cat?post=89"},{"taxonomy":"product_tag","embeddable":true,"href":"https:\/\/volovape.com\/de\/wp-json\/wp\/v2\/product_tag?post=89"}],"curies":[{"name":"wp","href":"https:\/\/api.w.org\/{rel}","templated":true}]}}