{"id":86,"date":"2024-11-21T03:26:51","date_gmt":"2024-11-21T03:26:51","guid":{"rendered":"https:\/\/volovape.com\/?post_type=product&#038;p=86"},"modified":"2025-10-28T03:26:10","modified_gmt":"2025-10-28T03:26:10","slug":"vapme-crystal-7000-zuge","status":"publish","type":"product","link":"https:\/\/volovape.com\/de\/product\/vapme-crystal-7000-puffs\/","title":{"rendered":"VAPME Crystal 7000 puffs wegwerfbare vape - 30 Aromen mit wiederaufladbaren Typ-c"},"content":{"rendered":"<p><iframe title=\"VideoPress-Videoplayer\" aria-label='VideoPress-Videoplayer' width='421' height='750' src='https:\/\/videopress.com\/embed\/tK1sr4ND?hd=0&amp;cover=1' frameborder='0' allowfullscreen allow='clipboard-write'><\/iframe><script src='https:\/\/v0.wordpress.com\/js\/next\/videopress-iframe.js?m=1739540970'><\/script><\/p>\n<p>VAPME Crystal 7000 Puffs Einweg-Vape \u2013 30 Geschmacksrichtungen, 2%\/5% Nikotin, wiederaufladbar Typ C, Gro\u00dfhandel<br \/>\n<strong>VAPME Crystal 7000 Puffs Wiederaufladbare Einweg-Vape mit 30 Geschmacksrichtungen<\/strong> - Geschmacksvielfalt und langanhaltende Leistung.<\/p>\n<p>Der <strong>VAPME Kristall 7000 Puffs<\/strong> Einweg-Vape bietet ein umfangreiches Dampferlebnis mit bis zu <strong>7.000 Z\u00fcge<\/strong>, a <strong>14ml e-Fl\u00fcssigkeit Kapazit\u00e4t<\/strong>und ein <strong>650mAh wiederaufladbare Batterie<\/strong> mit <strong>Typ-C-Laden<\/strong>. Die <strong>0,8\u03a9 Maschenspule<\/strong> sorgt f\u00fcr konsistenten und geschmackvollen Dampf. W\u00e4hlen Sie aus <strong>2% oder 5% Nikotinst\u00e4rke<\/strong> und erkunden Sie eine beeindruckende Auswahl an <strong>30 einzigartige Geschmacksrichtungen<\/strong>einschlie\u00dflich Strawberry Watermelon Bubblegum und Tropical Fruit Punch. Ideal f\u00fcr den pers\u00f6nlichen Gebrauch oder <strong>Einweg-Vape-Gro\u00dfhandel<\/strong>bietet dieses Ger\u00e4t sowohl Abwechslung als auch Komfort. F\u00fcr <strong>Gro\u00dfauftrag<\/strong> Preise, bitte kontaktieren Sie uns.<\/p>\n<h3><strong>VAPME Crystal 7000 Merkmale:<\/strong><\/h3>\n<ul>\n<li>Puffs: Bis zu 7.000<\/li>\n<li>E-Fl\u00fcssigkeit Kapazit\u00e4t: 14ml<\/li>\n<li>Akku: 650mAh (wiederaufladbar)<\/li>\n<li>Aufladen: Typ-C<\/li>\n<li>Spule: 0.8\u03a9 Masche Spule<\/li>\n<li>Nikotinst\u00e4rken: 2%, 5%<\/li>\n<li>30 Geschmacksoptionen<\/li>\n<\/ul>\n<h4>H\u00e4ufig gestellte Fragen<\/h4>\n<h5>Wie verbessert die 0.8\u03a9 Mesh-Spule die Geschmacksabgabe?<\/h5>\n<p>Die 0,8-\u03a9-Mesh-Spule wurde entwickelt, um die Geschmacksabgabe zu optimieren, indem sie eine gleichm\u00e4\u00dfige Erw\u00e4rmung und effiziente Verdampfung bietet. Dies stellt sicher, dass jeder Zug ist reich und befriedigend, so dass Sie in vollen Z\u00fcgen genie\u00dfen Sie die gro\u00dfe Vielfalt der Aromen angeboten.<\/p>\n<h5>Welche Versandmethoden werden verwendet?<\/h5>\n<p>Wir arbeiten mit zuverl\u00e4ssigen Transportunternehmen wie UPS, DHL, FedEx und DPD zusammen, um sicherzustellen, dass Ihre Bestellungen effizient zugestellt werden. Die Versandmethode wird auf der Grundlage Ihres Standorts ausgew\u00e4hlt, um eine optimale Liefergeschwindigkeit und Zuverl\u00e4ssigkeit zu gew\u00e4hrleisten.<\/p>\n<h5>Wie lange dauert der Versand normalerweise?<\/h5>\n<p>Der Versand dauert normalerweise zwischen 7 und 15 Werktagen. In der Hochsaison oder bei ung\u00fcnstigen Wetterbedingungen kann es bis zu 20 Werktage dauern.<\/p>\n<h5>Werde ich Probleme mit dem Zoll oder zus\u00e4tzliche Geb\u00fchren haben?<\/h5>\n<p>Wir wickeln alle Zollabfertigungsverfahren ab und sorgen daf\u00fcr, dass Ihre Sendung ohne Probleme durchgeht. F\u00fcr Sie fallen keine zus\u00e4tzlichen Steuern oder Geb\u00fchren an. Wir garantieren die Zollabfertigung von 100%.<\/p>\n<h5>Wie kann ich mich von der Qualit\u00e4t und Zuverl\u00e4ssigkeit des Produkts \u00fcberzeugen?<\/h5>\n<p>Wir akzeptieren sichere PayPal-Zahlungen mit K\u00e4uferschutz. Sie k\u00f6nnen auch Kundenrezensionen lesen auf <a href=\"https:\/\/www.trustpilot.com\/review\/volovape.com?utm_medium=trustbox&amp;utm_source=TrustBoxReviewCollector\">VertrauensPilot<\/a>in dem viele Kunden positive Erfahrungen mit unseren Produkten und Dienstleistungen gemacht haben.<\/p>","protected":false},"excerpt":{"rendered":"<p>Genie\u00dfen Sie ausgedehntes Dampfen mit dem VAPME Crystal 7000 Puffs. 0.8\u03a9 Mesh-Spule, 14ml, wiederaufladbar. Entdecken Sie 30 Geschmacksrichtungen und w\u00e4hlen Sie 2% oder 5% Nikotin. Ideal f\u00fcr den pers\u00f6nlichen Gebrauch oder den Gro\u00dfhandel.<\/p>","protected":false},"featured_media":310,"comment_status":"open","ping_status":"closed","template":"","meta":[],"product_brand":[],"product_cat":[49,37,21,43,18,20,23,24,22,25,26,27,28,29,30,31,32,33,34,35,36],"product_tag":[],"class_list":{"0":"post-86","1":"product","2":"type-product","3":"status-publish","4":"has-post-thumbnail","6":"product_cat-vapme","7":"product_cat-8000-puffs-disposable-vape","8":"product_cat-big-puffs-vapes","9":"product_cat-crystal-vapes","10":"product_cat-different-puffs-of-disposable-vapes","11":"product_cat-disposable-vape-types","12":"product_cat-disposable-vapes-in-austria","13":"product_cat-disposable-vapes-in-belgium","14":"product_cat-disposable-vapes-in-europe","15":"product_cat-disposable-vapes-in-france","16":"product_cat-disposable-vapes-in-germany","17":"product_cat-disposable-vapes-in-hungary","18":"product_cat-disposable-vapes-in-ltaly","19":"product_cat-disposable-vapes-in-netherlands","20":"product_cat-disposable-vapes-in-norway","21":"product_cat-disposable-vapes-in-poland","22":"product_cat-disposable-vapes-in-portugal","23":"product_cat-disposable-vapes-in-spain","24":"product_cat-disposable-vapes-in-sweden","25":"product_cat-disposable-vapes-in-switzerland","26":"product_cat-rechargeable-vapes","28":"first","29":"instock","30":"shipping-taxable","31":"purchasable","32":"product-type-variable","33":"has-default-attributes"},"jetpack_sharing_enabled":true,"tiered_pricing_type":"fixed","tiered_pricing_fixed_rules":{"30":5.28000000000000024868995751603506505489349365234375,"50":4.75,"100":4.160000000000000142108547152020037174224853515625,"200":3.979999999999999982236431605997495353221893310546875,"400":3.5800000000000000710542735760100185871124267578125},"tiered_pricing_product_settings":{"layout":"default","base_unit_name":{"singular":null,"plural":null},"default_variation":null},"tiered_pricing_minimum_quantity":10,"tiered_pricing_roles_data":[],"tiered_pricing_percentage_rules":[],"tiered_pricing_maximum_quantity":null,"tiered_pricing_quantity_step":"10","_links":{"self":[{"href":"https:\/\/volovape.com\/de\/wp-json\/wp\/v2\/product\/86","targetHints":{"allow":["GET"]}}],"collection":[{"href":"https:\/\/volovape.com\/de\/wp-json\/wp\/v2\/product"}],"about":[{"href":"https:\/\/volovape.com\/de\/wp-json\/wp\/v2\/types\/product"}],"replies":[{"embeddable":true,"href":"https:\/\/volovape.com\/de\/wp-json\/wp\/v2\/comments?post=86"}],"wp:featuredmedia":[{"embeddable":true,"href":"https:\/\/volovape.com\/de\/wp-json\/wp\/v2\/media\/310"}],"wp:attachment":[{"href":"https:\/\/volovape.com\/de\/wp-json\/wp\/v2\/media?parent=86"}],"wp:term":[{"taxonomy":"product_brand","embeddable":true,"href":"https:\/\/volovape.com\/de\/wp-json\/wp\/v2\/product_brand?post=86"},{"taxonomy":"product_cat","embeddable":true,"href":"https:\/\/volovape.com\/de\/wp-json\/wp\/v2\/product_cat?post=86"},{"taxonomy":"product_tag","embeddable":true,"href":"https:\/\/volovape.com\/de\/wp-json\/wp\/v2\/product_tag?post=86"}],"curies":[{"name":"wp","href":"https:\/\/api.w.org\/{rel}","templated":true}]}}