{"id":854,"date":"2024-11-21T03:33:53","date_gmt":"2024-11-21T03:33:53","guid":{"rendered":"https:\/\/volovape.com\/?post_type=product&#038;p=854"},"modified":"2025-07-06T04:15:38","modified_gmt":"2025-07-06T04:15:38","slug":"elfworld-mx-25000-zuge","status":"publish","type":"product","link":"https:\/\/volovape.com\/de\/product\/elfworld-mx-25000-puffs\/","title":{"rendered":"ELFWORLD MX 25000 puffs disposable vape - Mesh-Spule, digitale Anzeige, einstellbare Luftstrom"},"content":{"rendered":"<p><strong>ELFWORLD MX 25000 Puffs Einweg-Vape<\/strong> - Personalisiertes Vaping mit hoher Kapazit\u00e4t und digitaler Pr\u00e4zision.<\/p>\n<p>Der <strong>ELFWORLD MX 25000 Z\u00fcge<\/strong> Einweg-Vape bietet ein au\u00dfergew\u00f6hnliches Dampferlebnis mit einem massiven <strong>25.000 Pusteblumen<\/strong> Kapazit\u00e4t, eine gro\u00dfz\u00fcgige <strong>25ml e-Fl\u00fcssigkeitsbeh\u00e4lter<\/strong>und ein leistungsf\u00e4higes <strong>850mAh wiederaufladbarer Akku<\/strong>. Die fortgeschrittene <strong>Netzspule<\/strong> Technologie sorgt f\u00fcr gleichm\u00e4\u00dfig weichen und geschmackvollen Dampf, w\u00e4hrend die <strong>digitale Anzeige<\/strong> bietet eine Echtzeit-\u00dcberwachung des Batterie- und E-Liquid-F\u00fcllstands. Die <strong>einstellbare Luftmenge<\/strong> erm\u00f6glicht eine anpassbare Auslosung, die den individuellen Vorlieben gerecht wird. W\u00e4hlen Sie aus <strong>0%, 2%, 3% oder 5% Nikotinst\u00e4rke<\/strong>. Ideal f\u00fcr den pers\u00f6nlichen Gebrauch und <strong>Einweg-Vape-Gro\u00dfhandel<\/strong>bietet dieses Ger\u00e4t sowohl Leistung als auch Personalisierung. <strong>Sammelbestellung<\/strong> Optionen f\u00fcr Einzelh\u00e4ndler zur Verf\u00fcgung stehen.<\/p>\n<h3><strong>ELFWORLD MX 25000 Puffs Merkmale:<\/strong><\/h3>\n<ul>\n<li>Puffs: Bis zu 25.000<\/li>\n<li>E-Fl\u00fcssigkeit Kapazit\u00e4t: 25ml<\/li>\n<li>Akku: 850mAh (wiederaufladbar)<\/li>\n<li>Aufladen: Typ-C<\/li>\n<li>Spule: Mesh-Spule<\/li>\n<li>Anzeige: Digitales Display (Batterie- &amp; E-Liquid-F\u00fcllst\u00e4nde)<\/li>\n<li>Luftstrom: Einstellbar<\/li>\n<li>Nikotinst\u00e4rken: 0%, 2%, 3%, 5%<\/li>\n<li>Verf\u00fcgbare Geschmacksrichtungen: Strawberry Ice, Watermelon Ice, Grape Ice, Mint, Double Apple, Juicy Peach Ice, Blue Razz Ice, Pink Lemonade, Mixed Berries, Blueberry Watermelon, Lime Berry Orange, Raspberry Peach Lime, Sour Mango Pineapple, Peach Blue Slushy.<\/li>\n<\/ul>\n<h4>H\u00e4ufig gestellte Fragen<\/h4>\n<h5>Wie verbessert der einstellbare Luftstrom das Dampferlebnis?<\/h5>\n<p>Die einstellbare Luftstr\u00f6mung erm\u00f6glicht es dem Nutzer, den Zugwiderstand nach seinen W\u00fcnschen einzustellen und bietet so eine individuelle Kontrolle \u00fcber die Dampfdichte und die Geschmacksintensit\u00e4t. Diese Anpassung sorgt f\u00fcr ein befriedigendes und ma\u00dfgeschneidertes Dampferlebnis.<\/p>\n<h5>Was sind die Vorteile der digitalen Anzeige dieses Ger\u00e4ts?<\/h5>\n<p>Das digitale Display bietet eine Echtzeit-\u00dcberwachung des Batterie- und Fl\u00fcssigkeitsstands, so dass der Benutzer den Status seines Ger\u00e4ts leicht verfolgen kann. Diese Funktion stellt sicher, dass Sie immer informiert sind und Ihre Verdampfungssitzungen entsprechend planen k\u00f6nnen, was den Komfort erh\u00f6ht und unerwartete Unterbrechungen verhindert.<\/p>\n<h5>Wie profitieren die Nutzer von der Kapazit\u00e4t von 25.000 Puffs und dem 850-mAh-Akku?<\/h5>\n<p>Die 25.000 Puff-Kapazit\u00e4t und der 850mAh-Akku bieten eine lange Nutzungsdauer und minimieren den Bedarf an h\u00e4ufigem Auswechseln oder Aufladen. Diese Kombination bietet au\u00dfergew\u00f6hnliche Langlebigkeit und Komfort, so dass die ELFWORLD MX 25000 ideal f\u00fcr l\u00e4ngere Vaping-Sessions.<\/p>\n<h5>Welche Versandmethoden werden verwendet?<\/h5>\n<p>Wir arbeiten mit zuverl\u00e4ssigen Transportunternehmen wie UPS, DHL, FedEx und DPD zusammen, um eine effiziente und sichere Lieferung zu gew\u00e4hrleisten. Wir w\u00e4hlen die f\u00fcr Ihren Standort am besten geeignete Versandmethode aus, um Ihre Bestellung so schnell wie m\u00f6glich zu Ihnen zu bringen.<\/p>\n<h5>Kann ich meinem Kauf vertrauen?<\/h5>\n<p>Wir legen gro\u00dfen Wert auf Kundenzufriedenheit und bieten sichere Zahlungsoptionen, einschlie\u00dflich PayPal mit K\u00e4uferschutz. Sie k\u00f6nnen auch Kundenrezensionen auf TrustPilot einsehen: <a href=\"https:\/\/www.trustpilot.com\/review\/volovape.com?utm_medium=trustbox&amp;utm_source=TrustBoxReviewCollector\">VertrauensPilot<\/a>.<\/p>","protected":false},"excerpt":{"rendered":"<p>Lager ELFWORLD MX 25000 Puffs Einweg Vapes. 25.000 Z\u00fcge, 25ml e-Fl\u00fcssigkeit, 850mAh Akku, Mesh-Spule, digitale Anzeige, einstellbarer Luftstrom. W\u00e4hlen Sie aus 15 Geschmacksrichtungen.<\/p>","protected":false},"featured_media":1296,"comment_status":"open","ping_status":"closed","template":"","meta":[],"product_brand":[],"product_cat":[69,45,21,18,39,20,23,24,22,25,26,27,28,29,30,31,32,33,34,35,44,36,40],"product_tag":[],"class_list":{"0":"post-854","1":"product","2":"type-product","3":"status-publish","4":"has-post-thumbnail","6":"product_cat-elfworld","7":"product_cat-25000-puffs-disposable-vape","8":"product_cat-big-puffs-vapes","9":"product_cat-different-puffs-of-disposable-vapes","10":"product_cat-digital-box-vapes","11":"product_cat-disposable-vape-types","12":"product_cat-disposable-vapes-in-austria","13":"product_cat-disposable-vapes-in-belgium","14":"product_cat-disposable-vapes-in-europe","15":"product_cat-disposable-vapes-in-france","16":"product_cat-disposable-vapes-in-germany","17":"product_cat-disposable-vapes-in-hungary","18":"product_cat-disposable-vapes-in-ltaly","19":"product_cat-disposable-vapes-in-netherlands","20":"product_cat-disposable-vapes-in-norway","21":"product_cat-disposable-vapes-in-poland","22":"product_cat-disposable-vapes-in-portugal","23":"product_cat-disposable-vapes-in-spain","24":"product_cat-disposable-vapes-in-sweden","25":"product_cat-disposable-vapes-in-switzerland","26":"product_cat-dual-mesh-vapes","27":"product_cat-rechargeable-vapes","28":"product_cat-smart-screen-vapes","30":"first","31":"instock","32":"shipping-taxable","33":"purchasable","34":"product-type-variable","35":"has-default-attributes"},"jetpack_sharing_enabled":true,"tiered_pricing_type":"fixed","tiered_pricing_fixed_rules":{"2000":5.20000000000000017763568394002504646778106689453125},"tiered_pricing_product_settings":{"layout":"default","base_unit_name":{"singular":null,"plural":null},"default_variation":null},"tiered_pricing_minimum_quantity":1000,"tiered_pricing_roles_data":[],"tiered_pricing_percentage_rules":[],"tiered_pricing_maximum_quantity":null,"tiered_pricing_quantity_step":"10","_links":{"self":[{"href":"https:\/\/volovape.com\/de\/wp-json\/wp\/v2\/product\/854","targetHints":{"allow":["GET"]}}],"collection":[{"href":"https:\/\/volovape.com\/de\/wp-json\/wp\/v2\/product"}],"about":[{"href":"https:\/\/volovape.com\/de\/wp-json\/wp\/v2\/types\/product"}],"replies":[{"embeddable":true,"href":"https:\/\/volovape.com\/de\/wp-json\/wp\/v2\/comments?post=854"}],"wp:featuredmedia":[{"embeddable":true,"href":"https:\/\/volovape.com\/de\/wp-json\/wp\/v2\/media\/1296"}],"wp:attachment":[{"href":"https:\/\/volovape.com\/de\/wp-json\/wp\/v2\/media?parent=854"}],"wp:term":[{"taxonomy":"product_brand","embeddable":true,"href":"https:\/\/volovape.com\/de\/wp-json\/wp\/v2\/product_brand?post=854"},{"taxonomy":"product_cat","embeddable":true,"href":"https:\/\/volovape.com\/de\/wp-json\/wp\/v2\/product_cat?post=854"},{"taxonomy":"product_tag","embeddable":true,"href":"https:\/\/volovape.com\/de\/wp-json\/wp\/v2\/product_tag?post=854"}],"curies":[{"name":"wp","href":"https:\/\/api.w.org\/{rel}","templated":true}]}}