{"id":853,"date":"2024-11-21T03:33:53","date_gmt":"2024-11-21T03:33:53","guid":{"rendered":"https:\/\/volovape.com\/?post_type=product&#038;p=853"},"modified":"2025-07-06T04:14:47","modified_gmt":"2025-07-06T04:14:47","slug":"hzko-supernova-25000-zuge","status":"publish","type":"product","link":"https:\/\/volovape.com\/de\/product\/hzko-supernova-25000-puffs\/","title":{"rendered":"HZKO Supernova 25000 Puffs Einweg-Dampfger\u00e4t - digitale Anzeige, einstellbare Luftstrom, Mesh-Spule"},"content":{"rendered":"<p><strong>HZKO Supernova 25000 Puffs Einweg Vape<\/strong> - Erleben Sie ultimative Kontrolle und Langlebigkeit mit Digitalanzeige und einstellbarem Luftstrom.<\/p>\n<p>Der <strong>HZKO Supernova 25000 Z\u00fcge<\/strong> Einweg-Vape liefert ein unvergleichliches Dampferlebnis mit einem beeindruckenden <strong>25.000 Pusteblumen<\/strong> Kapazit\u00e4t, eine gro\u00dfz\u00fcgige <strong>25ml e-Fl\u00fcssigkeitsbeh\u00e4lter<\/strong>und ein leistungsf\u00e4higes <strong>850mAh wiederaufladbarer Akku<\/strong>. Die integrierte <strong>digitale Anzeige<\/strong> bietet eine Echtzeit-\u00dcberwachung des Batterie- und Fl\u00fcssigkeitsstands, w\u00e4hrend die <strong>einstellbare Luftmenge<\/strong> erm\u00f6glicht personalisierte Vaping-Sessions. Die fortschrittliche <strong>Netzspule<\/strong> sorgt f\u00fcr eine sanfte und geschmackvolle Dampferzeugung. W\u00e4hlen Sie aus <strong>0%, 2%, 3% oder 5% Nikotinst\u00e4rke<\/strong>. Ideal f\u00fcr den pers\u00f6nlichen Gebrauch und <strong>Einweg-Vape-Gro\u00dfhandel<\/strong>bietet dieses Ger\u00e4t sowohl Komfort als auch Kontrolle. <strong>Sammelbestellung<\/strong> Optionen f\u00fcr Einzelh\u00e4ndler zur Verf\u00fcgung stehen.<\/p>\n<h3><strong>HZKO Supernova 25000 Puffs Eigenschaften:<\/strong><\/h3>\n<ul>\n<li>Puffs: Bis zu 25.000<\/li>\n<li>E-Fl\u00fcssigkeit Kapazit\u00e4t: 25ml<\/li>\n<li>Akku: 850mAh (wiederaufladbar)<\/li>\n<li>Aufladen: Typ-C<\/li>\n<li>Spule: Mesh-Spule<\/li>\n<li>Anzeige: Digitales Display (Batterie- &amp; E-Liquid-F\u00fcllst\u00e4nde)<\/li>\n<li>Luftstrom: Einstellbar<\/li>\n<li>Nikotinst\u00e4rken: 0%, 2%, 3%, 5%<\/li>\n<li>Verf\u00fcgbare Geschmacksrichtungen: Peach Blue Slushy, Grapefruit Refresher, Sour Mango Pineapple, Lime Berry Orange, Watermelon Ice, Miami Mint, Blue Razz Ice, Sour Apple Ice, Mixed Berries, Raspberry Peach Lime.<\/li>\n<\/ul>\n<h4>H\u00e4ufig gestellte Fragen<\/h4>\n<h5>Wie verbessert die digitale Anzeige das Nutzererlebnis?<\/h5>\n<p>Das digitale Display liefert Echtzeit-Informationen \u00fcber den Batterie- und Fl\u00fcssigkeitsstand, so dass der Benutzer den Status seines Ger\u00e4ts auf einen Blick erkennen kann. Diese Funktion stellt sicher, dass Sie immer \u00fcber den Zustand Ihres Ger\u00e4ts informiert sind, verhindert unerwartete Unterbrechungen und erh\u00f6ht den allgemeinen Komfort.<\/p>\n<h5>Was sind die Vorteile des einstellbaren Luftstroms in diesem Ger\u00e4t?<\/h5>\n<p>Der einstellbare Luftstrom erm\u00f6glicht es den Benutzern, ihr Dampferlebnis durch Feineinstellung des Zugwiderstands anzupassen. Egal, ob Sie einen engen oder lockeren Zug bevorzugen, diese Funktion erm\u00f6glicht eine pers\u00f6nliche Kontrolle, was zu einer befriedigenderen und angenehmeren Verdampfungssitzung f\u00fchrt.<\/p>\n<h5>Wie tragen der 850mAh-Akku und die 25ml E-Liquid-Kapazit\u00e4t zur Langlebigkeit des Ger\u00e4ts bei?<\/h5>\n<p>Der 850mAh-Akku und die 25ml E-Liquid-Kapazit\u00e4t sind so konzipiert, dass sie die hohe Puffzahl des Ger\u00e4ts unterst\u00fctzen und eine l\u00e4ngere Nutzung ohne h\u00e4ufiges Aufladen oder Nachf\u00fcllen gew\u00e4hrleisten. Diese Kombination bietet au\u00dfergew\u00f6hnlichen Komfort und Langlebigkeit, so dass die HZKO Supernova 25000 ideal f\u00fcr l\u00e4ngere Vaping-Sessions.<\/p>\n<h5>Welche Versandmethoden werden verwendet?<\/h5>\n<p>Wir arbeiten mit zuverl\u00e4ssigen Transportunternehmen wie UPS, DHL, FedEx und DPD zusammen, um eine effiziente und sichere Lieferung zu gew\u00e4hrleisten. Wir w\u00e4hlen die f\u00fcr Ihren Standort am besten geeignete Versandmethode aus, um Ihre Bestellung so schnell wie m\u00f6glich zu Ihnen zu bringen.<\/p>\n<h5>Kann ich meinem Kauf vertrauen?<\/h5>\n<p>Wir legen gro\u00dfen Wert auf Kundenzufriedenheit und bieten sichere Zahlungsoptionen, einschlie\u00dflich PayPal mit K\u00e4uferschutz. Sie k\u00f6nnen auch Kundenrezensionen auf TrustPilot einsehen: <a href=\"https:\/\/www.trustpilot.com\/review\/volovape.com?utm_medium=trustbox&amp;utm_source=TrustBoxReviewCollector\">VertrauensPilot<\/a>.<\/p>","protected":false},"excerpt":{"rendered":"<p>Versorgung HZKO Supernova 25000 Puffs Einweg Vapes. 25.000 Z\u00fcge, 25ml E-Liquid, 850mAh Akku, digitale Anzeige, einstellbarer Luftstrom, Netzspule. Vielf\u00e4ltiges Nikotin. Entdecken Sie Geschmacksrichtungen.<\/p>","protected":false},"featured_media":1281,"comment_status":"open","ping_status":"closed","template":"","meta":[],"product_brand":[],"product_cat":[70,45,21,18,39,20,23,24,22,25,26,27,28,29,30,31,32,33,34,35,44,36,40],"product_tag":[],"class_list":{"0":"post-853","1":"product","2":"type-product","3":"status-publish","4":"has-post-thumbnail","6":"product_cat-hzkd","7":"product_cat-25000-puffs-disposable-vape","8":"product_cat-big-puffs-vapes","9":"product_cat-different-puffs-of-disposable-vapes","10":"product_cat-digital-box-vapes","11":"product_cat-disposable-vape-types","12":"product_cat-disposable-vapes-in-austria","13":"product_cat-disposable-vapes-in-belgium","14":"product_cat-disposable-vapes-in-europe","15":"product_cat-disposable-vapes-in-france","16":"product_cat-disposable-vapes-in-germany","17":"product_cat-disposable-vapes-in-hungary","18":"product_cat-disposable-vapes-in-ltaly","19":"product_cat-disposable-vapes-in-netherlands","20":"product_cat-disposable-vapes-in-norway","21":"product_cat-disposable-vapes-in-poland","22":"product_cat-disposable-vapes-in-portugal","23":"product_cat-disposable-vapes-in-spain","24":"product_cat-disposable-vapes-in-sweden","25":"product_cat-disposable-vapes-in-switzerland","26":"product_cat-dual-mesh-vapes","27":"product_cat-rechargeable-vapes","28":"product_cat-smart-screen-vapes","30":"first","31":"instock","32":"shipping-taxable","33":"purchasable","34":"product-type-variable","35":"has-default-attributes"},"jetpack_sharing_enabled":true,"tiered_pricing_type":"fixed","tiered_pricing_fixed_rules":{"2000":5.20000000000000017763568394002504646778106689453125},"tiered_pricing_product_settings":{"layout":"default","base_unit_name":{"singular":null,"plural":null},"default_variation":null},"tiered_pricing_minimum_quantity":1000,"tiered_pricing_roles_data":[],"tiered_pricing_percentage_rules":[],"tiered_pricing_maximum_quantity":null,"tiered_pricing_quantity_step":"10","_links":{"self":[{"href":"https:\/\/volovape.com\/de\/wp-json\/wp\/v2\/product\/853","targetHints":{"allow":["GET"]}}],"collection":[{"href":"https:\/\/volovape.com\/de\/wp-json\/wp\/v2\/product"}],"about":[{"href":"https:\/\/volovape.com\/de\/wp-json\/wp\/v2\/types\/product"}],"replies":[{"embeddable":true,"href":"https:\/\/volovape.com\/de\/wp-json\/wp\/v2\/comments?post=853"}],"wp:featuredmedia":[{"embeddable":true,"href":"https:\/\/volovape.com\/de\/wp-json\/wp\/v2\/media\/1281"}],"wp:attachment":[{"href":"https:\/\/volovape.com\/de\/wp-json\/wp\/v2\/media?parent=853"}],"wp:term":[{"taxonomy":"product_brand","embeddable":true,"href":"https:\/\/volovape.com\/de\/wp-json\/wp\/v2\/product_brand?post=853"},{"taxonomy":"product_cat","embeddable":true,"href":"https:\/\/volovape.com\/de\/wp-json\/wp\/v2\/product_cat?post=853"},{"taxonomy":"product_tag","embeddable":true,"href":"https:\/\/volovape.com\/de\/wp-json\/wp\/v2\/product_tag?post=853"}],"curies":[{"name":"wp","href":"https:\/\/api.w.org\/{rel}","templated":true}]}}