{"id":83,"date":"2024-11-21T03:26:51","date_gmt":"2024-11-21T03:26:51","guid":{"rendered":"https:\/\/volovape.com\/?post_type=product&#038;p=83"},"modified":"2025-06-30T01:33:31","modified_gmt":"2025-06-30T01:33:31","slug":"vapme-crown-bar-18000-zuge","status":"publish","type":"product","link":"https:\/\/volovape.com\/de\/product\/vapme-crown-bar-18000-puffs\/","title":{"rendered":"VAPME CROWN BAR 18000 Puffs Einweg Vape - RGB Licht, Mesh Coil, wiederaufladbar"},"content":{"rendered":"<p><strong>VAPME CROWN BAR 18000 Puffs Stylish Disposable Vape mit RGB-Beleuchtung &amp; Mesh Coil<\/strong> - Leistungsstarkes Vaping mit visueller Attraktivit\u00e4t.<\/p>\n<p>Der <strong>VAPME CROWN BAR 18000 Puffs<\/strong> Einweg-Vape bietet ein au\u00dfergew\u00f6hnliches Dampferlebnis mit bis zu <strong>18.000 Z\u00fcge<\/strong>eine gro\u00dfe <strong>25ml e-Fl\u00fcssigkeit Kapazit\u00e4t<\/strong>und ein <strong>850mAh wiederaufladbarer Akku<\/strong> mit <strong>Typ-C-Laden<\/strong>. Die <strong>fortschrittliche Netzspulentechnologie<\/strong> sorgt f\u00fcr gleichm\u00e4\u00dfig weichen und geschmackvollen Dampf. Die <strong>Lebendige RGB-Beleuchtung<\/strong> f\u00fcgt ein stilvolles und anpassbares visuelles Element hinzu. W\u00e4hlen Sie aus <strong>2% oder 5% Nikotinst\u00e4rke<\/strong> und genie\u00dfen <strong>12 k\u00f6stliche Geschmacksrichtungen<\/strong>einschlie\u00dflich Blueberry Gum und Sweet Passionfruit. Ideal f\u00fcr den pers\u00f6nlichen Gebrauch oder <strong>Einweg-Vape-Gro\u00dfhandel<\/strong>kombiniert dieses Ger\u00e4t hohe Leistung mit auff\u00e4lliger \u00c4sthetik. F\u00fcr <strong>Gro\u00dfauftrag<\/strong> Preise, bitte kontaktieren Sie uns.<\/p>\n<h3><strong>VAPME CROWN BAR 18000 Merkmale:<\/strong><\/h3>\n<ul>\n<li>Puffs: Bis zu 18.000<\/li>\n<li>E-Fl\u00fcssigkeit Kapazit\u00e4t: 25ml<\/li>\n<li>Akku: 850mAh (wiederaufladbar)<\/li>\n<li>Aufladen: Typ-C<\/li>\n<li>Spule: Mesh-Spule<\/li>\n<li>Beleuchtung: RGB<\/li>\n<li>Nikotinst\u00e4rken: 2%, 5%<\/li>\n<li>12 Geschmacksoptionen<\/li>\n<\/ul>\n<h4>H\u00e4ufig gestellte Fragen<\/h4>\n<h5>Wie verbessert die RGB-Beleuchtung das Vaping-Erlebnis?<\/h5>\n<p>Die lebendige RGB-Beleuchtung f\u00fcgt ein stilvolles und dynamisches visuelles Element hinzu, das Ihre Vaping-Sessions noch angenehmer und pers\u00f6nlicher macht. Eine einzigartige Funktion, die die VAPME CROWN BAR von anderen unterscheidet.<\/p>\n<h5>Welche Versandmethoden werden verwendet?<\/h5>\n<p>Wir arbeiten mit zuverl\u00e4ssigen Transportunternehmen wie UPS, DHL, FedEx und DPD zusammen, um sicherzustellen, dass Ihre Bestellungen effizient zugestellt werden. Die Versandmethode wird auf der Grundlage Ihres Standorts ausgew\u00e4hlt, um eine optimale Liefergeschwindigkeit und Zuverl\u00e4ssigkeit zu gew\u00e4hrleisten.<\/p>\n<h5>Wie lange dauert der Versand normalerweise?<\/h5>\n<p>Der Versand dauert normalerweise zwischen 7 und 15 Werktagen. In der Hochsaison oder bei ung\u00fcnstigen Wetterbedingungen kann es bis zu 20 Werktage dauern.<\/p>\n<h5>Werde ich Probleme mit dem Zoll oder zus\u00e4tzliche Geb\u00fchren haben?<\/h5>\n<p>Wir wickeln alle Zollabfertigungsverfahren ab und sorgen daf\u00fcr, dass Ihre Sendung ohne Probleme durchgeht. F\u00fcr Sie fallen keine zus\u00e4tzlichen Steuern oder Geb\u00fchren an. Wir garantieren die Zollabfertigung von 100%.<\/p>\n<h5>Wie kann ich mich von der Qualit\u00e4t und Zuverl\u00e4ssigkeit des Produkts \u00fcberzeugen?<\/h5>\n<p>Wir akzeptieren sichere PayPal-Zahlungen mit K\u00e4uferschutz. Sie k\u00f6nnen auch Kundenrezensionen lesen auf <a href=\"https:\/\/www.trustpilot.com\/review\/volovape.com?utm_medium=trustbox&amp;utm_source=TrustBoxReviewCollector\">VertrauensPilot<\/a>in dem viele Kunden positive Erfahrungen mit unseren Produkten und Dienstleistungen gemacht haben.<\/p>","protected":false},"excerpt":{"rendered":"<p>Beleuchten Sie Ihr Vaping mit der VAPME CROWN BAR 18000 Puffs. RGB-Beleuchtung, Netzspule, 25ml, 850mAh wiederaufladbar. Perfekt f\u00fcr den pers\u00f6nlichen Genuss oder Gro\u00dfhandel.<\/p>","protected":false},"featured_media":270,"comment_status":"open","ping_status":"closed","template":"","meta":[],"product_brand":[],"product_cat":[49,50,21,18,20,23,24,22,25,26,27,28,29,30,31,32,33,34,35,36,47,40],"product_tag":[],"class_list":{"0":"post-83","1":"product","2":"type-product","3":"status-publish","4":"has-post-thumbnail","6":"product_cat-vapme","7":"product_cat-18000-puffs-disposable-vape","8":"product_cat-big-puffs-vapes","9":"product_cat-different-puffs-of-disposable-vapes","10":"product_cat-disposable-vape-types","11":"product_cat-disposable-vapes-in-austria","12":"product_cat-disposable-vapes-in-belgium","13":"product_cat-disposable-vapes-in-europe","14":"product_cat-disposable-vapes-in-france","15":"product_cat-disposable-vapes-in-germany","16":"product_cat-disposable-vapes-in-hungary","17":"product_cat-disposable-vapes-in-ltaly","18":"product_cat-disposable-vapes-in-netherlands","19":"product_cat-disposable-vapes-in-norway","20":"product_cat-disposable-vapes-in-poland","21":"product_cat-disposable-vapes-in-portugal","22":"product_cat-disposable-vapes-in-spain","23":"product_cat-disposable-vapes-in-sweden","24":"product_cat-disposable-vapes-in-switzerland","25":"product_cat-rechargeable-vapes","26":"product_cat-shisha-hookah-vapes","27":"product_cat-smart-screen-vapes","29":"first","30":"instock","31":"shipping-taxable","32":"purchasable","33":"product-type-variable","34":"has-default-attributes"},"jetpack_sharing_enabled":true,"tiered_pricing_type":"fixed","tiered_pricing_fixed_rules":{"2000":4.9900000000000002131628207280300557613372802734375},"tiered_pricing_product_settings":{"layout":"default","base_unit_name":{"singular":null,"plural":null},"default_variation":null},"tiered_pricing_minimum_quantity":1000,"tiered_pricing_roles_data":[],"tiered_pricing_percentage_rules":[],"tiered_pricing_maximum_quantity":null,"tiered_pricing_quantity_step":"100","_links":{"self":[{"href":"https:\/\/volovape.com\/de\/wp-json\/wp\/v2\/product\/83","targetHints":{"allow":["GET"]}}],"collection":[{"href":"https:\/\/volovape.com\/de\/wp-json\/wp\/v2\/product"}],"about":[{"href":"https:\/\/volovape.com\/de\/wp-json\/wp\/v2\/types\/product"}],"replies":[{"embeddable":true,"href":"https:\/\/volovape.com\/de\/wp-json\/wp\/v2\/comments?post=83"}],"wp:featuredmedia":[{"embeddable":true,"href":"https:\/\/volovape.com\/de\/wp-json\/wp\/v2\/media\/270"}],"wp:attachment":[{"href":"https:\/\/volovape.com\/de\/wp-json\/wp\/v2\/media?parent=83"}],"wp:term":[{"taxonomy":"product_brand","embeddable":true,"href":"https:\/\/volovape.com\/de\/wp-json\/wp\/v2\/product_brand?post=83"},{"taxonomy":"product_cat","embeddable":true,"href":"https:\/\/volovape.com\/de\/wp-json\/wp\/v2\/product_cat?post=83"},{"taxonomy":"product_tag","embeddable":true,"href":"https:\/\/volovape.com\/de\/wp-json\/wp\/v2\/product_tag?post=83"}],"curies":[{"name":"wp","href":"https:\/\/api.w.org\/{rel}","templated":true}]}}