{"id":826,"date":"2024-11-21T03:33:30","date_gmt":"2024-11-21T03:33:30","guid":{"rendered":"https:\/\/volovape.com\/?post_type=product&#038;p=826"},"modified":"2025-06-19T03:45:17","modified_gmt":"2025-06-19T03:45:17","slug":"elfenwelt-al-22000-zuge","status":"publish","type":"product","link":"https:\/\/volovape.com\/de\/product\/elfworld-al-22000-puffs\/","title":{"rendered":"ELFWORLD AL 22000 Puffs Einweg Vape - Dual Mesh, digitale Anzeige, einstellbare Luftstrom"},"content":{"rendered":"<p><strong>ELFWORLD AL 22000 Puffs Einweg-Vape<\/strong> - Ultimative Vaping-Kontrolle mit Dual Mesh Coils und Digitalanzeige.<\/p>\n<p>Der <strong>ELFWORLD AL 22000 Z\u00fcge<\/strong> Einweg-Vape definiert das Dampfen neu mit seiner au\u00dfergew\u00f6hnlichen <strong>22.000 Pusteblumen<\/strong> Kapazit\u00e4t, eine massive <strong>26ml e-Fl\u00fcssigkeitsbeh\u00e4lter<\/strong>und eine robuste <strong>650mAh wiederaufladbare Batterie<\/strong>. Mit <strong>Dual 1.0\u03a9 Mesh-Spulen<\/strong>liefert dieses Ger\u00e4t unvergleichlichen Geschmack und Dampfproduktion. Die integrierte <strong>digitale Anzeige<\/strong> bietet eine Echtzeit-\u00dcberwachung des Batterie- und Fl\u00fcssigkeitsstands, w\u00e4hrend die <strong>einstellbare Luftmenge<\/strong> erm\u00f6glicht ein vollst\u00e4ndig anpassbares Dampferlebnis. W\u00e4hlen Sie aus <strong>0%, 2%, 3% oder 5% Nikotinst\u00e4rke<\/strong>. Ideal f\u00fcr den pers\u00f6nlichen Gebrauch und <strong>Einweg-Vape-Gro\u00dfhandel<\/strong>Dieses Ger\u00e4t bietet den Gipfel des Komforts und der Leistung beim Dampfen. <strong>Sammelbestellung<\/strong> Optionen f\u00fcr Einzelh\u00e4ndler zur Verf\u00fcgung stehen.<\/p>\n<h3><strong>ELFWORLD AL 22000 Puffs Merkmale:<\/strong><\/h3>\n<ul>\n<li>Puffs: Bis zu 22.000<\/li>\n<li>E-Fl\u00fcssigkeit Kapazit\u00e4t: 26ml<\/li>\n<li>Akku: 650mAh (wiederaufladbar)<\/li>\n<li>Aufladen: Typ-C<\/li>\n<li>Spule: Dual 1.0\u03a9 Mesh Spulen<\/li>\n<li>Anzeige: Digitales Display (Batterie- &amp; E-Liquid-F\u00fcllst\u00e4nde)<\/li>\n<li>Luftstrom: Einstellbar<\/li>\n<li>Nikotinst\u00e4rken: 0%, 2%, 3%, 5%<\/li>\n<li>Verf\u00fcgbare Geschmacksrichtungen: Mango-Apfel-Birne, Cool Mango, Gr\u00fcner Apfel, Heidelbeer-Eis, Minze, Beerenmix, Trauben-Eis, Wassermelonen-Eis, Heidelbeer-Minze.<\/li>\n<\/ul>\n<h4>H\u00e4ufig gestellte Fragen<\/h4>\n<h5>Wie verbessern Dual-Mesh-Coils das Dampferlebnis?<\/h5>\n<p>Dual 1.0\u03a9 Mesh Coils bieten eine verbesserte Heizleistung und gleichm\u00e4\u00dfige Verdampfung, was zu reicheren, intensiveren Aromen und dichteren Dampfwolken f\u00fchrt. Diese Technologie sorgt f\u00fcr eine gleichbleibend glatte und befriedigende Verdampfungserfahrung w\u00e4hrend der gesamten Lebensdauer des Ger\u00e4tes.<\/p>\n<h5>Was sind die Vorteile der digitalen Anzeige und des einstellbaren Luftstroms?<\/h5>\n<p>Die digitale Anzeige erm\u00f6glicht es dem Benutzer, den Batterie- und Fl\u00fcssigkeitsstand in Echtzeit zu \u00fcberwachen, so dass er nie unvorbereitet ist. Der einstellbare Luftstrom bietet die M\u00f6glichkeit, den Zugwiderstand anzupassen, so dass die Nutzer ihr Dampferlebnis genau auf ihre Vorlieben abstimmen k\u00f6nnen.<\/p>\n<h5>Wie profitieren die Nutzer von der Kapazit\u00e4t von 22.000 Puffs und dem 26ml e-liquid Reservoir?<\/h5>\n<p>Die Kapazit\u00e4t von 22.000 Z\u00fcgen und der 26-ml-Beh\u00e4lter f\u00fcr E-Liquid bieten eine lange Nutzungsdauer und minimieren die Notwendigkeit des h\u00e4ufigen Auswechselns. Dies bietet au\u00dfergew\u00f6hnlichen Komfort und Wert, so dass die ELFWORLD AL 22000 perfekt f\u00fcr Benutzer, die eine lang anhaltende und stressfrei vaping Erfahrung wollen.<\/p>\n<h5>Welche Versandmethoden werden verwendet?<\/h5>\n<p>Wir arbeiten mit zuverl\u00e4ssigen Transportunternehmen wie UPS, DHL, FedEx und DPD zusammen, um eine effiziente und sichere Lieferung zu gew\u00e4hrleisten. Wir w\u00e4hlen die f\u00fcr Ihren Standort am besten geeignete Versandmethode aus, um Ihre Bestellung so schnell wie m\u00f6glich zu Ihnen zu bringen.<\/p>\n<h5>Kann ich meinem Kauf vertrauen?<\/h5>\n<p>Wir legen gro\u00dfen Wert auf Kundenzufriedenheit und bieten sichere Zahlungsoptionen, einschlie\u00dflich PayPal mit K\u00e4uferschutz. Sie k\u00f6nnen auch Kundenrezensionen auf TrustPilot einsehen: <a href=\"https:\/\/www.trustpilot.com\/review\/volovape.com?utm_medium=trustbox&amp;utm_source=TrustBoxReviewCollector\">VertrauensPilot<\/a>.<\/p>","protected":false},"excerpt":{"rendered":"<p>Holen Sie sich Gro\u00dfhandel ELFWORLD AL 22000 Puffs Disposable Vapes. 22.000 Puffs, 26ml e-Fl\u00fcssigkeit, Dual-Mesh-Spulen, digitale Anzeige und einstellbare Luftstr\u00f6mung. Entdecken Sie 10 Geschmacksrichtungen.<\/p>","protected":false},"featured_media":1271,"comment_status":"open","ping_status":"closed","template":"","meta":[],"product_brand":[],"product_cat":[69,42,45,21,18,39,20,23,24,22,25,26,27,28,29,30,31,32,33,34,35,44,36,40],"product_tag":[],"class_list":{"0":"post-826","1":"product","2":"type-product","3":"status-publish","4":"has-post-thumbnail","6":"product_cat-elfworld","7":"product_cat-20000-puffs-disposable-vape","8":"product_cat-25000-puffs-disposable-vape","9":"product_cat-big-puffs-vapes","10":"product_cat-different-puffs-of-disposable-vapes","11":"product_cat-digital-box-vapes","12":"product_cat-disposable-vape-types","13":"product_cat-disposable-vapes-in-austria","14":"product_cat-disposable-vapes-in-belgium","15":"product_cat-disposable-vapes-in-europe","16":"product_cat-disposable-vapes-in-france","17":"product_cat-disposable-vapes-in-germany","18":"product_cat-disposable-vapes-in-hungary","19":"product_cat-disposable-vapes-in-ltaly","20":"product_cat-disposable-vapes-in-netherlands","21":"product_cat-disposable-vapes-in-norway","22":"product_cat-disposable-vapes-in-poland","23":"product_cat-disposable-vapes-in-portugal","24":"product_cat-disposable-vapes-in-spain","25":"product_cat-disposable-vapes-in-sweden","26":"product_cat-disposable-vapes-in-switzerland","27":"product_cat-dual-mesh-vapes","28":"product_cat-rechargeable-vapes","29":"product_cat-smart-screen-vapes","31":"first","32":"instock","33":"shipping-taxable","34":"purchasable","35":"product-type-variable","36":"has-default-attributes"},"jetpack_sharing_enabled":true,"tiered_pricing_type":"fixed","tiered_pricing_fixed_rules":{"2000":6.88999999999999968025576890795491635799407958984375},"tiered_pricing_product_settings":{"layout":"default","base_unit_name":{"singular":null,"plural":null},"default_variation":null},"tiered_pricing_minimum_quantity":1000,"tiered_pricing_roles_data":[],"tiered_pricing_percentage_rules":[],"tiered_pricing_maximum_quantity":null,"tiered_pricing_quantity_step":"10","_links":{"self":[{"href":"https:\/\/volovape.com\/de\/wp-json\/wp\/v2\/product\/826","targetHints":{"allow":["GET"]}}],"collection":[{"href":"https:\/\/volovape.com\/de\/wp-json\/wp\/v2\/product"}],"about":[{"href":"https:\/\/volovape.com\/de\/wp-json\/wp\/v2\/types\/product"}],"replies":[{"embeddable":true,"href":"https:\/\/volovape.com\/de\/wp-json\/wp\/v2\/comments?post=826"}],"wp:featuredmedia":[{"embeddable":true,"href":"https:\/\/volovape.com\/de\/wp-json\/wp\/v2\/media\/1271"}],"wp:attachment":[{"href":"https:\/\/volovape.com\/de\/wp-json\/wp\/v2\/media?parent=826"}],"wp:term":[{"taxonomy":"product_brand","embeddable":true,"href":"https:\/\/volovape.com\/de\/wp-json\/wp\/v2\/product_brand?post=826"},{"taxonomy":"product_cat","embeddable":true,"href":"https:\/\/volovape.com\/de\/wp-json\/wp\/v2\/product_cat?post=826"},{"taxonomy":"product_tag","embeddable":true,"href":"https:\/\/volovape.com\/de\/wp-json\/wp\/v2\/product_tag?post=826"}],"curies":[{"name":"wp","href":"https:\/\/api.w.org\/{rel}","templated":true}]}}