{"id":825,"date":"2024-11-21T03:33:30","date_gmt":"2024-11-21T03:33:30","guid":{"rendered":"https:\/\/volovape.com\/?post_type=product&#038;p=825"},"modified":"2025-07-06T04:09:11","modified_gmt":"2025-07-06T04:09:11","slug":"elfenwelt-plus-20-000-zuge","status":"publish","type":"product","link":"https:\/\/volovape.com\/de\/product\/elfworld-plus-20000-puffs\/","title":{"rendered":"ELFWORLD PLUS+ 20000 Puffs Wegwerfdampfer - Mengenrabatt, Netzspule, wiederaufladbar"},"content":{"rendered":"<p><strong>ELFWORLD PLUS+ 20000 Z\u00fcge Einweg-Vape<\/strong> - Unerreichte Langlebigkeit und Geschmack mit fortschrittlicher Mesh Coil Technologie.<\/p>\n<p>Der <strong>ELFWORLD PLUS+ 20000 Z\u00fcge<\/strong> Einweg-Vape liefert ein au\u00dfergew\u00f6hnliches Dampferlebnis mit einem beeindruckenden <strong>20.000 Pusteblumen<\/strong> Kapazit\u00e4t, eine gro\u00dfz\u00fcgige <strong>22ml e-Fl\u00fcssigkeitsbeh\u00e4lter<\/strong>und ein leistungsf\u00e4higes <strong>650mAh wiederaufladbare Batterie<\/strong>. Die fortgeschrittene <strong>Netzspule<\/strong> Technologie sorgt f\u00fcr gleichbleibend weichen, reichhaltigen und befriedigenden Dampf und ist damit perfekt f\u00fcr den l\u00e4ngeren Gebrauch. W\u00e4hlen Sie aus <strong>0%, 2%, 3% oder 5% Nikotinst\u00e4rke<\/strong> nach Ihren W\u00fcnschen. Ideal f\u00fcr den pers\u00f6nlichen Gebrauch und <strong>Einweg-Vape-Gro\u00dfhandel<\/strong>bietet dieses Ger\u00e4t sowohl Langlebigkeit als auch Komfort. <strong>Sammelbestellung<\/strong> Optionen f\u00fcr Einzelh\u00e4ndler zur Verf\u00fcgung stehen.<\/p>\n<h3><strong>ELFWORLD PLUS+ 20000 Puffs Merkmale:<\/strong><\/h3>\n<ul>\n<li>Puffs: Bis zu 20.000<\/li>\n<li>E-Fl\u00fcssigkeit Kapazit\u00e4t: 22ml<\/li>\n<li>Akku: 650mAh (wiederaufladbar)<\/li>\n<li>Aufladen: Typ-C<\/li>\n<li>Spule: Mesh-Spule<\/li>\n<li>Nikotinst\u00e4rken: 0%, 2%, 3%, 5%<\/li>\n<li>Verf\u00fcgbare Geschmacksrichtungen: Grape Lemon, Cherry Bomb, Juicy Peach Ice, Berry Bliss, Blue Razz Ice, Blueberry Watermelon, Pink Lemonade, Mexico Mango, Strawberry Banana, Watermelon Ice, White Gummy Ice, Strawberry Mango, Miami Mint.<\/li>\n<\/ul>\n<h4>H\u00e4ufig gestellte Fragen<\/h4>\n<h5>Wie verbessert die Mesh-Spule das Vaping-Erlebnis in diesem High-Puff-Ger\u00e4t?<\/h5>\n<p>Die Mesh-Spule im ELFWORLD PLUS+ 20000 wurde entwickelt, um eine gleichm\u00e4\u00dfige Erw\u00e4rmung und eine effiziente Verdampfung zu gew\u00e4hrleisten, die w\u00e4hrend der gesamten Lebensdauer des Ger\u00e4ts einen gleichbleibenden Geschmack und eine gleichbleibende Dampfproduktion garantiert. Diese Technologie erm\u00f6glicht ein sanftes und befriedigendes Erlebnis, auch bei einer hohen Anzahl von Z\u00fcgen.<\/p>\n<h5>Was sind die Vorteile einer Kapazit\u00e4t von 20.000 Puffs?<\/h5>\n<p>Die Kapazit\u00e4t von 20.000 Z\u00fcgen bietet eine lange Nutzungsdauer und reduziert den Bedarf an h\u00e4ufigem Auswechseln. Das macht den ELFWORLD PLUS+ 20000 ideal f\u00fcr Nutzer, die eine langlebige und bequeme Verdampferl\u00f6sung suchen, perfekt f\u00fcr Reisen oder den t\u00e4glichen Gebrauch.<\/p>\n<h5>Wie schnell l\u00e4sst sich der 650-mAh-Akku aufladen?<\/h5>\n<p>Der 650mAh-Akku unterst\u00fctzt lange Vaping-Sessions und l\u00e4dt sich schnell \u00fcber Typ-C-Ladung auf. Dies sorgt f\u00fcr minimale Ausfallzeiten, so dass Sie Ihr Ger\u00e4t ohne lange Wartezeiten genie\u00dfen k\u00f6nnen.<\/p>\n<h5>Welche Versandmethoden werden verwendet?<\/h5>\n<p>Wir arbeiten mit zuverl\u00e4ssigen Transportunternehmen wie UPS, DHL, FedEx und DPD zusammen, um eine effiziente und sichere Lieferung zu gew\u00e4hrleisten. Je nach Standort w\u00e4hlen wir die beste Versandoption, um Ihre Bestellung so schnell wie m\u00f6glich zu Ihnen zu bringen.<\/p>\n<h5>Kann ich meinem Kauf vertrauen?<\/h5>\n<p>Wir legen gro\u00dfen Wert auf Kundenzufriedenheit und bieten sichere Zahlungsoptionen, einschlie\u00dflich PayPal mit K\u00e4uferschutz. Sie k\u00f6nnen auch Kundenrezensionen auf TrustPilot einsehen: <a href=\"https:\/\/www.trustpilot.com\/review\/volovape.com?utm_medium=trustbox&amp;utm_source=TrustBoxReviewCollector\">VertrauensPilot<\/a>.<\/p>","protected":false},"excerpt":{"rendered":"<p>Bulk Gro\u00dfhandel ELFWORLD PLUS + 20000 Puffs Einweg Vapes. 20.000 Z\u00fcge, 22ml e-Fl\u00fcssigkeit, Netzspule, wiederaufladbar. Vielf\u00e4ltige Nikotin-Optionen. Entdecken Sie 15 Geschmacksrichtungen.<\/p>","protected":false},"featured_media":1254,"comment_status":"open","ping_status":"closed","template":"","meta":[],"product_brand":[],"product_cat":[69,42,21,18,39,20,23,24,22,25,26,27,28,29,30,31,32,33,34,35,44,36,40],"product_tag":[],"class_list":{"0":"post-825","1":"product","2":"type-product","3":"status-publish","4":"has-post-thumbnail","6":"product_cat-elfworld","7":"product_cat-20000-puffs-disposable-vape","8":"product_cat-big-puffs-vapes","9":"product_cat-different-puffs-of-disposable-vapes","10":"product_cat-digital-box-vapes","11":"product_cat-disposable-vape-types","12":"product_cat-disposable-vapes-in-austria","13":"product_cat-disposable-vapes-in-belgium","14":"product_cat-disposable-vapes-in-europe","15":"product_cat-disposable-vapes-in-france","16":"product_cat-disposable-vapes-in-germany","17":"product_cat-disposable-vapes-in-hungary","18":"product_cat-disposable-vapes-in-ltaly","19":"product_cat-disposable-vapes-in-netherlands","20":"product_cat-disposable-vapes-in-norway","21":"product_cat-disposable-vapes-in-poland","22":"product_cat-disposable-vapes-in-portugal","23":"product_cat-disposable-vapes-in-spain","24":"product_cat-disposable-vapes-in-sweden","25":"product_cat-disposable-vapes-in-switzerland","26":"product_cat-dual-mesh-vapes","27":"product_cat-rechargeable-vapes","28":"product_cat-smart-screen-vapes","30":"first","31":"instock","32":"shipping-taxable","33":"purchasable","34":"product-type-variable","35":"has-default-attributes"},"jetpack_sharing_enabled":true,"tiered_pricing_type":"fixed","tiered_pricing_fixed_rules":{"2000":6.19000000000000039079850466805510222911834716796875},"tiered_pricing_product_settings":{"layout":"default","base_unit_name":{"singular":null,"plural":null},"default_variation":null},"tiered_pricing_minimum_quantity":1000,"tiered_pricing_roles_data":[],"tiered_pricing_percentage_rules":[],"tiered_pricing_maximum_quantity":null,"tiered_pricing_quantity_step":"10","_links":{"self":[{"href":"https:\/\/volovape.com\/de\/wp-json\/wp\/v2\/product\/825","targetHints":{"allow":["GET"]}}],"collection":[{"href":"https:\/\/volovape.com\/de\/wp-json\/wp\/v2\/product"}],"about":[{"href":"https:\/\/volovape.com\/de\/wp-json\/wp\/v2\/types\/product"}],"replies":[{"embeddable":true,"href":"https:\/\/volovape.com\/de\/wp-json\/wp\/v2\/comments?post=825"}],"wp:featuredmedia":[{"embeddable":true,"href":"https:\/\/volovape.com\/de\/wp-json\/wp\/v2\/media\/1254"}],"wp:attachment":[{"href":"https:\/\/volovape.com\/de\/wp-json\/wp\/v2\/media?parent=825"}],"wp:term":[{"taxonomy":"product_brand","embeddable":true,"href":"https:\/\/volovape.com\/de\/wp-json\/wp\/v2\/product_brand?post=825"},{"taxonomy":"product_cat","embeddable":true,"href":"https:\/\/volovape.com\/de\/wp-json\/wp\/v2\/product_cat?post=825"},{"taxonomy":"product_tag","embeddable":true,"href":"https:\/\/volovape.com\/de\/wp-json\/wp\/v2\/product_tag?post=825"}],"curies":[{"name":"wp","href":"https:\/\/api.w.org\/{rel}","templated":true}]}}