{"id":824,"date":"2024-11-21T03:33:30","date_gmt":"2024-11-21T03:33:30","guid":{"rendered":"https:\/\/volovape.com\/?post_type=product&#038;p=824"},"modified":"2025-07-06T04:22:09","modified_gmt":"2025-07-06T04:22:09","slug":"elfworld-15pro-12000-zuge","status":"publish","type":"product","link":"https:\/\/volovape.com\/de\/product\/elfworld-15pro-12000-puffs\/","title":{"rendered":"ELFWORLD 15PRO 12000 Puffs Einweg-Dampfger\u00e4t mit digitaler Anzeige und einstellbarem Luftstrom"},"content":{"rendered":"<p><strong>ELFWORLD 15PRO 12000 Puffs Einweg Vape<\/strong> - Intelligentes Dampfen mit digitaler Anzeige und einstellbarem Luftstrom.<\/p>\n<p>Der <strong>ELFWORLD 15PRO 12000 Z\u00fcge<\/strong> Einweg-Vape kombiniert hohe Leistung mit intelligenten Funktionen und bietet bis zu <strong>12.000 Z\u00fcge<\/strong>an <strong>18ml e-Fl\u00fcssigkeit Kapazit\u00e4t<\/strong>und ein <strong>600mAh wiederaufladbare Batterie<\/strong>. Die integrierte <strong>digitale Anzeige<\/strong> bietet eine Echtzeit-\u00dcberwachung des Batterie- und Fl\u00fcssigkeitsstands, w\u00e4hrend die <strong>einstellbare Luftmenge<\/strong> erm\u00f6glicht ein individuelles Dampferlebnis. Die fortschrittliche <strong>Netzspule<\/strong> sorgt f\u00fcr weichen und geschmackvollen Dampf. W\u00e4hlen Sie aus <strong>0%, 2%, 3% oder 5% Nikotinst\u00e4rke<\/strong>. Ideal f\u00fcr den pers\u00f6nlichen Gebrauch und <strong>Einweg-Vape-Gro\u00dfhandel<\/strong>bietet dieses Ger\u00e4t sowohl Komfort als auch Kontrolle. <strong>Sammelbestellung<\/strong> Optionen f\u00fcr Einzelh\u00e4ndler zur Verf\u00fcgung stehen.<\/p>\n<h3><strong>ELFWORLD 15PRO 12000 Puffs Merkmale:<\/strong><\/h3>\n<ul>\n<li>Puffs: Bis zu 12.000<\/li>\n<li>E-Fl\u00fcssigkeit Kapazit\u00e4t: 18ml<\/li>\n<li>Akku: 600mAh (wiederaufladbar)<\/li>\n<li>Aufladen: Typ-C<\/li>\n<li>Spule: Mesh-Spule<\/li>\n<li>Anzeige: Digitales Display (Batterie- &amp; E-Liquid-F\u00fcllst\u00e4nde)<\/li>\n<li>Luftstrom: Einstellbar<\/li>\n<li>Nikotinst\u00e4rken: 0%, 2%, 3%, 5%<\/li>\n<li>Verf\u00fcgbare Geschmacksrichtungen: Watermelon Ice, Blue Razz Ice, Strawberry Ice, Vanilla Casta Tobacco, Dragon Fruit Berry, Sakura Grape, Peach Mango, Candy Rainbow, Mint, Mixed Berries, Watermelon Bubble Gum, Kiwi Passionfruit Guava, Raspberry Watermelon, Double Apple, Strawberry Ice Cream.<\/li>\n<\/ul>\n<h4>H\u00e4ufig gestellte Fragen<\/h4>\n<h5>Wie verbessert das digitale Display das Vaping-Erlebnis?<\/h5>\n<p>Das digitale Display liefert Echtzeit-Informationen \u00fcber den Batterie- und Fl\u00fcssigkeitsstand und erm\u00f6glicht es dem Benutzer, den Status seines Ger\u00e4ts auf einen Blick zu \u00fcberwachen. Diese Funktion stellt sicher, dass Sie nie unvorbereitet sind und Ihre Verdampfungssitzungen entsprechend planen k\u00f6nnen, was den Gesamtkomfort und die Kontrolle verbessert.<\/p>\n<h5>Was sind die Vorteile eines einstellbaren Luftstroms?<\/h5>\n<p>Der einstellbare Luftstrom erm\u00f6glicht es dem Nutzer, sein Dampferlebnis durch Feineinstellung des Zugwiderstands zu individualisieren. Egal, ob Sie einen festeren oder lockereren Zug bevorzugen, mit dieser Funktion k\u00f6nnen Sie Ihr Dampferlebnis an Ihre Vorlieben anpassen, was zu einem befriedigenderen und angenehmeren Erlebnis f\u00fchrt.<\/p>\n<h5>Wie tr\u00e4gt die Netzspule zur Geschmacks- und Dampfproduktion bei?<\/h5>\n<p>Die Netzspule wurde entwickelt, um eine gleichm\u00e4\u00dfige Erw\u00e4rmung und eine optimale Verdampfung des E-Liquids zu gew\u00e4hrleisten, was zu einem gleichm\u00e4\u00dfig weichen und geschmackvollen Dampf f\u00fchrt. Diese Technologie verbessert das gesamte Dampferlebnis, indem sie reiche, befriedigende Wolken mit jedem Zug liefert.<\/p>\n<h5>Welche Versandmethoden werden verwendet?<\/h5>\n<p>Wir arbeiten mit vertrauensw\u00fcrdigen Transportunternehmen wie UPS, DHL, FedEx und DPD zusammen, um eine zuverl\u00e4ssige und effiziente Lieferung zu gew\u00e4hrleisten. Wir w\u00e4hlen die f\u00fcr Ihren Standort am besten geeignete Versandmethode aus, um Ihre Bestellung so schnell wie m\u00f6glich zu Ihnen zu bringen.<\/p>\n<h5>Kann ich meinem Kauf vertrauen?<\/h5>\n<p>Wir legen gro\u00dfen Wert auf Kundenzufriedenheit und bieten sichere Zahlungsoptionen, einschlie\u00dflich PayPal mit K\u00e4uferschutz. Sie k\u00f6nnen auch Kundenrezensionen auf TrustPilot einsehen: <a href=\"https:\/\/www.trustpilot.com\/review\/volovape.com?utm_medium=trustbox&amp;utm_source=TrustBoxReviewCollector\">VertrauensPilot<\/a>.<\/p>","protected":false},"excerpt":{"rendered":"<p>Verteilen Sie ELFWORLD 15PRO 12000 Puffs Disposable Vapes. 12.000 Z\u00fcge, 18ml E-Liquid, digitale Anzeige, einstellbarer Luftstrom, Netzspule. Vielf\u00e4ltiges Nikotin. Entdecken Sie 15 Geschmacksrichtungen.<\/p>","protected":false},"featured_media":1243,"comment_status":"open","ping_status":"closed","template":"","meta":[],"product_brand":[],"product_cat":[69,38,21,18,39,20,23,24,22,25,26,27,28,29,30,31,32,33,34,35,36,40],"product_tag":[],"class_list":{"0":"post-824","1":"product","2":"type-product","3":"status-publish","4":"has-post-thumbnail","6":"product_cat-elfworld","7":"product_cat-12000-puffs-disposable-vape","8":"product_cat-big-puffs-vapes","9":"product_cat-different-puffs-of-disposable-vapes","10":"product_cat-digital-box-vapes","11":"product_cat-disposable-vape-types","12":"product_cat-disposable-vapes-in-austria","13":"product_cat-disposable-vapes-in-belgium","14":"product_cat-disposable-vapes-in-europe","15":"product_cat-disposable-vapes-in-france","16":"product_cat-disposable-vapes-in-germany","17":"product_cat-disposable-vapes-in-hungary","18":"product_cat-disposable-vapes-in-ltaly","19":"product_cat-disposable-vapes-in-netherlands","20":"product_cat-disposable-vapes-in-norway","21":"product_cat-disposable-vapes-in-poland","22":"product_cat-disposable-vapes-in-portugal","23":"product_cat-disposable-vapes-in-spain","24":"product_cat-disposable-vapes-in-sweden","25":"product_cat-disposable-vapes-in-switzerland","26":"product_cat-rechargeable-vapes","27":"product_cat-smart-screen-vapes","29":"first","30":"instock","31":"shipping-taxable","32":"purchasable","33":"product-type-variable","34":"has-default-attributes"},"jetpack_sharing_enabled":true,"tiered_pricing_type":"fixed","tiered_pricing_fixed_rules":{"2000":5.20000000000000017763568394002504646778106689453125},"tiered_pricing_product_settings":{"layout":"default","base_unit_name":{"singular":null,"plural":null},"default_variation":null},"tiered_pricing_minimum_quantity":1000,"tiered_pricing_roles_data":[],"tiered_pricing_percentage_rules":[],"tiered_pricing_maximum_quantity":null,"tiered_pricing_quantity_step":"10","_links":{"self":[{"href":"https:\/\/volovape.com\/de\/wp-json\/wp\/v2\/product\/824","targetHints":{"allow":["GET"]}}],"collection":[{"href":"https:\/\/volovape.com\/de\/wp-json\/wp\/v2\/product"}],"about":[{"href":"https:\/\/volovape.com\/de\/wp-json\/wp\/v2\/types\/product"}],"replies":[{"embeddable":true,"href":"https:\/\/volovape.com\/de\/wp-json\/wp\/v2\/comments?post=824"}],"wp:featuredmedia":[{"embeddable":true,"href":"https:\/\/volovape.com\/de\/wp-json\/wp\/v2\/media\/1243"}],"wp:attachment":[{"href":"https:\/\/volovape.com\/de\/wp-json\/wp\/v2\/media?parent=824"}],"wp:term":[{"taxonomy":"product_brand","embeddable":true,"href":"https:\/\/volovape.com\/de\/wp-json\/wp\/v2\/product_brand?post=824"},{"taxonomy":"product_cat","embeddable":true,"href":"https:\/\/volovape.com\/de\/wp-json\/wp\/v2\/product_cat?post=824"},{"taxonomy":"product_tag","embeddable":true,"href":"https:\/\/volovape.com\/de\/wp-json\/wp\/v2\/product_tag?post=824"}],"curies":[{"name":"wp","href":"https:\/\/api.w.org\/{rel}","templated":true}]}}