{"id":82,"date":"2024-11-21T03:26:51","date_gmt":"2024-11-21T03:26:51","guid":{"rendered":"https:\/\/volovape.com\/?post_type=product&#038;p=82"},"modified":"2025-06-19T03:44:40","modified_gmt":"2025-06-19T03:44:40","slug":"fihp-9000-zuge","status":"publish","type":"product","link":"https:\/\/volovape.com\/de\/product\/fihp-9000-puffs\/","title":{"rendered":"FIHP 9000 Puffs Disposable Vape - Wiederaufladbar, Mesh Coil, RGB Licht"},"content":{"rendered":"<p><iframe title=\"VideoPress-Videoplayer\" aria-label='VideoPress-Videoplayer' width='421' height='750' src='https:\/\/videopress.com\/embed\/xJVwxWTP?hd=0&amp;cover=1' frameborder='0' allowfullscreen allow='clipboard-write'><\/iframe><script src='https:\/\/v0.wordpress.com\/js\/next\/videopress-iframe.js?m=1739540970'><\/script><\/p>\n<p><strong>FIHP 9000 Puffs Stilvolle wiederaufladbare Einweg-Vape mit RGB-Beleuchtung<\/strong> - Leistung und Stil in einem.<\/p>\n<p>Der <strong>FIHP 9000 Puffs<\/strong> Einweg-Vape bietet eine einzigartige Mischung aus Leistung und Stil und liefert bis zu <strong>9.000 Z\u00fcge<\/strong> mit einer <strong>18ml e-Fl\u00fcssigkeit Kapazit\u00e4t<\/strong> und ein <strong>650mAh wiederaufladbare Batterie<\/strong> mit <strong>Typ-C-Laden<\/strong>. Die <strong>fortschrittliche Netzspulentechnologie<\/strong> sorgt f\u00fcr gleichm\u00e4\u00dfig weichen und geschmackvollen Dampf. Heben Sie sich ab mit dem <strong>Lebendige RGB-Beleuchtung<\/strong>und f\u00fcgt Ihrem Vaping ein anpassbares visuelles Element hinzu. W\u00e4hlen Sie aus <strong>2% oder 5% Nikotinst\u00e4rke<\/strong> und genie\u00dfen Sie eine breite Palette von Geschmacksrichtungen, darunter Erdbeer-Drachenfrucht und Blaubeer-Limonade. Ideal f\u00fcr den pers\u00f6nlichen Gebrauch oder <strong>Einweg-Vape-Gro\u00dfhandel<\/strong>bietet dieses Ger\u00e4t sowohl Komfort als auch Flair. F\u00fcr <strong>Gro\u00dfauftrag<\/strong> Preise, bitte kontaktieren Sie uns.<\/p>\n<h3><strong>FIHP 9000 Merkmale:<\/strong><\/h3>\n<ul>\n<li>Puffs: Bis zu 9.000<\/li>\n<li>E-Fl\u00fcssigkeit Kapazit\u00e4t: 18ml<\/li>\n<li>Akku: 650mAh (wiederaufladbar)<\/li>\n<li>Aufladen: Typ-C<\/li>\n<li>Spule: Mesh-Spule<\/li>\n<li>Beleuchtung: RGB<\/li>\n<li>Nikotinst\u00e4rken: 2%, 5%<\/li>\n<li>12 Geschmacksoptionen<\/li>\n<\/ul>\n<h4>H\u00e4ufig gestellte Fragen<\/h4>\n<h5>Wie verbessert die RGB-Beleuchtung das Vaping-Erlebnis?<\/h5>\n<p>Die lebendige RGB-Beleuchtung f\u00fcgt Ihrem Dampferlebnis ein stilvolles und anpassbares visuelles Element hinzu, das es noch angenehmer und pers\u00f6nlicher macht. Es ist eine einzigartige Funktion, die dieses Ger\u00e4t von anderen abhebt.<\/p>\n<h5>Welche Versandmethoden werden verwendet?<\/h5>\n<p>Wir arbeiten mit zuverl\u00e4ssigen Transportunternehmen wie UPS, DHL, FedEx und DPD zusammen, um sicherzustellen, dass Ihre Bestellungen effizient zugestellt werden. Die Versandmethode wird auf der Grundlage Ihres Standorts ausgew\u00e4hlt, um eine optimale Liefergeschwindigkeit und Zuverl\u00e4ssigkeit zu gew\u00e4hrleisten.<\/p>\n<h5>Wie lange dauert der Versand normalerweise?<\/h5>\n<p>Der Versand dauert normalerweise zwischen 7 und 15 Werktagen. In der Hochsaison oder bei ung\u00fcnstigen Wetterbedingungen kann es bis zu 20 Werktage dauern.<\/p>\n<h5>Werde ich Probleme mit dem Zoll oder zus\u00e4tzliche Geb\u00fchren haben?<\/h5>\n<p>Wir wickeln alle Zollabfertigungsverfahren ab und sorgen daf\u00fcr, dass Ihre Sendung ohne Probleme durchgeht. F\u00fcr Sie fallen keine zus\u00e4tzlichen Steuern oder Geb\u00fchren an. Wir garantieren die Zollabfertigung von 100%.<\/p>\n<h5>Wie kann ich mich von der Qualit\u00e4t und Zuverl\u00e4ssigkeit des Produkts \u00fcberzeugen?<\/h5>\n<p>Wir akzeptieren sichere PayPal-Zahlungen mit K\u00e4uferschutz. Sie k\u00f6nnen auch Kundenrezensionen lesen auf<\/p>\n<p>https:\/\/www.trustpilot.com\/review\/volovape.com?utm_medium=trustbox&amp;utm_source=TrustBoxReviewCollector, wo viele Kunden positive Erfahrungen mit unseren Produkten und Dienstleistungen gemacht haben.<\/p>","protected":false},"excerpt":{"rendered":"<p>Beleuchten Sie Ihre Verdampfung mit FIHP 9000 Puffs. RGB-Beleuchtung, Netzspule, 18ml, wiederaufladbar. Ideal f\u00fcr pers\u00f6nliche oder Gro\u00dfhandel, bietet stilvolle und lang anhaltende vaping mit verschiedenen Nikotin.<\/p>","protected":false},"featured_media":260,"comment_status":"open","ping_status":"closed","template":"","meta":[],"product_brand":[],"product_cat":[46,48,21,18,20,23,24,22,25,26,27,28,29,30,31,32,33,34,35,36],"product_tag":[],"class_list":{"0":"post-82","1":"product","2":"type-product","3":"status-publish","4":"has-post-thumbnail","6":"product_cat-fihp","7":"product_cat-9000-puffs-disposable-vape","8":"product_cat-big-puffs-vapes","9":"product_cat-different-puffs-of-disposable-vapes","10":"product_cat-disposable-vape-types","11":"product_cat-disposable-vapes-in-austria","12":"product_cat-disposable-vapes-in-belgium","13":"product_cat-disposable-vapes-in-europe","14":"product_cat-disposable-vapes-in-france","15":"product_cat-disposable-vapes-in-germany","16":"product_cat-disposable-vapes-in-hungary","17":"product_cat-disposable-vapes-in-ltaly","18":"product_cat-disposable-vapes-in-netherlands","19":"product_cat-disposable-vapes-in-norway","20":"product_cat-disposable-vapes-in-poland","21":"product_cat-disposable-vapes-in-portugal","22":"product_cat-disposable-vapes-in-spain","23":"product_cat-disposable-vapes-in-sweden","24":"product_cat-disposable-vapes-in-switzerland","25":"product_cat-rechargeable-vapes","27":"first","28":"instock","29":"shipping-taxable","30":"purchasable","31":"product-type-variable","32":"has-default-attributes"},"jetpack_sharing_enabled":true,"tiered_pricing_type":"fixed","tiered_pricing_fixed_rules":{"2000":4.38999999999999968025576890795491635799407958984375},"tiered_pricing_product_settings":{"layout":"default","base_unit_name":{"singular":null,"plural":null},"default_variation":null},"tiered_pricing_minimum_quantity":1000,"tiered_pricing_roles_data":[],"tiered_pricing_percentage_rules":[],"tiered_pricing_maximum_quantity":null,"tiered_pricing_quantity_step":"10","_links":{"self":[{"href":"https:\/\/volovape.com\/de\/wp-json\/wp\/v2\/product\/82","targetHints":{"allow":["GET"]}}],"collection":[{"href":"https:\/\/volovape.com\/de\/wp-json\/wp\/v2\/product"}],"about":[{"href":"https:\/\/volovape.com\/de\/wp-json\/wp\/v2\/types\/product"}],"replies":[{"embeddable":true,"href":"https:\/\/volovape.com\/de\/wp-json\/wp\/v2\/comments?post=82"}],"wp:featuredmedia":[{"embeddable":true,"href":"https:\/\/volovape.com\/de\/wp-json\/wp\/v2\/media\/260"}],"wp:attachment":[{"href":"https:\/\/volovape.com\/de\/wp-json\/wp\/v2\/media?parent=82"}],"wp:term":[{"taxonomy":"product_brand","embeddable":true,"href":"https:\/\/volovape.com\/de\/wp-json\/wp\/v2\/product_brand?post=82"},{"taxonomy":"product_cat","embeddable":true,"href":"https:\/\/volovape.com\/de\/wp-json\/wp\/v2\/product_cat?post=82"},{"taxonomy":"product_tag","embeddable":true,"href":"https:\/\/volovape.com\/de\/wp-json\/wp\/v2\/product_tag?post=82"}],"curies":[{"name":"wp","href":"https:\/\/api.w.org\/{rel}","templated":true}]}}