{"id":81,"date":"2024-11-21T03:26:51","date_gmt":"2024-11-21T03:26:51","guid":{"rendered":"https:\/\/volovape.com\/?post_type=product&#038;p=81"},"modified":"2025-10-28T03:23:45","modified_gmt":"2025-10-28T03:23:45","slug":"fihp-12000-zuge","status":"publish","type":"product","link":"https:\/\/volovape.com\/de\/product\/fihp-12000-puffs\/","title":{"rendered":"FIHP 12000 Puffs Disposable Vape - Wiederaufladbar, Mesh Coil, LED Anzeige"},"content":{"rendered":"<p><iframe title=\"VideoPress-Videoplayer\" aria-label='VideoPress-Videoplayer' width='421' height='750' src='https:\/\/videopress.com\/embed\/mhBUnzpJ?hd=0&amp;cover=1' frameborder='0' allowfullscreen allow='clipboard-write'><\/iframe><script src='https:\/\/v0.wordpress.com\/js\/next\/videopress-iframe.js?m=1739540970'><\/script><\/p>\n<p><strong>FIHP 12000 Puffs Wiederaufladbare Einweg-Vape mit LED-Anzeige<\/strong> - Erweiterte Vaping mit Advanced Mesh Coil.<\/p>\n<p>Der <strong>FIHP 12000 Puffs<\/strong> bietet ein lang anhaltendes und bequemes Dampferlebnis mit bis zu <strong>12.000 Z\u00fcge<\/strong>, a <strong>20ml e-Fl\u00fcssigkeit Kapazit\u00e4t<\/strong>und ein <strong>650mAh wiederaufladbare Batterie<\/strong> mit <strong>Typ-C-Laden<\/strong>. Die <strong>fortschrittliche Netzspulentechnologie<\/strong> sorgt f\u00fcr gleichm\u00e4\u00dfig weichen und geschmackvollen Dampf. Ein <strong>LED-Anzeige<\/strong> bietet eine Echtzeit\u00fcberwachung der Batterielebensdauer und -nutzung. W\u00e4hlen Sie aus <strong>2% oder 5% Nikotinst\u00e4rke<\/strong> und genie\u00dfen <strong>10 k\u00f6stliche Geschmacksrichtungen<\/strong>einschlie\u00dflich Wassermelone Bubblegum und Kiwi Passionsfrucht Guave. Ideal f\u00fcr den pers\u00f6nlichen Gebrauch oder <strong>Einweg-Vape-Gro\u00dfhandel<\/strong>kombiniert dieses Ger\u00e4t Leistung mit Komfort. F\u00fcr <strong>Gro\u00dfauftrag<\/strong> Preise, bitte kontaktieren Sie uns.<\/p>\n<h3><strong>FIHP 12000 Merkmale:<\/strong><\/h3>\n<ul>\n<li>Puffs: Bis zu 12.000<\/li>\n<li>E-Fl\u00fcssigkeit Kapazit\u00e4t: 20ml<\/li>\n<li>Akku: 650mAh (wiederaufladbar)<\/li>\n<li>Aufladen: Typ-C<\/li>\n<li>Spule: Mesh-Spule<\/li>\n<li>Anzeige: LED-Anzeige<\/li>\n<li>Nikotinst\u00e4rken: 2%, 5%<\/li>\n<li>10 Geschmacksoptionen<\/li>\n<\/ul>\n<h4>H\u00e4ufig gestellte Fragen<\/h4>\n<h5>Wie verbessert die fortschrittliche Netzspulentechnologie das Dampferlebnis?<\/h5>\n<p>Die fortschrittliche Mesh-Coil-Technologie maximiert die Heizfl\u00e4che, was zu einer konsistenten und gleichm\u00e4\u00dfigen Erw\u00e4rmung f\u00fchrt. Dies gew\u00e4hrleistet eine gleichm\u00e4\u00dfige, reichhaltige und geschmackvolle Dampfproduktion, die das gesamte Dampferlebnis mit jedem Zug verbessert.<\/p>\n<h5>Welche Versandmethoden werden verwendet?<\/h5>\n<p>Wir arbeiten mit zuverl\u00e4ssigen Transportunternehmen wie UPS, DHL, FedEx und DPD zusammen, um sicherzustellen, dass Ihre Bestellungen effizient zugestellt werden. Die Versandmethode wird auf der Grundlage Ihres Standorts ausgew\u00e4hlt, um eine optimale Liefergeschwindigkeit und Zuverl\u00e4ssigkeit zu gew\u00e4hrleisten.<\/p>\n<h5>Wie lange dauert der Versand normalerweise?<\/h5>\n<p>Der Versand dauert normalerweise zwischen 7 und 15 Werktagen. In der Hochsaison oder bei ung\u00fcnstigen Wetterbedingungen kann es bis zu 20 Werktage dauern.<\/p>\n<h5>Werde ich Probleme mit dem Zoll oder zus\u00e4tzliche Geb\u00fchren haben?<\/h5>\n<p>Wir wickeln alle Zollabfertigungsverfahren ab und sorgen daf\u00fcr, dass Ihre Sendung ohne Probleme durchgeht. F\u00fcr Sie fallen keine zus\u00e4tzlichen Steuern oder Geb\u00fchren an. Wir garantieren die Zollabfertigung von 100%.<\/p>\n<h5>Wie kann ich mich von der Qualit\u00e4t und Zuverl\u00e4ssigkeit des Produkts \u00fcberzeugen?<\/h5>\n<p>Wir akzeptieren sichere PayPal-Zahlungen mit K\u00e4uferschutz. Sie k\u00f6nnen auch Kundenrezensionen lesen auf <a href=\"https:\/\/www.trustpilot.com\/review\/volovape.com?utm_medium=trustbox&amp;utm_source=TrustBoxReviewCollector\">VertrauensPilot<\/a>in dem viele Kunden positive Erfahrungen mit unseren Produkten und Dienstleistungen gemacht haben.<\/p>","protected":false},"excerpt":{"rendered":"<p>Erleben Sie lang anhaltenden Geschmack mit dem FIHP 12000 Puffs. LED-Anzeige, Netzspule, 20ml, wiederaufladbar. Ideal f\u00fcr pers\u00f6nliche oder Gro\u00dfhandel, bietet glatte Dampf und verschiedene Nikotin St\u00e4rken.<\/p>","protected":false},"featured_media":248,"comment_status":"open","ping_status":"closed","template":"","meta":[],"product_brand":[],"product_cat":[38,21,18,39,20,23,24,22,25,26,27,28,29,30,31,32,33,34,35,46,36,40],"product_tag":[],"class_list":{"0":"post-81","1":"product","2":"type-product","3":"status-publish","4":"has-post-thumbnail","6":"product_cat-12000-puffs-disposable-vape","7":"product_cat-big-puffs-vapes","8":"product_cat-different-puffs-of-disposable-vapes","9":"product_cat-digital-box-vapes","10":"product_cat-disposable-vape-types","11":"product_cat-disposable-vapes-in-austria","12":"product_cat-disposable-vapes-in-belgium","13":"product_cat-disposable-vapes-in-europe","14":"product_cat-disposable-vapes-in-france","15":"product_cat-disposable-vapes-in-germany","16":"product_cat-disposable-vapes-in-hungary","17":"product_cat-disposable-vapes-in-ltaly","18":"product_cat-disposable-vapes-in-netherlands","19":"product_cat-disposable-vapes-in-norway","20":"product_cat-disposable-vapes-in-poland","21":"product_cat-disposable-vapes-in-portugal","22":"product_cat-disposable-vapes-in-spain","23":"product_cat-disposable-vapes-in-sweden","24":"product_cat-disposable-vapes-in-switzerland","25":"product_cat-fihp","26":"product_cat-rechargeable-vapes","27":"product_cat-smart-screen-vapes","29":"first","30":"instock","31":"shipping-taxable","32":"purchasable","33":"product-type-variable","34":"has-default-attributes"},"jetpack_sharing_enabled":true,"tiered_pricing_type":"fixed","tiered_pricing_fixed_rules":{"30":6.70000000000000017763568394002504646778106689453125,"50":5.92999999999999971578290569595992565155029296875,"100":5.45999999999999996447286321199499070644378662109375,"200":5.160000000000000142108547152020037174224853515625,"400":4.13999999999999968025576890795491635799407958984375},"tiered_pricing_product_settings":{"layout":"default","base_unit_name":{"singular":null,"plural":null},"default_variation":null},"tiered_pricing_minimum_quantity":10,"tiered_pricing_roles_data":[],"tiered_pricing_percentage_rules":[],"tiered_pricing_maximum_quantity":null,"tiered_pricing_quantity_step":"10","_links":{"self":[{"href":"https:\/\/volovape.com\/de\/wp-json\/wp\/v2\/product\/81","targetHints":{"allow":["GET"]}}],"collection":[{"href":"https:\/\/volovape.com\/de\/wp-json\/wp\/v2\/product"}],"about":[{"href":"https:\/\/volovape.com\/de\/wp-json\/wp\/v2\/types\/product"}],"replies":[{"embeddable":true,"href":"https:\/\/volovape.com\/de\/wp-json\/wp\/v2\/comments?post=81"}],"wp:featuredmedia":[{"embeddable":true,"href":"https:\/\/volovape.com\/de\/wp-json\/wp\/v2\/media\/248"}],"wp:attachment":[{"href":"https:\/\/volovape.com\/de\/wp-json\/wp\/v2\/media?parent=81"}],"wp:term":[{"taxonomy":"product_brand","embeddable":true,"href":"https:\/\/volovape.com\/de\/wp-json\/wp\/v2\/product_brand?post=81"},{"taxonomy":"product_cat","embeddable":true,"href":"https:\/\/volovape.com\/de\/wp-json\/wp\/v2\/product_cat?post=81"},{"taxonomy":"product_tag","embeddable":true,"href":"https:\/\/volovape.com\/de\/wp-json\/wp\/v2\/product_tag?post=81"}],"curies":[{"name":"wp","href":"https:\/\/api.w.org\/{rel}","templated":true}]}}