{"id":784,"date":"2024-11-21T03:33:06","date_gmt":"2024-11-21T03:33:06","guid":{"rendered":"https:\/\/volovape.com\/?post_type=product&#038;p=784"},"modified":"2025-06-19T03:45:13","modified_gmt":"2025-06-19T03:45:13","slug":"aivono-minibox-x-600-zuge","status":"publish","type":"product","link":"https:\/\/volovape.com\/de\/product\/aivono-mini-boxx-600-puffs\/","title":{"rendered":"Aivono Mini Boxx 600 Puffs Einweg Vape - wiederaufladbar, Mesh Coil"},"content":{"rendered":"<p><strong>Aivono Mini Boxx 600 Puffs Einweg Vape<\/strong> - Kompaktes, wiederaufladbares und geschmackvolles Vaping f\u00fcr unterwegs.<\/p>\n<p>Der <strong>Aivono Mini Boxx 600 Z\u00fcge<\/strong> ist f\u00fcr diejenigen gedacht, die Wert auf Tragbarkeit und Bequemlichkeit legen, ohne Kompromisse beim Geschmack einzugehen. Mit bis zu <strong>600 Z\u00fcge<\/strong>, a <strong>2ml e-Fl\u00fcssigkeit Kapazit\u00e4t<\/strong>und ein <strong>400mAh wiederaufladbare Batterie<\/strong>Dieses Ger\u00e4t bietet ein befriedigendes Dampferlebnis in einem schlanken, kompakten Design. Die <strong>1.2\u03a9 Maschenspule<\/strong> sorgt f\u00fcr sanften und geschmackvollen Dampf, perfekt f\u00fcr den t\u00e4glichen Gebrauch. W\u00e4hlen Sie aus <strong>0%, 2% oder 5% Nikotinst\u00e4rke<\/strong>. Ideal f\u00fcr den pers\u00f6nlichen Gebrauch und <strong>Einweg-Vape-Gro\u00dfhandel<\/strong>Der Aivono Mini Boxx ist eine perfekte Mischung aus Komfort und Leistung. <strong>Sammelbestellung<\/strong> Optionen f\u00fcr Einzelh\u00e4ndler zur Verf\u00fcgung stehen.<\/p>\n<h3><strong>Aivono Mini Boxx 600 Puffs Eigenschaften:<\/strong><\/h3>\n<ul>\n<li>Puffs: Bis zu 600<\/li>\n<li>E-Fl\u00fcssigkeit Kapazit\u00e4t: 2ml<\/li>\n<li>Akku: 400mAh (wiederaufladbar)<\/li>\n<li>Aufladen: Typ-C<\/li>\n<li>Spule: 1.2\u03a9 Mesh Spule<\/li>\n<li>Nikotinst\u00e4rken: 0%, 2%, 5%<\/li>\n<li>Verf\u00fcgbare Geschmacksrichtungen: Erdbeer-Eis, Zitrone-Minze, Erdbeer-Kiwi-Eis, Aloe-Brombeer-Eis, Wassermelone-Kaugummi-Eis, Erdbeer-Eis, Energy Drink, Wei\u00dfer Pfirsich-Grapefruit, Kirsche-Kantaloupe, Ananas-Kokos-Eis.<\/li>\n<\/ul>\n<h4>H\u00e4ufig gestellte Fragen<\/h4>\n<h5>Was macht die Aivono Mini Boxx ideal f\u00fcr das Vaping unterwegs?<\/h5>\n<p>Der Aivono Mini Boxx wurde mit einem kompakten und leichten Formfaktor entworfen, was ihn extrem tragbar und perfekt f\u00fcr Benutzer macht, die eine diskrete und bequeme Vaping-L\u00f6sung ben\u00f6tigen. Seine geringe Gr\u00f6\u00dfe passt leicht in Taschen oder Beutel, so dass Sie Ihre Lieblings-Aromen jederzeit und \u00fcberall genie\u00dfen k\u00f6nnen.<\/p>\n<h5>Wie verbessert die 1.2\u03a9 Mesh-Spule das Geschmackserlebnis?<\/h5>\n<p>Die 1,2 \u03a9 Mesh-Spule ist f\u00fcr den Geschmack Lieferung optimiert und bietet eine glatte und konsistente vaping Erfahrung. Diese Spule heizt effizient die e-Fl\u00fcssigkeit, um sicherzustellen, dass jeder Zug ist reich und geschmackvoll, die Verbesserung der allgemeinen Zufriedenheit der einzelnen vaping Sitzung.<\/p>\n<h5>Wie lange h\u00e4lt der Akku, und wie schnell wird er wieder aufgeladen?<\/h5>\n<p>Der 400mAh-Akku ist so konzipiert, dass er bis zu 600 Z\u00fcge unterst\u00fctzt. Durch das Typ-C-Ladeverfahren wird das Ger\u00e4t schnell aufgeladen, was die Ausfallzeit minimiert und sicherstellt, dass Sie schneller wieder mit dem Dampfen beginnen k\u00f6nnen.<\/p>\n<h5>Welche Versandmethoden werden verwendet?<\/h5>\n<p>Wir arbeiten mit zuverl\u00e4ssigen Transportunternehmen wie UPS, DHL, FedEx und DPD zusammen, um eine effiziente und sichere Lieferung zu gew\u00e4hrleisten. Je nach Standort w\u00e4hlen wir die beste Versandoption aus, damit Ihre Bestellung umgehend bei Ihnen ankommt.<\/p>\n<h5>Kann ich meinem Kauf vertrauen?<\/h5>\n<p>Wir legen gro\u00dfen Wert auf Kundenzufriedenheit und bieten sichere Zahlungsoptionen, einschlie\u00dflich PayPal mit K\u00e4uferschutz. Sie k\u00f6nnen auch Kundenrezensionen auf TrustPilot einsehen: <a href=\"https:\/\/www.trustpilot.com\/review\/volovape.com?utm_medium=trustbox&amp;utm_source=TrustBoxReviewCollector\">VertrauensPilot<\/a>.<\/p>","protected":false},"excerpt":{"rendered":"<p>Kaufen Sie Aivono Mini Boxx 600 Puffs Disposable Vape in gro\u00dfen Mengen. Mit 2ml e-Fl\u00fcssigkeit, Mesh-Spule und kompaktem Design, ist es eine ideale Gro\u00dfhandelsoption f\u00fcr Vape-Distributoren und Einzelh\u00e4ndler.<\/p>","protected":false},"featured_media":1203,"comment_status":"open","ping_status":"closed","template":"","meta":[],"product_brand":[],"product_cat":[67,59,18,20,23,24,22,25,26,27,28,29,30,31,32,33,34,35,60],"product_tag":[],"class_list":{"0":"post-784","1":"product","2":"type-product","3":"status-publish","4":"has-post-thumbnail","6":"product_cat-aivono","7":"product_cat-800-puffs-disposable-vape","8":"product_cat-different-puffs-of-disposable-vapes","9":"product_cat-disposable-vape-types","10":"product_cat-disposable-vapes-in-austria","11":"product_cat-disposable-vapes-in-belgium","12":"product_cat-disposable-vapes-in-europe","13":"product_cat-disposable-vapes-in-france","14":"product_cat-disposable-vapes-in-germany","15":"product_cat-disposable-vapes-in-hungary","16":"product_cat-disposable-vapes-in-ltaly","17":"product_cat-disposable-vapes-in-netherlands","18":"product_cat-disposable-vapes-in-norway","19":"product_cat-disposable-vapes-in-poland","20":"product_cat-disposable-vapes-in-portugal","21":"product_cat-disposable-vapes-in-spain","22":"product_cat-disposable-vapes-in-sweden","23":"product_cat-disposable-vapes-in-switzerland","24":"product_cat-mini-puffs-vapes","26":"first","27":"instock","28":"shipping-taxable","29":"purchasable","30":"product-type-variable","31":"has-default-attributes"},"jetpack_sharing_enabled":true,"tiered_pricing_type":"fixed","tiered_pricing_fixed_rules":{"2000":3.45999999999999996447286321199499070644378662109375},"tiered_pricing_product_settings":{"layout":"default","base_unit_name":{"singular":null,"plural":null},"default_variation":null},"tiered_pricing_minimum_quantity":1000,"tiered_pricing_roles_data":[],"tiered_pricing_percentage_rules":[],"tiered_pricing_maximum_quantity":null,"tiered_pricing_quantity_step":"10","_links":{"self":[{"href":"https:\/\/volovape.com\/de\/wp-json\/wp\/v2\/product\/784","targetHints":{"allow":["GET"]}}],"collection":[{"href":"https:\/\/volovape.com\/de\/wp-json\/wp\/v2\/product"}],"about":[{"href":"https:\/\/volovape.com\/de\/wp-json\/wp\/v2\/types\/product"}],"replies":[{"embeddable":true,"href":"https:\/\/volovape.com\/de\/wp-json\/wp\/v2\/comments?post=784"}],"wp:featuredmedia":[{"embeddable":true,"href":"https:\/\/volovape.com\/de\/wp-json\/wp\/v2\/media\/1203"}],"wp:attachment":[{"href":"https:\/\/volovape.com\/de\/wp-json\/wp\/v2\/media?parent=784"}],"wp:term":[{"taxonomy":"product_brand","embeddable":true,"href":"https:\/\/volovape.com\/de\/wp-json\/wp\/v2\/product_brand?post=784"},{"taxonomy":"product_cat","embeddable":true,"href":"https:\/\/volovape.com\/de\/wp-json\/wp\/v2\/product_cat?post=784"},{"taxonomy":"product_tag","embeddable":true,"href":"https:\/\/volovape.com\/de\/wp-json\/wp\/v2\/product_tag?post=784"}],"curies":[{"name":"wp","href":"https:\/\/api.w.org\/{rel}","templated":true}]}}